{"id":49454,"date":"2026-04-13T11:59:24","date_gmt":"2026-04-13T14:59:24","guid":{"rendered":"https:\/\/www.redalc.uda.cl\/?page_id=49454"},"modified":"2026-04-14T10:28:32","modified_gmt":"2026-04-14T13:28:32","slug":"carta-solidaridad-cuba","status":"publish","type":"page","link":"https:\/\/www.redalc.uda.cl\/index.php\/carta-solidaridad-cuba\/","title":{"rendered":"Carta solidaridad Cuba"},"content":{"rendered":"<p>[et_pb_section fb_built=\u00bb1&#8243; _builder_version=\u00bb4.27.4&#8243; _module_preset=\u00bbdefault\u00bb custom_padding=\u00bb24px|23px|0px|||\u00bb global_colors_info=\u00bb{}\u00bb][et_pb_row _builder_version=\u00bb4.27.5&#8243; _module_preset=\u00bbdefault\u00bb width=\u00bb100%\u00bb custom_padding=\u00bb||0px|||\u00bb global_colors_info=\u00bb{}\u00bb][et_pb_column type=\u00bb4_4&#8243; _builder_version=\u00bb4.27.5&#8243; _module_preset=\u00bbdefault\u00bb global_colors_info=\u00bb{}\u00bb][et_pb_text _builder_version=\u00bb4.27.6&#8243; _module_preset=\u00bbdefault\u00bb text_text_color=\u00bb#FFFFFF\u00bb background_color=\u00bb#FFFFFF\u00bb global_colors_info=\u00bb{}\u00bb]<\/p>\n<h1 style=\"text-align: center;\"><span style=\"color: #ffffff;\"><\/span><\/h1>\n<h1><\/h1>\n<h1 style=\"text-align: justify;\"><span style=\"color: #022859;\"><strong>CARTA ABIERTA Y CONVOCATORIA A LA COMUNIDAD ACAD\u00c9MICA, INTELECTUAL Y ART\u00cdSTICA DE AM\u00c9RICA LATINA Y EL CARIBE, IMPULSADA POR LA RED DE DERECHOS, CIENCIAS Y SABERES DE AM\u00c9RICA LATINA Y EL CARIBE (REDALC), EN SOLIDARIDAD CON CUBA<\/strong><\/span><\/h1>\n<p><span style=\"color: #ffffff;\"><\/span><\/p>\n<p><span style=\"color: #ffffff;\"><\/span><\/p>\n<p><span style=\"color: #ffffff;\"><\/span><\/p>\n<p><span style=\"color: #ffffff;\"><\/span><\/p>\n<p>[\/et_pb_text][\/et_pb_column][\/et_pb_row][et_pb_row _builder_version=\u00bb4.27.5&#8243; _module_preset=\u00bbdefault\u00bb custom_margin=\u00bb-23px|auto||auto||\u00bb global_colors_info=\u00bb{}\u00bb][et_pb_column type=\u00bb4_4&#8243; _builder_version=\u00bb4.27.5&#8243; _module_preset=\u00bbdefault\u00bb global_colors_info=\u00bb{}\u00bb][et_pb_text _builder_version=\u00bb4.27.6&#8243; _module_preset=\u00bbdefault\u00bb custom_padding=\u00bb||0px|||\u00bb global_colors_info=\u00bb{}\u00bb]<\/p>\n<p><span style=\"color: #000000;\"><strong>Hay momentos en que el silencio deja de ser prudencia y se convierte en omisi\u00f3n.<\/strong><\/span><br \/><span style=\"color: #000000;\"><strong>Este es uno de ellos.<\/strong><\/span><\/p>\n<p><span style=\"color: #000000;\"><strong>Desde REDALC abrimos esta carta no como una voz \u00fanica, sino como un espacio de encuentro para quienes, desde la academia, las ciencias, las artes y los territorios, reconocen que el conocimiento no puede desvincularse de la dignidad humana.<\/strong><\/span><\/p>\n<p><span style=\"color: #000000;\"><strong>Cuba no es una realidad lejana para nuestra red. Es parte de nuestros v\u00ednculos cotidianos: nuestras y nuestros estudiantes, colegas e instituciones con las que construimos pensamiento latinoamericano.<\/strong><\/span><\/p>\n<p><span style=\"color: #000000;\"><strong>Desde esa cercan\u00eda afirmamos con claridad:<\/strong><\/span><br \/><span style=\"color: #000000;\"><strong>El bloqueo impuesto sobre Cuba constituye una de las causas estructurales del sufrimiento que hoy atraviesan sus comunidades.<\/strong><\/span><br \/><span style=\"color: #000000;\"><strong>No es una abstracci\u00f3n, impacta en la vida cotidiana, en el acceso a recursos esenciales, en el desarrollo cient\u00edfico, en la sostenibilidad de los procesos educativos y en la vida de familias enteras.<\/strong><\/span><\/p>\n<p><span style=\"color: #000000;\"><strong>El bloqueo no solo limita a un pa\u00eds: afecta el derecho al conocimiento y a la vida digna en nuestra regi\u00f3n.<\/strong><\/span><\/p>\n<p><span style=\"color: #000000;\"><strong>Ese dolor no puede ser ajeno a una red que se construye sobre la cooperaci\u00f3n y la solidaridad.<\/strong><\/span><br \/><span style=\"color: #000000;\"><strong>Por eso, esta carta es al mismo tiempo una denuncia y una convocatoria.<\/strong><\/span><\/p>\n<p><span style=\"color: #000000;\"><strong>Convocamos a universidades, centros de investigaci\u00f3n, redes acad\u00e9micas, intelectuales, artistas y estudiantes de Am\u00e9rica Latina y el Caribe a:<\/strong><\/span><\/p>\n<p><span style=\"color: #000000;\"><strong>Fortalecer v\u00ednculos activos con instituciones cubanas.<\/strong><\/span><br \/><span style=\"color: #000000;\"><strong>Generar iniciativas colaborativas sostenidas.<\/strong><\/span><br \/><span style=\"color: #000000;\"><strong>Visibilizar los efectos del bloqueo en nuestras comunidades.<\/strong><\/span><br \/><span style=\"color: #000000;\"><strong>Defender el conocimiento como un bien com\u00fan regional.<\/strong><\/span><br \/><span style=\"color: #000000;\"><strong>Construir una red que no abandona a quienes la constituyen.<\/strong><\/span><br \/><span style=\"color: #000000;\"><strong>Promover convenios acad\u00e9micos activos con instituciones cubanas.<\/strong><\/span><\/p>\n<p><span style=\"color: #000000;\"><strong>Esta carta fortalece y proyecta el trabajo de cooperaci\u00f3n que REDALC ya viene desarrollando con instituciones y comunidades acad\u00e9micas cubanas, impulsando espacios de articulaci\u00f3n, seguimiento y desarrollo de estas iniciativas, y promoviendo mecanismos de cooperaci\u00f3n sostenida en la regi\u00f3n.<\/strong><\/span><\/p>\n<p><span style=\"color: #000000;\"><strong>REDALC<\/strong><\/span><br \/><span style=\"color: #000000;\"><strong>Red de Derechos, Ciencias y Saberes de Am\u00e9rica Latina y el Caribe<\/strong><\/span><\/p>\n<p><span style=\"color: #000000;\"><strong>REDALC<\/strong><\/span><br \/><span style=\"color: #000000;\"><strong>Red de Derechos, Ciencias y Saberes de Am\u00e9rica Latina y el Caribe<\/strong><\/span><br \/><span style=\"color: #000000;\"><strong>Coordinaci\u00f3n General<\/strong><\/span><br \/><span style=\"color: #000000;\"><strong>Dra. Taeli G\u00f3mez Francisco<\/strong><\/span><\/p>\n<p><span style=\"color: #000000;\"><strong>Direcci\u00f3n Ejecutiva<\/strong><\/span><br \/><span style=\"color: #000000;\"><strong>Centro de Investigaci\u00f3n Estudiantil CIEALC &#8211; REDALC<\/strong><\/span><br \/><span style=\"color: #000000;\"><strong>Rolando Hennings Garc\u00eda<\/strong><\/span><\/p>\n<p><span style=\"color: #000000;\"><strong>Firman inicialmente:<\/strong><\/span><\/p>\n<p>&nbsp;<\/p>\n<p>&nbsp;<\/p>\n<p>[\/et_pb_text][\/et_pb_column][\/et_pb_row][\/et_pb_section][et_pb_section fb_built=\u00bb1&#8243; _builder_version=\u00bb4.27.4&#8243; _module_preset=\u00bbdefault\u00bb custom_margin=\u00bb-528px|||||\u00bb custom_padding=\u00bb||16px|||\u00bb global_colors_info=\u00bb{}\u00bb][et_pb_row _builder_version=\u00bb4.27.5&#8243; _module_preset=\u00bbdefault\u00bb global_colors_info=\u00bb{}\u00bb][et_pb_column type=\u00bb4_4&#8243; _builder_version=\u00bb4.27.5&#8243; _module_preset=\u00bbdefault\u00bb global_colors_info=\u00bb{}\u00bb][et_pb_button button_url=\u00bbhttps:\/\/forms.gle\/dorsQWpiTNPZbTwm8&#8243; button_text=\u00bbadhiere y firma \u00bb button_alignment=\u00bbcenter\u00bb _builder_version=\u00bb4.27.6&#8243; _module_preset=\u00bbdefault\u00bb button_text_size=\u00bb18px\u00bb button_text_color=\u00bb#FFFFFF\u00bb button_bg_color=\u00bb#B83127&#8243; button_border_radius=\u00bb41px\u00bb transform_scale=\u00bb98%|98%\u00bb transform_translate_linked=\u00bboff\u00bb background_layout=\u00bbdark\u00bb custom_margin=\u00bb0px||0px||false|false\u00bb custom_padding=\u00bb7px|24px|7px|24px|true|true\u00bb global_colors_info=\u00bb{}\u00bb][\/et_pb_button][\/et_pb_column][\/et_pb_row][et_pb_row _builder_version=\u00bb4.27.6&#8243; _module_preset=\u00bbdefault\u00bb custom_padding=\u00bb0px|||||\u00bb global_colors_info=\u00bb{}\u00bb][et_pb_column type=\u00bb4_4&#8243; _builder_version=\u00bb4.27.6&#8243; _module_preset=\u00bbdefault\u00bb global_colors_info=\u00bb{}\u00bb][et_pb_text _builder_version=\u00bb4.27.6&#8243; _module_preset=\u00bbdefault\u00bb min_height=\u00bb44.6px\u00bb global_colors_info=\u00bb{}\u00bb]<\/p>\n<p><strong>\u00a0<\/strong><\/p>\n<p style=\"text-align: center;\"><span style=\"font-size: xx-large;\"><strong>LISTADO DE FIRMAS EN ACTUALIZACI\u00d3N<\/strong><\/span><\/p>\n<p>[\/et_pb_text][\/et_pb_column][\/et_pb_row][\/et_pb_section][et_pb_section fb_built=\u00bb1&#8243; _builder_version=\u00bb4.27.5&#8243; _module_preset=\u00bbdefault\u00bb background_color=\u00bb#FFFFFF\u00bb custom_padding=\u00bb0px||0px|||\u00bb global_colors_info=\u00bb{}\u00bb][et_pb_row _builder_version=\u00bb4.27.6&#8243; _module_preset=\u00bbdefault\u00bb global_colors_info=\u00bb{}\u00bb][et_pb_column type=\u00bb4_4&#8243; _builder_version=\u00bb4.27.6&#8243; _module_preset=\u00bbdefault\u00bb global_colors_info=\u00bb{}\u00bb][et_pb_text _builder_version=\u00bb4.27.6&#8243; _module_preset=\u00bbdefault\u00bb min_height=\u00bb1632.5px\u00bb global_colors_info=\u00bb{}\u00bb]<\/p>\n<ul>\n<li><span style=\"color: #000000;\"><strong>Carlos Eduardo Maldonado \u2013 Universidad El Bosque, Colombia<\/strong><\/span><\/li>\n<li><span style=\"color: #000000;\"><strong>Mar\u00eda Emilia Tijoux \u2013 Acad\u00e9mica, Departamento de Sociolog\u00eda, Universidad de Chile, Chile<\/strong><\/span><\/li>\n<li><span style=\"color: #000000;\"><strong>Cristina Caama\u00f1o \u2013 Centro de Estudios Madres de Plaza de Mayo, Argentina<\/strong><\/span><\/li>\n<li><span style=\"color: #000000;\"><strong>Ricardo Maur\u00edcio Freire Soares \u2013 Universidade Federal da Bahia, Brasil<\/strong><\/span><\/li>\n<li><span style=\"color: #000000;\"><strong>Liliana Estupi\u00f1\u00e1n Achury \u2013 Red de Constitucionalismo Cr\u00edtico de Am\u00e9rica Latina, Colombia<\/strong><\/span><\/li>\n<li><span style=\"color: #000000;\"><strong>Oscar Juli\u00e1n Villar Barroso \u2013 Universidad de La Habana, Cuba<\/strong><\/span><\/li>\n<li><span style=\"color: #000000;\"><strong>Marco Fioravanti \u2013 Universit\u00e0 di Roma Tor Vergata, Italia<\/strong><\/span><\/li>\n<li><span style=\"color: #000000;\"><strong>Silvia Bagni \u2013 Universidad de Bolonia, Italia<\/strong><\/span><\/li>\n<li><span style=\"color: #000000;\"><strong>Aida del Carmen San Vicente Parada \u2013 Universidad Westhill, M\u00e9xico<\/strong><\/span><\/li>\n<li><span style=\"color: #000000;\"><strong>Mar\u00eda do Carmo Rebou\u00e7as dos Santos \u2013 Universidade Federal do Sul da Bahia, Brasil<\/strong><\/span><\/li>\n<li><span style=\"color: #000000;\"><strong>Harold Daniel Flores Garc\u00eda \u2013 UNAN-Managua, Nicaragua<\/strong><\/span><\/li>\n<li><span style=\"color: #000000;\"><strong>Adriana Ornelas \u2013 UNAM, M\u00e9xico<\/strong><\/span><\/li>\n<li><span style=\"color: #000000;\"><strong>Aleida Hern\u00e1ndez Cervantes \u2013 CEIICH-UNAM, M\u00e9xico<\/strong><\/span><\/li>\n<li><span style=\"color: #000000;\"><strong>Mar\u00eda de la Luz Maqueda \u2013 Universidad Abierta y a Distancia de M\u00e9xico, M\u00e9xico<\/strong><\/span><\/li>\n<li><span style=\"color: #000000;\"><strong>Miguel \u00c1ngel S\u00e1mano Renter\u00eda \u2013 Universidad Aut\u00f3noma Chapingo, M\u00e9xico<\/strong><\/span><\/li>\n<li><span style=\"color: #000000;\"><strong>Cristina Livitsanos \u2013 Asociaci\u00f3n Americana de Juristas, Argentina<\/strong><\/span><\/li>\n<li><span style=\"color: #000000;\"><strong>Cynthia Britez \u2013 Profesora, UBA y UNPAZ, Argentina<\/strong><\/span><\/li>\n<li><span style=\"color: #000000;\"><strong>Diana Molina Rodr\u00edguez \u2013 Universidad de Nari\u00f1o, Colombia<\/strong><\/span><\/li>\n<li><span style=\"color: #000000;\"><strong>Catalina Mendoza Eskola \u2013 Universidad de Cuenca, Ecuador<\/strong><\/span><\/li>\n<li><span style=\"color: #000000;\"><strong>Juan Leonardo Pacios Dorado \u2013 CIEALC, Cuba<\/strong><\/span><\/li>\n<li><span style=\"color: #000000;\"><strong>Concepci\u00f3n Nieves Ay\u00fas \u2013 Instituto de Filosof\u00eda, Cuba<\/strong><\/span><\/li>\n<li><span style=\"color: #000000;\"><strong>Rub\u00e9n Dar\u00edo Mora Fern\u00e1ndez \u2013 Universidad de Ciencias M\u00e9dicas de Holgu\u00edn, Cuba<\/strong><\/span><\/li>\n<li><span style=\"color: #000000;\"><strong>Rafael Cruz Ramos \u2013 ICS, Cuba<\/strong><\/span><\/li>\n<li><span style=\"color: #000000;\"><strong>Lidia Mar\u00eda Romero Pupo \u2013 Universidad de Holgu\u00edn, Cuba<\/strong><\/span><\/li>\n<li><span style=\"color: #000000;\"><strong>Candelaria Rosa \u00c1lvarez Gonz\u00e1lez \u2013 Universidad de Granma, Cuba<\/strong><\/span><\/li>\n<li><span style=\"color: #000000;\"><strong>Kevin Marcos Delgado \u00c1lvarez \u2013 Universidad de Ciego de \u00c1vila M\u00e1ximo G\u00f3mez B\u00e1ez, Cuba<\/strong><\/span><\/li>\n<li><span style=\"color: #000000;\"><strong>Ana Mar\u00eda P\u00e9rez Mora \u2013 Universidad del Partido Comunista de Cuba, Cuba<\/strong><\/span><\/li>\n<li><span style=\"color: #000000;\"><strong>Idania Elvira Arzuaga Garc\u00eda \u2013 Universidad del Partido Comunista de Cuba, Cuba<\/strong><\/span><\/li>\n<li><span style=\"color: #000000;\"><strong>Camilo Rodr\u00edguez Noriega \u2013 Universidad del Partido Comunista de Cuba, Cuba<\/strong><\/span><\/li>\n<li><span style=\"color: #000000;\"><strong>Eusebio Mariano Hern\u00e1ndez Garc\u00eda \u2013 Universidad del Partido Comunista de Cuba, Cuba<\/strong><\/span><\/li>\n<li><span style=\"color: #000000;\"><strong>Alina N\u00e9lida Dom\u00ednguez Rosa \u2013 Universidad del Partido Comunista de Cuba, Cuba<\/strong><\/span><\/li>\n<li><span style=\"color: #000000;\"><strong>Dorelis Natividad Gonz\u00e1lez Cede\u00f1o \u2013 Universidad del Partido Comunista de Cuba, Cuba<\/strong><\/span><\/li>\n<li><span style=\"color: #000000;\"><strong>Katia Riveros \u2013 REDALC, Chile<\/strong><\/span><\/li>\n<li><span style=\"color: #000000;\"><strong>Dudley Duque Sierra \u2013 REDALC, Colombia<\/strong><\/span><\/li>\n<li><span style=\"color: #000000;\"><strong>Dustin Tahisin G\u00f3mez Rodr\u00edguez \u2013 Nodo territorial, Colombia<\/strong><\/span><\/li>\n<li><span style=\"color: #000000;\"><strong>Paula Romano \u2013 Universidad de Mor\u00f3n, Argentina<\/strong><\/span><\/li>\n<li><span style=\"color: #000000;\"><strong>Jos\u00e9 Arreola \u2013 Instituto de Educaci\u00f3n Media Superior de la Ciudad de M\u00e9xico, M\u00e9xico<\/strong><\/span><\/li>\n<li><span style=\"color: #000000;\"><strong>Irma Rosa Lara Hern\u00e1ndez \u2013 Tribunal Electoral de la Ciudad de M\u00e9xico, M\u00e9xico<\/strong><\/span><\/li>\n<li><span style=\"color: #000000;\"><strong>Julio Fernando Iglesias Navarro \u2013 Inhoy, Chile<\/strong><\/span><\/li>\n<li><span style=\"color: #000000;\"><strong>Javier Goded \u2013 Fot\u00f3grafo, Argentina<\/strong><\/span><\/li>\n<li><span style=\"color: #000000;\"><strong>Graciela Stutman \u2013 AAJ Rama Argentina, Argentina<\/strong><\/span><\/li>\n<li><span style=\"color: #000000;\"><strong>Jos\u00e9 Alberto Zayas P\u00e9rez \u2013 Consejo Provincial de Ciencias Sociales y Human\u00edsticas de Granma, Cuba<\/strong><\/span><\/li>\n<li><span style=\"color: #000000;\"><strong>Laura Rosana Actis \u2013 Polit\u00f3loga, egresada de la UNR; profesional en el PJN, Argentina<\/strong><\/span><\/li>\n<\/ul>\n<p><span style=\"color: #000000;\"><strong><\/strong><\/span><\/p>\n<p>[\/et_pb_text][\/et_pb_column][\/et_pb_row][\/et_pb_section][et_pb_section fb_built=\u00bb1&#8243; _builder_version=\u00bb4.27.4&#8243; _module_preset=\u00bbdefault\u00bb background_image=\u00bbhttps:\/\/www.redalc.uda.cl\/wp-content\/uploads\/2025\/10\/DECORACION-2-08.png\u00bb custom_padding=\u00bb0px||0px|||\u00bb global_colors_info=\u00bb{}\u00bb][\/et_pb_section]<\/p>\n","protected":false},"excerpt":{"rendered":"<p>CARTA ABIERTA Y CONVOCATORIA A LA COMUNIDAD ACAD\u00c9MICA, INTELECTUAL Y ART\u00cdSTICA DE AM\u00c9RICA LATINA Y EL CARIBE, IMPULSADA POR LA RED DE DERECHOS, CIENCIAS Y SABERES DE AM\u00c9RICA LATINA Y EL CARIBE (REDALC), EN SOLIDARIDAD CON CUBA Hay momentos en que el silencio deja de ser prudencia y se convierte en omisi\u00f3n.Este es uno de [&hellip;]<\/p>\n","protected":false},"author":2,"featured_media":0,"parent":0,"menu_order":0,"comment_status":"closed","ping_status":"closed","template":"","meta":{"_et_pb_use_builder":"on","_et_pb_old_content":"","_et_gb_content_width":"","footnotes":""},"class_list":["post-49454","page","type-page","status-publish","hentry"],"_links":{"self":[{"href":"https:\/\/www.redalc.uda.cl\/index.php\/wp-json\/wp\/v2\/pages\/49454","targetHints":{"allow":["GET"]}}],"collection":[{"href":"https:\/\/www.redalc.uda.cl\/index.php\/wp-json\/wp\/v2\/pages"}],"about":[{"href":"https:\/\/www.redalc.uda.cl\/index.php\/wp-json\/wp\/v2\/types\/page"}],"author":[{"embeddable":true,"href":"https:\/\/www.redalc.uda.cl\/index.php\/wp-json\/wp\/v2\/users\/2"}],"replies":[{"embeddable":true,"href":"https:\/\/www.redalc.uda.cl\/index.php\/wp-json\/wp\/v2\/comments?post=49454"}],"version-history":[{"count":10,"href":"https:\/\/www.redalc.uda.cl\/index.php\/wp-json\/wp\/v2\/pages\/49454\/revisions"}],"predecessor-version":[{"id":49475,"href":"https:\/\/www.redalc.uda.cl\/index.php\/wp-json\/wp\/v2\/pages\/49454\/revisions\/49475"}],"wp:attachment":[{"href":"https:\/\/www.redalc.uda.cl\/index.php\/wp-json\/wp\/v2\/media?parent=49454"}],"curies":[{"name":"wp","href":"https:\/\/api.w.org\/{rel}","templated":true}]}}