{"id":49413,"date":"2026-03-11T12:02:24","date_gmt":"2026-03-11T15:02:24","guid":{"rendered":"https:\/\/www.redalc.uda.cl\/?page_id=49413"},"modified":"2026-03-11T12:04:42","modified_gmt":"2026-03-11T15:04:42","slug":"veracruz-investigacion-y-publicacion","status":"publish","type":"page","link":"https:\/\/www.redalc.uda.cl\/index.php\/veracruz-investigacion-y-publicacion\/","title":{"rendered":"Veracruz investigacion y Publicaci\u00f3n"},"content":{"rendered":"<p>[et_pb_section fb_built=\u00bb1&#8243; _builder_version=\u00bb4.27.5&#8243; _module_preset=\u00bbdefault\u00bb background_color=\u00bb#FFFFFF\u00bb custom_padding=\u00bb23px||28px|||\u00bb global_colors_info=\u00bb{}\u00bb][et_pb_row _builder_version=\u00bb4.27.5&#8243; _module_preset=\u00bbdefault\u00bb global_colors_info=\u00bb{}\u00bb][et_pb_column type=\u00bb4_4&#8243; _builder_version=\u00bb4.27.5&#8243; _module_preset=\u00bbdefault\u00bb global_colors_info=\u00bb{}\u00bb][et_pb_image src=\u00bbhttps:\/\/www.redalc.uda.cl\/wp-content\/uploads\/2026\/02\/5-scaled.png\u00bb title_text=\u00bb5&#8243; align=\u00bbcenter\u00bb _builder_version=\u00bb4.27.5&#8243; _module_preset=\u00bbdefault\u00bb background_color=\u00bb#D989A6&#8243; use_background_color_gradient=\u00bbon\u00bb custom_margin=\u00bb||-1px|||\u00bb global_colors_info=\u00bb{}\u00bb][\/et_pb_image][\/et_pb_column][\/et_pb_row][et_pb_row _builder_version=\u00bb4.27.5&#8243; _module_preset=\u00bbdefault\u00bb min_height=\u00bb105px\u00bb custom_margin=\u00bb|auto|-36px|auto||\u00bb global_colors_info=\u00bb{}\u00bb][et_pb_column type=\u00bb4_4&#8243; _builder_version=\u00bb4.27.5&#8243; _module_preset=\u00bbdefault\u00bb global_colors_info=\u00bb{}\u00bb][et_pb_text _builder_version=\u00bb4.27.6&#8243; _module_preset=\u00bbdefault\u00bb text_text_color=\u00bb#FFFFFF\u00bb background_color=\u00bb#B83127&#8243; background_image=\u00bbhttps:\/\/www.redalc.uda.cl\/wp-content\/uploads\/2026\/01\/INICIO-MAQUETA_010.png\u00bb custom_margin=\u00bb-64px|||||\u00bb custom_padding=\u00bb13px|||||\u00bb global_colors_info=\u00bb{}\u00bb]<\/p>\n<h2 style=\"text-align: center;\"><\/h2>\n<h2 style=\"text-align: center;\"><span style=\"color: #ffffff;\">\u00a0Conversatorios para fortalecer redes de investigaci\u00f3n y publicaci\u00f3n<br \/>Veracruz 2026<\/span><\/h2>\n<h2 style=\"text-align: center;\"><span style=\"color: #ffffff;\">\u00a0<\/span><\/h2>\n<p>[\/et_pb_text][\/et_pb_column][\/et_pb_row][\/et_pb_section][et_pb_section fb_built=\u00bb1&#8243; _builder_version=\u00bb4.27.4&#8243; _module_preset=\u00bbdefault\u00bb custom_margin=\u00bb-42px||-6px|||\u00bb custom_padding=\u00bb22px||0px|||\u00bb global_colors_info=\u00bb{}\u00bb][et_pb_row _builder_version=\u00bb4.27.5&#8243; _module_preset=\u00bbdefault\u00bb custom_margin=\u00bb|auto|-2px|auto||\u00bb custom_padding=\u00bb11px|||||\u00bb global_colors_info=\u00bb{}\u00bb][et_pb_column type=\u00bb4_4&#8243; _builder_version=\u00bb4.27.5&#8243; _module_preset=\u00bbdefault\u00bb global_colors_info=\u00bb{}\u00bb][et_pb_text _builder_version=\u00bb4.27.5&#8243; _module_preset=\u00bbdefault\u00bb text_font_size=\u00bb18px\u00bb header_text_color=\u00bb#266BA6&#8243; custom_margin=\u00bb18px|||||\u00bb custom_padding=\u00bb0px||0px|||\u00bb global_colors_info=\u00bb{}\u00bb][\/et_pb_text][et_pb_text _builder_version=\u00bb4.27.5&#8243; _module_preset=\u00bbdefault\u00bb text_font_size=\u00bb18px\u00bb header_text_color=\u00bb#266BA6&#8243; min_height=\u00bb6.4px\u00bb custom_margin=\u00bb-58px|||||\u00bb custom_padding=\u00bb28px||0px|||\u00bb global_colors_info=\u00bb{}\u00bb]<\/p>\n<h1 style=\"text-align: left;\">Contexto<\/h1>\n<p>En el marco de la <strong data-start=\"602\" data-end=\"676\">II Convenci\u00f3n Presencial REDALC \u2013 Encuentro Latinoamericano de Saberes<\/strong>, se realizar\u00e1n <strong data-start=\"692\" data-end=\"815\">conversatorios orientados a fortalecer las redes de investigaci\u00f3n y publicaci\u00f3n acad\u00e9mica en Am\u00e9rica Latina y el Caribe<\/strong>.<\/p>\n<p>&nbsp;<\/p>\n<p style=\"text-align: justify;\">\n<p style=\"text-align: justify;\">\n<p>[\/et_pb_text][et_pb_text _builder_version=\u00bb4.27.5&#8243; _module_preset=\u00bbdefault\u00bb text_font_size=\u00bb18px\u00bb header_text_color=\u00bb#266BA6&#8243; min_height=\u00bb6.4px\u00bb custom_margin=\u00bb-60px|||||\u00bb custom_padding=\u00bb27px||0px|||\u00bb global_colors_info=\u00bb{}\u00bb]<\/p>\n<h1>\u00a0Este espacio est\u00e1 pensado para :\u00a0\u00a0<\/h1>\n<ul>\n<li>Conectar investigadores, investigadoras, docentes y estudiantes interesados en desarrollar proyectos colaborativos.<\/li>\n<li>Impulsar redes de publicaci\u00f3n acad\u00e9mica, incluyendo libros colectivos, dossiers y revistas cient\u00edficas.<\/li>\n<li>Compartir experiencias y buenas pr\u00e1cticas en investigaci\u00f3n, internacionalizaci\u00f3n y cooperaci\u00f3n interuniversitaria.<\/li>\n<li>Identificar l\u00edneas de investigaci\u00f3n comunes entre universidades y centros asociados a REDALC.<\/li>\n<li>Promover proyectos conjuntos de investigaci\u00f3n y escritura acad\u00e9mica para el per\u00edodo 2026\u20132027.<\/li>\n<li>Los conversatorios se desarrollar\u00e1n como espacios abiertos de di\u00e1logo y articulaci\u00f3n acad\u00e9mica, orientados a consolidar comunidades de investigaci\u00f3n y producci\u00f3n cient\u00edfica dentro de REDALC.<\/li>\n<\/ul>\n<p style=\"text-align: justify;\">\n<p style=\"text-align: justify;\">\n<p>[\/et_pb_text][\/et_pb_column][\/et_pb_row][et_pb_row _builder_version=\u00bb4.27.6&#8243; _module_preset=\u00bbdefault\u00bb global_colors_info=\u00bb{}\u00bb][et_pb_column type=\u00bb4_4&#8243; _builder_version=\u00bb4.27.6&#8243; _module_preset=\u00bbdefault\u00bb global_colors_info=\u00bb{}\u00bb][et_pb_button button_url=\u00bbhttps:\/\/forms.gle\/XhKD8PFweW8GF5mx8&#8243; button_text=\u00bbInscr\u00edbete para la actividad presencial \u00bb _builder_version=\u00bb4.27.6&#8243; _module_preset=\u00bbdefault\u00bb button_text_size=\u00bb18px\u00bb button_text_color=\u00bb#FFFFFF\u00bb button_bg_color=\u00bb#B83127&#8243; button_border_radius=\u00bb41px\u00bb transform_scale=\u00bb98%|98%\u00bb transform_translate_linked=\u00bboff\u00bb background_layout=\u00bbdark\u00bb custom_margin=\u00bb0px||0px||false|false\u00bb custom_padding=\u00bb7px|24px|7px|24px|true|true\u00bb hover_enabled=\u00bb0&#8243; global_colors_info=\u00bb{}\u00bb sticky_enabled=\u00bb0&#8243; button_bg_enable_color=\u00bbon\u00bb button_alignment=\u00bbcenter\u00bb][\/et_pb_button][\/et_pb_column][\/et_pb_row][\/et_pb_section][et_pb_section fb_built=\u00bb1&#8243; _builder_version=\u00bb4.27.4&#8243; _module_preset=\u00bbdefault\u00bb custom_padding=\u00bb46px|||||\u00bb global_colors_info=\u00bb{}\u00bb][et_pb_row _builder_version=\u00bb4.27.5&#8243; _module_preset=\u00bbdefault\u00bb global_colors_info=\u00bb{}\u00bb][et_pb_column type=\u00bb4_4&#8243; _builder_version=\u00bb4.27.5&#8243; _module_preset=\u00bbdefault\u00bb global_colors_info=\u00bb{}\u00bb][et_pb_text _builder_version=\u00bb4.27.5&#8243; _module_preset=\u00bbdefault\u00bb global_colors_info=\u00bb{}\u00bb]<\/p>\n<h1 style=\"text-align: justify;\"><span style=\"color: #266ba6;\">Formularios, por si a\u00fan no formas parte de\u00a0 REDALC<\/span><\/h1>\n<p>[\/et_pb_text][\/et_pb_column][\/et_pb_row][et_pb_row _builder_version=\u00bb4.27.5&#8243; _module_preset=\u00bbdefault\u00bb custom_padding=\u00bb0px|||||\u00bb global_colors_info=\u00bb{}\u00bb][et_pb_column type=\u00bb4_4&#8243; _builder_version=\u00bb4.27.5&#8243; _module_preset=\u00bbdefault\u00bb global_colors_info=\u00bb{}\u00bb][et_pb_button button_url=\u00bbhttps:\/\/www.redalc.uda.cl\/wp-content\/uploads\/2026\/02\/1-CARTA-ADHESION-REDALC-ONLINE.docx\u00bb button_text=\u00bbadhiere a REDALC  tu instituci\u00f3n\/organizaci\u00f3n\/red\u00bb button_alignment=\u00bbright\u00bb _builder_version=\u00bb4.27.5&#8243; _module_preset=\u00bbdefault\u00bb button_text_size=\u00bb18px\u00bb button_text_color=\u00bb#FFFFFF\u00bb button_bg_color=\u00bb#266BA6&#8243; button_border_radius=\u00bb41px\u00bb transform_scale=\u00bb98%|98%\u00bb transform_translate_linked=\u00bboff\u00bb background_layout=\u00bbdark\u00bb custom_margin=\u00bb0px||0px||false|false\u00bb custom_padding=\u00bb7px|24px|7px|24px|true|true\u00bb global_colors_info=\u00bb{}\u00bb][\/et_pb_button][et_pb_button button_url=\u00bbhttps:\/\/forms.gle\/7kHEuwkhimk1UBJQ8&#8243; button_text=\u00bbINSCRIPCI\u00d3N REDALC\u00bb button_alignment=\u00bbcenter\u00bb _builder_version=\u00bb4.27.5&#8243; _module_preset=\u00bbdefault\u00bb button_text_size=\u00bb18px\u00bb button_text_color=\u00bb#FFFFFF\u00bb button_bg_color=\u00bb#266BA6&#8243; button_border_radius=\u00bb41px\u00bb transform_scale=\u00bb98%|98%\u00bb transform_translate_linked=\u00bboff\u00bb background_layout=\u00bbdark\u00bb custom_margin=\u00bb16px||27px||false|false\u00bb custom_padding=\u00bb7px|24px|7px|24px|true|true\u00bb global_colors_info=\u00bb{}\u00bb][\/et_pb_button][\/et_pb_column][\/et_pb_row][\/et_pb_section][et_pb_section fb_built=\u00bb1&#8243; _builder_version=\u00bb4.27.4&#8243; _module_preset=\u00bbdefault\u00bb background_color=\u00bb#266BA6&#8243; custom_margin=\u00bb6px||-150px|||\u00bb custom_padding=\u00bb||0px|||\u00bb global_colors_info=\u00bb{}\u00bb][\/et_pb_section]<\/p>\n","protected":false},"excerpt":{"rendered":"<p>\u00a0Conversatorios para fortalecer redes de investigaci\u00f3n y publicaci\u00f3nVeracruz 2026 \u00a0Contexto En el marco de la II Convenci\u00f3n Presencial REDALC \u2013 Encuentro Latinoamericano de Saberes, se realizar\u00e1n conversatorios orientados a fortalecer las redes de investigaci\u00f3n y publicaci\u00f3n acad\u00e9mica en Am\u00e9rica Latina y el Caribe. &nbsp; \u00a0Este espacio est\u00e1 pensado para :\u00a0\u00a0 Conectar investigadores, investigadoras, docentes y [&hellip;]<\/p>\n","protected":false},"author":2,"featured_media":0,"parent":0,"menu_order":0,"comment_status":"closed","ping_status":"closed","template":"","meta":{"_et_pb_use_builder":"on","_et_pb_old_content":"","_et_gb_content_width":"","footnotes":""},"class_list":["post-49413","page","type-page","status-publish","hentry"],"_links":{"self":[{"href":"https:\/\/www.redalc.uda.cl\/index.php\/wp-json\/wp\/v2\/pages\/49413","targetHints":{"allow":["GET"]}}],"collection":[{"href":"https:\/\/www.redalc.uda.cl\/index.php\/wp-json\/wp\/v2\/pages"}],"about":[{"href":"https:\/\/www.redalc.uda.cl\/index.php\/wp-json\/wp\/v2\/types\/page"}],"author":[{"embeddable":true,"href":"https:\/\/www.redalc.uda.cl\/index.php\/wp-json\/wp\/v2\/users\/2"}],"replies":[{"embeddable":true,"href":"https:\/\/www.redalc.uda.cl\/index.php\/wp-json\/wp\/v2\/comments?post=49413"}],"version-history":[{"count":6,"href":"https:\/\/www.redalc.uda.cl\/index.php\/wp-json\/wp\/v2\/pages\/49413\/revisions"}],"predecessor-version":[{"id":49422,"href":"https:\/\/www.redalc.uda.cl\/index.php\/wp-json\/wp\/v2\/pages\/49413\/revisions\/49422"}],"wp:attachment":[{"href":"https:\/\/www.redalc.uda.cl\/index.php\/wp-json\/wp\/v2\/media?parent=49413"}],"curies":[{"name":"wp","href":"https:\/\/api.w.org\/{rel}","templated":true}]}}