{"id":49400,"date":"2026-03-09T15:02:25","date_gmt":"2026-03-09T18:02:25","guid":{"rendered":"https:\/\/www.redalc.uda.cl\/?page_id=49400"},"modified":"2026-03-09T15:21:32","modified_gmt":"2026-03-09T18:21:32","slug":"veracruz-ciealc","status":"publish","type":"page","link":"https:\/\/www.redalc.uda.cl\/index.php\/veracruz-ciealc\/","title":{"rendered":"VERACRUZ CIEALC"},"content":{"rendered":"<p>[et_pb_section fb_built=\u00bb1&#8243; _builder_version=\u00bb4.27.5&#8243; _module_preset=\u00bbdefault\u00bb background_color=\u00bb#022859&#8243; custom_padding=\u00bb23px||28px|||\u00bb global_colors_info=\u00bb{}\u00bb][et_pb_row _builder_version=\u00bb4.27.5&#8243; _module_preset=\u00bbdefault\u00bb global_colors_info=\u00bb{}\u00bb][et_pb_column type=\u00bb4_4&#8243; _builder_version=\u00bb4.27.5&#8243; _module_preset=\u00bbdefault\u00bb global_colors_info=\u00bb{}\u00bb][et_pb_image src=\u00bbhttps:\/\/www.redalc.uda.cl\/wp-content\/uploads\/2026\/02\/version-2-scaled.png\u00bb title_text=\u00bbversion 2&#8243; align=\u00bbcenter\u00bb _builder_version=\u00bb4.27.5&#8243; _module_preset=\u00bbdefault\u00bb background_color=\u00bb#D989A6&#8243; use_background_color_gradient=\u00bbon\u00bb custom_margin=\u00bb||-1px|||\u00bb global_colors_info=\u00bb{}\u00bb][\/et_pb_image][\/et_pb_column][\/et_pb_row][\/et_pb_section][et_pb_section fb_built=\u00bb1&#8243; _builder_version=\u00bb4.27.4&#8243; _module_preset=\u00bbdefault\u00bb custom_margin=\u00bb-42px||-6px|||\u00bb custom_padding=\u00bb48px||0px|||\u00bb global_colors_info=\u00bb{}\u00bb][et_pb_row _builder_version=\u00bb4.27.5&#8243; _module_preset=\u00bbdefault\u00bb custom_margin=\u00bb|auto|-36px|auto||\u00bb global_colors_info=\u00bb{}\u00bb][et_pb_column type=\u00bb4_4&#8243; _builder_version=\u00bb4.27.5&#8243; _module_preset=\u00bbdefault\u00bb global_colors_info=\u00bb{}\u00bb][et_pb_text _builder_version=\u00bb4.27.5&#8243; _module_preset=\u00bbdefault\u00bb text_text_color=\u00bb#FFFFFF\u00bb background_color=\u00bb#D98B29&#8243; custom_margin=\u00bb-62px|||||\u00bb custom_padding=\u00bb16px||0px|||\u00bb global_colors_info=\u00bb{}\u00bb]<\/p>\n<h2 style=\"text-align: center;\"><span style=\"color: #ffffff;\"><strong data-start=\"309\" data-end=\"345\">II Convenci\u00f3n Estudiantil CIEALC<\/strong><\/span><\/h2>\n<p>[\/et_pb_text][\/et_pb_column][\/et_pb_row][et_pb_row _builder_version=\u00bb4.27.5&#8243; _module_preset=\u00bbdefault\u00bb global_colors_info=\u00bb{}\u00bb][et_pb_column type=\u00bb4_4&#8243; _builder_version=\u00bb4.27.5&#8243; _module_preset=\u00bbdefault\u00bb global_colors_info=\u00bb{}\u00bb][et_pb_text _builder_version=\u00bb4.27.5&#8243; _module_preset=\u00bbdefault\u00bb text_font_size=\u00bb18px\u00bb header_text_color=\u00bb#266BA6&#8243; min_height=\u00bb6.4px\u00bb custom_margin=\u00bb-58px|||||\u00bb custom_padding=\u00bb28px||0px|||\u00bb global_colors_info=\u00bb{}\u00bb]<\/p>\n<h1><\/h1>\n<h1><\/h1>\n<h1><\/h1>\n<h1><\/h1>\n<h1>\u00bfQu\u00e9 se realizar\u00e1 en la Sesi\u00f3n del Centro de Investigaci\u00f3n Estudiantil?<\/h1>\n<p>&nbsp;<\/p>\n<p>En el marco de la II Convenci\u00f3n Presencial REDALC \u2013 Encuentro Latinoamericano de Saberes, el Centro de Investigaci\u00f3n Estudiantil de Am\u00e9rica Latina y el Caribe (CIEALC) realizar\u00e1 una sesi\u00f3n de trabajo orientada a fortalecer la participaci\u00f3n estudiantil.<br \/>Este espacio busca consolidar al CIEALC como una red estudiantil latinoamericana activa, promoviendo el intercambio de experiencias, el desarrollo de proyectos colaborativos y el di\u00e1logo entre estudiantes, investigadores e instituciones acad\u00e9micas.<\/p>\n<p>Durante la sesi\u00f3n se abordar\u00e1n las siguientes \u00e1reas de trabajo<\/p>\n<p>\u2022 Encuentro de estudiantes investigadores de Am\u00e9rica Latina y el Caribe.<br \/>\u2022 Presentaci\u00f3n de iniciativas y proyectos de investigaci\u00f3n estudiantil.<br \/>\u2022 Articulaci\u00f3n y fortalecimiento de redes de colaboraci\u00f3n estudiantil.<br \/>\u2022 Presentaci\u00f3n del plan de trabajo del CIEALC para el per\u00edodo 2026\u20132028.<br \/>\u2022 Ceremonia de investidura de autoridades del CIEALC que formaliza el proceso eleccionario 2026<\/p>\n<p style=\"text-align: justify;\">\n<p style=\"text-align: justify;\">\n<p>[\/et_pb_text][\/et_pb_column][\/et_pb_row][et_pb_row column_structure=\u00bb1_2,1_2&#8243; _builder_version=\u00bb4.27.5&#8243; _module_preset=\u00bbdefault\u00bb min_height=\u00bb271.8px\u00bb global_colors_info=\u00bb{}\u00bb][et_pb_column type=\u00bb1_2&#8243; _builder_version=\u00bb4.27.5&#8243; _module_preset=\u00bbdefault\u00bb global_colors_info=\u00bb{}\u00bb][et_pb_text _builder_version=\u00bb4.27.6&#8243; _module_preset=\u00bbdefault\u00bb text_text_color=\u00bb#266BA6&#8243; min_height=\u00bb92.8px\u00bb custom_margin=\u00bb||29px|||\u00bb global_colors_info=\u00bb{}\u00bb]<\/p>\n<h1><span style=\"color: #266ba6;\">Participa en el II Congreso Latinoamericano Derecho, Ciencia, Artes y Saberes<\/span><\/h1>\n<p>&nbsp;<\/p>\n<p>[\/et_pb_text][et_pb_text _builder_version=\u00bb4.27.6&#8243; _module_preset=\u00bbdefault\u00bb custom_margin=\u00bb-37px|||||\u00bb global_colors_info=\u00bb{}\u00bb]<\/p>\n<p style=\"text-align: justify;\"><span style=\"font-size: large;\">En el marco de la II Convenci\u00f3n Presencial REDALC \u2013 Encuentro Latinoamericano de Saberes, se realizar\u00e1 el II Congreso Latinoamericano Derecho, Ciencia, Artes y Saberes, instancia a la que se invita a estudiantes de Am\u00e9rica Latina y el Caribe a participar activamente con sus investigaciones y reflexiones.<\/span><\/p>\n<p>[\/et_pb_text][\/et_pb_column][et_pb_column type=\u00bb1_2&#8243; _builder_version=\u00bb4.27.5&#8243; _module_preset=\u00bbdefault\u00bb global_colors_info=\u00bb{}\u00bb][et_pb_button button_url=\u00bbhttps:\/\/www.redalc.uda.cl\/index.php\/veracruz-convocatoria-ii-congreso\/\u00bb button_text=\u00bb convocatoria Congreso \u00bb _builder_version=\u00bb4.27.5&#8243; _module_preset=\u00bbdefault\u00bb button_text_size=\u00bb18px\u00bb button_text_color=\u00bb#FFFFFF\u00bb button_bg_color=\u00bb#266BA6&#8243; button_border_radius=\u00bb41px\u00bb transform_scale=\u00bb98%|98%\u00bb transform_translate_linked=\u00bboff\u00bb background_layout=\u00bbdark\u00bb custom_margin=\u00bb0px||0px||false|false\u00bb custom_padding=\u00bb7px|24px|7px|24px|true|true\u00bb global_colors_info=\u00bb{}\u00bb][\/et_pb_button][et_pb_image src=\u00bbhttps:\/\/www.redalc.uda.cl\/wp-content\/uploads\/2026\/02\/OTRAS-VERSIONES-ISOLOGO.pdf.png\u00bb title_text=\u00bbOTRAS VERSIONES ISOLOGO.pdf\u00bb _builder_version=\u00bb4.27.6&#8243; _module_preset=\u00bbdefault\u00bb transform_scale=\u00bb88%|88%\u00bb custom_padding=\u00bb|||18px||\u00bb global_colors_info=\u00bb{}\u00bb][\/et_pb_image][\/et_pb_column][\/et_pb_row][\/et_pb_section][et_pb_section fb_built=\u00bb1&#8243; _builder_version=\u00bb4.27.4&#8243; _module_preset=\u00bbdefault\u00bb background_color=\u00bb#266BA6&#8243; custom_margin=\u00bb6px||-150px|||\u00bb custom_padding=\u00bb||0px|||\u00bb global_colors_info=\u00bb{}\u00bb][\/et_pb_section][et_pb_section fb_built=\u00bb1&#8243; _builder_version=\u00bb4.27.4&#8243; _module_preset=\u00bbdefault\u00bb global_colors_info=\u00bb{}\u00bb][et_pb_row _builder_version=\u00bb4.27.5&#8243; _module_preset=\u00bbdefault\u00bb global_colors_info=\u00bb{}\u00bb][et_pb_column type=\u00bb4_4&#8243; _builder_version=\u00bb4.27.5&#8243; _module_preset=\u00bbdefault\u00bb global_colors_info=\u00bb{}\u00bb][et_pb_button button_text=\u00bbinscripciones \u00bb button_alignment=\u00bbcenter\u00bb _builder_version=\u00bb4.27.6&#8243; _module_preset=\u00bbdefault\u00bb button_text_size=\u00bb18px\u00bb button_text_color=\u00bb#FFFFFF\u00bb button_bg_color=\u00bb#B83127&#8243; button_border_radius=\u00bb41px\u00bb transform_scale=\u00bb98%|98%\u00bb transform_translate_linked=\u00bboff\u00bb background_layout=\u00bbdark\u00bb custom_margin=\u00bb0px||0px||false|false\u00bb custom_padding=\u00bb7px|24px|7px|24px|true|true\u00bb hover_enabled=\u00bb0&#8243; global_colors_info=\u00bb{}\u00bb button_url=\u00bbhttps:\/\/forms.gle\/a8bgUFrCQhyXR9U46&#8243; sticky_enabled=\u00bb0&#8243;][\/et_pb_button][\/et_pb_column][\/et_pb_row][\/et_pb_section]<\/p>\n","protected":false},"excerpt":{"rendered":"<p>II Convenci\u00f3n Estudiantil CIEALC \u00bfQu\u00e9 se realizar\u00e1 en la Sesi\u00f3n del Centro de Investigaci\u00f3n Estudiantil? &nbsp; En el marco de la II Convenci\u00f3n Presencial REDALC \u2013 Encuentro Latinoamericano de Saberes, el Centro de Investigaci\u00f3n Estudiantil de Am\u00e9rica Latina y el Caribe (CIEALC) realizar\u00e1 una sesi\u00f3n de trabajo orientada a fortalecer la participaci\u00f3n estudiantil.Este espacio busca [&hellip;]<\/p>\n","protected":false},"author":2,"featured_media":0,"parent":0,"menu_order":0,"comment_status":"closed","ping_status":"closed","template":"","meta":{"_et_pb_use_builder":"on","_et_pb_old_content":"","_et_gb_content_width":"","footnotes":""},"class_list":["post-49400","page","type-page","status-publish","hentry"],"_links":{"self":[{"href":"https:\/\/www.redalc.uda.cl\/index.php\/wp-json\/wp\/v2\/pages\/49400","targetHints":{"allow":["GET"]}}],"collection":[{"href":"https:\/\/www.redalc.uda.cl\/index.php\/wp-json\/wp\/v2\/pages"}],"about":[{"href":"https:\/\/www.redalc.uda.cl\/index.php\/wp-json\/wp\/v2\/types\/page"}],"author":[{"embeddable":true,"href":"https:\/\/www.redalc.uda.cl\/index.php\/wp-json\/wp\/v2\/users\/2"}],"replies":[{"embeddable":true,"href":"https:\/\/www.redalc.uda.cl\/index.php\/wp-json\/wp\/v2\/comments?post=49400"}],"version-history":[{"count":4,"href":"https:\/\/www.redalc.uda.cl\/index.php\/wp-json\/wp\/v2\/pages\/49400\/revisions"}],"predecessor-version":[{"id":49407,"href":"https:\/\/www.redalc.uda.cl\/index.php\/wp-json\/wp\/v2\/pages\/49400\/revisions\/49407"}],"wp:attachment":[{"href":"https:\/\/www.redalc.uda.cl\/index.php\/wp-json\/wp\/v2\/media?parent=49400"}],"curies":[{"name":"wp","href":"https:\/\/api.w.org\/{rel}","templated":true}]}}