{"id":49287,"date":"2026-02-27T16:13:11","date_gmt":"2026-02-27T19:13:11","guid":{"rendered":"https:\/\/www.redalc.uda.cl\/?page_id=49287"},"modified":"2026-02-27T16:13:17","modified_gmt":"2026-02-27T19:13:17","slug":"hoja-de-vida-thalia-fung","status":"publish","type":"page","link":"https:\/\/www.redalc.uda.cl\/index.php\/hoja-de-vida-thalia-fung\/","title":{"rendered":"hoja de vida Thalia Fung"},"content":{"rendered":"<p>[et_pb_section fb_built=\u00bb1&#8243; _builder_version=\u00bb4.27.4&#8243; _module_preset=\u00bbdefault\u00bb custom_padding=\u00bb24px|23px|0px|||\u00bb global_colors_info=\u00bb{}\u00bb][et_pb_row _builder_version=\u00bb4.27.5&#8243; _module_preset=\u00bbdefault\u00bb width=\u00bb100%\u00bb global_colors_info=\u00bb{}\u00bb][et_pb_column type=\u00bb4_4&#8243; _builder_version=\u00bb4.27.5&#8243; _module_preset=\u00bbdefault\u00bb global_colors_info=\u00bb{}\u00bb][et_pb_text _builder_version=\u00bb4.27.5&#8243; _module_preset=\u00bbdefault\u00bb text_text_color=\u00bb#FFFFFF\u00bb background_color=\u00bb#022859&#8243; global_colors_info=\u00bb{}\u00bb]<\/p>\n<h1 style=\"text-align: center;\"><span style=\"color: #ffffff;\">C\u00c1TEDRA <\/span><br \/><span style=\"color: #ffffff;\">PENSAMIENTO<\/span><\/h1>\n<h1 style=\"text-align: center;\"><span style=\"color: #ffffff;\"> LATINOAMERICANO <\/span><\/h1>\n<h1 style=\"text-align: center;\"><span style=\"color: #ffffff;\">\u00a0ENFOQUE SUR \u201cTHAL\u00cdA FUNG RIVER\u00d3N\u201d<\/span><\/h1>\n<p>[\/et_pb_text][\/et_pb_column][\/et_pb_row][et_pb_row _builder_version=\u00bb4.27.5&#8243; _module_preset=\u00bbdefault\u00bb global_colors_info=\u00bb{}\u00bb][et_pb_column type=\u00bb4_4&#8243; _builder_version=\u00bb4.27.5&#8243; _module_preset=\u00bbdefault\u00bb global_colors_info=\u00bb{}\u00bb][et_pb_text _builder_version=\u00bb4.27.5&#8243; _module_preset=\u00bbdefault\u00bb min_height=\u00bb70.6px\u00bb custom_margin=\u00bb-26px|||||\u00bb global_colors_info=\u00bb{}\u00bb]<\/p>\n<p>&nbsp;<\/p>\n<h1 style=\"text-align: center;\"><span style=\"color: #266ba6;\">HOJA DE VIDA <\/span><\/h1>\n<p>&nbsp;<\/p>\n<p>[\/et_pb_text][\/et_pb_column][\/et_pb_row][et_pb_row _builder_version=\u00bb4.27.5&#8243; _module_preset=\u00bbdefault\u00bb custom_margin=\u00bb-23px|auto||auto||\u00bb global_colors_info=\u00bb{}\u00bb][et_pb_column type=\u00bb4_4&#8243; _builder_version=\u00bb4.27.5&#8243; _module_preset=\u00bbdefault\u00bb global_colors_info=\u00bb{}\u00bb][et_pb_text _builder_version=\u00bb4.27.5&#8243; _module_preset=\u00bbdefault\u00bb global_colors_info=\u00bb{}\u00bb]<\/p>\n<p><span style=\"color: #022859; font-size: large;\"><strong>Thal\u00eda Fung River\u00f3n<\/strong><\/span><\/p>\n<p><span style=\"color: #022859; font-size: large;\">(Santiago de Cuba, 5 de julio de 1934 \u2013 La Habana, 21 de noviembre de 2021)<\/span><br \/><span style=\"color: #022859; font-size: large;\">Fil\u00f3sofa, jurista y polit\u00f3loga cubana, referente del pensamiento pol\u00edtico latinoamericano contempor\u00e1neo y fundadora de la propuesta acad\u00e9mica conocida como Ciencia Pol\u00edtica de Enfoque Sur. Su trayectoria intelectual, institucional y docente la consolid\u00f3 como una de las figuras m\u00e1s influyentes de las ciencias sociales en Cuba y en Am\u00e9rica Latina y el Caribe.<\/span><br \/><span style=\"color: #022859; font-size: large;\"><\/span><\/p>\n<p><span style=\"color: #022859; font-size: large;\">Formaci\u00f3n y primeros a\u00f1os<\/span><br \/><span style=\"color: #022859; font-size: large;\">Naci\u00f3 en la provincia de Santiago de Cuba el 5 de julio de 1934. Su identidad estuvo marcada por una rica herencia cultural: hija de padre inmigrante canton\u00e9s y madre santiaguera, asumi\u00f3 con orgullo esa s\u00edntesis intercultural que influy\u00f3 en su sensibilidad humanista y en su apertura intelectual.<\/span><br \/><span style=\"color: #022859; font-size: large;\">Se gradu\u00f3 como Licenciada en Derecho en 1956 por la Universidad de Oriente, con primer expediente acad\u00e9mico. Desde sus inicios ejerci\u00f3 como abogada defensora en causas de alta complejidad durante el per\u00edodo previo a 1959, participando en procesos judiciales relevantes en la ciudad de Santiago de Cuba.<\/span><br \/><span style=\"color: #022859; font-size: large;\">Posteriormente desempe\u00f1\u00f3 funciones en el \u00e1mbito judicial y particip\u00f3 activamente en procesos institucionales y educativos del pa\u00eds, incluyendo la Campa\u00f1a de Alfabetizaci\u00f3n.<\/span><br \/><span style=\"color: #022859; font-size: large;\">En 1966 obtuvo su segunda carrera universitaria como Licenciada en Lengua y Literatura Francesa en la Universidad de La Habana, ampliando su formaci\u00f3n human\u00edstica y consolidando su vocaci\u00f3n acad\u00e9mica.<\/span><br \/><span style=\"color: #022859; font-size: large;\"><\/span><\/p>\n<p><span style=\"color: #022859; font-size: large;\">Trayectoria acad\u00e9mica<\/span><br \/><span style=\"color: #022859; font-size: large;\">Desde finales de la d\u00e9cada de 1960 consagr\u00f3 su vida a la docencia y la investigaci\u00f3n en la Universidad de La Habana, donde integr\u00f3 el Departamento de Filosof\u00eda de la Facultad de Filosof\u00eda, Historia y Sociolog\u00eda durante casi cinco d\u00e9cadas.<\/span><br \/><span style=\"color: #022859; font-size: large;\">Fue:<\/span><br \/><span style=\"color: #022859; font-size: large;\">\u2022 Doctora en Ciencias Filos\u00f3ficas (Universidad Lomon\u00f3sov, 1977).<\/span><br \/><span style=\"color: #022859; font-size: large;\">\u2022 Doctora en Ciencias (URSS, 1985).<\/span><br \/><span style=\"color: #022859; font-size: large;\">\u2022 Investigadora Titular de la Academia de Ciencias de Cuba (1983).<\/span><br \/><span style=\"color: #022859; font-size: large;\">\u2022 Profesora Titular (1977), posteriormente Profesora Consultante (1999) y Profesora Em\u00e9rita (2004) de la Universidad de La Habana.<\/span><br \/><span style=\"color: #022859; font-size: large;\"><\/span><\/p>\n<p><span style=\"color: #022859; font-size: large;\">Ocup\u00f3 responsabilidades acad\u00e9micas de alto nivel, entre ellas:<\/span><br \/><span style=\"color: #022859; font-size: large;\">\u2022 Presidenta del Tribunal Nacional Permanente de Grados Cient\u00edficos en Ciencias Pol\u00edticas de la Rep\u00fablica de Cuba (2000\u20132009).<\/span><br \/><span style=\"color: #022859; font-size: large;\">\u2022 Fundadora y presidenta del Tribunal de Grados Cient\u00edficos en Ciencias Filos\u00f3ficas.<\/span><br \/><span style=\"color: #022859; font-size: large;\">\u2022 Presidenta del Tribunal de Categor\u00edas Superiores de Filosof\u00eda.<\/span><br \/><span style=\"color: #022859; font-size: large;\">\u2022 Coordinadora Acad\u00e9mica del Doctorado Curricular Colaborativo en Ciencias Pol\u00edticas.<\/span><br \/><span style=\"color: #022859; font-size: large;\">\u2022 Coordinadora fundadora de la Maestr\u00eda en Ciencia Pol\u00edtica (primera versi\u00f3n en Cuba), evaluada de excelencia por la Junta de Acreditaci\u00f3n Nacional.<\/span><br \/><span style=\"color: #022859; font-size: large;\">\u2022 Miembro del Comit\u00e9 Acad\u00e9mico de la Maestr\u00eda en Bio\u00e9tica y fundadora del Comit\u00e9 de Bio\u00e9tica.<\/span><br \/><span style=\"color: #022859; font-size: large;\"><\/span><\/p>\n<p><span style=\"color: #022859; font-size: large;\">Tutora de m\u00e1s de 45 tesis doctorales y form\u00f3 a numerosas generaciones de especialistas en Filosof\u00eda y Ciencia Pol\u00edtica, tanto cubanos como extranjeros.<\/span><br \/><span style=\"color: #022859; font-size: large;\">Dominaba lat\u00edn, franc\u00e9s e ingl\u00e9s, y le\u00eda en alem\u00e1n obras cl\u00e1sicas de la filosof\u00eda y la teor\u00eda pol\u00edtica, lo que fortaleci\u00f3 la amplitud de su producci\u00f3n intelectual.<\/span><br \/><span style=\"color: #022859; font-size: large;\">Fundadora de instituciones y redes acad\u00e9micas<\/span><br \/><span style=\"color: #022859; font-size: large;\"><\/span><\/p>\n<p><span style=\"color: #022859; font-size: large;\">En 1983 fund\u00f3 la Sociedad Cubana de Investigaciones Filos\u00f3ficas (SCIF), primera organizaci\u00f3n de la sociedad civil cubana que agrupa profesionales de la Filosof\u00eda y otras \u00e1reas de las ciencias sociales. Presidi\u00f3 esta instituci\u00f3n hasta 2022, a\u00f1o en que fue nombrada Presidenta de Honor.<\/span><br \/><span style=\"color: #022859; font-size: large;\">Fue miembro durante m\u00e1s de quince a\u00f1os del Comit\u00e9 de Direcci\u00f3n de la Federaci\u00f3n Internacional de Sociedades de Filosof\u00eda (FISP), siendo la \u00fanica mujer representante de Am\u00e9rica Latina y el Caribe en ese \u00f3rgano en su per\u00edodo.<\/span><br \/><span style=\"color: #022859; font-size: large;\">Impuls\u00f3 los Talleres Internacionales sobre Nueva Ciencia Pol\u00edtica y los Coloquios Internacionales dedicados a la filosof\u00eda de la emancipaci\u00f3n, la diversidad y la paz, contribuyendo al posicionamiento internacional del pensamiento cubano y latinoamericano.<\/span><br \/><span style=\"color: #022859; font-size: large;\">Particip\u00f3 como representante de Cuba en Congresos Mundiales de Filosof\u00eda, interviniendo en mesas redondas sobre \u00e9tica, pol\u00edtica y bio\u00e9tica, con reconocimiento internacional.<\/span><br \/><span style=\"color: #022859; font-size: large;\">Aportes intelectuales<\/span><br \/><span style=\"color: #022859; font-size: large;\"><\/span><\/p>\n<p><span style=\"color: #022859; font-size: large;\">Su obra se caracteriza por la reflexi\u00f3n cr\u00edtica sobre el objeto de la Ciencia Pol\u00edtica, la relaci\u00f3n entre \u00e9tica y pol\u00edtica, y la necesidad de construir categor\u00edas de an\u00e1lisis situadas en las realidades del Sur Global.<\/span><br \/><span style=\"color: #022859; font-size: large;\">Desarroll\u00f3 la propuesta de una Ciencia Pol\u00edtica de Enfoque Sur, que plantea una inversi\u00f3n metodol\u00f3gica: pensar las relaciones de poder, el Estado y la sociedad civil desde los problemas hist\u00f3ricos, culturales y sociales de los pueblos latinoamericanos y caribe\u00f1os, evitando la reproducci\u00f3n acr\u00edtica de modelos te\u00f3ricos externos.<\/span><br \/><span style=\"color: #022859; font-size: large;\"><\/span><\/p>\n<p><span style=\"color: #022859; font-size: large;\">Entre sus publicaciones m\u00e1s relevantes se encuentran:<\/span><br \/><span style=\"color: #022859; font-size: large;\">\u2022 Reflexiones y metarreflexiones pol\u00edticas (1998).<\/span><br \/><span style=\"color: #022859; font-size: large;\">\u2022 La Ciencia Pol\u00edtica en tr\u00e1nsito al siglo XXI (2000).<\/span><br \/><span style=\"color: #022859; font-size: large;\">\u2022 Una Ciencia Pol\u00edtica desde el Sur (coordinadora, 2004).<\/span><br \/><span style=\"color: #022859; font-size: large;\">\u2022 Pistas (Filosof\u00eda pol\u00edtica y ciencia pol\u00edtica) (2006).<\/span><br \/><span style=\"color: #022859; font-size: large;\">Su producci\u00f3n acad\u00e9mica incluye libros, art\u00edculos, ensayos y coordinaciones editoriales de amplia circulaci\u00f3n nacional e internacional.<\/span><br \/><span style=\"color: #022859; font-size: large;\"><\/span><\/p>\n<p><span style=\"color: #022859; font-size: large;\">Reconocimientos<\/span><br \/><span style=\"color: #022859; font-size: large;\">Recibi\u00f3 m\u00e1s de 45 condecoraciones y distinciones acad\u00e9micas, entre ellas la Orden Carlos J. Finlay, la Orden Frank Pa\u00eds (primer y segundo grado), la Medalla por la Educaci\u00f3n Cubana, la Medalla Rafael Mar\u00eda de Mendive, la Medalla Ra\u00fal Ferrer y m\u00faltiples reconocimientos otorgados por universidades e instituciones nacionales e internacionales.<\/span><br \/><span style=\"color: #022859; font-size: large;\">Fue propuesta al Premio Nacional de Ciencias Sociales y Human\u00edsticas.<\/span><br \/><span style=\"color: #022859; font-size: large;\"><\/span><\/p>\n<p><span style=\"color: #022859; font-size: large;\">Legado<\/span><br \/><span style=\"color: #022859; font-size: large;\">Durante casi seis d\u00e9cadas dedicadas al magisterio, Thal\u00eda Fung River\u00f3n contribuy\u00f3 decisivamente a la formaci\u00f3n de docentes, investigadores y profesionales de las ciencias sociales. Su labor se extendi\u00f3 a todas las provincias de Cuba y a diversos espacios acad\u00e9micos internacionales, promoviendo el di\u00e1logo filos\u00f3fico, la cooperaci\u00f3n y la proyecci\u00f3n del pensamiento latinoamericano.<\/span><br \/><span style=\"color: #022859; font-size: large;\">Su vida estuvo guiada por una profunda vocaci\u00f3n humanista, por el compromiso con la formaci\u00f3n acad\u00e9mica rigurosa y por la convicci\u00f3n de que el conocimiento debe estar al servicio de la sociedad y de la dignidad humana.<\/span><br \/><span style=\"color: #022859; font-size: large;\">La C\u00e1tedra \u201cPensamiento Latinoamericano Enfoque Sur\u201d lleva su nombre en reconocimiento a su trayectoria intelectual y a su aporte a la construcci\u00f3n de una perspectiva cr\u00edtica y situada para el estudio de las realidades latinoamericanas y caribe\u00f1as.<\/span><\/p>\n<p><span style=\"color: #022859; font-size: large;\"><\/span><\/p>\n<p><span style=\"color: #022859; font-size: large;\"><\/span><\/p>\n<p>[\/et_pb_text][\/et_pb_column][\/et_pb_row][\/et_pb_section][et_pb_section fb_built=\u00bb1&#8243; _builder_version=\u00bb4.27.5&#8243; _module_preset=\u00bbdefault\u00bb background_color=\u00bb#FFFFFF\u00bb custom_padding=\u00bb0px||0px|||\u00bb global_colors_info=\u00bb{}\u00bb][\/et_pb_section][et_pb_section fb_built=\u00bb1&#8243; _builder_version=\u00bb4.27.4&#8243; _module_preset=\u00bbdefault\u00bb custom_margin=\u00bb-528px|||||\u00bb custom_padding=\u00bb||16px|||\u00bb global_colors_info=\u00bb{}\u00bb][et_pb_row _builder_version=\u00bb4.27.5&#8243; _module_preset=\u00bbdefault\u00bb global_colors_info=\u00bb{}\u00bb][et_pb_column type=\u00bb4_4&#8243; _builder_version=\u00bb4.27.5&#8243; _module_preset=\u00bbdefault\u00bb global_colors_info=\u00bb{}\u00bb][et_pb_text _builder_version=\u00bb4.27.5&#8243; _module_preset=\u00bbdefault\u00bb background_color=\u00bb#B83127&#8243; custom_padding=\u00bb||0px|||\u00bb global_colors_info=\u00bb{}\u00bb]<\/p>\n<h1><span style=\"color: #022859;\"><span style=\"color: #ffffff;\"><\/span><\/span><\/h1>\n<h1><span style=\"color: #022859;\"><span style=\"color: #ffffff;\"><\/span><\/span><\/h1>\n<h1 style=\"text-align: center;\"><span style=\"color: #022859;\"><span style=\"color: #ffffff;\"><\/span><\/span><\/h1>\n<h1 style=\"text-align: center;\"><a href=\"http:\/\/scifilosoficas.blogspot.com\/\"><span style=\"color: #022859;\"><span style=\"color: #ffffff;\">COORDINA<\/span><\/span><span style=\"color: #ffffff;\">\u00a0<\/span><\/a><\/h1>\n<p>&nbsp;<\/p>\n<p>[\/et_pb_text][\/et_pb_column][\/et_pb_row][et_pb_row column_structure=\u00bb1_2,1_2&#8243; _builder_version=\u00bb4.27.5&#8243; _module_preset=\u00bbdefault\u00bb global_colors_info=\u00bb{}\u00bb][et_pb_column type=\u00bb1_2&#8243; _builder_version=\u00bb4.27.5&#8243; _module_preset=\u00bbdefault\u00bb global_colors_info=\u00bb{}\u00bb][et_pb_image src=\u00bbhttps:\/\/www.redalc.uda.cl\/wp-content\/uploads\/2026\/02\/WhatsApp-Image-2026-01-14-at-6.28.47-PM-1.jpeg\u00bb title_text=\u00bbWhatsApp Image 2026-01-14 at 6.28.47 PM (1)\u00bb url=\u00bbhttp:\/\/scifilosoficas.blogspot.com\/\u00bb align=\u00bbcenter\u00bb _builder_version=\u00bb4.27.5&#8243; _module_preset=\u00bbdefault\u00bb custom_margin=\u00bb-5px|||||\u00bb custom_padding=\u00bb0px||0px|||\u00bb global_colors_info=\u00bb{}\u00bb][\/et_pb_image][\/et_pb_column][et_pb_column type=\u00bb1_2&#8243; _builder_version=\u00bb4.27.5&#8243; _module_preset=\u00bbdefault\u00bb global_colors_info=\u00bb{}\u00bb][et_pb_text _builder_version=\u00bb4.27.5&#8243; _module_preset=\u00bbdefault\u00bb global_colors_info=\u00bb{}\u00bb]<\/p>\n<h1 style=\"text-align: left;\"><a href=\"http:\/\/scifilosoficas.blogspot.com\/\"><span style=\"color: #022859;\">SOCIEDAD CUBANA DE INVESTIGACIONES FILOS\u00d3FICAS<\/span>\u00a0<\/a><\/h1>\n<p>[\/et_pb_text][\/et_pb_column][\/et_pb_row][et_pb_row _builder_version=\u00bb4.27.5&#8243; _module_preset=\u00bbdefault\u00bb global_colors_info=\u00bb{}\u00bb][et_pb_column type=\u00bb4_4&#8243; _builder_version=\u00bb4.27.5&#8243; _module_preset=\u00bbdefault\u00bb global_colors_info=\u00bb{}\u00bb][et_pb_text _builder_version=\u00bb4.27.5&#8243; _module_preset=\u00bbdefault\u00bb background_color=\u00bb#B83127&#8243; custom_padding=\u00bb||0px|||\u00bb global_colors_info=\u00bb{}\u00bb]<\/p>\n<h1><\/h1>\n<h1 style=\"text-align: center;\"><span style=\"color: #022859;\"><span style=\"color: #ffffff;\"><\/span><\/span><\/h1>\n<h1 style=\"text-align: center;\"><a href=\"http:\/\/scifilosoficas.blogspot.com\/\"><span style=\"color: #ffffff;\"><strong>ACUERDOS ACAD\u00c9MICOS DE COOPERACI\u00d3N <\/strong>\u00a0<\/span><\/a><\/h1>\n<p>&nbsp;<\/p>\n<p>[\/et_pb_text][\/et_pb_column][\/et_pb_row][et_pb_row column_structure=\u00bb1_2,1_2&#8243; _builder_version=\u00bb4.27.5&#8243; _module_preset=\u00bbdefault\u00bb global_colors_info=\u00bb{}\u00bb][et_pb_column type=\u00bb1_2&#8243; _builder_version=\u00bb4.27.5&#8243; _module_preset=\u00bbdefault\u00bb global_colors_info=\u00bb{}\u00bb][et_pb_text _builder_version=\u00bb4.27.5&#8243; _module_preset=\u00bbdefault\u00bb text_text_color=\u00bb#022859&#8243; text_font_size=\u00bb18px\u00bb global_colors_info=\u00bb{}\u00bb]<\/p>\n<ul>\n<li><strong>Facultad de Ciencias Jur\u00eddicas y Sociales\u00a0 Universidad de Atacama <\/strong><strong>Programa de Internacionalizaci\u00f3n Nodo Uda-Redalc<\/strong><\/li>\n<\/ul>\n<p>[\/et_pb_text][\/et_pb_column][et_pb_column type=\u00bb1_2&#8243; _builder_version=\u00bb4.27.5&#8243; _module_preset=\u00bbdefault\u00bb global_colors_info=\u00bb{}\u00bb][et_pb_image src=\u00bbhttps:\/\/www.redalc.uda.cl\/wp-content\/uploads\/2026\/02\/uda-facultad.png\u00bb title_text=\u00bbuda facultad\u00bb _builder_version=\u00bb4.27.5&#8243; _module_preset=\u00bbdefault\u00bb global_colors_info=\u00bb{}\u00bb][\/et_pb_image][\/et_pb_column][\/et_pb_row][\/et_pb_section][et_pb_section fb_built=\u00bb1&#8243; _builder_version=\u00bb4.27.4&#8243; _module_preset=\u00bbdefault\u00bb background_image=\u00bbhttps:\/\/www.redalc.uda.cl\/wp-content\/uploads\/2025\/10\/DECORACION-2-08.png\u00bb custom_padding=\u00bb0px||0px|||\u00bb global_colors_info=\u00bb{}\u00bb][et_pb_row _builder_version=\u00bb4.27.5&#8243; _module_preset=\u00bbdefault\u00bb global_colors_info=\u00bb{}\u00bb][et_pb_column type=\u00bb4_4&#8243; _builder_version=\u00bb4.27.5&#8243; _module_preset=\u00bbdefault\u00bb global_colors_info=\u00bb{}\u00bb][et_pb_text _builder_version=\u00bb4.27.5&#8243; _module_preset=\u00bbdefault\u00bb background_color=\u00bb#B83127&#8243; custom_padding=\u00bb||0px|||\u00bb global_colors_info=\u00bb{}\u00bb]<\/p>\n<h1><\/h1>\n<h1 style=\"text-align: center;\"><span style=\"color: #022859;\"><span style=\"color: #ffffff;\"><\/span><\/span><\/h1>\n<h1 style=\"text-align: center;\"><a href=\"http:\/\/scifilosoficas.blogspot.com\/\"><span style=\"color: #ffffff;\">FORMULARIOS\u00a0\u00a0<\/span><\/a><\/h1>\n<p>&nbsp;<\/p>\n<p>[\/et_pb_text][\/et_pb_column][\/et_pb_row][et_pb_row _builder_version=\u00bb4.27.5&#8243; _module_preset=\u00bbdefault\u00bb custom_padding=\u00bb4px|||||\u00bb global_colors_info=\u00bb{}\u00bb][et_pb_column type=\u00bb4_4&#8243; _builder_version=\u00bb4.27.5&#8243; _module_preset=\u00bbdefault\u00bb global_colors_info=\u00bb{}\u00bb][et_pb_button button_url=\u00bbhttps:\/\/forms.gle\/GRtGBWg2q2SWo5NV8&#8243; button_text=\u00bbINSCR\u00cdBETE C\u00c1TEDRA\u00bb button_alignment=\u00bbcenter\u00bb _builder_version=\u00bb4.27.5&#8243; _module_preset=\u00bbdefault\u00bb button_text_size=\u00bb18px\u00bb button_text_color=\u00bb#FFFFFF\u00bb button_bg_color=\u00bb#266BA6&#8243; button_border_radius=\u00bb41px\u00bb transform_scale=\u00bb98%|98%\u00bb transform_translate_linked=\u00bboff\u00bb background_layout=\u00bbdark\u00bb custom_margin=\u00bb0px||-3px||false|false\u00bb custom_padding=\u00bb7px|24px|7px|24px|true|true\u00bb global_colors_info=\u00bb{}\u00bb][\/et_pb_button][\/et_pb_column][\/et_pb_row][et_pb_row _builder_version=\u00bb4.27.5&#8243; _module_preset=\u00bbdefault\u00bb min_height=\u00bb108px\u00bb custom_margin=\u00bb|auto|32px|auto||\u00bb custom_padding=\u00bb27px||0px|||\u00bb global_colors_info=\u00bb{}\u00bb][et_pb_column type=\u00bb4_4&#8243; _builder_version=\u00bb4.27.5&#8243; _module_preset=\u00bbdefault\u00bb global_colors_info=\u00bb{}\u00bb][et_pb_button button_url=\u00bbhttps:\/\/www.redalc.uda.cl\/wp-content\/uploads\/2026\/02\/1-CARTA-ADHESION-REDALC-ONLINE-Catedra.docx\u00bb button_text=\u00bbAdherir como Instituci\u00f3n\/organizaci\u00f3n\u00bb button_alignment=\u00bbcenter\u00bb _builder_version=\u00bb4.27.5&#8243; _module_preset=\u00bbdefault\u00bb button_text_size=\u00bb15px\u00bb button_text_color=\u00bb#FFFFFF\u00bb button_bg_color=\u00bb#266BA6&#8243; button_border_radius=\u00bb41px\u00bb transform_scale=\u00bb98%|98%\u00bb transform_translate_linked=\u00bboff\u00bb background_layout=\u00bbdark\u00bb custom_margin=\u00bb-34px||-23px||false|false\u00bb custom_padding=\u00bb7px|24px|7px|24px|true|true\u00bb global_colors_info=\u00bb{}\u00bb][\/et_pb_button][\/et_pb_column][\/et_pb_row][et_pb_row _builder_version=\u00bb4.27.5&#8243; _module_preset=\u00bbdefault\u00bb custom_margin=\u00bb-76px|auto||auto||\u00bb custom_padding=\u00bb8px|||||\u00bb global_colors_info=\u00bb{}\u00bb][et_pb_column type=\u00bb4_4&#8243; _builder_version=\u00bb4.27.5&#8243; _module_preset=\u00bbdefault\u00bb global_colors_info=\u00bb{}\u00bb][et_pb_button button_url=\u00bbhttps:\/\/forms.gle\/7kHEuwkhimk1UBJQ8&#8243; button_text=\u00bbINSCRIPCI\u00d3N REDALC\u00bb button_alignment=\u00bbcenter\u00bb _builder_version=\u00bb4.27.5&#8243; _module_preset=\u00bbdefault\u00bb button_text_size=\u00bb18px\u00bb button_text_color=\u00bb#FFFFFF\u00bb button_bg_color=\u00bb#266BA6&#8243; button_border_radius=\u00bb41px\u00bb transform_scale=\u00bb98%|98%\u00bb transform_translate_linked=\u00bboff\u00bb background_layout=\u00bbdark\u00bb custom_margin=\u00bb0px||0px||false|false\u00bb custom_padding=\u00bb7px|24px|7px|24px|true|true\u00bb global_colors_info=\u00bb{}\u00bb][\/et_pb_button][\/et_pb_column][\/et_pb_row][et_pb_row _builder_version=\u00bb4.27.5&#8243; _module_preset=\u00bbdefault\u00bb custom_padding=\u00bb||0px|||\u00bb global_colors_info=\u00bb{}\u00bb][et_pb_column type=\u00bb4_4&#8243; _builder_version=\u00bb4.27.5&#8243; _module_preset=\u00bbdefault\u00bb global_colors_info=\u00bb{}\u00bb][et_pb_text _builder_version=\u00bb4.27.5&#8243; _module_preset=\u00bbdefault\u00bb background_color=\u00bb#022859&#8243; custom_margin=\u00bb||2px|||\u00bb custom_padding=\u00bb||0px|||\u00bb global_colors_info=\u00bb{}\u00bb]<\/p>\n<h1><\/h1>\n<h1 style=\"text-align: center;\"><span style=\"color: #022859;\"><span style=\"color: #ffffff;\"><\/span><\/span><\/h1>\n<h1 style=\"text-align: center;\"><a href=\"http:\/\/scifilosoficas.blogspot.com\/\"><span style=\"color: #ffffff;\">PARTICIPA EN LA PRIMERA SESI\u00d3N EN LA :\u00a0<\/span><\/a><span style=\"color: #ffffff;\"><\/span><\/h1>\n<p>&nbsp;<\/p>\n<p>[\/et_pb_text][\/et_pb_column][\/et_pb_row][et_pb_row _builder_version=\u00bb4.27.5&#8243; _module_preset=\u00bbdefault\u00bb min_height=\u00bb198.6px\u00bb custom_padding=\u00bb||0px|||\u00bb global_colors_info=\u00bb{}\u00bb][et_pb_column type=\u00bb4_4&#8243; _builder_version=\u00bb4.27.5&#8243; _module_preset=\u00bbdefault\u00bb global_colors_info=\u00bb{}\u00bb][et_pb_image src=\u00bbhttps:\/\/www.redalc.uda.cl\/wp-content\/uploads\/2026\/02\/5-scaled.png\u00bb title_text=\u00bb5&#8243; _builder_version=\u00bb4.27.5&#8243; _module_preset=\u00bbdefault\u00bb custom_margin=\u00bb-19px|||||\u00bb global_colors_info=\u00bb{}\u00bb][\/et_pb_image][et_pb_button button_text=\u00bbVer m\u00e1s\u00bb button_alignment=\u00bbcenter\u00bb _builder_version=\u00bb4.27.5&#8243; _module_preset=\u00bbdefault\u00bb button_text_size=\u00bb18px\u00bb button_text_color=\u00bb#FFFFFF\u00bb button_bg_color=\u00bb#B83127&#8243; button_border_radius=\u00bb41px\u00bb transform_scale=\u00bb98%|98%\u00bb transform_translate_linked=\u00bboff\u00bb background_layout=\u00bbdark\u00bb custom_margin=\u00bb0px||0px||false|false\u00bb custom_padding=\u00bb19px|24px|19px|24px|true|true\u00bb global_colors_info=\u00bb{}\u00bb][\/et_pb_button][\/et_pb_column][\/et_pb_row][\/et_pb_section]<\/p>\n","protected":false},"excerpt":{"rendered":"<p>C\u00c1TEDRA PENSAMIENTO LATINOAMERICANO \u00a0ENFOQUE SUR \u201cTHAL\u00cdA FUNG RIVER\u00d3N\u201d&nbsp; HOJA DE VIDA &nbsp;Thal\u00eda Fung River\u00f3n (Santiago de Cuba, 5 de julio de 1934 \u2013 La Habana, 21 de noviembre de 2021)Fil\u00f3sofa, jurista y polit\u00f3loga cubana, referente del pensamiento pol\u00edtico latinoamericano contempor\u00e1neo y fundadora de la propuesta acad\u00e9mica conocida como Ciencia Pol\u00edtica de Enfoque Sur. Su trayectoria [&hellip;]<\/p>\n","protected":false},"author":2,"featured_media":0,"parent":0,"menu_order":0,"comment_status":"closed","ping_status":"closed","template":"","meta":{"_et_pb_use_builder":"on","_et_pb_old_content":"","_et_gb_content_width":"","footnotes":""},"class_list":["post-49287","page","type-page","status-publish","hentry"],"_links":{"self":[{"href":"https:\/\/www.redalc.uda.cl\/index.php\/wp-json\/wp\/v2\/pages\/49287","targetHints":{"allow":["GET"]}}],"collection":[{"href":"https:\/\/www.redalc.uda.cl\/index.php\/wp-json\/wp\/v2\/pages"}],"about":[{"href":"https:\/\/www.redalc.uda.cl\/index.php\/wp-json\/wp\/v2\/types\/page"}],"author":[{"embeddable":true,"href":"https:\/\/www.redalc.uda.cl\/index.php\/wp-json\/wp\/v2\/users\/2"}],"replies":[{"embeddable":true,"href":"https:\/\/www.redalc.uda.cl\/index.php\/wp-json\/wp\/v2\/comments?post=49287"}],"version-history":[{"count":8,"href":"https:\/\/www.redalc.uda.cl\/index.php\/wp-json\/wp\/v2\/pages\/49287\/revisions"}],"predecessor-version":[{"id":49302,"href":"https:\/\/www.redalc.uda.cl\/index.php\/wp-json\/wp\/v2\/pages\/49287\/revisions\/49302"}],"wp:attachment":[{"href":"https:\/\/www.redalc.uda.cl\/index.php\/wp-json\/wp\/v2\/media?parent=49287"}],"curies":[{"name":"wp","href":"https:\/\/api.w.org\/{rel}","templated":true}]}}