{"id":49198,"date":"2026-03-01T21:51:53","date_gmt":"2026-03-02T00:51:53","guid":{"rendered":"https:\/\/www.redalc.uda.cl\/?page_id=49198"},"modified":"2026-03-01T23:58:01","modified_gmt":"2026-03-02T02:58:01","slug":"veracruz-arte","status":"publish","type":"page","link":"https:\/\/www.redalc.uda.cl\/index.php\/veracruz-arte\/","title":{"rendered":"VERACRUZ ARTE"},"content":{"rendered":"<p>[et_pb_section fb_built=\u00bb1&#8243; admin_label=\u00bbContact Info\u00bb _builder_version=\u00bb4.25.1&#8243; _module_preset=\u00bbdefault\u00bb background_color=\u00bb#FFFFFF\u00bb background_enable_mask_style=\u00bbon\u00bb background_mask_style=\u00bbcorner-paint\u00bb background_mask_color=\u00bb#FFFFFF\u00bb background_mask_aspect_ratio=\u00bbsquare\u00bb min_height=\u00bb2930.7px\u00bb custom_padding=\u00bb53px||54px||false|\u00bb collapsed=\u00bbon\u00bb global_colors_info=\u00bb{}\u00bb][et_pb_row _builder_version=\u00bb4.25.1&#8243; _module_preset=\u00bbdefault\u00bb width=\u00bb90%\u00bb max_width=\u00bbnone\u00bb module_alignment=\u00bbcenter\u00bb min_height=\u00bb115px\u00bb locked=\u00bboff\u00bb global_colors_info=\u00bb{}\u00bb][et_pb_column type=\u00bb4_4&#8243; _builder_version=\u00bb4.25.1&#8243; _module_preset=\u00bbdefault\u00bb global_colors_info=\u00bb{}\u00bb][et_pb_image src=\u00bbhttps:\/\/www.redalc.uda.cl\/wp-content\/uploads\/2026\/02\/5-scaled.png\u00bb title_text=\u00bb5&#8243; _builder_version=\u00bb4.27.5&#8243; _module_preset=\u00bbdefault\u00bb global_colors_info=\u00bb{}\u00bb][\/et_pb_image][\/et_pb_column][\/et_pb_row][et_pb_row _builder_version=\u00bb4.25.1&#8243; _module_preset=\u00bbdefault\u00bb custom_padding=\u00bb||0px|||\u00bb global_colors_info=\u00bb{}\u00bb][et_pb_column type=\u00bb4_4&#8243; _builder_version=\u00bb4.25.1&#8243; _module_preset=\u00bbdefault\u00bb global_colors_info=\u00bb{}\u00bb][et_pb_text _builder_version=\u00bb4.27.5&#8243; _module_preset=\u00bbdefault\u00bb background_enable_mask_style=\u00bbon\u00bb background_mask_style=\u00bbpaint\u00bb background_mask_color=\u00bbrgba(237,240,0,0.05)\u00bb custom_padding=\u00bb||0px|||\u00bb global_colors_info=\u00bb{}\u00bb]<\/p>\n<h1 style=\"text-align: center;\"><span style=\"color: #800000;\"><strong>CONVOCATORIA\u00a0<\/strong><\/span><\/h1>\n<h1 style=\"text-align: center;\"><span style=\"color: #800000;\">ARTES Y SABERES<\/span><span style=\"color: #800000;\"><strong>\u00a0<\/strong><\/span><\/h1>\n<p><span style=\"color: #800000;\"><strong><\/strong><\/span><\/p>\n<p><span style=\"color: #800000;\"><strong><\/strong><\/span><\/p>\n<p><span style=\"color: #800000;\"><strong><\/strong><\/span><\/p>\n<p>[\/et_pb_text][\/et_pb_column][\/et_pb_row][et_pb_row _builder_version=\u00bb4.27.5&#8243; _module_preset=\u00bbdefault\u00bb global_colors_info=\u00bb{}\u00bb][et_pb_column type=\u00bb4_4&#8243; _builder_version=\u00bb4.27.5&#8243; _module_preset=\u00bbdefault\u00bb global_colors_info=\u00bb{}\u00bb][et_pb_text _builder_version=\u00bb4.27.5&#8243; _module_preset=\u00bbdefault\u00bb global_colors_info=\u00bb{}\u00bb]<\/p>\n<h3 style=\"text-align: justify;\"><strong style=\"color: #660505; font-size: 22px;\"><\/strong><\/h3>\n<ul>\n<li><strong style=\"color: #660505; font-size: 22px;\">NARRATIVAS<\/strong><\/li>\n<li><strong style=\"color: #660505; font-size: 22px;\">EXPRESIONES VISUALES<\/strong><\/li>\n<li><strong style=\"color: #660505; font-size: 22px;\">EXPRESIONES AUDIOVISUALES<\/strong><\/li>\n<\/ul>\n<p>[\/et_pb_text][\/et_pb_column][\/et_pb_row][et_pb_row column_structure=\u00bb1_2,1_2&#8243; _builder_version=\u00bb4.27.5&#8243; _module_preset=\u00bbdefault\u00bb global_colors_info=\u00bb{}\u00bb][et_pb_column type=\u00bb1_2&#8243; _builder_version=\u00bb4.27.5&#8243; _module_preset=\u00bbdefault\u00bb global_colors_info=\u00bb{}\u00bb][et_pb_text _builder_version=\u00bb4.27.5&#8243; _module_preset=\u00bbdefault\u00bb hover_enabled=\u00bb0&#8243; global_colors_info=\u00bb{}\u00bb custom_padding=\u00bb||0px|||\u00bb sticky_enabled=\u00bb0&#8243;]<\/p>\n<p data-start=\"299\" data-end=\"548\" style=\"text-align: justify;\"><span style=\"color: #000000;\">En el marco de la <strong data-start=\"317\" data-end=\"408\">II Convenci\u00f3n Presencial REDALC: \u201cEncuentro Latinoamericano de Saberes\u201d \u2013 Veracruz 2026<\/strong>, se convoca a participar en el espacio dedicado a la creatividad, el pensamiento cr\u00edtico y la articulaci\u00f3n entre artes, derechos y saberes.<\/span><\/p>\n<p data-start=\"550\" data-end=\"994\"><span style=\"color: #000000;\">Se invita a docentes, investigadores e investigadoras, profesionales, estudiantes y trabajadoras y trabajadores de la cultura y las artes vinculados a REDALC, a presentar avances o resultados finales de proyectos acad\u00e9micos, de investigaci\u00f3n, de trabajo cultural y\/o de creaci\u00f3n, as\u00ed como iniciativas vinculadas a historia local, memoria popular y derechos humanos, bajo el enfoque tem\u00e1tico de <strong data-start=\"944\" data-end=\"993\">Artes y Saberes en Am\u00e9rica Latina y el Caribe<\/strong>.<\/span><\/p>\n<p>[\/et_pb_text][\/et_pb_column][et_pb_column type=\u00bb1_2&#8243; _builder_version=\u00bb4.27.5&#8243; _module_preset=\u00bbdefault\u00bb global_colors_info=\u00bb{}\u00bb][et_pb_image src=\u00bbhttps:\/\/www.redalc.uda.cl\/wp-content\/uploads\/2026\/02\/OTRAS-VERSIONES-ISOLOGO.pdf-3.png\u00bb title_text=\u00bbOTRAS VERSIONES ISOLOGO.pdf (3)\u00bb _builder_version=\u00bb4.27.5&#8243; _module_preset=\u00bbdefault\u00bb global_colors_info=\u00bb{}\u00bb][\/et_pb_image][\/et_pb_column][\/et_pb_row][et_pb_row _builder_version=\u00bb4.27.5&#8243; _module_preset=\u00bbdefault\u00bb global_colors_info=\u00bb{}\u00bb][et_pb_column type=\u00bb4_4&#8243; _builder_version=\u00bb4.27.5&#8243; _module_preset=\u00bbdefault\u00bb global_colors_info=\u00bb{}\u00bb][et_pb_text _builder_version=\u00bb4.27.5&#8243; _module_preset=\u00bbdefault\u00bb background_image=\u00bbhttps:\/\/www.redalc.uda.cl\/wp-content\/uploads\/2026\/01\/bandera.png\u00bb global_colors_info=\u00bb{}\u00bb][\/et_pb_text][\/et_pb_column][\/et_pb_row][et_pb_row _builder_version=\u00bb4.27.5&#8243; _module_preset=\u00bbdefault\u00bb global_colors_info=\u00bb{}\u00bb][et_pb_column type=\u00bb4_4&#8243; _builder_version=\u00bb4.27.5&#8243; _module_preset=\u00bbdefault\u00bb global_colors_info=\u00bb{}\u00bb][et_pb_text _builder_version=\u00bb4.27.5&#8243; _module_preset=\u00bbdefault\u00bb global_colors_info=\u00bb{}\u00bb]<\/p>\n<h3 style=\"text-align: center;\"><span style=\"color: #660505;\"><strong>CONVOCATORIA\u00a0<\/strong><\/span><\/h3>\n<h3 style=\"text-align: center;\"><span style=\"color: #660505;\"><strong> \u00a0<\/strong><\/span><strong style=\"color: #660505; font-size: 22px;\"> NARRATIVAS<\/strong><\/h3>\n<p>[\/et_pb_text][\/et_pb_column][\/et_pb_row][et_pb_row _builder_version=\u00bb4.27.5&#8243; _module_preset=\u00bbdefault\u00bb custom_padding=\u00bb0px||27px|||\u00bb global_colors_info=\u00bb{}\u00bb][et_pb_column type=\u00bb4_4&#8243; _builder_version=\u00bb4.27.5&#8243; _module_preset=\u00bbdefault\u00bb global_colors_info=\u00bb{}\u00bb][et_pb_text _builder_version=\u00bb4.27.5&#8243; _module_preset=\u00bbdefault\u00bb hover_enabled=\u00bb0&#8243; global_colors_info=\u00bb{}\u00bb sticky_enabled=\u00bb0&#8243;]<\/p>\n<h3 data-start=\"1035\" data-end=\"1056\">\u00bfC\u00f3mo participar?<\/h3>\n<p data-start=\"1058\" data-end=\"1169\">Puedes enviar un texto literario en cualquiera de sus g\u00e9neros: cuento, poes\u00eda, ensayo, cr\u00f3nica, relato u otros.<\/p>\n<p data-start=\"1171\" data-end=\"1375\">El texto deber\u00e1 explorar tem\u00e1ticas relacionadas con la justicia, la equidad, los derechos, la historia oral, la memoria popular, los derechos humanos (DDHH) y las realidades latinoamericanas y del Caribe.<\/p>\n<p data-start=\"1377\" data-end=\"1431\">Los trabajos pueden abordar hechos reales o ficciones.<\/p>\n<h3 data-start=\"1433\" data-end=\"1456\">Extensi\u00f3n y formato<\/h3>\n<ul data-start=\"1458\" data-end=\"1651\">\n<li data-start=\"1458\" data-end=\"1538\">\n<p data-start=\"1460\" data-end=\"1538\">Extensi\u00f3n m\u00e1xima: 15 p\u00e1ginas (o extensi\u00f3n excepcional validada por el Comit\u00e9).<\/p>\n<\/li>\n<li data-start=\"1539\" data-end=\"1565\">\n<p data-start=\"1541\" data-end=\"1565\">Tama\u00f1o de p\u00e1gina: Carta.<\/p>\n<\/li>\n<li data-start=\"1566\" data-end=\"1603\">\n<p data-start=\"1568\" data-end=\"1603\">Fuente: Times New Roman, tama\u00f1o 12.<\/p>\n<\/li>\n<li data-start=\"1604\" data-end=\"1624\">\n<p data-start=\"1606\" data-end=\"1624\">Interlineado: 1,5.<\/p>\n<\/li>\n<li data-start=\"1625\" data-end=\"1651\">\n<p data-start=\"1627\" data-end=\"1651\">Alineaci\u00f3n: Justificado.<\/p>\n<\/li>\n<\/ul>\n<h3 data-start=\"1653\" data-end=\"1679\">Criterios de selecci\u00f3n<\/h3>\n<ul data-start=\"1681\" data-end=\"1834\">\n<li data-start=\"1681\" data-end=\"1751\">\n<p data-start=\"1683\" data-end=\"1751\">Relevancia y originalidad en la exploraci\u00f3n de los temas propuestos.<\/p>\n<\/li>\n<li data-start=\"1752\" data-end=\"1795\">\n<p data-start=\"1754\" data-end=\"1795\">Calidad literaria y coherencia narrativa.<\/p>\n<\/li>\n<li data-start=\"1796\" data-end=\"1834\">\n<p data-start=\"1798\" data-end=\"1834\">Cumplimiento de las normas de env\u00edo.<\/p>\n<\/li>\n<\/ul>\n<h3 data-start=\"1836\" data-end=\"1854\">Plazo de env\u00edo<\/h3>\n<p data-start=\"1856\" data-end=\"1894\">Hasta el <strong data-start=\"1865\" data-end=\"1893\">10 de septiembre de 2026<\/strong>.<\/p>\n<p>[\/et_pb_text][\/et_pb_column][\/et_pb_row][et_pb_row _builder_version=\u00bb4.27.5&#8243; _module_preset=\u00bbdefault\u00bb global_colors_info=\u00bb{}\u00bb][et_pb_column type=\u00bb4_4&#8243; _builder_version=\u00bb4.27.5&#8243; _module_preset=\u00bbdefault\u00bb global_colors_info=\u00bb{}\u00bb][et_pb_text _builder_version=\u00bb4.27.5&#8243; _module_preset=\u00bbdefault\u00bb background_image=\u00bbhttps:\/\/www.redalc.uda.cl\/wp-content\/uploads\/2026\/01\/bandera.png\u00bb global_colors_info=\u00bb{}\u00bb][\/et_pb_text][\/et_pb_column][\/et_pb_row][et_pb_row _builder_version=\u00bb4.27.5&#8243; _module_preset=\u00bbdefault\u00bb global_colors_info=\u00bb{}\u00bb][et_pb_column type=\u00bb4_4&#8243; _builder_version=\u00bb4.27.5&#8243; _module_preset=\u00bbdefault\u00bb global_colors_info=\u00bb{}\u00bb][et_pb_text _builder_version=\u00bb4.27.5&#8243; _module_preset=\u00bbdefault\u00bb global_colors_info=\u00bb{}\u00bb]<\/p>\n<h2 style=\"text-align: center;\"><span style=\"color: #870e05;\"><strong>CONVOCATORIA\u00a0<\/strong><\/span><\/h2>\n<h2 style=\"text-align: center;\"><span style=\"color: #870e05;\"><strong>REPRESENTACIONES VISUALES:<\/strong><\/span><\/h2>\n<p>[\/et_pb_text][\/et_pb_column][\/et_pb_row][et_pb_row _builder_version=\u00bb4.27.5&#8243; _module_preset=\u00bbdefault\u00bb global_colors_info=\u00bb{}\u00bb][et_pb_column type=\u00bb4_4&#8243; _builder_version=\u00bb4.27.5&#8243; _module_preset=\u00bbdefault\u00bb global_colors_info=\u00bb{}\u00bb][et_pb_text _builder_version=\u00bb4.27.5&#8243; _module_preset=\u00bbdefault\u00bb hover_enabled=\u00bb0&#8243; global_colors_info=\u00bb{}\u00bb sticky_enabled=\u00bb0&#8243;]<\/p>\n<h3 data-start=\"1945\" data-end=\"1966\">\u00bfC\u00f3mo participar?<\/h3>\n<p data-start=\"1968\" data-end=\"2025\">Se podr\u00e1n presentar creaciones de arte visual tales como:<\/p>\n<ul data-start=\"2027\" data-end=\"2216\">\n<li data-start=\"2027\" data-end=\"2041\">\n<p data-start=\"2029\" data-end=\"2041\">Fotograf\u00eda<\/p>\n<\/li>\n<li data-start=\"2042\" data-end=\"2052\">\n<p data-start=\"2044\" data-end=\"2052\">Dibujo<\/p>\n<\/li>\n<li data-start=\"2053\" data-end=\"2064\">\n<p data-start=\"2055\" data-end=\"2064\">Pintura<\/p>\n<\/li>\n<li data-start=\"2065\" data-end=\"2076\">\n<p data-start=\"2067\" data-end=\"2076\">Collage<\/p>\n<\/li>\n<li data-start=\"2077\" data-end=\"2092\">\n<p data-start=\"2079\" data-end=\"2092\">Ilustraci\u00f3n<\/p>\n<\/li>\n<li data-start=\"2093\" data-end=\"2106\">\n<p data-start=\"2095\" data-end=\"2106\">Escultura<\/p>\n<\/li>\n<li data-start=\"2107\" data-end=\"2118\">\n<p data-start=\"2109\" data-end=\"2118\">Murales<\/p>\n<\/li>\n<li data-start=\"2119\" data-end=\"2147\">\n<p data-start=\"2121\" data-end=\"2147\">Nuevos medios integrados<\/p>\n<\/li>\n<li data-start=\"2148\" data-end=\"2165\">\n<p data-start=\"2150\" data-end=\"2165\">Instalaciones<\/p>\n<\/li>\n<li data-start=\"2166\" data-end=\"2216\">\n<p data-start=\"2168\" data-end=\"2216\">Otras expresiones de arte visual contempor\u00e1neo<\/p>\n<\/li>\n<\/ul>\n<p data-start=\"2218\" data-end=\"2370\">Las obras deber\u00e1n abordar tem\u00e1ticas vinculadas a derechos, justicia, equidad, historia oral, memoria popular y realidades latinoamericanas y del Caribe.<\/p>\n<p data-start=\"2372\" data-end=\"2469\">Se aceptan propuestas basadas en experiencias reales o interpretaciones simb\u00f3licas y\/o ficticias.<\/p>\n<h3 data-start=\"2471\" data-end=\"2497\">Criterios de selecci\u00f3n<\/h3>\n<ul>\n<li data-start=\"2471\" data-end=\"2497\"><span style=\"font-size: 14px; font-weight: 400; color: #666666;\">Adecuaci\u00f3n tem\u00e1tica<\/span><\/li>\n<li data-start=\"2471\" data-end=\"2497\"><span style=\"font-size: 14px; font-weight: 400; color: #666666;\">Originalidad y arraigo territorial<\/span><\/li>\n<li><span style=\"font-size: 14px; font-weight: 400; color: #666666;\">Impacto visual y creatividad<\/span><\/li>\n<li data-start=\"2599\" data-end=\"2662\">Cada propuesta deber\u00e1 incluir un breve texto de fundamentaci\u00f3n.<\/li>\n<\/ul>\n<h3 data-start=\"2664\" data-end=\"2692\">Consideraciones t\u00e9cnicas<\/h3>\n<p data-start=\"2694\" data-end=\"2770\">En el caso de instalaciones u obras de mayor complejidad, deber\u00e1 detallarse:<\/p>\n<ul data-start=\"2772\" data-end=\"2966\">\n<li data-start=\"2772\" data-end=\"2815\">\n<p data-start=\"2774\" data-end=\"2815\">Dimensiones (ancho, alto y profundidad)<\/p>\n<\/li>\n<li data-start=\"2816\" data-end=\"2845\">\n<p data-start=\"2818\" data-end=\"2845\">Requerimientos de espacio<\/p>\n<\/li>\n<li data-start=\"2846\" data-end=\"2867\">\n<p data-start=\"2848\" data-end=\"2867\">Tiempo de montaje<\/p>\n<\/li>\n<li data-start=\"2868\" data-end=\"2897\">\n<p data-start=\"2870\" data-end=\"2897\">Soporte t\u00e9cnico necesario<\/p>\n<\/li>\n<li data-start=\"2898\" data-end=\"2913\">\n<p data-start=\"2900\" data-end=\"2913\">Iluminaci\u00f3n<\/p>\n<\/li>\n<li data-start=\"2914\" data-end=\"2936\">\n<p data-start=\"2916\" data-end=\"2936\">Sonido (si aplica)<\/p>\n<\/li>\n<li data-start=\"2937\" data-end=\"2966\">\n<p data-start=\"2939\" data-end=\"2966\">Infraestructura requerida<\/p>\n<\/li>\n<\/ul>\n<p data-start=\"2968\" data-end=\"3113\">La factibilidad t\u00e9cnica ser\u00e1 evaluada por la organizaci\u00f3n. La selecci\u00f3n no implica la aceptaci\u00f3n autom\u00e1tica de todos los requerimientos t\u00e9cnicos.<\/p>\n<p>[\/et_pb_text][\/et_pb_column][\/et_pb_row][et_pb_row _builder_version=\u00bb4.27.5&#8243; _module_preset=\u00bbdefault\u00bb custom_padding=\u00bb||27px|||\u00bb global_colors_info=\u00bb{}\u00bb][et_pb_column type=\u00bb4_4&#8243; _builder_version=\u00bb4.27.5&#8243; _module_preset=\u00bbdefault\u00bb global_colors_info=\u00bb{}\u00bb][et_pb_text _builder_version=\u00bb4.27.5&#8243; _module_preset=\u00bbdefault\u00bb background_image=\u00bbhttps:\/\/www.redalc.uda.cl\/wp-content\/uploads\/2026\/01\/bandera.png\u00bb global_colors_info=\u00bb{}\u00bb][\/et_pb_text][et_pb_text _builder_version=\u00bb4.27.5&#8243; _module_preset=\u00bbdefault\u00bb global_colors_info=\u00bb{}\u00bb]<\/p>\n<h2 style=\"text-align: center;\"><span style=\"color: #870e05;\"><strong>CONVOCATORIA <\/strong><\/span><\/h2>\n<h2 style=\"text-align: center;\"><span style=\"color: #800000;\"><strong>EXPRESIONES AUDIOVISUALES:<\/strong><\/span><\/h2>\n<p>&nbsp;<\/p>\n<p data-start=\"1387\" data-end=\"1473\">\n<p>[\/et_pb_text][et_pb_text _builder_version=\u00bb4.27.5&#8243; _module_preset=\u00bbdefault\u00bb hover_enabled=\u00bb0&#8243; sticky_enabled=\u00bb0&#8243;]<\/p>\n<p data-start=\"3169\" data-end=\"3289\">En el marco de la II Convenci\u00f3n Presencial REDALC \u2013 Veracruz 2026, se invita a presentar obras audiovisuales tales como:<\/p>\n<ul data-start=\"3291\" data-end=\"3439\">\n<li data-start=\"3291\" data-end=\"3301\">\n<p data-start=\"3293\" data-end=\"3301\">Videos<\/p>\n<\/li>\n<li data-start=\"3302\" data-end=\"3318\">\n<p data-start=\"3304\" data-end=\"3318\">Documentales<\/p>\n<\/li>\n<li data-start=\"3319\" data-end=\"3336\">\n<p data-start=\"3321\" data-end=\"3336\">Cortometrajes<\/p>\n<\/li>\n<li data-start=\"3337\" data-end=\"3352\">\n<p data-start=\"3339\" data-end=\"3352\">Animaciones<\/p>\n<\/li>\n<li data-start=\"3353\" data-end=\"3365\">\n<p data-start=\"3355\" data-end=\"3365\">Podcasts<\/p>\n<\/li>\n<li data-start=\"3366\" data-end=\"3398\">\n<p data-start=\"3368\" data-end=\"3398\">Cine o piezas experimentales<\/p>\n<\/li>\n<li data-start=\"3399\" data-end=\"3439\">\n<p data-start=\"3401\" data-end=\"3439\">Otras formas de creaci\u00f3n audiovisual<\/p>\n<\/li>\n<\/ul>\n<p data-start=\"3441\" data-end=\"3609\">Las obras deber\u00e1n dialogar con tem\u00e1ticas vinculadas a derechos, justicia, equidad, historia oral, memoria, territorialidades y realidades latinoamericanas y del Caribe.<\/p>\n<p data-start=\"3611\" data-end=\"3680\">Se aceptan producciones reales o propuestas simb\u00f3licas y\/o ficticias.<\/p>\n<p data-start=\"3611\" data-end=\"3680\">\n<p data-start=\"3611\" data-end=\"3680\">\n<h3 data-start=\"3682\" data-end=\"3708\">Criterios de selecci\u00f3n<\/h3>\n<ul>\n<li data-start=\"3682\" data-end=\"3708\"><span style=\"font-size: 14px; font-weight: 400; color: #666666;\">Adecuaci\u00f3n tem\u00e1tica<\/span><\/li>\n<li data-start=\"3682\" data-end=\"3708\"><span style=\"font-size: 14px; font-weight: 400; color: #666666;\">Relevancia y originalidad<\/span><\/li>\n<li data-start=\"3682\" data-end=\"3708\"><span style=\"font-size: 14px; font-weight: 400; color: #666666;\">Calidad narrativa, est\u00e9tica y t\u00e9cnica<\/span><\/li>\n<li data-start=\"3810\" data-end=\"3898\">Indicar duraci\u00f3n y detalles t\u00e9cnicos (formato, resoluci\u00f3n, audio, subt\u00edtulos si aplica).<\/li>\n<\/ul>\n<p>[\/et_pb_text][\/et_pb_column][\/et_pb_row][et_pb_row _builder_version=\u00bb4.27.0&#8243; _module_preset=\u00bbdefault\u00bb locked=\u00bboff\u00bb global_colors_info=\u00bb{}\u00bb][et_pb_column type=\u00bb4_4&#8243; _builder_version=\u00bb4.27.0&#8243; _module_preset=\u00bbdefault\u00bb global_colors_info=\u00bb{}\u00bb][et_pb_text _builder_version=\u00bb4.27.5&#8243; _module_preset=\u00bbdefault\u00bb background_image=\u00bbhttps:\/\/www.redalc.uda.cl\/wp-content\/uploads\/2026\/01\/bandera.png\u00bb global_colors_info=\u00bb{}\u00bb][\/et_pb_text][et_pb_text _builder_version=\u00bb4.27.5&#8243; _module_preset=\u00bbdefault\u00bb custom_margin=\u00bb||-2px|||\u00bb global_colors_info=\u00bb{}\u00bb]<\/p>\n<h2 style=\"text-align: center;\"><span style=\"color: #870e05;\"><strong>PARA TODAS LAS CONVOCATORIAS\u00a0<\/strong><\/span><\/h2>\n<h2 style=\"text-align: center;\"><\/h2>\n<p>[\/et_pb_text][et_pb_text _builder_version=\u00bb4.27.5&#8243; _module_preset=\u00bbdefault\u00bb custom_padding=\u00bb0px|||||\u00bb hover_enabled=\u00bb0&#8243; global_colors_info=\u00bb{}\u00bb sticky_enabled=\u00bb0&#8243;]<\/p>\n<p>&nbsp;<\/p>\n<p style=\"text-align: justify;\"><span style=\"font-size: x-large; font-family: 'Abhaya Libre'; color: #660a0a;\"><strong>Derechos de Autor<\/strong><strong>:<\/strong><\/span><\/p>\n<p style=\"text-align: justify;\"><span style=\"font-size: large; font-family: 'Abhaya Libre'; color: #000000;\">Las y los autores conservar\u00e1n \u00edntegramente los derechos sobre sus obras. REDALC, la Universidad Veracruzana y sus redes adheridas podr\u00e1n exhibirlas de manera gratuita en plataformas institucionales y durante la II Convenci\u00f3n Presencial REDALC \u2013 Veracruz 2026. No se transferir\u00e1 la propiedad intelectual.<\/span><\/p>\n<p style=\"text-align: justify;\">[\/et_pb_text][\/et_pb_column][\/et_pb_row][et_pb_row column_structure=\u00bb1_2,1_2&#8243; _builder_version=\u00bb4.27.5&#8243; _module_preset=\u00bbdefault\u00bb global_colors_info=\u00bb{}\u00bb][et_pb_column type=\u00bb1_2&#8243; _builder_version=\u00bb4.27.5&#8243; _module_preset=\u00bbdefault\u00bb global_colors_info=\u00bb{}\u00bb][et_pb_text _builder_version=\u00bb4.27.5&#8243; _module_preset=\u00bbdefault\u00bb global_colors_info=\u00bb{}\u00bb]<\/p>\n<p><strong><span style=\"color: #800000; font-size: large;\">Env\u00edo de trabajos:<\/span><\/strong><\/p>\n<p><span style=\"font-size: large;\"><strong><span style=\"color: #800000;\">Plazo de env\u00edo:<\/span><\/strong> hasta el 10 de septiembre, 2026\u00a0<\/span><\/p>\n<p>[\/et_pb_text][\/et_pb_column][et_pb_column type=\u00bb1_2&#8243; _builder_version=\u00bb4.27.5&#8243; _module_preset=\u00bbdefault\u00bb global_colors_info=\u00bb{}\u00bb][et_pb_button button_url=\u00bbhttps:\/\/forms.gle\/NVcLqzLh9h576jTt5&#8243; button_text=\u00bbENVI\u00c9 SU POSTULACI\u00d3N AQU\u00cd\u00bb button_alignment=\u00bbcenter\u00bb _builder_version=\u00bb4.27.5&#8243; _module_preset=\u00bbdefault\u00bb button_text_size=\u00bb18px\u00bb button_text_color=\u00bb#FFFFFF\u00bb button_bg_color=\u00bb#B83127&#8243; button_border_radius=\u00bb41px\u00bb transform_scale=\u00bb98%|98%\u00bb transform_translate_linked=\u00bboff\u00bb background_layout=\u00bbdark\u00bb custom_margin=\u00bb0px||0px||false|false\u00bb custom_padding=\u00bb7px|24px|7px|24px|true|true\u00bb global_colors_info=\u00bb{}\u00bb][\/et_pb_button][\/et_pb_column][\/et_pb_row][\/et_pb_section]<\/p>\n","protected":false},"excerpt":{"rendered":"<p>CONVOCATORIA\u00a0 ARTES Y SABERES\u00a0 NARRATIVAS EXPRESIONES VISUALES EXPRESIONES AUDIOVISUALES En el marco de la II Convenci\u00f3n Presencial REDALC: \u201cEncuentro Latinoamericano de Saberes\u201d \u2013 Veracruz 2026, se convoca a participar en el espacio dedicado a la creatividad, el pensamiento cr\u00edtico y la articulaci\u00f3n entre artes, derechos y saberes. Se invita a docentes, investigadores e investigadoras, profesionales, [&hellip;]<\/p>\n","protected":false},"author":2,"featured_media":0,"parent":0,"menu_order":0,"comment_status":"closed","ping_status":"closed","template":"","meta":{"_et_pb_use_builder":"on","_et_pb_old_content":"","_et_gb_content_width":"","footnotes":""},"class_list":["post-49198","page","type-page","status-publish","hentry"],"_links":{"self":[{"href":"https:\/\/www.redalc.uda.cl\/index.php\/wp-json\/wp\/v2\/pages\/49198","targetHints":{"allow":["GET"]}}],"collection":[{"href":"https:\/\/www.redalc.uda.cl\/index.php\/wp-json\/wp\/v2\/pages"}],"about":[{"href":"https:\/\/www.redalc.uda.cl\/index.php\/wp-json\/wp\/v2\/types\/page"}],"author":[{"embeddable":true,"href":"https:\/\/www.redalc.uda.cl\/index.php\/wp-json\/wp\/v2\/users\/2"}],"replies":[{"embeddable":true,"href":"https:\/\/www.redalc.uda.cl\/index.php\/wp-json\/wp\/v2\/comments?post=49198"}],"version-history":[{"count":24,"href":"https:\/\/www.redalc.uda.cl\/index.php\/wp-json\/wp\/v2\/pages\/49198\/revisions"}],"predecessor-version":[{"id":49379,"href":"https:\/\/www.redalc.uda.cl\/index.php\/wp-json\/wp\/v2\/pages\/49198\/revisions\/49379"}],"wp:attachment":[{"href":"https:\/\/www.redalc.uda.cl\/index.php\/wp-json\/wp\/v2\/media?parent=49198"}],"curies":[{"name":"wp","href":"https:\/\/api.w.org\/{rel}","templated":true}]}}