{"id":49135,"date":"2026-02-23T12:17:01","date_gmt":"2026-02-23T15:17:01","guid":{"rendered":"https:\/\/www.redalc.uda.cl\/?page_id=49135"},"modified":"2026-03-11T10:18:44","modified_gmt":"2026-03-11T13:18:44","slug":"veracruz-catedra-calacocem","status":"publish","type":"page","link":"https:\/\/www.redalc.uda.cl\/index.php\/veracruz-catedra-calacocem\/","title":{"rendered":"Veracruz catedra calacocem"},"content":{"rendered":"<p>[et_pb_section fb_built=\u00bb1&#8243; _builder_version=\u00bb4.27.5&#8243; _module_preset=\u00bbdefault\u00bb background_color=\u00bb#022859&#8243; custom_padding=\u00bb23px||28px|||\u00bb global_colors_info=\u00bb{}\u00bb][et_pb_row _builder_version=\u00bb4.27.5&#8243; _module_preset=\u00bbdefault\u00bb global_colors_info=\u00bb{}\u00bb][et_pb_column type=\u00bb4_4&#8243; _builder_version=\u00bb4.27.5&#8243; _module_preset=\u00bbdefault\u00bb global_colors_info=\u00bb{}\u00bb][et_pb_image src=\u00bbhttps:\/\/www.redalc.uda.cl\/wp-content\/uploads\/2026\/02\/version-2-scaled.png\u00bb title_text=\u00bbversion 2&#8243; align=\u00bbcenter\u00bb _builder_version=\u00bb4.27.5&#8243; _module_preset=\u00bbdefault\u00bb background_color=\u00bb#D989A6&#8243; use_background_color_gradient=\u00bbon\u00bb custom_margin=\u00bb||-1px|||\u00bb global_colors_info=\u00bb{}\u00bb][\/et_pb_image][\/et_pb_column][\/et_pb_row][\/et_pb_section][et_pb_section fb_built=\u00bb1&#8243; _builder_version=\u00bb4.27.4&#8243; _module_preset=\u00bbdefault\u00bb custom_margin=\u00bb-42px||-6px|||\u00bb custom_padding=\u00bb48px||0px|||\u00bb global_colors_info=\u00bb{}\u00bb][et_pb_row _builder_version=\u00bb4.27.5&#8243; _module_preset=\u00bbdefault\u00bb custom_margin=\u00bb|auto|-36px|auto||\u00bb global_colors_info=\u00bb{}\u00bb][et_pb_column type=\u00bb4_4&#8243; _builder_version=\u00bb4.27.5&#8243; _module_preset=\u00bbdefault\u00bb global_colors_info=\u00bb{}\u00bb][et_pb_text _builder_version=\u00bb4.27.5&#8243; _module_preset=\u00bbdefault\u00bb text_text_color=\u00bb#FFFFFF\u00bb background_color=\u00bb#D98B29&#8243; custom_margin=\u00bb-62px|||||\u00bb custom_padding=\u00bb16px|||||\u00bb global_colors_info=\u00bb{}\u00bb]<\/p>\n<h2 style=\"text-align: center;\"><span style=\"color: #ffffff;\">SEGUNDA SESI\u00d3N <\/span><\/h2>\n<h2 style=\"text-align: center;\"><span style=\"color: #ffffff;\"><strong>C\u00c1TEDRA LATINOAMERICANA DE COMPLEJIDAD\u00a0 <\/strong><\/span><\/h2>\n<h2 style=\"text-align: center;\"><span style=\"color: #ffffff;\"><strong>\u201cCARLOS EDUARDO MALDONADO\u201d<\/strong>\u00a0<\/span><\/h2>\n<p>[\/et_pb_text][\/et_pb_column][\/et_pb_row][et_pb_row _builder_version=\u00bb4.27.5&#8243; _module_preset=\u00bbdefault\u00bb global_colors_info=\u00bb{}\u00bb][et_pb_column type=\u00bb4_4&#8243; _builder_version=\u00bb4.27.5&#8243; _module_preset=\u00bbdefault\u00bb global_colors_info=\u00bb{}\u00bb][et_pb_text _builder_version=\u00bb4.27.5&#8243; _module_preset=\u00bbdefault\u00bb text_font_size=\u00bb18px\u00bb header_text_color=\u00bb#266BA6&#8243; custom_margin=\u00bb18px|||||\u00bb custom_padding=\u00bb0px||0px|||\u00bb global_colors_info=\u00bb{}\u00bb]<\/p>\n<h1><\/h1>\n<p style=\"text-align: justify;\">\u00a0<\/p>\n<p style=\"text-align: justify;\">\n<p style=\"text-align: justify;\">\n<p>[\/et_pb_text][et_pb_text _builder_version=\u00bb4.27.5&#8243; _module_preset=\u00bbdefault\u00bb text_font_size=\u00bb18px\u00bb header_text_color=\u00bb#266BA6&#8243; min_height=\u00bb6.4px\u00bb custom_margin=\u00bb-58px|||||\u00bb custom_padding=\u00bb28px||0px|||\u00bb global_colors_info=\u00bb{}\u00bb]<\/p>\n<h1>\u00bfQu\u00e9 se realizar\u00e1 en la Sesi\u00f3n de la C\u00e1tedra?<\/h1>\n<p style=\"text-align: justify;\">\n<p style=\"text-align: justify;\">En el marco de la <strong data-start=\"343\" data-end=\"378\">II Convenci\u00f3n Presencial REDALC<\/strong>, La C\u00e1tedra tendr\u00e1 su segunda sesi\u00f3n, con el prop\u00f3sito de\u00a0 marcar un hito en la consolidaci\u00f3n como red latinoamericana activa, articulando investigaci\u00f3n, aprendizajes, y di\u00e1logo entre complejidad, derechos, ciencias, artes y saberes\u00a0<\/p>\n<p>\u00a0La C\u00e1tedra desarrollar\u00e1 una sesi\u00f3n dedicada a la presentaci\u00f3n de su <strong>plan de trabajo,<\/strong> abordando las siguientes \u00e1reas estrat\u00e9gicas:<\/p>\n<ul>\n<li>Proyectos de investigaci\u00f3n colaborativos orientados a problemas latinoamericanos.<\/li>\n<li>Publicaciones acad\u00e9micas y editoriales desarrolladas en red.<\/li>\n<li>Articulaci\u00f3n con programas de posgrado y acompa\u00f1amiento de tesis.<\/li>\n<li>Fortalecimiento de nodos nacionales y expansi\u00f3n regional de la C\u00e1tedra.<\/li>\n<li>fortalecimiento de los equipos y comisiones de trabajo<\/li>\n<li>Otros acuerdos estrat\u00e9gicos de inter\u00e9s para el per\u00edodo 2026\u20132028.<\/li>\n<\/ul>\n<p style=\"text-align: justify;\">\n<p style=\"text-align: justify;\">\n<p>[\/et_pb_text][\/et_pb_column][\/et_pb_row][et_pb_row column_structure=\u00bb1_2,1_2&#8243; _builder_version=\u00bb4.27.5&#8243; _module_preset=\u00bbdefault\u00bb min_height=\u00bb271.8px\u00bb global_colors_info=\u00bb{}\u00bb][et_pb_column type=\u00bb1_2&#8243; _builder_version=\u00bb4.27.5&#8243; _module_preset=\u00bbdefault\u00bb global_colors_info=\u00bb{}\u00bb][et_pb_text _builder_version=\u00bb4.27.5&#8243; _module_preset=\u00bbdefault\u00bb text_text_color=\u00bb#266BA6&#8243; min_height=\u00bb92.8px\u00bb custom_margin=\u00bb||29px|||\u00bb global_colors_info=\u00bb{}\u00bb]<\/p>\n<h1><span style=\"color: #266ba6;\">Mesa especial en II Congreso Latinoamericano Derecho, Ciencia, Artes y Saberes<\/span><\/h1>\n<p>&nbsp;<\/p>\n<p>[\/et_pb_text][et_pb_text _builder_version=\u00bb4.27.5&#8243; _module_preset=\u00bbdefault\u00bb global_colors_info=\u00bb{}\u00bb]<\/p>\n<p style=\"text-align: justify;\"><span style=\"font-size: large;\">En el marco del II Congreso Latinoamericano Derecho, Ciencia, Artes y Saberes, la C\u00e1tedra Latinoamericana de Complejidad \u201cCarlos Eduardo Maldonado\u201d contar\u00e1 con una Mesa Acad\u00e9mica Especial destinada a la presentaci\u00f3n de investigaciones, avances de proyectos y resultados del trabajo desarrollado por sus nodos nacionales y equipos colaborativos.<\/span><\/p>\n<p>[\/et_pb_text][\/et_pb_column][et_pb_column type=\u00bb1_2&#8243; _builder_version=\u00bb4.27.5&#8243; _module_preset=\u00bbdefault\u00bb global_colors_info=\u00bb{}\u00bb][et_pb_button button_url=\u00bbhttps:\/\/www.redalc.uda.cl\/index.php\/veracruz-convocatoria-ii-congreso\/\u00bb button_text=\u00bb convocatoria Congreso \u00bb _builder_version=\u00bb4.27.5&#8243; _module_preset=\u00bbdefault\u00bb button_text_size=\u00bb18px\u00bb button_text_color=\u00bb#FFFFFF\u00bb button_bg_color=\u00bb#266BA6&#8243; button_border_radius=\u00bb41px\u00bb transform_scale=\u00bb98%|98%\u00bb transform_translate_linked=\u00bboff\u00bb background_layout=\u00bbdark\u00bb custom_margin=\u00bb0px||0px||false|false\u00bb custom_padding=\u00bb7px|24px|7px|24px|true|true\u00bb global_colors_info=\u00bb{}\u00bb][\/et_pb_button][et_pb_image src=\u00bbhttps:\/\/www.redalc.uda.cl\/wp-content\/uploads\/2026\/02\/4.png\u00bb title_text=\u00bb4&#8243; _builder_version=\u00bb4.27.5&#8243; _module_preset=\u00bbdefault\u00bb transform_scale=\u00bb88%|88%\u00bb custom_padding=\u00bb|||18px||\u00bb global_colors_info=\u00bb{}\u00bb][\/et_pb_image][\/et_pb_column][\/et_pb_row][\/et_pb_section][et_pb_section fb_built=\u00bb1&#8243; _builder_version=\u00bb4.27.4&#8243; _module_preset=\u00bbdefault\u00bb background_color=\u00bb#266BA6&#8243; custom_margin=\u00bb6px||-150px|||\u00bb custom_padding=\u00bb||0px|||\u00bb global_colors_info=\u00bb{}\u00bb][\/et_pb_section][et_pb_section fb_built=\u00bb1&#8243; _builder_version=\u00bb4.27.4&#8243; _module_preset=\u00bbdefault\u00bb global_colors_info=\u00bb{}\u00bb][et_pb_row _builder_version=\u00bb4.27.5&#8243; _module_preset=\u00bbdefault\u00bb global_colors_info=\u00bb{}\u00bb][et_pb_column type=\u00bb4_4&#8243; _builder_version=\u00bb4.27.5&#8243; _module_preset=\u00bbdefault\u00bb global_colors_info=\u00bb{}\u00bb][et_pb_button button_text=\u00bbconoce m\u00e1s de la C\u00e1tedra\u00bb button_alignment=\u00bbcenter\u00bb _builder_version=\u00bb4.27.6&#8243; _module_preset=\u00bbdefault\u00bb button_text_size=\u00bb18px\u00bb button_text_color=\u00bb#FFFFFF\u00bb button_bg_color=\u00bb#B83127&#8243; button_border_radius=\u00bb41px\u00bb transform_scale=\u00bb98%|98%\u00bb transform_translate_linked=\u00bboff\u00bb background_layout=\u00bbdark\u00bb custom_margin=\u00bb0px||0px||false|false\u00bb custom_padding=\u00bb7px|24px|7px|24px|true|true\u00bb hover_enabled=\u00bb0&#8243; global_colors_info=\u00bb{}\u00bb sticky_enabled=\u00bb0&#8243; button_url=\u00bbhttps:\/\/www.redalc.uda.cl\/index.php\/calacolem-cata\/\u00bb][\/et_pb_button][\/et_pb_column][\/et_pb_row][\/et_pb_section]<\/p>\n","protected":false},"excerpt":{"rendered":"<p>SEGUNDA SESI\u00d3N C\u00c1TEDRA LATINOAMERICANA DE COMPLEJIDAD\u00a0 \u201cCARLOS EDUARDO MALDONADO\u201d\u00a0 \u00a0 \u00bfQu\u00e9 se realizar\u00e1 en la Sesi\u00f3n de la C\u00e1tedra? En el marco de la II Convenci\u00f3n Presencial REDALC, La C\u00e1tedra tendr\u00e1 su segunda sesi\u00f3n, con el prop\u00f3sito de\u00a0 marcar un hito en la consolidaci\u00f3n como red latinoamericana activa, articulando investigaci\u00f3n, aprendizajes, y di\u00e1logo entre complejidad, [&hellip;]<\/p>\n","protected":false},"author":2,"featured_media":0,"parent":0,"menu_order":0,"comment_status":"closed","ping_status":"closed","template":"","meta":{"_et_pb_use_builder":"on","_et_pb_old_content":"","_et_gb_content_width":"","footnotes":""},"class_list":["post-49135","page","type-page","status-publish","hentry"],"_links":{"self":[{"href":"https:\/\/www.redalc.uda.cl\/index.php\/wp-json\/wp\/v2\/pages\/49135","targetHints":{"allow":["GET"]}}],"collection":[{"href":"https:\/\/www.redalc.uda.cl\/index.php\/wp-json\/wp\/v2\/pages"}],"about":[{"href":"https:\/\/www.redalc.uda.cl\/index.php\/wp-json\/wp\/v2\/types\/page"}],"author":[{"embeddable":true,"href":"https:\/\/www.redalc.uda.cl\/index.php\/wp-json\/wp\/v2\/users\/2"}],"replies":[{"embeddable":true,"href":"https:\/\/www.redalc.uda.cl\/index.php\/wp-json\/wp\/v2\/comments?post=49135"}],"version-history":[{"count":15,"href":"https:\/\/www.redalc.uda.cl\/index.php\/wp-json\/wp\/v2\/pages\/49135\/revisions"}],"predecessor-version":[{"id":49411,"href":"https:\/\/www.redalc.uda.cl\/index.php\/wp-json\/wp\/v2\/pages\/49135\/revisions\/49411"}],"wp:attachment":[{"href":"https:\/\/www.redalc.uda.cl\/index.php\/wp-json\/wp\/v2\/media?parent=49135"}],"curies":[{"name":"wp","href":"https:\/\/api.w.org\/{rel}","templated":true}]}}