{"id":48598,"date":"2026-01-27T22:34:42","date_gmt":"2026-01-28T01:34:42","guid":{"rendered":"https:\/\/www.redalc.uda.cl\/?page_id=48598"},"modified":"2026-02-27T17:11:34","modified_gmt":"2026-02-27T20:11:34","slug":"catedra-pensamiento-latinoamericano-enfoque-sur-thalia-fung-riveron-final","status":"publish","type":"page","link":"https:\/\/www.redalc.uda.cl\/index.php\/catedra-pensamiento-latinoamericano-enfoque-sur-thalia-fung-riveron-final\/","title":{"rendered":"C\u00e1tedra Pensamiento Latinoamericano Enfoque Sur \u201cThal\u00eda Fung River\u00f3n FINAL"},"content":{"rendered":"<p>[et_pb_section fb_built=\u00bb1&#8243; _builder_version=\u00bb4.27.4&#8243; _module_preset=\u00bbdefault\u00bb custom_padding=\u00bb24px|23px|0px|||\u00bb global_colors_info=\u00bb{}\u00bb][et_pb_row _builder_version=\u00bb4.27.5&#8243; _module_preset=\u00bbdefault\u00bb width=\u00bb100%\u00bb global_colors_info=\u00bb{}\u00bb][et_pb_column type=\u00bb4_4&#8243; _builder_version=\u00bb4.27.5&#8243; _module_preset=\u00bbdefault\u00bb global_colors_info=\u00bb{}\u00bb][et_pb_text _builder_version=\u00bb4.27.5&#8243; _module_preset=\u00bbdefault\u00bb text_text_color=\u00bb#FFFFFF\u00bb background_color=\u00bb#022859&#8243; global_colors_info=\u00bb{}\u00bb]<\/p>\n<h1 style=\"text-align: center;\"><span style=\"color: #ffffff;\">C\u00c1TEDRA <\/span><br \/><span style=\"color: #ffffff;\">PENSAMIENTO<\/span><\/h1>\n<h1 style=\"text-align: center;\"><span style=\"color: #ffffff;\"> LATINOAMERICANO <\/span><\/h1>\n<h1 style=\"text-align: center;\"><span style=\"color: #ffffff;\">\u00a0ENFOQUE SUR \u201cTHAL\u00cdA FUNG RIVER\u00d3N\u201d<\/span><\/h1>\n<p>[\/et_pb_text][\/et_pb_column][\/et_pb_row][et_pb_row column_structure=\u00bb1_2,1_2&#8243; _builder_version=\u00bb4.27.4&#8243; _module_preset=\u00bbdefault\u00bb custom_margin=\u00bb-1px|auto||auto||\u00bb custom_padding=\u00bb0px||0px|||\u00bb global_colors_info=\u00bb{}\u00bb][et_pb_column type=\u00bb1_2&#8243; _builder_version=\u00bb4.27.4&#8243; _module_preset=\u00bbdefault\u00bb global_colors_info=\u00bb{}\u00bb][et_pb_image src=\u00bbhttps:\/\/www.redalc.uda.cl\/wp-content\/uploads\/2026\/01\/foto-thalia.jpg\u00bb title_text=\u00bbfoto thalia\u00bb _builder_version=\u00bb4.27.5&#8243; _module_preset=\u00bbdefault\u00bb custom_margin=\u00bb-3px|||||\u00bb global_colors_info=\u00bb{}\u00bb][\/et_pb_image][\/et_pb_column][et_pb_column type=\u00bb1_2&#8243; _builder_version=\u00bb4.27.4&#8243; _module_preset=\u00bbdefault\u00bb global_colors_info=\u00bb{}\u00bb][et_pb_text _builder_version=\u00bb4.27.5&#8243; _module_preset=\u00bbdefault\u00bb text_text_color=\u00bb#022859&#8243; text_font_size=\u00bb18px\u00bb header_text_color=\u00bb#022859&#8243; header_font_size=\u00bb57px\u00bb header_3_text_color=\u00bb#022859&#8243; custom_margin=\u00bb|-23px|16px|||\u00bb custom_padding=\u00bb|15px||||\u00bb global_colors_info=\u00bb{}\u00bb]<\/p>\n<h1><\/h1>\n<p style=\"text-align: justify;\">En reconocimiento a la obra de Thal\u00eda Fung River\u00f3n, intelectual cubana y referente del Pensamiento Latinoamericano cr\u00edtico.<br data-start=\"424\" data-end=\"427\" \/>Su Enfoque Sur inspira a esta C\u00e1tedra a pensar\u00a0 desde nuestras realidades.<br data-start=\"548\" data-end=\"551\" \/>Una perspectiva\u00a0 \u00e9tica y epistemol\u00f3gica por la justicia, la dignidad y la autonom\u00eda de nuestros pueblos.<\/p>\n<p style=\"text-align: justify;\">\n<p>[\/et_pb_text][et_pb_button button_url=\u00bbhttps:\/\/www.redalc.uda.cl\/?page_id=49287&#8243; button_text=\u00bbHOJA DE VIDA \u00bb _builder_version=\u00bb4.27.5&#8243; _module_preset=\u00bbdefault\u00bb button_text_size=\u00bb18px\u00bb button_text_color=\u00bb#FFFFFF\u00bb button_bg_color=\u00bb#266BA6&#8243; button_border_radius=\u00bb41px\u00bb transform_scale=\u00bb98%|98%\u00bb transform_translate_linked=\u00bboff\u00bb background_layout=\u00bbdark\u00bb custom_margin=\u00bb0px||16px||false|false\u00bb custom_padding=\u00bb7px|24px|7px|24px|true|true\u00bb global_colors_info=\u00bb{}\u00bb][\/et_pb_button][\/et_pb_column][\/et_pb_row][et_pb_row _builder_version=\u00bb4.27.5&#8243; _module_preset=\u00bbdefault\u00bb background_color=\u00bb#022859&#8243; global_colors_info=\u00bb{}\u00bb][et_pb_column type=\u00bb4_4&#8243; _builder_version=\u00bb4.27.5&#8243; _module_preset=\u00bbdefault\u00bb global_colors_info=\u00bb{}\u00bb][\/et_pb_column][\/et_pb_row][\/et_pb_section][et_pb_section fb_built=\u00bb1&#8243; _builder_version=\u00bb4.27.5&#8243; _module_preset=\u00bbdefault\u00bb background_color=\u00bb#FFFFFF\u00bb custom_padding=\u00bb0px||0px|||\u00bb global_colors_info=\u00bb{}\u00bb][et_pb_row column_structure=\u00bb1_2,1_2&#8243; _builder_version=\u00bb4.27.5&#8243; _module_preset=\u00bbdefault\u00bb global_colors_info=\u00bb{}\u00bb][et_pb_column type=\u00bb1_2&#8243; _builder_version=\u00bb4.27.5&#8243; _module_preset=\u00bbdefault\u00bb global_colors_info=\u00bb{}\u00bb][et_pb_text _builder_version=\u00bb4.27.5&#8243; _module_preset=\u00bbdefault\u00bb global_colors_info=\u00bb{}\u00bb]<\/p>\n<h1><span style=\"color: #266ba6; font-size: 30px;\">MISI\u00d3N<\/span><\/h1>\n<p style=\"text-align: justify;\"><span style=\"font-size: large;\">impulsar una comprensi\u00f3n profunda y cr\u00edtica del Pensamiento Latinoamericano desde un Enfoque Sur, fortaleciendo epistemolog\u00edas y metodolog\u00edas propias para explorar y abordar las complejidades de nuestras realidades. La C\u00e1tedra promueve propuestas inter y transdisciplinarias de forma integradora, entrelazando ciencias, humanidades y saberes ancestrales y populares, y fomentando un di\u00e1logo acad\u00e9mico y cultural que refleje aut\u00e9nticamente la diversidad, la riqueza y la identidad de los pueblos latinoamericanos.<\/span><\/p>\n<p>&nbsp;<\/p>\n<p>[\/et_pb_text][\/et_pb_column][et_pb_column type=\u00bb1_2&#8243; _builder_version=\u00bb4.27.5&#8243; _module_preset=\u00bbdefault\u00bb global_colors_info=\u00bb{}\u00bb][et_pb_text _builder_version=\u00bb4.27.5&#8243; _module_preset=\u00bbdefault\u00bb custom_padding=\u00bb11px||18px|||\u00bb global_colors_info=\u00bb{}\u00bb]<\/p>\n<h1><span style=\"color: #266ba6;\">VISI\u00d3N<\/span><\/h1>\n<p style=\"text-align: justify;\"><span style=\"font-size: large;\">Convertirse en un referente del enfoque del sur que oriente el pensar y accionar latinoamericano, tanto al estudio y promoci\u00f3n de epistemolog\u00edas y metodolog\u00edas que fortalecer\u00e1n la comprensi\u00f3n y el abordaje de la actual complejidad de los fen\u00f3menos sociales, culturales y pol\u00edticos end\u00f3genos de y para Am\u00e9rica Latina y el Caribe.<\/span><\/p>\n<p style=\"text-align: justify;\">\n<p>[\/et_pb_text][\/et_pb_column][\/et_pb_row][et_pb_row column_structure=\u00bb1_2,1_2&#8243; _builder_version=\u00bb4.27.5&#8243; _module_preset=\u00bbdefault\u00bb global_colors_info=\u00bb{}\u00bb][et_pb_column type=\u00bb1_2&#8243; _builder_version=\u00bb4.27.5&#8243; _module_preset=\u00bbdefault\u00bb global_colors_info=\u00bb{}\u00bb][et_pb_text _builder_version=\u00bb4.27.5&#8243; _module_preset=\u00bbdefault\u00bb global_colors_info=\u00bb{}\u00bb]<\/p>\n<h1 style=\"text-align: justify;\"><span style=\"color: #266ba6;\">ALCANCE<\/span><\/h1>\n<p style=\"text-align: justify;\"><span style=\"font-size: large;\">La C\u00e1tedra Pensamiento Latinoamericano Enfoque Sur \u201cThal\u00eda Fung River\u00f3n\u201d forma parte del Programa de C\u00e1tedras Latinoamericanas de REDALC y se constituye como un espacio acad\u00e9mico de reflexi\u00f3n cr\u00edtica orientado a pensar nuestra regi\u00f3n desde investigaciones centradas en sus propios problemas y realidades.<\/span><\/p>\n<p style=\"text-align: justify;\"><span style=\"font-size: large;\">Desde un di\u00e1logo inter y transdisciplinario que integra ciencias, humanidades y saberes tradicionales, la C\u00e1tedra reafirma una vocaci\u00f3n emancipadora, de justicia social e integraci\u00f3n de los pueblos latinoamericanos.<\/span><\/p>\n<p style=\"text-align: justify;\"><span style=\"font-size: large;\">Inspirada en el Enfoque Sur propuesto por la Dra. Thal\u00eda Fung, promueve una inversi\u00f3n metodol\u00f3gica que sit\u00faa el an\u00e1lisis en los problemas concretos de nuestros pa\u00edses, superando esquemas universalistas ajenos y fortaleciendo soluciones contextualizadas y humanistas.<\/span><\/p>\n<p style=\"text-align: justify;\"><span style=\"font-size: large;\">Se trata de un espacio plural, democr\u00e1tico y horizontal que convoca a acad\u00e9micos, investigadores y estudiantes comprometidos con el pensamiento latinoamericano situado.<\/span><\/p>\n<p><span style=\"color: #266ba6;\"><\/span><\/p>\n<p><span style=\"color: #266ba6;\"><\/span><\/p>\n<p>[\/et_pb_text][\/et_pb_column][et_pb_column type=\u00bb1_2&#8243; _builder_version=\u00bb4.27.5&#8243; _module_preset=\u00bbdefault\u00bb global_colors_info=\u00bb{}\u00bb][et_pb_image src=\u00bbhttps:\/\/www.redalc.uda.cl\/wp-content\/uploads\/2026\/02\/logo-catedra.png\u00bb title_text=\u00bblogo catedra\u00bb _builder_version=\u00bb4.27.5&#8243; _module_preset=\u00bbdefault\u00bb global_colors_info=\u00bb{}\u00bb][\/et_pb_image][\/et_pb_column][\/et_pb_row][et_pb_row column_structure=\u00bb1_2,1_2&#8243; _builder_version=\u00bb4.27.5&#8243; _module_preset=\u00bbdefault\u00bb global_colors_info=\u00bb{}\u00bb][et_pb_column type=\u00bb1_2&#8243; _builder_version=\u00bb4.27.5&#8243; _module_preset=\u00bbdefault\u00bb global_colors_info=\u00bb{}\u00bb][et_pb_text _builder_version=\u00bb4.27.5&#8243; _module_preset=\u00bbdefault\u00bb min_height=\u00bb385.7px\u00bb custom_padding=\u00bb3px|||||\u00bb global_colors_info=\u00bb{}\u00bb]<\/p>\n<h1 style=\"text-align: justify;\"><span style=\"color: #266ba6;\">PROGRAMA Y ACTIVIDADES ESPERADOS<\/span><span style=\"color: #022859;\"><\/span><\/h1>\n<p><span style=\"color: #022859;\"><\/span><\/p>\n<ul>\n<li style=\"text-align: justify;\"><span style=\"font-size: large;\">Fortalecimiento progresivo de la oferta acad\u00e9mica en colaboraci\u00f3n con universidades.<\/span><\/li>\n<li style=\"text-align: justify;\"><span style=\"font-size: large;\">Desarrollo de proyectos de investigaci\u00f3n y publicaci\u00f3n\u00a0 colaborativos en epistemolog\u00eda y complejidad.<\/span><\/li>\n<li style=\"text-align: justify;\"><span style=\"font-size: large;\">Organizaci\u00f3n de talleres, cursos y conferencias virtuales.<\/span><\/li>\n<li style=\"text-align: justify;\"><span style=\"font-size: large;\">Realizaci\u00f3n de actividades presenciales en sedes universitarias adheridas.<\/span><\/li>\n<li style=\"text-align: justify;\"><span style=\"font-size: large;\">Difusi\u00f3n de recursos y materiales en acceso abierto.<\/span><\/li>\n<li style=\"text-align: justify;\"><span style=\"font-size: large;\">Articulaci\u00f3n y acuerdos de colaboraci\u00f3n con universidades integrantes de la red.<\/span><\/li>\n<\/ul>\n<p>[\/et_pb_text][\/et_pb_column][et_pb_column type=\u00bb1_2&#8243; _builder_version=\u00bb4.27.5&#8243; _module_preset=\u00bbdefault\u00bb global_colors_info=\u00bb{}\u00bb][et_pb_text _builder_version=\u00bb4.27.5&#8243; _module_preset=\u00bbdefault\u00bb global_colors_info=\u00bb{}\u00bb]<\/p>\n<p style=\"text-align: justify;\">\u200b<\/p>\n<h1 style=\"text-align: justify;\"><span style=\"color: #266ba6;\">PLATAFORMA VIRTUAL<\/span><\/h1>\n<p style=\"text-align: justify;\">\n<ul>\n<li style=\"text-align: justify;\"><span style=\"font-size: large;\">Espacio virtual de aprendizaje en la plataforma REDALC para acceso a cursos, recursos y debates.<\/span><\/li>\n<li style=\"text-align: justify;\"><span style=\"font-size: large;\">Biblioteca digital especializada con libros, art\u00edculos y documentos de apoyo a la investigaci\u00f3n.<\/span><\/li>\n<li style=\"text-align: justify;\"><span style=\"font-size: large;\">Comunidades y grupos de trabajo virtuales para el intercambio acad\u00e9mico y colaborativo.<\/span><\/li>\n<li>\u00a0<\/li>\n<\/ul>\n<p>[\/et_pb_text][\/et_pb_column][\/et_pb_row][\/et_pb_section][et_pb_section fb_built=\u00bb1&#8243; _builder_version=\u00bb4.27.4&#8243; _module_preset=\u00bbdefault\u00bb custom_margin=\u00bb-528px|||||\u00bb custom_padding=\u00bb||16px|||\u00bb global_colors_info=\u00bb{}\u00bb][et_pb_row _builder_version=\u00bb4.27.5&#8243; _module_preset=\u00bbdefault\u00bb global_colors_info=\u00bb{}\u00bb][et_pb_column type=\u00bb4_4&#8243; _builder_version=\u00bb4.27.5&#8243; _module_preset=\u00bbdefault\u00bb global_colors_info=\u00bb{}\u00bb][et_pb_text _builder_version=\u00bb4.27.5&#8243; _module_preset=\u00bbdefault\u00bb background_color=\u00bb#B83127&#8243; custom_padding=\u00bb||0px|||\u00bb global_colors_info=\u00bb{}\u00bb]<\/p>\n<h1><span style=\"color: #022859;\"><span style=\"color: #ffffff;\"><\/span><\/span><\/h1>\n<h1><span style=\"color: #022859;\"><span style=\"color: #ffffff;\"><\/span><\/span><\/h1>\n<h1 style=\"text-align: center;\"><span style=\"color: #022859;\"><span style=\"color: #ffffff;\"><\/span><\/span><\/h1>\n<h1 style=\"text-align: center;\"><a href=\"http:\/\/scifilosoficas.blogspot.com\/\"><span style=\"color: #022859;\"><span style=\"color: #ffffff;\">COORDINA<\/span><\/span><span style=\"color: #ffffff;\">\u00a0<\/span><\/a><\/h1>\n<p>&nbsp;<\/p>\n<p>[\/et_pb_text][\/et_pb_column][\/et_pb_row][et_pb_row column_structure=\u00bb1_2,1_2&#8243; _builder_version=\u00bb4.27.5&#8243; _module_preset=\u00bbdefault\u00bb global_colors_info=\u00bb{}\u00bb][et_pb_column type=\u00bb1_2&#8243; _builder_version=\u00bb4.27.5&#8243; _module_preset=\u00bbdefault\u00bb global_colors_info=\u00bb{}\u00bb][et_pb_image src=\u00bbhttps:\/\/www.redalc.uda.cl\/wp-content\/uploads\/2026\/02\/WhatsApp-Image-2026-01-14-at-6.28.47-PM-1.jpeg\u00bb title_text=\u00bbWhatsApp Image 2026-01-14 at 6.28.47 PM (1)\u00bb url=\u00bbhttp:\/\/scifilosoficas.blogspot.com\/\u00bb align=\u00bbcenter\u00bb _builder_version=\u00bb4.27.5&#8243; _module_preset=\u00bbdefault\u00bb custom_margin=\u00bb-5px|||||\u00bb custom_padding=\u00bb0px||0px|||\u00bb global_colors_info=\u00bb{}\u00bb][\/et_pb_image][\/et_pb_column][et_pb_column type=\u00bb1_2&#8243; _builder_version=\u00bb4.27.5&#8243; _module_preset=\u00bbdefault\u00bb global_colors_info=\u00bb{}\u00bb][et_pb_text _builder_version=\u00bb4.27.5&#8243; _module_preset=\u00bbdefault\u00bb global_colors_info=\u00bb{}\u00bb]<\/p>\n<h1 style=\"text-align: left;\"><a href=\"http:\/\/scifilosoficas.blogspot.com\/\"><span style=\"color: #022859;\">SOCIEDAD CUBANA DE INVESTIGACIONES FILOS\u00d3FICAS<\/span>\u00a0<\/a><\/h1>\n<p>[\/et_pb_text][\/et_pb_column][\/et_pb_row][et_pb_row _builder_version=\u00bb4.27.5&#8243; _module_preset=\u00bbdefault\u00bb global_colors_info=\u00bb{}\u00bb][et_pb_column type=\u00bb4_4&#8243; _builder_version=\u00bb4.27.5&#8243; _module_preset=\u00bbdefault\u00bb global_colors_info=\u00bb{}\u00bb][et_pb_text _builder_version=\u00bb4.27.5&#8243; _module_preset=\u00bbdefault\u00bb background_color=\u00bb#B83127&#8243; custom_padding=\u00bb||0px|||\u00bb global_colors_info=\u00bb{}\u00bb]<\/p>\n<h1><\/h1>\n<h1 style=\"text-align: center;\"><span style=\"color: #022859;\"><span style=\"color: #ffffff;\"><\/span><\/span><\/h1>\n<h1 style=\"text-align: center;\"><a href=\"http:\/\/scifilosoficas.blogspot.com\/\"><span style=\"color: #ffffff;\"><strong>ACUERDOS ACAD\u00c9MICOS DE COOPERACI\u00d3N<\/strong><\/span><\/a><\/h1>\n<h1 style=\"text-align: center;\"><a href=\"http:\/\/scifilosoficas.blogspot.com\/\"><span style=\"color: #ffffff;\"><strong> E INSTITUCIONES\/ORGANIZACIONES ADHERIDAS<\/strong><\/span><\/a><span style=\"color: #ffffff;\"><\/span><\/h1>\n<p>&nbsp;<\/p>\n<p>[\/et_pb_text][\/et_pb_column][\/et_pb_row][et_pb_row column_structure=\u00bb1_2,1_2&#8243; _builder_version=\u00bb4.27.5&#8243; _module_preset=\u00bbdefault\u00bb global_colors_info=\u00bb{}\u00bb][et_pb_column type=\u00bb1_2&#8243; _builder_version=\u00bb4.27.5&#8243; _module_preset=\u00bbdefault\u00bb global_colors_info=\u00bb{}\u00bb][et_pb_text _builder_version=\u00bb4.27.5&#8243; _module_preset=\u00bbdefault\u00bb text_text_color=\u00bb#022859&#8243; text_font_size=\u00bb18px\u00bb global_colors_info=\u00bb{}\u00bb]<\/p>\n<ul>\n<li><strong>Facultad de Ciencias Jur\u00eddicas y Sociales\u00a0 Universidad de Atacama <\/strong><strong>Programa de Internacionalizaci\u00f3n Nodo Uda-Redalc<\/strong><\/li>\n<\/ul>\n<p>[\/et_pb_text][\/et_pb_column][et_pb_column type=\u00bb1_2&#8243; _builder_version=\u00bb4.27.5&#8243; _module_preset=\u00bbdefault\u00bb global_colors_info=\u00bb{}\u00bb][et_pb_image src=\u00bbhttps:\/\/www.redalc.uda.cl\/wp-content\/uploads\/2026\/02\/uda-facultad.png\u00bb title_text=\u00bbuda facultad\u00bb _builder_version=\u00bb4.27.5&#8243; _module_preset=\u00bbdefault\u00bb global_colors_info=\u00bb{}\u00bb][\/et_pb_image][\/et_pb_column][\/et_pb_row][\/et_pb_section][et_pb_section fb_built=\u00bb1&#8243; _builder_version=\u00bb4.27.4&#8243; _module_preset=\u00bbdefault\u00bb background_image=\u00bbhttps:\/\/www.redalc.uda.cl\/wp-content\/uploads\/2025\/10\/DECORACION-2-08.png\u00bb custom_padding=\u00bb0px||0px|||\u00bb global_colors_info=\u00bb{}\u00bb][et_pb_row _builder_version=\u00bb4.27.5&#8243; _module_preset=\u00bbdefault\u00bb global_colors_info=\u00bb{}\u00bb][et_pb_column type=\u00bb4_4&#8243; _builder_version=\u00bb4.27.5&#8243; _module_preset=\u00bbdefault\u00bb global_colors_info=\u00bb{}\u00bb][et_pb_text _builder_version=\u00bb4.27.5&#8243; _module_preset=\u00bbdefault\u00bb background_color=\u00bb#B83127&#8243; custom_padding=\u00bb||0px|||\u00bb global_colors_info=\u00bb{}\u00bb]<\/p>\n<h1><\/h1>\n<h1 style=\"text-align: center;\"><span style=\"color: #022859;\"><span style=\"color: #ffffff;\"><\/span><\/span><\/h1>\n<h1 style=\"text-align: center;\"><a href=\"http:\/\/scifilosoficas.blogspot.com\/\"><span style=\"color: #ffffff;\">FORMULARIOS\u00a0\u00a0<\/span><\/a><\/h1>\n<p>&nbsp;<\/p>\n<p>[\/et_pb_text][\/et_pb_column][\/et_pb_row][et_pb_row _builder_version=\u00bb4.27.5&#8243; _module_preset=\u00bbdefault\u00bb custom_padding=\u00bb4px|||||\u00bb global_colors_info=\u00bb{}\u00bb][et_pb_column type=\u00bb4_4&#8243; _builder_version=\u00bb4.27.5&#8243; _module_preset=\u00bbdefault\u00bb global_colors_info=\u00bb{}\u00bb][et_pb_button button_url=\u00bbhttps:\/\/forms.gle\/GRtGBWg2q2SWo5NV8&#8243; button_text=\u00bbINSCR\u00cdBETE C\u00c1TEDRA\u00bb button_alignment=\u00bbcenter\u00bb _builder_version=\u00bb4.27.5&#8243; _module_preset=\u00bbdefault\u00bb button_text_size=\u00bb18px\u00bb button_text_color=\u00bb#FFFFFF\u00bb button_bg_color=\u00bb#266BA6&#8243; button_border_radius=\u00bb41px\u00bb transform_scale=\u00bb98%|98%\u00bb transform_translate_linked=\u00bboff\u00bb background_layout=\u00bbdark\u00bb custom_margin=\u00bb0px||-3px||false|false\u00bb custom_padding=\u00bb7px|24px|7px|24px|true|true\u00bb global_colors_info=\u00bb{}\u00bb][\/et_pb_button][\/et_pb_column][\/et_pb_row][et_pb_row _builder_version=\u00bb4.27.5&#8243; _module_preset=\u00bbdefault\u00bb min_height=\u00bb108px\u00bb custom_margin=\u00bb|auto|32px|auto||\u00bb custom_padding=\u00bb27px||0px|||\u00bb global_colors_info=\u00bb{}\u00bb][et_pb_column type=\u00bb4_4&#8243; _builder_version=\u00bb4.27.5&#8243; _module_preset=\u00bbdefault\u00bb global_colors_info=\u00bb{}\u00bb][et_pb_button button_url=\u00bbhttps:\/\/www.redalc.uda.cl\/wp-content\/uploads\/2026\/02\/1-CARTA-ADHESION-REDALC-ONLINE-Catedra-2.docx\u00bb button_text=\u00bbAdherir como Instituci\u00f3n\/organizaci\u00f3n\u00bb button_alignment=\u00bbcenter\u00bb _builder_version=\u00bb4.27.5&#8243; _module_preset=\u00bbdefault\u00bb button_text_size=\u00bb15px\u00bb button_text_color=\u00bb#FFFFFF\u00bb button_bg_color=\u00bb#266BA6&#8243; button_border_radius=\u00bb41px\u00bb transform_scale=\u00bb98%|98%\u00bb transform_translate_linked=\u00bboff\u00bb background_layout=\u00bbdark\u00bb custom_margin=\u00bb-34px||-23px||false|false\u00bb custom_padding=\u00bb7px|24px|7px|24px|true|true\u00bb hover_enabled=\u00bb0&#8243; global_colors_info=\u00bb{}\u00bb sticky_enabled=\u00bb0&#8243;][\/et_pb_button][\/et_pb_column][\/et_pb_row][et_pb_row _builder_version=\u00bb4.27.5&#8243; _module_preset=\u00bbdefault\u00bb custom_margin=\u00bb-76px|auto||auto||\u00bb custom_padding=\u00bb8px|||||\u00bb global_colors_info=\u00bb{}\u00bb][et_pb_column type=\u00bb4_4&#8243; _builder_version=\u00bb4.27.5&#8243; _module_preset=\u00bbdefault\u00bb global_colors_info=\u00bb{}\u00bb][et_pb_button button_url=\u00bbhttps:\/\/forms.gle\/7kHEuwkhimk1UBJQ8&#8243; button_text=\u00bbINSCRIPCI\u00d3N REDALC\u00bb button_alignment=\u00bbcenter\u00bb _builder_version=\u00bb4.27.5&#8243; _module_preset=\u00bbdefault\u00bb button_text_size=\u00bb18px\u00bb button_text_color=\u00bb#FFFFFF\u00bb button_bg_color=\u00bb#022859&#8243; button_border_radius=\u00bb41px\u00bb transform_scale=\u00bb98%|98%\u00bb transform_translate_linked=\u00bboff\u00bb background_layout=\u00bbdark\u00bb custom_margin=\u00bb0px||0px||false|false\u00bb custom_padding=\u00bb7px|24px|7px|24px|true|true\u00bb global_colors_info=\u00bb{}\u00bb][\/et_pb_button][\/et_pb_column][\/et_pb_row][et_pb_row _builder_version=\u00bb4.27.5&#8243; _module_preset=\u00bbdefault\u00bb custom_padding=\u00bb||0px|||\u00bb global_colors_info=\u00bb{}\u00bb][et_pb_column type=\u00bb4_4&#8243; _builder_version=\u00bb4.27.5&#8243; _module_preset=\u00bbdefault\u00bb global_colors_info=\u00bb{}\u00bb][et_pb_text _builder_version=\u00bb4.27.5&#8243; _module_preset=\u00bbdefault\u00bb background_color=\u00bb#022859&#8243; custom_margin=\u00bb||2px|||\u00bb custom_padding=\u00bb||0px|||\u00bb global_colors_info=\u00bb{}\u00bb]<\/p>\n<h1><\/h1>\n<h1 style=\"text-align: center;\"><span style=\"color: #022859;\"><span style=\"color: #ffffff;\"><\/span><\/span><\/h1>\n<h1 style=\"text-align: center;\"><a href=\"http:\/\/scifilosoficas.blogspot.com\/\"><span style=\"color: #ffffff;\">PARTICIPA EN LA PRIMERA SESI\u00d3N EN LA :\u00a0<\/span><\/a><span style=\"color: #ffffff;\"><\/span><\/h1>\n<p>&nbsp;<\/p>\n<p>[\/et_pb_text][\/et_pb_column][\/et_pb_row][et_pb_row _builder_version=\u00bb4.27.5&#8243; _module_preset=\u00bbdefault\u00bb min_height=\u00bb198.6px\u00bb custom_padding=\u00bb||0px|||\u00bb global_colors_info=\u00bb{}\u00bb][et_pb_column type=\u00bb4_4&#8243; _builder_version=\u00bb4.27.5&#8243; _module_preset=\u00bbdefault\u00bb global_colors_info=\u00bb{}\u00bb][et_pb_image src=\u00bbhttps:\/\/www.redalc.uda.cl\/wp-content\/uploads\/2026\/02\/5-scaled.png\u00bb title_text=\u00bb5&#8243; _builder_version=\u00bb4.27.5&#8243; _module_preset=\u00bbdefault\u00bb custom_margin=\u00bb-19px|||||\u00bb global_colors_info=\u00bb{}\u00bb][\/et_pb_image][et_pb_button button_text=\u00bbVer m\u00e1s\u00bb button_alignment=\u00bbcenter\u00bb _builder_version=\u00bb4.27.5&#8243; _module_preset=\u00bbdefault\u00bb button_text_size=\u00bb18px\u00bb button_text_color=\u00bb#FFFFFF\u00bb button_bg_color=\u00bb#B83127&#8243; button_border_radius=\u00bb41px\u00bb transform_scale=\u00bb98%|98%\u00bb transform_translate_linked=\u00bboff\u00bb background_layout=\u00bbdark\u00bb custom_margin=\u00bb0px||0px||false|false\u00bb custom_padding=\u00bb19px|24px|19px|24px|true|true\u00bb global_colors_info=\u00bb{}\u00bb][\/et_pb_button][\/et_pb_column][\/et_pb_row][\/et_pb_section]<\/p>\n","protected":false},"excerpt":{"rendered":"<p>C\u00c1TEDRA PENSAMIENTO LATINOAMERICANO \u00a0ENFOQUE SUR \u201cTHAL\u00cdA FUNG RIVER\u00d3N\u201d En reconocimiento a la obra de Thal\u00eda Fung River\u00f3n, intelectual cubana y referente del Pensamiento Latinoamericano cr\u00edtico.Su Enfoque Sur inspira a esta C\u00e1tedra a pensar\u00a0 desde nuestras realidades.Una perspectiva\u00a0 \u00e9tica y epistemol\u00f3gica por la justicia, la dignidad y la autonom\u00eda de nuestros pueblos. MISI\u00d3N impulsar una comprensi\u00f3n [&hellip;]<\/p>\n","protected":false},"author":2,"featured_media":0,"parent":0,"menu_order":0,"comment_status":"closed","ping_status":"closed","template":"","meta":{"_et_pb_use_builder":"on","_et_pb_old_content":"","_et_gb_content_width":"","footnotes":""},"class_list":["post-48598","page","type-page","status-publish","hentry"],"_links":{"self":[{"href":"https:\/\/www.redalc.uda.cl\/index.php\/wp-json\/wp\/v2\/pages\/48598","targetHints":{"allow":["GET"]}}],"collection":[{"href":"https:\/\/www.redalc.uda.cl\/index.php\/wp-json\/wp\/v2\/pages"}],"about":[{"href":"https:\/\/www.redalc.uda.cl\/index.php\/wp-json\/wp\/v2\/types\/page"}],"author":[{"embeddable":true,"href":"https:\/\/www.redalc.uda.cl\/index.php\/wp-json\/wp\/v2\/users\/2"}],"replies":[{"embeddable":true,"href":"https:\/\/www.redalc.uda.cl\/index.php\/wp-json\/wp\/v2\/comments?post=48598"}],"version-history":[{"count":47,"href":"https:\/\/www.redalc.uda.cl\/index.php\/wp-json\/wp\/v2\/pages\/48598\/revisions"}],"predecessor-version":[{"id":49309,"href":"https:\/\/www.redalc.uda.cl\/index.php\/wp-json\/wp\/v2\/pages\/48598\/revisions\/49309"}],"wp:attachment":[{"href":"https:\/\/www.redalc.uda.cl\/index.php\/wp-json\/wp\/v2\/media?parent=48598"}],"curies":[{"name":"wp","href":"https:\/\/api.w.org\/{rel}","templated":true}]}}