{"id":48178,"date":"2025-11-20T00:29:01","date_gmt":"2025-11-20T03:29:01","guid":{"rendered":"https:\/\/www.redalc.uda.cl\/?page_id=48178"},"modified":"2026-01-29T15:59:26","modified_gmt":"2026-01-29T18:59:26","slug":"como-adherirse-siendo-una-institucion-a-redalc-cata","status":"publish","type":"page","link":"https:\/\/www.redalc.uda.cl\/index.php\/como-adherirse-siendo-una-institucion-a-redalc-cata\/","title":{"rendered":"REQUISITOS PARA ADHERIRSE A REDALC &#8211; CATA"},"content":{"rendered":"<p>[et_pb_section fb_built=\u00bb1&#8243; _builder_version=\u00bb4.27.4&#8243; _module_preset=\u00bbdefault\u00bb background_color=\u00bb#266BA6&#8243; custom_padding=\u00bb0px||0px|||\u00bb global_colors_info=\u00bb{}\u00bb][et_pb_row column_structure=\u00bb1_2,1_2&#8243; _builder_version=\u00bb4.27.4&#8243; _module_preset=\u00bbdefault\u00bb custom_padding=\u00bb54px|||||\u00bb global_colors_info=\u00bb{}\u00bb][et_pb_column type=\u00bb1_2&#8243; _builder_version=\u00bb4.27.4&#8243; _module_preset=\u00bbdefault\u00bb global_colors_info=\u00bb{}\u00bb][et_pb_text _builder_version=\u00bb4.27.4&#8243; _module_preset=\u00bbdefault\u00bb text_text_color=\u00bb#FFFFFF\u00bb text_font_size=\u00bb18px\u00bb header_text_color=\u00bb#FFFFFF\u00bb header_font_size=\u00bb50px\u00bb global_colors_info=\u00bb{}\u00bb]<\/p>\n<h1>REQUISITOS\u00a0<\/h1>\n<p>para adherirse a REDALC<\/p>\n<p>[\/et_pb_text][\/et_pb_column][et_pb_column type=\u00bb1_2&#8243; _builder_version=\u00bb4.27.4&#8243; _module_preset=\u00bbdefault\u00bb global_colors_info=\u00bb{}\u00bb][\/et_pb_column][\/et_pb_row][\/et_pb_section][et_pb_section fb_built=\u00bb1&#8243; _builder_version=\u00bb4.27.4&#8243; _module_preset=\u00bbdefault\u00bb global_colors_info=\u00bb{}\u00bb][et_pb_row column_structure=\u00bb1_2,1_2&#8243; _builder_version=\u00bb4.27.4&#8243; _module_preset=\u00bbdefault\u00bb global_colors_info=\u00bb{}\u00bb][et_pb_column type=\u00bb1_2&#8243; _builder_version=\u00bb4.27.4&#8243; _module_preset=\u00bbdefault\u00bb global_colors_info=\u00bb{}\u00bb][et_pb_text _builder_version=\u00bb4.27.5&#8243; _module_preset=\u00bbdefault\u00bb text_text_color=\u00bb#000000&#8243; text_font_size=\u00bb18px\u00bb header_text_color=\u00bb#266BA6&#8243; header_2_text_color=\u00bb#266BA6&#8243; hover_enabled=\u00bb0&#8243; global_colors_info=\u00bb{}\u00bb sticky_enabled=\u00bb0&#8243;]<\/p>\n<h2>ADHERIRSE COMO UNIVERSIDAD, INTITUCION U OTRO.<\/h2>\n<p style=\"text-align: justify;\">El Representante de la instituci\u00f3n (el Rector en el caso de una Universidad o a qui\u00e9n haya delegado dicha funci\u00f3n, Decano, Director u otro) o la autoridad responsable en el caso de otras instituciones ( sea\u00a0 Grupos, Programas, Centros u otros, debe adscribir \u00a0la \u00a0carta de adhesi\u00f3n<\/p>\n<p style=\"text-align: justify;\">y enviarla al correo redalc@uda.cl con el asunto \u00ab<strong style=\"color: #333333; font-size: 22px;\"><a href=https:\/\/www.redalc.uda.cl\/wp-content\/uploads\/2026\/01\/1-CARTA-ADHESION-REDALC-ONLINE.docx\"><u>carta de adhesi\u00f3n<\/u><\/a><\/strong> &#8211; Nombre Instituci\u00f3n\u00bb.<\/p>\n<p style=\"text-align: justify;\">Recibida la carta de adhesi\u00f3n se verificar\u00e1n los antecedentes y se le har\u00e1 llegar a la Instituci\u00f3n \u00a0una notificaci\u00f3n de aceptaci\u00f3n formal que da cuenta de su incorporaci\u00f3n al Registro de REDALC.<\/p>\n<p>[\/et_pb_text][et_pb_button button_url=\u00bbhttps:\/\/www.redalc.uda.cl\/wp-content\/uploads\/2026\/01\/1-CARTA-ADHESION-REDALC-ONLINE.docx\u00bb button_text=\u00bbDescarga de carta de adhesi\u00f3n\u00bb _builder_version=\u00bb4.27.5&#8243; _module_preset=\u00bbdefault\u00bb button_text_size=\u00bb18px\u00bb button_text_color=\u00bb#FFFFFF\u00bb button_bg_color=\u00bb#266BA6&#8243; button_border_radius=\u00bb41px\u00bb transform_scale=\u00bb98%|98%\u00bb transform_translate_linked=\u00bboff\u00bb background_layout=\u00bbdark\u00bb custom_margin=\u00bb0px||0px||false|false\u00bb custom_padding=\u00bb7px|24px|7px|24px|true|true\u00bb hover_enabled=\u00bb0&#8243; global_colors_info=\u00bb{}\u00bb sticky_enabled=\u00bb0&#8243;][\/et_pb_button][\/et_pb_column][et_pb_column type=\u00bb1_2&#8243; _builder_version=\u00bb4.27.4&#8243; _module_preset=\u00bbdefault\u00bb global_colors_info=\u00bb{}\u00bb][et_pb_text _builder_version=\u00bb4.27.4&#8243; _module_preset=\u00bbdefault\u00bb text_text_color=\u00bb#000000&#8243; text_font_size=\u00bb18px\u00bb header_text_color=\u00bb#266BA6&#8243; header_2_text_color=\u00bb#266BA6&#8243; custom_margin=\u00bb||78px|||\u00bb global_colors_info=\u00bb{}\u00bb]<\/p>\n<h2>PARTICIPAR\u00a0<\/h2>\n<p style=\"text-align: justify;\">Para participar deber\u00e1 completar el formulario de inscripci\u00f3n correspondiente a la actividad, programa o convocatoria vigente. Una vez enviado el formulario, deber\u00e1 remitir cualquier documento solicitado al correo <a href=\"mailto:redalc@uda.cl\">redalc@uda.cl<\/a> con el asunto \u201cParticipaci\u00f3n estudiantil \u2013 Nombre del estudiante\u201d .<\/p>\n<p style=\"text-align: justify;\">Recibida la informaci\u00f3n, se verificar\u00e1n los antecedentes y se enviar\u00e1 una notificaci\u00f3n de aceptaci\u00f3n que confirmar\u00e1 su incorporaci\u00f3n a la actividad seleccionada y el registro formal de su participaci\u00f3n en las iniciativas estudiantiles de REDALC.<\/p>\n<p>[\/et_pb_text][et_pb_button button_url=\u00bbhttps:\/\/forms.gle\/h85cxkMFsr2dcB4i9&#8243; button_text=\u00bbFormulario para estudiantes\u00bb _builder_version=\u00bb4.27.4&#8243; _module_preset=\u00bbdefault\u00bb button_text_size=\u00bb18px\u00bb button_text_color=\u00bb#FFFFFF\u00bb button_bg_color=\u00bb#266BA6&#8243; button_border_radius=\u00bb41px\u00bb transform_scale=\u00bb98%|98%\u00bb transform_translate_linked=\u00bboff\u00bb background_layout=\u00bbdark\u00bb custom_margin=\u00bb0px||0px||false|false\u00bb custom_padding=\u00bb7px|24px|7px|24px|true|true\u00bb global_colors_info=\u00bb{}\u00bb][\/et_pb_button][\/et_pb_column][\/et_pb_row][\/et_pb_section]<\/p>\n","protected":false},"excerpt":{"rendered":"<p>REQUISITOS\u00a0 para adherirse a REDALCADHERIRSE COMO UNIVERSIDAD, INTITUCION U OTRO. El Representante de la instituci\u00f3n (el Rector en el caso de una Universidad o a qui\u00e9n haya delegado dicha funci\u00f3n, Decano, Director u otro) o la autoridad responsable en el caso de otras instituciones ( sea\u00a0 Grupos, Programas, Centros u otros, debe adscribir \u00a0la \u00a0carta [&hellip;]<\/p>\n","protected":false},"author":3,"featured_media":0,"parent":0,"menu_order":0,"comment_status":"closed","ping_status":"closed","template":"","meta":{"_et_pb_use_builder":"on","_et_pb_old_content":"","_et_gb_content_width":"","footnotes":""},"class_list":["post-48178","page","type-page","status-publish","hentry"],"_links":{"self":[{"href":"https:\/\/www.redalc.uda.cl\/index.php\/wp-json\/wp\/v2\/pages\/48178","targetHints":{"allow":["GET"]}}],"collection":[{"href":"https:\/\/www.redalc.uda.cl\/index.php\/wp-json\/wp\/v2\/pages"}],"about":[{"href":"https:\/\/www.redalc.uda.cl\/index.php\/wp-json\/wp\/v2\/types\/page"}],"author":[{"embeddable":true,"href":"https:\/\/www.redalc.uda.cl\/index.php\/wp-json\/wp\/v2\/users\/3"}],"replies":[{"embeddable":true,"href":"https:\/\/www.redalc.uda.cl\/index.php\/wp-json\/wp\/v2\/comments?post=48178"}],"version-history":[{"count":7,"href":"https:\/\/www.redalc.uda.cl\/index.php\/wp-json\/wp\/v2\/pages\/48178\/revisions"}],"predecessor-version":[{"id":48711,"href":"https:\/\/www.redalc.uda.cl\/index.php\/wp-json\/wp\/v2\/pages\/48178\/revisions\/48711"}],"wp:attachment":[{"href":"https:\/\/www.redalc.uda.cl\/index.php\/wp-json\/wp\/v2\/media?parent=48178"}],"curies":[{"name":"wp","href":"https:\/\/api.w.org\/{rel}","templated":true}]}}