{"id":48021,"date":"2025-11-18T00:03:45","date_gmt":"2025-11-18T03:03:45","guid":{"rendered":"https:\/\/www.redalc.uda.cl\/?page_id=48021"},"modified":"2026-02-24T19:29:42","modified_gmt":"2026-02-24T22:29:42","slug":"ver-libros-lanzados-en-la-convencion","status":"publish","type":"page","link":"https:\/\/www.redalc.uda.cl\/index.php\/ver-libros-lanzados-en-la-convencion\/","title":{"rendered":"Ver libros lanzados en la convenci\u00f3n"},"content":{"rendered":"<p>[et_pb_section fb_built=\u00bb1&#8243; _builder_version=\u00bb4.27.4&#8243; _module_preset=\u00bbdefault\u00bb background_color=\u00bb#266BA6&#8243; custom_padding=\u00bb0px||39px|||\u00bb global_colors_info=\u00bb{}\u00bb][et_pb_row column_structure=\u00bb1_2,1_2&#8243; _builder_version=\u00bb4.27.4&#8243; _module_preset=\u00bbdefault\u00bb custom_margin=\u00bb|auto|-3px|auto||\u00bb custom_padding=\u00bb||0px|||\u00bb global_colors_info=\u00bb{}\u00bb][et_pb_column type=\u00bb1_2&#8243; _builder_version=\u00bb4.27.4&#8243; _module_preset=\u00bbdefault\u00bb global_colors_info=\u00bb{}\u00bb][et_pb_text _builder_version=\u00bb4.27.4&#8243; _module_preset=\u00bbdefault\u00bb header_text_color=\u00bb#FFFFFF\u00bb header_font_size=\u00bb40px\u00bb custom_margin=\u00bb||3px|||\u00bb custom_padding=\u00bb0px|||||\u00bb global_colors_info=\u00bb{}\u00bb]<\/p>\n<h1>LANZAMIENTO DE LIBROS<\/h1>\n<p>[\/et_pb_text][et_pb_text _builder_version=\u00bb4.27.4&#8243; _module_preset=\u00bbdefault\u00bb text_text_color=\u00bb#FFFFFF\u00bb text_font_size=\u00bb18px\u00bb global_colors_info=\u00bb{}\u00bb]<\/p>\n<p>PRIMERA CONVENCI\u00d3N PRESENCIAL<\/p>\n<p>[\/et_pb_text][\/et_pb_column][et_pb_column type=\u00bb1_2&#8243; _builder_version=\u00bb4.27.4&#8243; _module_preset=\u00bbdefault\u00bb global_colors_info=\u00bb{}\u00bb][et_pb_text _builder_version=\u00bb4.27.4&#8243; _module_preset=\u00bbdefault\u00bb text_text_color=\u00bb#FFFFFF\u00bb global_colors_info=\u00bb{}\u00bb]<\/p>\n<p style=\"text-align: center;\"><strong>08:15 \u2013 10:40 | Lanzamiento de Libros<\/strong><br \/><strong>Lugar:<\/strong><span>\u00a0<\/span>Sal\u00f3n de Juicio Oral, (Facultad de Ciencias Jur\u00eddicas, UDA, \u00e1rea sur)<br \/>Ver Online:<span>\u00a0<\/span><a href=\"https:\/\/youtube.com\/live\/t3YexpvzKFA?feature=share\">YouTube Live\u00a0<\/a><\/p>\n<p>[\/et_pb_text][et_pb_button button_url=\u00bbhttps:\/\/www.youtube.com\/live\/t3YexpvzKFA?si=jypT__c9ypRtrY25&#8243; button_text=\u00bbYouTube\u00bb button_alignment=\u00bbcenter\u00bb _builder_version=\u00bb4.27.5&#8243; _module_preset=\u00bbdefault\u00bb button_text_size=\u00bb18px\u00bb button_text_color=\u00bb#FFFFFF\u00bb button_bg_color=\u00bb#E02B20&#8243; button_border_radius=\u00bb41px\u00bb transform_scale=\u00bb98%|98%\u00bb transform_translate_linked=\u00bboff\u00bb background_layout=\u00bbdark\u00bb custom_margin=\u00bb0px||-31px||false|false\u00bb custom_padding=\u00bb7px|24px|7px|24px|true|true\u00bb global_colors_info=\u00bb{}\u00bb][\/et_pb_button][\/et_pb_column][\/et_pb_row][\/et_pb_section][et_pb_section fb_built=\u00bb1&#8243; fullwidth=\u00bbon\u00bb _builder_version=\u00bb4.27.5&#8243; _module_preset=\u00bbdefault\u00bb global_colors_info=\u00bb{}\u00bb][\/et_pb_section][et_pb_section fb_built=\u00bb1&#8243; _builder_version=\u00bb4.27.4&#8243; _module_preset=\u00bbdefault\u00bb custom_margin=\u00bb||0px|||\u00bb custom_padding=\u00bb0px|||||\u00bb global_colors_info=\u00bb{}\u00bb][et_pb_row column_structure=\u00bb1_2,1_2&#8243; _builder_version=\u00bb4.27.2&#8243; _module_preset=\u00bbdefault\u00bb custom_padding=\u00bb27px|||||\u00bb global_colors_info=\u00bb{}\u00bb][et_pb_column type=\u00bb1_2&#8243; _builder_version=\u00bb4.27.2&#8243; _module_preset=\u00bbdefault\u00bb global_colors_info=\u00bb{}\u00bb][et_pb_text _builder_version=\u00bb4.27.4&#8243; _module_preset=\u00bbdefault\u00bb custom_margin=\u00bb||26px|||\u00bb global_colors_info=\u00bb{}\u00bb]<\/p>\n<p style=\"text-align: justify;\"><span style=\"color: #000000;\"><strong>El Decano de la Facultad de Ciencias Jur\u00eddicas, Dr. Rodrigo Cardozo Pozo, tendr\u00e1 el honor de presentar el reciente libro del Dr. Antonio Carlos Wolkmer, <em>Ensayos de Teor\u00eda del Derecho y Filosof\u00eda Pol\u00edtica<\/em> (Madrid: Dykinson, 2023). Contaremos adem\u00e1s con la valiosa presencia del autor, quien compartir\u00e1 sus reflexiones y perspectivas en torno a esta obra.<\/strong><\/span><\/p>\n<p>[\/et_pb_text][et_pb_image src=\u00bbhttps:\/\/www.redalc.uda.cl\/wp-content\/uploads\/2026\/02\/WhatsApp-Image-2024-10-29-at-5.59.48-PM-1.jpeg\u00bb title_text=\u00bbWhatsApp Image 2024-10-29 at 5.59.48 PM (1)\u00bb _builder_version=\u00bb4.27.5&#8243; _module_preset=\u00bbdefault\u00bb custom_padding=\u00bb||0px|||\u00bb global_colors_info=\u00bb{}\u00bb][\/et_pb_image][et_pb_image src=\u00bbhttps:\/\/www.redalc.uda.cl\/wp-content\/uploads\/2024\/10\/WhatsApp-Image-2024-10-29-at-5.59.49-PM.jpeg\u00bb title_text=\u00bbWhatsApp Image 2024-10-29 at 5.59.49 PM\u00bb _builder_version=\u00bb4.27.4&#8243; _module_preset=\u00bbdefault\u00bb transform_scale=\u00bb90%|90%\u00bb transform_translate=\u00bb0px|-47px\u00bb transform_translate_linked=\u00bboff\u00bb global_colors_info=\u00bb{}\u00bb][\/et_pb_image][et_pb_text _builder_version=\u00bb4.27.4&#8243; _module_preset=\u00bbdefault\u00bb custom_margin=\u00bb2px|||||\u00bb global_colors_info=\u00bb{}\u00bb]<\/p>\n<p><strong><span style=\"color: #000000;\">T\u00edtulo: VOCES Y PRISMAS DE COMPLEJIDAD EN AM\u00c9RICA LATINA<\/span><\/strong><\/p>\n<p><span style=\"color: #000000;\">Editora: Taeli G\u00f3mez, Carlos Eduardo Maldonado\u00a0<\/span><\/p>\n<p style=\"text-align: justify;\"><strong><span style=\"color: #000000;\">Autores: <\/span><\/strong><em><span style=\"color: #000000;\">Ana Mar\u00eda \u00c1ngel C., <\/span><span style=\"color: #000000;\">Rodrigo Arce R., <\/span><span style=\"color: #000000;\">Jorge Ben\u00edtez H., <\/span><span style=\"color: #000000;\">Taeli G\u00f3mez Francisco, <\/span><span style=\"color: #000000;\">Mauricio Hoyos, <\/span><span style=\"color: #000000;\">Carlos Eduardo Maldonado, <\/span><span style=\"color: #000000;\">Katia I. Riveros Z., <\/span><span style=\"color: #000000;\">Francisco Viguera B.<\/span><\/em><\/p>\n<p>[\/et_pb_text][et_pb_image src=\u00bbhttps:\/\/www.redalc.uda.cl\/wp-content\/uploads\/2026\/02\/Diseno-sin-titulo-13.png\u00bb title_text=\u00bbDise\u00f1o sin t\u00edtulo (13)\u00bb _builder_version=\u00bb4.27.5&#8243; _module_preset=\u00bbdefault\u00bb custom_margin=\u00bb69px||25px|||\u00bb global_colors_info=\u00bb{}\u00bb][\/et_pb_image][et_pb_button button_text=\u00bbleer \u00bb _builder_version=\u00bb4.27.5&#8243; _module_preset=\u00bbdefault\u00bb button_text_size=\u00bb18px\u00bb button_text_color=\u00bb#FFFFFF\u00bb button_bg_color=\u00bb#266BA6&#8243; button_border_radius=\u00bb41px\u00bb transform_scale=\u00bb98%|98%\u00bb transform_translate_linked=\u00bboff\u00bb background_layout=\u00bbdark\u00bb custom_margin=\u00bb0px||0px||false|false\u00bb custom_padding=\u00bb1px|24px|1px|24px|true|true\u00bb hover_enabled=\u00bb0&#8243; global_colors_info=\u00bb{}\u00bb button_url=\u00bbhttps:\/\/www.redalc.uda.cl\/wp-content\/uploads\/2026\/02\/VOCES-Y-PRISMAS-DE-COMPLEJIDAD-EN-AMERICA-LATINA-1.pdf\u00bb sticky_enabled=\u00bb0&#8243;][\/et_pb_button][et_pb_text _builder_version=\u00bb4.27.4&#8243; _module_preset=\u00bbdefault\u00bb custom_padding=\u00bb77px|||||\u00bb global_colors_info=\u00bb{}\u00bb]<\/p>\n<p style=\"text-align: justify;\"><strong><span style=\"color: #000000;\">Titulo: Cartograf\u00eda de tesis de derecho latinoamericanas 2023.<\/span><\/strong><\/p>\n<p style=\"text-align: justify;\"><span style=\"color: #000000;\">Compiladora\/Coordinadora: <\/span><span style=\"color: #000000;\">Elvigia Cardona Zuleta, Universidad Cat\u00f3lica Luis Amig\u00f3, Medell\u00edn-Colombia<\/span><\/p>\n<p style=\"text-align: justify;\"><em><span style=\"color: #000000;\">Ivelisse de la Caridad P\u00e9rez Unzu\u00e9, <\/span><\/em><em><span style=\"color: #000000;\">Anna Karla Allen Lima, <\/span><\/em><em><span style=\"color: #000000;\">Marcia Fern\u00e1ndez Hidalgo, <\/span><\/em><em><span style=\"color: #000000;\">Claudia Blanco Carralero, <\/span><\/em><em><span style=\"color: #000000;\">Alejandra Vigil Hern\u00e1ndez, <\/span><\/em><em><span style=\"color: #000000;\">Blanca Milena Morales Chaparro, <\/span><\/em><em><span style=\"color: #000000;\">Weimar de Jes\u00fas Molina Carrasquilla, <\/span><\/em><em><span style=\"color: #000000;\">Thales Rodrigues Batata Thomazoni de Carvalho, <\/span><\/em><em><span style=\"color: #000000;\">Vict\u00f3ria Troian Pagnosi Guimar\u00e3es, <\/span><\/em><em><span style=\"color: #000000;\">Macarena Andrea Villarroel Villarroel, <\/span><\/em><em><span style=\"color: #000000;\">Ignacio Cort\u00e9s Robert, <\/span><\/em><em><span style=\"color: #000000;\">Francisca Javiera Barraza Quiroga, <\/span><\/em><em><span style=\"color: #000000;\">Basti\u00e1n N\u00fa\u00f1ez Figueroa, <\/span><\/em><em><span style=\"color: #000000;\">Roc\u00edo Andrea Toro Zepeda, <\/span><\/em><em><span style=\"color: #000000;\">Vannia Ossand\u00f3n Guti\u00e9rrez, <\/span><\/em><em><span style=\"color: #000000;\">Antonio Ossand\u00f3n Guti\u00e9rrez, <\/span><\/em><em><span style=\"color: #000000;\">Catalina Vergara Garc\u00eda, <\/span><\/em><em><span style=\"color: #000000;\">Luis Barr\u00eda Ardiles, <\/span><\/em><em><span style=\"color: #000000;\">Andr\u00e9s Alejandro Rojas Silva, <\/span><\/em><em><span style=\"color: #000000;\">Vicente Leonardo Baeza Chirino, <\/span><\/em><em><span style=\"color: #000000;\">Kyle Mathew Campbell Campbell, <\/span><\/em><em><span style=\"color: #000000;\">Patricia Alejandra Cozzo Villafa\u00f1e, <\/span><\/em><em><span style=\"color: #000000;\">Paula Fabiana Romano,<\/span><\/em><em><span style=\"color: #000000;\">H\u00e9ctor Jos\u00e9 Mar\u00eda Salom\u00f3n<\/span><\/em><\/p>\n<p>[\/et_pb_text][et_pb_image src=\u00bbhttps:\/\/www.redalc.uda.cl\/wp-content\/uploads\/2026\/02\/WhatsApp-Image-2024-10-29-at-5.59.49-PM-1.jpeg\u00bb _builder_version=\u00bb4.27.5&#8243; _module_preset=\u00bbdefault\u00bb title_text=\u00bbWhatsApp Image 2024-10-29 at 5.59.49 PM (1)\u00bb hover_enabled=\u00bb0&#8243; sticky_enabled=\u00bb0&#8243;][\/et_pb_image][et_pb_button button_text=\u00bbVer m\u00e1s\u00bb _builder_version=\u00bb4.27.5&#8243; _module_preset=\u00bbdefault\u00bb button_text_size=\u00bb18px\u00bb button_text_color=\u00bb#FFFFFF\u00bb button_bg_color=\u00bb#266BA6&#8243; button_border_radius=\u00bb41px\u00bb transform_scale=\u00bb98%|98%\u00bb transform_translate_linked=\u00bboff\u00bb background_layout=\u00bbdark\u00bb custom_margin=\u00bb0px||0px||false|false\u00bb custom_padding=\u00bb7px|24px|7px|24px|true|true\u00bb hover_enabled=\u00bb0&#8243; global_colors_info=\u00bb{}\u00bb theme_builder_area=\u00bbpost_content\u00bb button_url=\u00bbhttps:\/\/www.redalc.uda.cl\/wp-content\/uploads\/2026\/02\/Cartografia-de-tesis-de-derecho-latinoamericana-1.pdf\u00bb sticky_enabled=\u00bb0&#8243;][\/et_pb_button][\/et_pb_column][et_pb_column type=\u00bb1_2&#8243; _builder_version=\u00bb4.27.2&#8243; _module_preset=\u00bbdefault\u00bb global_colors_info=\u00bb{}\u00bb][et_pb_text _builder_version=\u00bb4.27.4&#8243; _module_preset=\u00bbdefault\u00bb custom_margin=\u00bb-29px|||||\u00bb custom_padding=\u00bb||0px|||\u00bb global_colors_info=\u00bb{}\u00bb]<\/p>\n<p style=\"text-align: justify;\"><strong><span style=\"color: #000000;\">T\u00edtulo: Pluralismo Jur\u00eddico y Derechos Ind\u00edgenas en Am\u00e9rica Latina<\/span><\/strong><\/p>\n<p style=\"text-align: justify;\"><span style=\"color: #000000;\">Compiladora: Katherine Becerra Valdivia (Chile)<\/span><br \/><span style=\"color: #000000;\">Directora Equipo Editorial: Taeli Go\u0301mez Francisco<\/span><br \/><span style=\"color: #000000;\">Asistente Editorial Gonzalo Namor Kong (Chile)<\/span><br \/><span style=\"color: #000000;\">Daniel Araya Ardiles (Chile)<\/span><\/p>\n<p style=\"text-align: justify;\"><span style=\"color: #000000;\"><strong>Autores:<\/strong> <em>Rodolfo Giraldo Quintero (Colombia), <\/em><\/span><em><span style=\"color: #000000;\">Ana Mar\u00eda Ramirez S\u00e1nchez (M\u00e9xico), <\/span><span style=\"color: #000000;\">Yolange Veliz Valencia (Ecuador), <\/span><span style=\"color: #000000;\">Javier Leiva Albornoz (Chile), <\/span><span style=\"color: #000000;\">Pedro L\u00e9on Estrada (Per\u00fa),,<\/span><span style=\"color: #000000;\">Eduardo Llugdar. (Argentina)<\/span><\/em><\/p>\n<p>[\/et_pb_text][et_pb_image src=\u00bbhttps:\/\/www.redalc.uda.cl\/wp-content\/uploads\/2026\/02\/WhatsApp-Image-2024-10-29-at-5.59.48-PM.jpeg\u00bb title_text=\u00bbWhatsApp Image 2024-10-29 at 5.59.48 PM\u00bb _builder_version=\u00bb4.27.5&#8243; _module_preset=\u00bbdefault\u00bb global_colors_info=\u00bb{}\u00bb][\/et_pb_image][et_pb_text _builder_version=\u00bb4.27.4&#8243; _module_preset=\u00bbdefault\u00bb custom_margin=\u00bb64px||2px|||\u00bb global_colors_info=\u00bb{}\u00bb]<\/p>\n<p style=\"text-align: justify;\"><strong><span style=\"color: #000000;\">Titulo: Legado y vanguardia: Explorando el pensamiento penal de Bustos Ram\u00edrez en el contexto contempor\u00e1neo de Latinoam\u00e9rica<\/span><\/strong><\/p>\n<p style=\"text-align: justify;\"><span style=\"color: #000000;\">Compiladores\/Editores y Editoras: <\/span><span style=\"color: #000000;\">Dra. Tael\u00ed G\u00f3mez, <\/span><span style=\"color: #000000;\">Dra. Gyomar P\u00e9rez, <\/span><span style=\"color: #000000;\">Dra. Patricia Cozzo, <\/span><span style=\"color: #000000;\">Dr. Pedro Luis Bracho<\/span><\/p>\n<p style=\"text-align: justify;\"><strong><span style=\"color: #000000;\">Autores: <\/span><\/strong><em><span style=\"color: #000000;\">Dra. Gyomar P\u00e9rez Cobo, <\/span><\/em><em><span style=\"color: #000000;\">Dr. Pedro Luis Bracho Fuenmayor, <\/span><\/em><em><span style=\"color: #000000;\">Dra. Marcela Ver\u00f3nica Ch\u00e1vez Hern\u00e1ndez, <\/span><\/em><em><span style=\"color: #000000;\">Dra. Yeriny del Carmen Conopoima Moreno, <\/span><\/em><em><span style=\"color: #000000;\">Lic. Lilianys Jim\u00e9nez, <\/span><\/em><em><span style=\"color: #000000;\">Dra. Patricia Cozzo, <\/span><\/em><em><span style=\"color: #000000;\">Dra. Paula Fabiana Romano, <\/span><\/em><em><span style=\"color: #000000;\">Mgs. Tania Mu\u00f1oa Vidal, <\/span><\/em><em><span style=\"color: #000000;\">Dr. Jorge Lu\u00eds Mattos Mej\u00eda, <\/span><\/em><em><span style=\"color: #000000;\">Abg. Ivelcy Patricia P\u00e9rez Ceballos, <\/span><\/em><em><span style=\"color: #000000;\">Abg. Nayib Bowen, <\/span><\/em><em><span style=\"color: #000000;\">Abg. Micaela Barreiro, <\/span><\/em><em><span style=\"color: #000000;\">Dr. Jorge Antonio Di Nicco<\/span><\/em><\/p>\n<p><span style=\"color: #000000;\">\u00a0<\/span><\/p>\n<p>[\/et_pb_text][et_pb_button button_text=\u00bbleer \u00bb _builder_version=\u00bb4.27.5&#8243; _module_preset=\u00bbdefault\u00bb button_text_size=\u00bb18px\u00bb button_text_color=\u00bb#FFFFFF\u00bb button_bg_color=\u00bb#266BA6&#8243; button_border_radius=\u00bb41px\u00bb transform_scale=\u00bb98%|98%\u00bb transform_translate_linked=\u00bboff\u00bb background_layout=\u00bbdark\u00bb custom_margin=\u00bb0px||0px||false|false\u00bb custom_padding=\u00bb1px|24px|1px|24px|true|true\u00bb global_colors_info=\u00bb{}\u00bb][\/et_pb_button][et_pb_image src=\u00bbhttps:\/\/www.redalc.uda.cl\/wp-content\/uploads\/2026\/02\/WhatsApp-Image-2024-10-29-at-5.59.48-PM-2.jpeg\u00bb title_text=\u00bbWhatsApp Image 2024-10-29 at 5.59.48 PM (2)\u00bb _builder_version=\u00bb4.27.5&#8243; _module_preset=\u00bbdefault\u00bb custom_margin=\u00bb43px|||||\u00bb global_colors_info=\u00bb{}\u00bb][\/et_pb_image][et_pb_text _builder_version=\u00bb4.27.4&#8243; _module_preset=\u00bbdefault\u00bb global_colors_info=\u00bb{}\u00bb]<\/p>\n<h4><strong>Inteligencia artificial para un futuro sostenible.<\/strong><\/h4>\n<p>Organizadores y organizadoras: Haide Mar\u00eda Hupffer, Jorge Eduardo V\u00e1sques Santamar\u00eda, Taeli G\u00f3mez Francisco.<\/p>\n<p>[\/et_pb_text][et_pb_button button_text=\u00bbleer \u00bb _builder_version=\u00bb4.27.5&#8243; _module_preset=\u00bbdefault\u00bb button_text_size=\u00bb18px\u00bb button_text_color=\u00bb#FFFFFF\u00bb button_bg_color=\u00bb#266BA6&#8243; button_border_radius=\u00bb41px\u00bb transform_scale=\u00bb98%|98%\u00bb transform_translate_linked=\u00bboff\u00bb background_layout=\u00bbdark\u00bb custom_margin=\u00bb0px||0px||false|false\u00bb custom_padding=\u00bb1px|24px|1px|24px|true|true\u00bb global_colors_info=\u00bb{}\u00bb][\/et_pb_button][et_pb_image src=\u00bbhttps:\/\/www.redalc.uda.cl\/wp-content\/uploads\/2026\/02\/descarga.png\u00bb title_text=\u00bbdescarga\u00bb _builder_version=\u00bb4.27.5&#8243; _module_preset=\u00bbdefault\u00bb global_colors_info=\u00bb{}\u00bb][\/et_pb_image][et_pb_button button_url=\u00bbhttps:\/\/www.redalc.uda.cl\/wp-content\/uploads\/2026\/02\/INTELIGENCIA-ARTIFICIAL-PARA-UN-FUTURO-SOSTENIBLE-RETOS-JURIDICOS-Y-ETICOS.pdf\u00bb button_text=\u00bbleer \u00bb _builder_version=\u00bb4.27.5&#8243; _module_preset=\u00bbdefault\u00bb button_text_size=\u00bb18px\u00bb button_text_color=\u00bb#FFFFFF\u00bb button_bg_color=\u00bb#266BA6&#8243; button_border_radius=\u00bb41px\u00bb transform_scale=\u00bb98%|98%\u00bb transform_translate_linked=\u00bboff\u00bb background_layout=\u00bbdark\u00bb custom_margin=\u00bb0px||0px||false|false\u00bb custom_padding=\u00bb1px|24px|1px|24px|true|true\u00bb hover_enabled=\u00bb0&#8243; global_colors_info=\u00bb{}\u00bb sticky_enabled=\u00bb0&#8243;][\/et_pb_button][\/et_pb_column][\/et_pb_row][\/et_pb_section][et_pb_section fb_built=\u00bb1&#8243; _builder_version=\u00bb4.27.4&#8243; _module_preset=\u00bbdefault\u00bb background_color=\u00bb#266BA6&#8243; custom_padding=\u00bb28px||0px|||\u00bb global_colors_info=\u00bb{}\u00bb][et_pb_row column_structure=\u00bb1_2,1_2&#8243; _builder_version=\u00bb4.27.4&#8243; _module_preset=\u00bbdefault\u00bb global_colors_info=\u00bb{}\u00bb][et_pb_column type=\u00bb1_2&#8243; _builder_version=\u00bb4.27.4&#8243; _module_preset=\u00bbdefault\u00bb global_colors_info=\u00bb{}\u00bb][et_pb_text _builder_version=\u00bb4.27.4&#8243; _module_preset=\u00bbdefault\u00bb text_text_color=\u00bb#FFFFFF\u00bb text_font_size=\u00bb18px\u00bb header_text_color=\u00bb#FFFFFF\u00bb custom_margin=\u00bb2px|||||\u00bb global_colors_info=\u00bb{}\u00bb]<\/p>\n<h1>LANZAMIENTO DE LIBROS<\/h1>\n<p style=\"text-align: justify;\">Durante la convenci\u00f3n, se present\u00f3 el libro Ensayos de Teor\u00eda del Derecho y Filosof\u00eda Pol\u00edtica, del destacado autor Dr. Antonio Carlos Wolkmer. La presentaci\u00f3n estuvo a cargo del Dr. Rodrigo Cardozo Pozo, Decano de Ciencias Jur\u00eddicas, quien destac\u00f3 la relevancia de esta obra en el an\u00e1lisis cr\u00edtico y contempor\u00e1neo de la teor\u00eda del derecho y la filosof\u00eda pol\u00edtica, especialmente en el contexto latinoamericano.<\/p>\n<p>[\/et_pb_text][\/et_pb_column][et_pb_column type=\u00bb1_2&#8243; _builder_version=\u00bb4.27.4&#8243; _module_preset=\u00bbdefault\u00bb global_colors_info=\u00bb{}\u00bb][et_pb_button button_text=\u00bbleer \u00bb _builder_version=\u00bb4.27.5&#8243; _module_preset=\u00bbdefault\u00bb button_text_size=\u00bb18px\u00bb button_text_color=\u00bb#FFFFFF\u00bb button_bg_color=\u00bb#266BA6&#8243; button_border_radius=\u00bb41px\u00bb transform_scale=\u00bb98%|98%\u00bb transform_translate_linked=\u00bboff\u00bb background_layout=\u00bbdark\u00bb custom_margin=\u00bb0px||0px||false|false\u00bb custom_padding=\u00bb1px|24px|1px|24px|true|true\u00bb global_colors_info=\u00bb{}\u00bb][\/et_pb_button][et_pb_video src=\u00bbhttps:\/\/www.youtube.com\/watch?v=t3YexpvzKFA&#038;list=PL7IbcMsMiM9iMT282hkEN7ls3efKvmQWy&#038;index=2&#8243; _builder_version=\u00bb4.27.4&#8243; _module_preset=\u00bbdefault\u00bb global_colors_info=\u00bb{}\u00bb][\/et_pb_video][\/et_pb_column][\/et_pb_row][\/et_pb_section]<\/p>\n","protected":false},"excerpt":{"rendered":"<p>LANZAMIENTO DE LIBROSPRIMERA CONVENCI\u00d3N PRESENCIAL08:15 \u2013 10:40 | Lanzamiento de LibrosLugar:\u00a0Sal\u00f3n de Juicio Oral, (Facultad de Ciencias Jur\u00eddicas, UDA, \u00e1rea sur)Ver Online:\u00a0YouTube Live\u00a0El Decano de la Facultad de Ciencias Jur\u00eddicas, Dr. Rodrigo Cardozo Pozo, tendr\u00e1 el honor de presentar el reciente libro del Dr. Antonio Carlos Wolkmer, Ensayos de Teor\u00eda del Derecho y Filosof\u00eda Pol\u00edtica [&hellip;]<\/p>\n","protected":false},"author":3,"featured_media":0,"parent":0,"menu_order":0,"comment_status":"closed","ping_status":"closed","template":"","meta":{"_et_pb_use_builder":"on","_et_pb_old_content":"","_et_gb_content_width":"","footnotes":""},"class_list":["post-48021","page","type-page","status-publish","hentry"],"_links":{"self":[{"href":"https:\/\/www.redalc.uda.cl\/index.php\/wp-json\/wp\/v2\/pages\/48021","targetHints":{"allow":["GET"]}}],"collection":[{"href":"https:\/\/www.redalc.uda.cl\/index.php\/wp-json\/wp\/v2\/pages"}],"about":[{"href":"https:\/\/www.redalc.uda.cl\/index.php\/wp-json\/wp\/v2\/types\/page"}],"author":[{"embeddable":true,"href":"https:\/\/www.redalc.uda.cl\/index.php\/wp-json\/wp\/v2\/users\/3"}],"replies":[{"embeddable":true,"href":"https:\/\/www.redalc.uda.cl\/index.php\/wp-json\/wp\/v2\/comments?post=48021"}],"version-history":[{"count":16,"href":"https:\/\/www.redalc.uda.cl\/index.php\/wp-json\/wp\/v2\/pages\/48021\/revisions"}],"predecessor-version":[{"id":49233,"href":"https:\/\/www.redalc.uda.cl\/index.php\/wp-json\/wp\/v2\/pages\/48021\/revisions\/49233"}],"wp:attachment":[{"href":"https:\/\/www.redalc.uda.cl\/index.php\/wp-json\/wp\/v2\/media?parent=48021"}],"curies":[{"name":"wp","href":"https:\/\/api.w.org\/{rel}","templated":true}]}}