{"id":47993,"date":"2025-11-17T23:10:16","date_gmt":"2025-11-18T02:10:16","guid":{"rendered":"https:\/\/www.redalc.uda.cl\/?page_id=47993"},"modified":"2026-02-20T18:30:46","modified_gmt":"2026-02-20T21:30:46","slug":"declaraciones-de-atacama-derecho-animal-cata","status":"publish","type":"page","link":"https:\/\/www.redalc.uda.cl\/index.php\/declaraciones-de-atacama-derecho-animal-cata\/","title":{"rendered":"DECLARACIONES DE ATACAMA DERECHO ANIMAL &#8211; CATA"},"content":{"rendered":"<p>[et_pb_section fb_built=\u00bb1&#8243; _builder_version=\u00bb4.27.4&#8243; _module_preset=\u00bbdefault\u00bb background_color=\u00bb#266BA6&#8243; custom_padding=\u00bb54px||0px|||\u00bb global_colors_info=\u00bb{}\u00bb][et_pb_row column_structure=\u00bb1_2,1_2&#8243; _builder_version=\u00bb4.27.4&#8243; _module_preset=\u00bbdefault\u00bb custom_padding=\u00bb0px||0px|||\u00bb global_colors_info=\u00bb{}\u00bb][et_pb_column type=\u00bb1_2&#8243; _builder_version=\u00bb4.27.4&#8243; _module_preset=\u00bbdefault\u00bb global_colors_info=\u00bb{}\u00bb][et_pb_text _builder_version=\u00bb4.27.4&#8243; _module_preset=\u00bbdefault\u00bb text_text_color=\u00bb#FFFFFF\u00bb header_text_color=\u00bb#FFFFFF\u00bb global_colors_info=\u00bb{}\u00bb]<\/p>\n<h1>DECLARACIONES DE ATACAMA 2024<\/h1>\n<p style=\"text-align: justify;\"><em>Reconocimiento de los animales como sujetos educativos y consolidaci\u00f3n del derecho animal en la academia LatinoAmericana<\/em><\/p>\n<p style=\"text-align: justify;\">Nosotros y nosotras, investigadores y especialistas en Derecho Animal de diversos pa\u00edses de Latinoam\u00e9rica y el mundo, nos dirigimos a las instituciones educativas de nuestra regi\u00f3n para hacer un llamado a la inclusi\u00f3n y consolidaci\u00f3n del Derecho Animal como una disciplina aut\u00f3noma en la academia.<\/p>\n<p>[\/et_pb_text][\/et_pb_column][et_pb_column type=\u00bb1_2&#8243; _builder_version=\u00bb4.27.4&#8243; _module_preset=\u00bbdefault\u00bb global_colors_info=\u00bb{}\u00bb][et_pb_image src=\u00bbhttps:\/\/www.redalc.uda.cl\/wp-content\/uploads\/2025\/11\/ICONO-DECLARACION-DERECHO-ANIMAL-11.png\u00bb title_text=\u00bbICONO DECLARACION DERECHO ANIMAL-11&#8243; _builder_version=\u00bb4.27.4&#8243; _module_preset=\u00bbdefault\u00bb transform_scale=\u00bb80%|80%\u00bb transform_translate=\u00bb0px|-63px\u00bb transform_translate_linked=\u00bboff\u00bb global_colors_info=\u00bb{}\u00bb][\/et_pb_image][\/et_pb_column][\/et_pb_row][\/et_pb_section][et_pb_section fb_built=\u00bb1&#8243; _builder_version=\u00bb4.27.4&#8243; _module_preset=\u00bbdefault\u00bb global_colors_info=\u00bb{}\u00bb custom_margin=\u00bb-1px|||||\u00bb][et_pb_row column_structure=\u00bb1_2,1_2&#8243; _builder_version=\u00bb4.27.4&#8243; _module_preset=\u00bbdefault\u00bb global_colors_info=\u00bb{}\u00bb][et_pb_column type=\u00bb1_2&#8243; _builder_version=\u00bb4.27.4&#8243; _module_preset=\u00bbdefault\u00bb global_colors_info=\u00bb{}\u00bb][et_pb_text _builder_version=\u00bb4.27.4&#8243; _module_preset=\u00bbdefault\u00bb text_text_color=\u00bb#266BA6&#8243; text_font_size=\u00bb18px\u00bb global_colors_info=\u00bb{}\u00bb]<\/p>\n<p><strong>Declaramos:<\/strong><\/p>\n<p style=\"text-align: justify;\">Que los animales humanos debemos aprender a tener una relaci\u00f3n respetuosa con los sujetos de cualquier especie, lo que representa una responsabilidad ineludible. En tal sentido, las instituciones educativas est\u00e1n convocadas a incluir en los curr\u00edculos educativos, de acuerdo a sus diversos niveles, consideraciones sobre la \u00c9tica Animal, el Derecho Animal y el Bienestar Animal. En consecuencia, les instamos a desarrollar pol\u00edticas y programas que fomenten el respeto y la protecci\u00f3n de los animales en tanto sujetos titulares de intereses y, por tanto, de derechos.<\/p>\n<p>[\/et_pb_text][\/et_pb_column][et_pb_column type=\u00bb1_2&#8243; _builder_version=\u00bb4.27.4&#8243; _module_preset=\u00bbdefault\u00bb global_colors_info=\u00bb{}\u00bb][et_pb_button button_text=\u00bbDECLARACI\u00d3N POR EL RECONOCIMIENTO Y CONSIDERACI\u00d3N DE LOS ANIMALES COMO SUJETOS EN LOS PROCESOS EDUCATIVOS \u00bb _builder_version=\u00bb4.27.5&#8243; _module_preset=\u00bbdefault\u00bb button_text_size=\u00bb18px\u00bb button_text_color=\u00bb#FFFFFF\u00bb button_bg_color=\u00bb#D989A6&#8243; button_border_radius=\u00bb41px\u00bb transform_scale=\u00bb98%|98%\u00bb transform_translate_linked=\u00bboff\u00bb background_layout=\u00bbdark\u00bb custom_margin=\u00bb0px||0px||false|false\u00bb custom_padding=\u00bb7px|24px|7px|24px|true|true\u00bb hover_enabled=\u00bb0&#8243; global_colors_info=\u00bb{}\u00bb theme_builder_area=\u00bbpost_content\u00bb sticky_enabled=\u00bb0&#8243; button_url=\u00bbhttps:\/\/forms.gle\/E3WGcZv3FGqvc6zf6&#8243; button_bg_enable_color=\u00bbon\u00bb][\/et_pb_button][et_pb_button button_text=\u00bbDeclaraci\u00f3n por la consolidaci\u00f3n del Derecho Animal en la academia latinoamericana\u00bb _builder_version=\u00bb4.27.5&#8243; _module_preset=\u00bbdefault\u00bb button_text_size=\u00bb18px\u00bb button_text_color=\u00bb#FFFFFF\u00bb button_bg_color=\u00bb#D98B29&#8243; button_border_radius=\u00bb41px\u00bb transform_scale=\u00bb98%|98%\u00bb transform_translate_linked=\u00bboff\u00bb background_layout=\u00bbdark\u00bb custom_margin=\u00bb0px||0px||false|false\u00bb custom_padding=\u00bb7px|24px|7px|24px|true|true\u00bb hover_enabled=\u00bb0&#8243; global_colors_info=\u00bb{}\u00bb theme_builder_area=\u00bbpost_content\u00bb button_url=\u00bbhttps:\/\/forms.gle\/D4d18jX1BMRyWKEA8&#8243; sticky_enabled=\u00bb0&#8243; button_bg_enable_color=\u00bbon\u00bb][\/et_pb_button][\/et_pb_column][\/et_pb_row][\/et_pb_section][et_pb_section fb_built=\u00bb1&#8243; _builder_version=\u00bb4.27.4&#8243; _module_preset=\u00bbdefault\u00bb background_color=\u00bb#266BA6&#8243; custom_padding=\u00bb||0px|||\u00bb global_colors_info=\u00bb{}\u00bb][et_pb_row column_structure=\u00bb2_5,3_5&#8243; _builder_version=\u00bb4.27.4&#8243; _module_preset=\u00bbdefault\u00bb custom_padding=\u00bb||0px|||\u00bb global_colors_info=\u00bb{}\u00bb][et_pb_column type=\u00bb2_5&#8243; _builder_version=\u00bb4.27.4&#8243; _module_preset=\u00bbdefault\u00bb global_colors_info=\u00bb{}\u00bb][et_pb_text _builder_version=\u00bb4.27.4&#8243; _module_preset=\u00bbdefault\u00bb text_text_color=\u00bb#FFFFFF\u00bb text_font_size=\u00bb18px\u00bb header_text_color=\u00bb#FFFFFF\u00bb global_colors_info=\u00bb{}\u00bb]<\/p>\n<h1>DECLARACIONES DERECHO ANIMAL.<\/h1>\n<p>&nbsp;<\/p>\n<p style=\"text-align: justify;\">Por la estudiante Victoria Torres de la Universidad de Atacama y en conjunto con la destacada Dra. Mar\u00eda De Las Victorias Gonz\u00e1lez Silvano.<\/p>\n<p>[\/et_pb_text][et_pb_image src=\u00bbhttps:\/\/www.redalc.uda.cl\/wp-content\/uploads\/2026\/02\/Logo_YouTube_en_PNG.png\u00bb title_text=\u00bbLogo_YouTube_(en_PNG)\u00bb _builder_version=\u00bb4.27.5&#8243; _module_preset=\u00bbdefault\u00bb hover_enabled=\u00bb0&#8243; global_colors_info=\u00bb{}\u00bb url=\u00bbhttps:\/\/www.youtube.com\/live\/0Ehz5bijZP4?si=Q6owoGp6HRPmJCXT\u00bb sticky_enabled=\u00bb0&#8243;][\/et_pb_image][\/et_pb_column][et_pb_column type=\u00bb3_5&#8243; _builder_version=\u00bb4.27.4&#8243; _module_preset=\u00bbdefault\u00bb global_colors_info=\u00bb{}\u00bb][et_pb_video src=\u00bbhttps:\/\/www.youtube.com\/watch?v=0Ehz5bijZP4&#038;list=PL7IbcMsMiM9iMT282hkEN7ls3efKvmQWy\u00bb _builder_version=\u00bb4.27.5&#8243; _module_preset=\u00bbdefault\u00bb hover_enabled=\u00bb0&#8243; global_colors_info=\u00bb{}\u00bb sticky_enabled=\u00bb0&#8243;][\/et_pb_video][\/et_pb_column][\/et_pb_row][\/et_pb_section][et_pb_section fb_built=\u00bb1&#8243; _builder_version=\u00bb4.27.4&#8243; _module_preset=\u00bbdefault\u00bb global_colors_info=\u00bb{}\u00bb][et_pb_row column_structure=\u00bb1_2,1_2&#8243; _builder_version=\u00bb4.27.0&#8243; _module_preset=\u00bbdefault\u00bb custom_padding=\u00bb27px|||||\u00bb global_colors_info=\u00bb{}\u00bb][et_pb_column type=\u00bb1_2&#8243; _builder_version=\u00bb4.25.1&#8243; _module_preset=\u00bbdefault\u00bb global_colors_info=\u00bb{}\u00bb][et_pb_text _builder_version=\u00bb4.27.5&#8243; _module_preset=\u00bbdefault\u00bb text_text_color=\u00bb#022859&#8243; hover_enabled=\u00bb0&#8243; sticky_enabled=\u00bb0&#8243;]<\/p>\n<h1>COLOQUIOS DE<\/h1>\n<h1>DERECHO ANIMAL.<\/h1>\n<p>[\/et_pb_text][et_pb_button button_text=\u00bbVer m\u00e1s\u00bb _builder_version=\u00bb4.27.5&#8243; _module_preset=\u00bbdefault\u00bb button_text_size=\u00bb18px\u00bb button_text_color=\u00bb#FFFFFF\u00bb button_bg_color=\u00bb#266BA6&#8243; button_border_radius=\u00bb41px\u00bb transform_scale=\u00bb98%|98%\u00bb transform_translate_linked=\u00bboff\u00bb background_layout=\u00bbdark\u00bb custom_margin=\u00bb0px||0px||false|false\u00bb custom_padding=\u00bb7px|24px|7px|24px|true|true\u00bb hover_enabled=\u00bb0&#8243; global_colors_info=\u00bb{}\u00bb theme_builder_area=\u00bbpost_content\u00bb button_url=\u00bbhttps:\/\/sites.google.com\/view\/coloquios-derecho-animal\/inicio?authuser=0&#8243; sticky_enabled=\u00bb0&#8243;][\/et_pb_button][\/et_pb_column][et_pb_column type=\u00bb1_2&#8243; _builder_version=\u00bb4.25.1&#8243; _module_preset=\u00bbdefault\u00bb global_colors_info=\u00bb{}\u00bb][et_pb_code _builder_version=\u00bb4.27.4&#8243; _module_preset=\u00bbdefault\u00bb custom_margin=\u00bb-36px|||||\u00bb global_colors_info=\u00bb{}\u00bb]<!-- CONTENEDOR EST\u00c9TICO --><!-- [et_pb_line_break_holder] --><\/p>\n<div style=\"<!-- [et_pb_line_break_holder] -->    max-width: 600px;<!-- [et_pb_line_break_holder] -->    margin: 30px auto;<!-- [et_pb_line_break_holder] -->    padding: 15px;<!-- [et_pb_line_break_holder] -->    background: #ffffff;<!-- [et_pb_line_break_holder] -->    border-radius: 16px;<!-- [et_pb_line_break_holder] -->    box-shadow: 0 6px 18px rgba(0,0,0,0.15);<!-- [et_pb_line_break_holder] -->\u00ab><!-- [et_pb_line_break_holder] --><!-- [et_pb_line_break_holder] -->    <!-- POST DE INSTAGRAM CON CAPTION --><!-- [et_pb_line_break_holder] -->    <iframe<!-- [et_pb_line_break_holder] -->        src=\u00bbhttps:\/\/www.instagram.com\/p\/DBPsVLhsuF-\/embed\/?cr=1&#038;v=14&#038;wp=540&#038;rd=https:\/\/www.instagram.com&#038;rp=%2Fp%2FDBPsVLhsuF-&#038;omitscript=false\u00bb<!-- [et_pb_line_break_holder] -->        allowtransparency=\u00bbtrue\u00bb<!-- [et_pb_line_break_holder] -->        frameborder=\u00bb0&#8243;<!-- [et_pb_line_break_holder] -->        scrolling=\u00bbno\u00bb<!-- [et_pb_line_break_holder] -->        height=\u00bb680&#8243;<!-- [et_pb_line_break_holder] -->        style=\u00bb<!-- [et_pb_line_break_holder] -->            width: 100%;<!-- [et_pb_line_break_holder] -->            border: 0;<!-- [et_pb_line_break_holder] -->            border-radius: 12px;<!-- [et_pb_line_break_holder] -->            overflow: hidden;<!-- [et_pb_line_break_holder] -->        \u00ab<!-- [et_pb_line_break_holder] -->    ><\/iframe><!-- [et_pb_line_break_holder] --><!-- [et_pb_line_break_holder] --><\/div>\n<p><!-- [et_pb_line_break_holder] --><!-- [et_pb_line_break_holder] --><!-- SCRIPT NECESARIO DE INSTAGRAM --><!-- [et_pb_line_break_holder] --><script async src=\"https:\/\/www.instagram.com\/embed.js\"><\/script><!-- [et_pb_line_break_holder] -->[\/et_pb_code][\/et_pb_column][\/et_pb_row][\/et_pb_section]<\/p>\n","protected":false},"excerpt":{"rendered":"<p>DECLARACIONES DE ATACAMA 2024 Reconocimiento de los animales como sujetos educativos y consolidaci\u00f3n del derecho animal en la academia LatinoAmericana Nosotros y nosotras, investigadores y especialistas en Derecho Animal de diversos pa\u00edses de Latinoam\u00e9rica y el mundo, nos dirigimos a las instituciones educativas de nuestra regi\u00f3n para hacer un llamado a la inclusi\u00f3n y consolidaci\u00f3n [&hellip;]<\/p>\n","protected":false},"author":3,"featured_media":0,"parent":0,"menu_order":0,"comment_status":"closed","ping_status":"closed","template":"","meta":{"_et_pb_use_builder":"on","_et_pb_old_content":"","_et_gb_content_width":"","footnotes":""},"class_list":["post-47993","page","type-page","status-publish","hentry"],"_links":{"self":[{"href":"https:\/\/www.redalc.uda.cl\/index.php\/wp-json\/wp\/v2\/pages\/47993","targetHints":{"allow":["GET"]}}],"collection":[{"href":"https:\/\/www.redalc.uda.cl\/index.php\/wp-json\/wp\/v2\/pages"}],"about":[{"href":"https:\/\/www.redalc.uda.cl\/index.php\/wp-json\/wp\/v2\/types\/page"}],"author":[{"embeddable":true,"href":"https:\/\/www.redalc.uda.cl\/index.php\/wp-json\/wp\/v2\/users\/3"}],"replies":[{"embeddable":true,"href":"https:\/\/www.redalc.uda.cl\/index.php\/wp-json\/wp\/v2\/comments?post=47993"}],"version-history":[{"count":15,"href":"https:\/\/www.redalc.uda.cl\/index.php\/wp-json\/wp\/v2\/pages\/47993\/revisions"}],"predecessor-version":[{"id":48898,"href":"https:\/\/www.redalc.uda.cl\/index.php\/wp-json\/wp\/v2\/pages\/47993\/revisions\/48898"}],"wp:attachment":[{"href":"https:\/\/www.redalc.uda.cl\/index.php\/wp-json\/wp\/v2\/media?parent=47993"}],"curies":[{"name":"wp","href":"https:\/\/api.w.org\/{rel}","templated":true}]}}