{"id":47960,"date":"2025-11-17T13:52:32","date_gmt":"2025-11-17T16:52:32","guid":{"rendered":"https:\/\/www.redalc.uda.cl\/?page_id=47960"},"modified":"2025-11-17T13:52:42","modified_gmt":"2025-11-17T16:52:42","slug":"requisitos-artes-y-transdiciplinas-cata","status":"publish","type":"page","link":"https:\/\/www.redalc.uda.cl\/index.php\/requisitos-artes-y-transdiciplinas-cata\/","title":{"rendered":"REQUISITOS ARTES Y TRANSDICIPLINAS &#8211; CATA"},"content":{"rendered":"<p>[et_pb_section fb_built=\u00bb1&#8243; _builder_version=\u00bb4.27.4&#8243; _module_preset=\u00bbdefault\u00bb background_color=\u00bb#266BA6&#8243; custom_padding=\u00bb37px||15px|||\u00bb global_colors_info=\u00bb{}\u00bb theme_builder_area=\u00bbpost_content\u00bb][et_pb_row column_structure=\u00bb1_2,1_2&#8243; _builder_version=\u00bb4.27.4&#8243; _module_preset=\u00bbdefault\u00bb custom_padding=\u00bb||0px|||\u00bb hover_enabled=\u00bb0&#8243; global_colors_info=\u00bb{}\u00bb theme_builder_area=\u00bbpost_content\u00bb sticky_enabled=\u00bb0&#8243;][et_pb_column type=\u00bb1_2&#8243; _builder_version=\u00bb4.27.4&#8243; _module_preset=\u00bbdefault\u00bb global_colors_info=\u00bb{}\u00bb theme_builder_area=\u00bbpost_content\u00bb][et_pb_text _builder_version=\u00bb4.27.4&#8243; _module_preset=\u00bbdefault\u00bb header_text_color=\u00bb#FFFFFF\u00bb header_font_size=\u00bb40px\u00bb custom_margin=\u00bb||3px|||\u00bb custom_padding=\u00bb0px|||||\u00bb hover_enabled=\u00bb0&#8243; global_colors_info=\u00bb{}\u00bb theme_builder_area=\u00bbpost_content\u00bb sticky_enabled=\u00bb0&#8243;]<\/p>\n<h1>REQUISITOS<\/h1>\n<p>[\/et_pb_text][et_pb_text _builder_version=\u00bb4.27.4&#8243; _module_preset=\u00bbdefault\u00bb text_text_color=\u00bb#FFFFFF\u00bb text_font_size=\u00bb18px\u00bb hover_enabled=\u00bb0&#8243; global_colors_info=\u00bb{}\u00bb theme_builder_area=\u00bbpost_content\u00bb sticky_enabled=\u00bb0&#8243;]<\/p>\n<p>ARTE Y TRANSDICIPLINA\u00a0 |\u00a0 PRIMERA CONVENCI\u00d3N PRESENCIAL<\/p>\n<p>[\/et_pb_text][et_pb_text _builder_version=\u00bb4.27.4&#8243; _module_preset=\u00bbdefault\u00bb theme_builder_area=\u00bbpost_content\u00bb text_text_color=\u00bb#FFFFFF\u00bb hover_enabled=\u00bb0&#8243; sticky_enabled=\u00bb0&#8243; custom_margin=\u00bb-11px|||||\u00bb]<\/p>\n<p>La Red de Derecho Am\u00e9rica Latina y El Caribe -REDALC- en el marco de la I CONVENCI\u00d3N PRESENCIAL REDALC: \u00abENCUENTRO LATINOAMERICANO DE SABERES\u00bb, a realizarse los d\u00edas 6, 7 y 8 de noviembre, en la Universidad de Atacama de Chile, convoca a participar en el espacio dedicado a la creatividad, derechos, justicia, equidad y artes\u00ab.<\/p>\n<p style=\"text-align: justify;\">Invita a docentes, investigadores, investigadoras, profesionales, estudiantes, trabajadores y trabajadoras de la cultura y de las artes, de REDALC, a participar en la convocatoria abierta para la presentaci\u00f3n de avances o resultados finales de proyectos acad\u00e9micos, de investigaci\u00f3n, proyector de trabajo cultural y\/o de creaci\u00f3n, historia local y memoria popular y DDHH, as\u00ed como iniciativas de formaci\u00f3n bajo el enfoque tem\u00e1tico de \u00bb derechos, justicia, equidad y artes\u00bb.<\/p>\n<p>[\/et_pb_text][\/et_pb_column][et_pb_column type=\u00bb1_2&#8243; _builder_version=\u00bb4.27.4&#8243; _module_preset=\u00bbdefault\u00bb global_colors_info=\u00bb{}\u00bb theme_builder_area=\u00bbpost_content\u00bb][et_pb_image src=\u00bbhttps:\/\/www.redalc.uda.cl\/wp-content\/uploads\/2025\/11\/ICONO-ARTE-Y-TRANSDICIPLINA-11.png\u00bb _builder_version=\u00bb4.27.4&#8243; _module_preset=\u00bbdefault\u00bb theme_builder_area=\u00bbpost_content\u00bb title_text=\u00bbICONO ARTE Y TRANSDICIPLINA-11&#8243; transform_scale=\u00bb80%|80%\u00bb transform_translate_linked=\u00bboff\u00bb hover_enabled=\u00bb0&#8243; sticky_enabled=\u00bb0&#8243;][\/et_pb_image][\/et_pb_column][\/et_pb_row][\/et_pb_section][et_pb_section fb_built=\u00bb1&#8243; _builder_version=\u00bb4.27.4&#8243; _module_preset=\u00bbdefault\u00bb global_colors_info=\u00bb{}\u00bb theme_builder_area=\u00bbpost_content\u00bb custom_margin=\u00bb0px|||||\u00bb custom_padding=\u00bb||12px|||\u00bb][et_pb_row _builder_version=\u00bb4.27.4&#8243; _module_preset=\u00bbdefault\u00bb global_colors_info=\u00bb{}\u00bb theme_builder_area=\u00bbpost_content\u00bb][et_pb_column type=\u00bb4_4&#8243; _builder_version=\u00bb4.27.4&#8243; _module_preset=\u00bbdefault\u00bb global_colors_info=\u00bb{}\u00bb theme_builder_area=\u00bbpost_content\u00bb][et_pb_text _builder_version=\u00bb4.27.4&#8243; _module_preset=\u00bbdefault\u00bb text_text_color=\u00bb#266BA6&#8243; text_font_size=\u00bb18px\u00bb header_text_color=\u00bb#266BA6&#8243; custom_padding=\u00bb|29px||27px||\u00bb hover_enabled=\u00bb0&#8243; global_colors_info=\u00bb{}\u00bb theme_builder_area=\u00bbpost_content\u00bb sticky_enabled=\u00bb0&#8243;]<\/p>\n<p><strong>Convocatoria a publicar en la colecci\u00f3n de narrativas<\/strong><br \/>Derecho, justicia, equidad y artes.<\/p>\n<p><strong>\u00bfQui\u00e9nes pueden participar?<\/strong><\/p>\n<p>Docentes, investigadores, investigadoras, profesionales, estudiantes, trabajadores y trabajadoras de la cultura y las artes, miembros de REDALC. Si a\u00fan no te has inscrito hazlo en este link: https:\/\/forms.gle\/vPpMRdipifP6REd66<\/p>\n<p>O si eres estudiante: https:\/\/forms.gle\/1Qg6yyeCzmptaoBa8 )<\/p>\n<p>&nbsp;<\/p>\n<p><strong>\u00bfC\u00f3mo participar?<\/strong><\/p>\n<ul>\n<li>Puedes enviar un texto literario en cualquiera de su g\u00e9nero, pudiendo ser: cuento, poes\u00eda, ensayo, cr\u00f3nica, relato, otros, queexplore temas relacionados con la Justicia, equidad, derechos, historia oral, memoria popular y DDHH, realidades latinoamericanas y del Caribe.<\/li>\n<li>Los trabajos pueden ser sobre temas reales o ficticios.<\/li>\n<\/ul>\n<p><strong>Formato<\/strong><\/p>\n<ul>\n<li>Extensi\u00f3n m\u00e1xima: 15 p\u00e1ginas ( tama\u00f1o 12Extensi\u00f3n y Formato:<\/li>\n<li>Extensi\u00f3n m\u00e1xima: 15 p\u00e1ginas.<\/li>\n<li>Formato de p\u00e1gina: Tama\u00f1o carta<\/li>\n<li>Fuente: Times New Roman, tama\u00f1o 12.<\/li>\n<li>Interlineado: 1.5.<\/li>\n<li>Alineaci\u00f3n: Justificado.<\/li>\n<\/ul>\n<p><strong><\/strong><\/p>\n<p><strong>\u00bfCu\u00e1les son los criterios de selecci\u00f3n?<\/strong><\/p>\n<p>Relevancia y originalidad en la exploraci\u00f3n de los temas mencionados.<br \/>Cumplimiento con las normas de env\u00edo (formato y extensi\u00f3n).<\/p>\n<p><strong><em>Fecha l\u00edmite para el env\u00edo de trabajos: 10 de Septiembre<\/em><\/strong><\/p>\n<p><strong>\u00bfD\u00f3nde enviar los trabajos?<\/strong><br \/>FORMULARIO https:\/\/forms.gle\/PqRjkww4vvHu9JNS7 Para cualquier eventualidad: contactar al correo convencionredalc@uda.cl con el asunto \u00bb Convocatoria : narrativas, derechos, justicia, equidad y artes\u201d.<\/p>\n<p>[\/et_pb_text][\/et_pb_column][\/et_pb_row][\/et_pb_section][et_pb_section fb_built=\u00bb1&#8243; theme_builder_area=\u00bbpost_content\u00bb _builder_version=\u00bb4.27.4&#8243; _module_preset=\u00bbdefault\u00bb][et_pb_row _builder_version=\u00bb4.27.4&#8243; _module_preset=\u00bbdefault\u00bb hover_enabled=\u00bb0&#8243; global_colors_info=\u00bb{}\u00bb theme_builder_area=\u00bbpost_content\u00bb background_color=\u00bb#266BA6&#8243; border_radii=\u00bbon|15px|15px|15px|15px\u00bb sticky_enabled=\u00bb0&#8243;][et_pb_column type=\u00bb4_4&#8243; _builder_version=\u00bb4.27.4&#8243; _module_preset=\u00bbdefault\u00bb global_colors_info=\u00bb{}\u00bb theme_builder_area=\u00bbpost_content\u00bb][et_pb_text _builder_version=\u00bb4.27.4&#8243; _module_preset=\u00bbdefault\u00bb text_text_color=\u00bb#FFFFFF\u00bb text_font_size=\u00bb18px\u00bb header_text_color=\u00bb#266BA6&#8243; custom_padding=\u00bb|29px||27px||\u00bb hover_enabled=\u00bb0&#8243; global_colors_info=\u00bb{}\u00bb theme_builder_area=\u00bbpost_content\u00bb sticky_enabled=\u00bb0&#8243;]<\/p>\n<p style=\"text-align: justify;\"><strong>Convocatoria a publicar en la colecci\u00f3n de colecciones visuales<\/strong><br \/>Derecho, justicia, equidad y artes.<\/p>\n<p style=\"text-align: justify;\"><strong>\u00bfQui\u00e9nes pueden participar?<\/strong><\/p>\n<p style=\"text-align: justify;\">Docentes, investigadores, investigadoras, profesionales, estudiantes, trabajadores y trabajadoras de la cultura y las artes, miembros de REDALC. Si a\u00fan no te has inscrito hazlo en este link: https:\/\/forms.gle\/vPpMRdipifP6REd66<\/p>\n<p style=\"text-align: justify;\">O si eres estudiante: https:\/\/forms.gle\/1Qg6yyeCzmptaoBa8 )<\/p>\n<p style=\"text-align: justify;\">\n<p style=\"text-align: justify;\"><strong>\u00bfC\u00f3mo participar?<\/strong><\/p>\n<ul style=\"text-align: justify;\">\n<li>Puedes presentar creaciones de arte visual y audiovisual, tales como: fotograf\u00eda, dibujo, pintura, collage, ilustraci\u00f3n, escultura, murales, nuevos medios integrados, instalaciones, otras expresiones de arte visual.<\/li>\n<li>Las obras deben abordar temas relacionados con los derechos, justicia, equidad, historial oral, memoria popular y realidades de Am\u00e9rica Latina y el Caribe.<\/li>\n<li>Se aceptan obras que reflejen tanto perspectivas reales como interpretaciones ficticias.<\/li>\n<\/ul>\n<p style=\"text-align: justify;\"><strong>Criterios de Selecci\u00f3n<\/strong><\/p>\n<p style=\"text-align: justify;\"><strong><\/strong><\/p>\n<ul style=\"text-align: justify;\">\n<li><strong>Adecuaci\u00f3n al enfoque tem\u00e1tico propuesto:<\/strong> se evaluar\u00e1 c\u00f3mo el proyecto aborda y se relaciona con el tema propuesto en la convocatoria. Se considerar\u00e1 la pertinencia del contenido y su capacidad para generar reflexi\u00f3n o di\u00e1logo sobre derechos, justicia, equidad, historia oral, memoria popular y artes en el contexto latinoamericano. (Debe incorporar un breve texto de fundamentaci\u00f3n)<\/li>\n<li><strong>Originalidad:<\/strong> se valorar\u00e1n las propuestas que ofrezcan un enfoque con arraigo territorial, una mirada latinoamericana, del sur.<\/li>\n<li><strong>Impacto visual y creatividad en la ejecuci\u00f3n:<\/strong> se juzgar\u00e1 la capacidad del proyecto para captar la atenci\u00f3n y provocar una respuestas e interacci\u00f3n visual.<\/li>\n<li><strong>En el caso de trabajos de instalaci\u00f3n, sea cual sea, se debe entregar en detalle una descripci\u00f3n de las dimensiones y consideraciones t\u00e9cnicas:<\/strong> (ancho, alto y largo, espacio, tiempo, soporte, sonido, iluminaci\u00f3n, infraestructura, otros). Esta informaci\u00f3n es esencial para evaluar la viabilidad de la instalaci\u00f3n del proyecto en el espacio expositivo.<\/li>\n<li><strong>Consideraciones T\u00e9cnicas:<\/strong> adem\u00e1s de las dimensiones, se deben detallar cualquier requerimiento t\u00e9cnico. La instituci\u00f3n evaluar\u00e1 la factibilidad de instalar el proyecto dentro del espacio y las condiciones de la exposici\u00f3n. Propuestas que presenten desaf\u00edos log\u00edsticos significativos en su complejidad, podr\u00edan no ser seleccionadas si estos no presentan una propuesta practica y viable para su instalaci\u00f3n y\/o puesta en escena. En este sentido se espera que el o la artista contribuya en todo lo que refiere al montaje de su obra.<\/li>\n<\/ul>\n<p style=\"text-align: justify;\">\n<p style=\"text-align: justify;\"><strong>Env\u00edo de trabajos<\/strong><\/p>\n<ul>\n<li style=\"text-align: justify;\">Formato de env\u00edo:Env\u00eda una imagen digital de alta calidad de tu obra al FORMULARIO https:\/\/forms.gle\/PqRjkww4vvHu9JNS7 Para cualquier eventualidad: contactar al correo convencionredalc@uda.cl con el asunto \u00bb Convocatoria representaciones visuales derechos, justicia, equidad y artes\u201d.<\/li>\n<li style=\"text-align: justify;\"><em><strong>Plazo de env\u00edo hasta el 10 de Septiembre.<\/strong><\/em><\/li>\n<\/ul>\n<p>[\/et_pb_text][\/et_pb_column][\/et_pb_row][et_pb_row _builder_version=\u00bb4.27.4&#8243; _module_preset=\u00bbdefault\u00bb theme_builder_area=\u00bbpost_content\u00bb][et_pb_column _builder_version=\u00bb4.27.4&#8243; _module_preset=\u00bbdefault\u00bb type=\u00bb4_4&#8243; theme_builder_area=\u00bbpost_content\u00bb][et_pb_text _builder_version=\u00bb4.27.4&#8243; _module_preset=\u00bbdefault\u00bb theme_builder_area=\u00bbpost_content\u00bb hover_enabled=\u00bb0&#8243; sticky_enabled=\u00bb0&#8243; text_text_color=\u00bb#266BA6&#8243; text_font_size=\u00bb18px\u00bb]<\/p>\n<p style=\"text-align: justify;\"><strong>Convocatoria a publicar en la colecci\u00f3n de expresiones audiovisuales<\/strong><br \/>Derecho, justicia, equidad y artes.<\/p>\n<p style=\"text-align: justify;\"><strong>\u00bfQui\u00e9nes pueden participar?<\/strong><\/p>\n<ul>\n<li style=\"text-align: justify;\">Docentes, investigadores, investigadoras, profesionales, estudiantes, trabajadores y trabajadoras de la cultura y las artes, miembros de REDALC. Si a\u00fan no te has inscrito hazlo en este link: <a href=\"https:\/\/forms.gle\/vPpMRdipifP6REd66\">https:\/\/forms.gle\/vPpMRdipifP6REd66<\/a><\/li>\n<li style=\"text-align: justify;\">O si eres estudiante: https:\/\/forms.gle\/1Qg6yyeCzmptaoBa8 )<\/li>\n<\/ul>\n<p>[\/et_pb_text][\/et_pb_column][\/et_pb_row][et_pb_row _builder_version=\u00bb4.27.4&#8243; _module_preset=\u00bbdefault\u00bb theme_builder_area=\u00bbpost_content\u00bb custom_margin=\u00bb|auto||225px||\u00bb][et_pb_column _builder_version=\u00bb4.27.4&#8243; _module_preset=\u00bbdefault\u00bb type=\u00bb4_4&#8243; theme_builder_area=\u00bbpost_content\u00bb][et_pb_text _builder_version=\u00bb4.27.4&#8243; _module_preset=\u00bbdefault\u00bb theme_builder_area=\u00bbpost_content\u00bb text_text_color=\u00bb#266BA6&#8243; text_font_size=\u00bb18px\u00bb hover_enabled=\u00bb0&#8243; sticky_enabled=\u00bb0&#8243;]<\/p>\n<p style=\"text-align: justify;\"><strong>\u00bfC\u00f3mo participar?<\/strong><\/p>\n<ul>\n<li style=\"text-align: justify;\">Presenta tus obras audiovisuales: videos, documentales, pel\u00edculas, animaciones, podcasts, cortometrajes o cualquier otra forma de expresi\u00f3n audiovisual.<\/li>\n<li style=\"text-align: justify;\">Las obras deben abordar temas relacionados con los derechos, justicia, equidad, historial oral, memoria popular, artes, realidades con tejido social en Am\u00e9rica Latina y el Caribe.<\/li>\n<li style=\"text-align: justify;\">Se aceptan obras que reflejen tanto perspectivas reales como interpretaciones ficticias.<\/li>\n<\/ul>\n<p style=\"text-align: justify;\"><strong>\u00bfCu\u00e1les son los criterios de selecci\u00f3n?<\/strong><\/p>\n<ul>\n<li style=\"text-align: justify;\">Adecuaci\u00f3n al enfoque tem\u00e1tico propuesto: se evaluar\u00e1 c\u00f3mo el proyecto aborda y se relaciona con el tema propuesto en la convocatoria. Se considerar\u00e1 la pertinencia del contenido y su capacidad para generar reflexi\u00f3n o di\u00e1logo sobre derechos, justicia, equidad, territorialidad, historia oral, memoria popular, creaciones con arraigo en y para el contexto latinoamericano. (incorporar texto de fundamentaci\u00f3n)<\/li>\n<li style=\"text-align: justify;\">Relevancia y originalidad en la representaci\u00f3n de los temas.<\/li>\n<li style=\"text-align: justify;\">Creatividad y calidad de producci\u00f3n en la ejecuci\u00f3n.<\/li>\n<li style=\"text-align: justify;\">Indicar tiempo de duraci\u00f3n y todos los detalles t\u00e9cnicos.<\/li>\n<li style=\"text-align: justify;\"><em><strong>Fecha l\u00edmite para el env\u00edo de trabajos: 10 de Septiembre<\/strong><\/em><\/li>\n<\/ul>\n<p style=\"text-align: justify;\"><strong>\u00bfD\u00f3nde enviar los trabajos?<\/strong><br \/>FORMULARIO https:\/\/forms.gle\/PqRjkww4vvHu9JNS7 Para cualquier eventualidad: contactar al correo convencionredalc@uda.cl con el asunto \u00bb Convocatoria : narrativas, derechos, justicia, equidad y artes\u201d.<\/p>\n<p>[\/et_pb_text][\/et_pb_column][\/et_pb_row][\/et_pb_section][et_pb_section fb_built=\u00bb1&#8243; theme_builder_area=\u00bbpost_content\u00bb _builder_version=\u00bb4.27.4&#8243; _module_preset=\u00bbdefault\u00bb background_color=\u00bb#266BA6&#8243; hover_enabled=\u00bb0&#8243; sticky_enabled=\u00bb0&#8243; custom_padding=\u00bb0px||0px|||\u00bb][et_pb_row _builder_version=\u00bb4.27.4&#8243; _module_preset=\u00bbdefault\u00bb theme_builder_area=\u00bbpost_content\u00bb][et_pb_column _builder_version=\u00bb4.27.4&#8243; _module_preset=\u00bbdefault\u00bb type=\u00bb4_4&#8243; theme_builder_area=\u00bbpost_content\u00bb][et_pb_text _builder_version=\u00bb4.27.4&#8243; _module_preset=\u00bbdefault\u00bb theme_builder_area=\u00bbpost_content\u00bb hover_enabled=\u00bb0&#8243; sticky_enabled=\u00bb0&#8243; text_text_color=\u00bb#FFFFFF\u00bb text_font_size=\u00bb18px\u00bb header_text_color=\u00bb#FFFFFF\u00bb header_font_size=\u00bb40px\u00bb]<\/p>\n<h1>IMPORTANTE<\/h1>\n<p>Para todas las convocatorias<\/p>\n<p><em>Derechos de Autor:<\/em><\/p>\n<p style=\"text-align: justify;\"><em>Los autores conservar\u00e1n todos los derechos sobre sus obras. REDALC, la Universidad de Atacama y sus redes adheridas, podr\u00e1n exhibir las obras de forma gratuita en la colecci\u00f3n en l\u00ednea, que estar\u00e1n disponible en la p\u00e1gina web de REDALC y en las de sus redes asociadas. Adem\u00e1s, las obras se presentar\u00e1n durante la I Convenci\u00f3n Presencial REDALC: \u2018Encuentro Latinoamericano de Saberes\u2019, que se llevar\u00e1 a cabo del 6 al 8 de noviembre en la Universidad de Atacama, Chile. No se transferir\u00e1n derechos de propiedad.<\/em><\/p>\n<p>[\/et_pb_text][\/et_pb_column][\/et_pb_row][\/et_pb_section]<\/p>\n","protected":false},"excerpt":{"rendered":"<p>REQUISITOSARTE Y TRANSDICIPLINA\u00a0 |\u00a0 PRIMERA CONVENCI\u00d3N PRESENCIALLa Red de Derecho Am\u00e9rica Latina y El Caribe -REDALC- en el marco de la I CONVENCI\u00d3N PRESENCIAL REDALC: \u00abENCUENTRO LATINOAMERICANO DE SABERES\u00bb, a realizarse los d\u00edas 6, 7 y 8 de noviembre, en la Universidad de Atacama de Chile, convoca a participar en el espacio dedicado a la [&hellip;]<\/p>\n","protected":false},"author":3,"featured_media":0,"parent":0,"menu_order":0,"comment_status":"closed","ping_status":"closed","template":"","meta":{"_et_pb_use_builder":"on","_et_pb_old_content":"","_et_gb_content_width":"","footnotes":""},"class_list":["post-47960","page","type-page","status-publish","hentry"],"_links":{"self":[{"href":"https:\/\/www.redalc.uda.cl\/index.php\/wp-json\/wp\/v2\/pages\/47960","targetHints":{"allow":["GET"]}}],"collection":[{"href":"https:\/\/www.redalc.uda.cl\/index.php\/wp-json\/wp\/v2\/pages"}],"about":[{"href":"https:\/\/www.redalc.uda.cl\/index.php\/wp-json\/wp\/v2\/types\/page"}],"author":[{"embeddable":true,"href":"https:\/\/www.redalc.uda.cl\/index.php\/wp-json\/wp\/v2\/users\/3"}],"replies":[{"embeddable":true,"href":"https:\/\/www.redalc.uda.cl\/index.php\/wp-json\/wp\/v2\/comments?post=47960"}],"version-history":[{"count":10,"href":"https:\/\/www.redalc.uda.cl\/index.php\/wp-json\/wp\/v2\/pages\/47960\/revisions"}],"predecessor-version":[{"id":47977,"href":"https:\/\/www.redalc.uda.cl\/index.php\/wp-json\/wp\/v2\/pages\/47960\/revisions\/47977"}],"wp:attachment":[{"href":"https:\/\/www.redalc.uda.cl\/index.php\/wp-json\/wp\/v2\/media?parent=47960"}],"curies":[{"name":"wp","href":"https:\/\/api.w.org\/{rel}","templated":true}]}}