{"id":47948,"date":"2025-11-17T13:22:55","date_gmt":"2025-11-17T16:22:55","guid":{"rendered":"https:\/\/www.redalc.uda.cl\/?page_id=47948"},"modified":"2025-11-17T23:34:56","modified_gmt":"2025-11-18T02:34:56","slug":"talleres-y-conservatorios-e-investigacion-cata","status":"publish","type":"page","link":"https:\/\/www.redalc.uda.cl\/index.php\/talleres-y-conservatorios-e-investigacion-cata\/","title":{"rendered":"TALLERES, Y CONSERVATORIOS E INVESTIGACI\u00d3N &#8211; CATA"},"content":{"rendered":"<p>[et_pb_section fb_built=\u00bb1&#8243; _builder_version=\u00bb4.27.4&#8243; _module_preset=\u00bbdefault\u00bb background_color=\u00bb#266BA6&#8243; custom_padding=\u00bb37px||40px|||\u00bb global_colors_info=\u00bb{}\u00bb][et_pb_row column_structure=\u00bb1_2,1_2&#8243; _builder_version=\u00bb4.27.4&#8243; _module_preset=\u00bbdefault\u00bb custom_padding=\u00bb||0px|||\u00bb global_colors_info=\u00bb{}\u00bb][et_pb_column type=\u00bb1_2&#8243; _builder_version=\u00bb4.27.4&#8243; _module_preset=\u00bbdefault\u00bb global_colors_info=\u00bb{}\u00bb][et_pb_text _builder_version=\u00bb4.27.4&#8243; _module_preset=\u00bbdefault\u00bb header_text_color=\u00bb#FFFFFF\u00bb header_font_size=\u00bb40px\u00bb custom_margin=\u00bb||3px|||\u00bb custom_padding=\u00bb0px|||||\u00bb global_colors_info=\u00bb{}\u00bb]<\/p>\n<h1>TALLERES, Y CONSERVATORIOS E INVESTIGACI\u00d3N<\/h1>\n<p>[\/et_pb_text][et_pb_text _builder_version=\u00bb4.27.4&#8243; _module_preset=\u00bbdefault\u00bb text_text_color=\u00bb#022859&#8243; header_3_text_color=\u00bb#022859&#8243; transform_translate=\u00bb0px|-300px\u00bb transform_translate_linked=\u00bboff\u00bb custom_margin=\u00bb-136px|||||\u00bb custom_padding=\u00bb40px|19px||19px||\u00bb locked=\u00bboff\u00bb global_colors_info=\u00bb{}\u00bb]<\/p>\n<h3>CONFIANZA<\/h3>\n<p style=\"text-align: justify;\">La red se sostiene en la confianza mutua entre sus integrantes.<\/p>\n<p>[\/et_pb_text][et_pb_text _builder_version=\u00bb4.27.4&#8243; _module_preset=\u00bbdefault\u00bb text_text_color=\u00bb#FFFFFF\u00bb text_font_size=\u00bb18px\u00bb custom_margin=\u00bb23px|||||\u00bb custom_padding=\u00bb10px|||||\u00bb global_colors_info=\u00bb{}\u00bb]<\/p>\n<p>PRIMERA CONVENCI\u00d3N PRESENCIAL<\/p>\n<p>[\/et_pb_text][\/et_pb_column][et_pb_column type=\u00bb1_2&#8243; _builder_version=\u00bb4.27.4&#8243; _module_preset=\u00bbdefault\u00bb global_colors_info=\u00bb{}\u00bb][\/et_pb_column][\/et_pb_row][\/et_pb_section][et_pb_section fb_built=\u00bb1&#8243; _builder_version=\u00bb4.27.4&#8243; _module_preset=\u00bbdefault\u00bb background_color=\u00bb#266BA6&#8243; custom_padding=\u00bb||0px|||\u00bb global_colors_info=\u00bb{}\u00bb][et_pb_row _builder_version=\u00bb4.27.4&#8243; _module_preset=\u00bbdefault\u00bb global_colors_info=\u00bb{}\u00bb][et_pb_column type=\u00bb4_4&#8243; _builder_version=\u00bb4.27.4&#8243; _module_preset=\u00bbdefault\u00bb background_color=\u00bb#266BA6&#8243; border_radii=\u00bbon|15px|15px|15px|15px\u00bb global_colors_info=\u00bb{}\u00bb][et_pb_text _builder_version=\u00bb4.27.4&#8243; _module_preset=\u00bbdefault\u00bb text_text_color=\u00bb#FFFFFF\u00bb text_font_size=\u00bb18px\u00bb header_text_color=\u00bb#FFFFFF\u00bb header_3_text_color=\u00bb#FFFFFF\u00bb header_3_font_size=\u00bb25px\u00bb custom_margin=\u00bb||0px|||\u00bb custom_padding=\u00bb20px|25px|0px|21px||\u00bb global_colors_info=\u00bb{}\u00bb]<\/p>\n<p style=\"text-align: justify;\"><strong>Buenas pr\u00e1cticas en investigaci\u00f3n y publicaci\u00f3n<\/strong><\/p>\n<p style=\"text-align: justify;\"><strong>1. Fundamentos de la Investigaci\u00f3n Colaborativa y Experiencias Universitarias<\/strong><\/p>\n<ul>\n<li style=\"text-align: justify;\"><strong>Introducci\u00f3n a la Investigaci\u00f3n Colaborativa:<\/strong><\/li>\n<li style=\"text-align: justify;\">Importancia de la colaboraci\u00f3n en la investigaci\u00f3n.<\/li>\n<li style=\"text-align: justify;\">Formaci\u00f3n de equipos de trabajo efectivos.<\/li>\n<li style=\"text-align: justify;\">Roles y responsabilidades en equipos de investigaci\u00f3n.<\/li>\n<\/ul>\n<p style=\"text-align: justify;\">\n<ul>\n<li style=\"text-align: justify;\"><strong>Experiencias Universitarias en Investigaci\u00f3n y Publicaci\u00f3n:<\/strong><\/li>\n<li style=\"text-align: justify;\">Modelos de investigaci\u00f3n colaborativa en entornos universitarios.<\/li>\n<li style=\"text-align: justify;\">Experiencias exitosas de colaboraci\u00f3n entre estudiantes, profesores e instituciones.<\/li>\n<li style=\"text-align: justify;\">Estrategias para fomentar la investigaci\u00f3n y publicaci\u00f3n en el \u00e1mbito universitario.<\/li>\n<\/ul>\n<p style=\"text-align: justify;\"><strong><\/strong><\/p>\n<p style=\"text-align: justify;\"><strong><\/strong><\/p>\n<p style=\"text-align: justify;\"><strong>2. Mejoras en los Procesos de Investigaci\u00f3n y Buenas Pr\u00e1cticas en Publicaci\u00f3n<\/strong><\/p>\n<ul>\n<li style=\"text-align: justify;\"><strong>Mejoras en los Procesos de Investigaci\u00f3n:<\/strong><\/li>\n<li style=\"text-align: justify;\">Herramientas y tecnolog\u00edas para la gesti\u00f3n de proyectos de investigaci\u00f3n.<\/li>\n<li style=\"text-align: justify;\">M\u00e9todos para optimizar la comunicaci\u00f3n y la colaboraci\u00f3n dentro de equipos de trabajo.<\/li>\n<li style=\"text-align: justify;\">Experiencias pr\u00e1cticas de implementaci\u00f3n de mejoras en procesos de investigaci\u00f3n.<\/li>\n<\/ul>\n<ul>\n<li style=\"text-align: justify;\"><strong>Buenas Pr\u00e1cticas en Publicaci\u00f3n Acad\u00e9mica:<\/strong><\/li>\n<li style=\"text-align: justify;\">Selecci\u00f3n de revistas adecuadas para la publicaci\u00f3n.<\/li>\n<li style=\"text-align: justify;\">Etapas del proceso de publicaci\u00f3n: desde la preparaci\u00f3n del manuscrito hasta la revisi\u00f3n por pares.<\/li>\n<li style=\"text-align: justify;\">Estrategias para aumentar la visibilidad y el impacto de las publicaciones.<\/li>\n<\/ul>\n<p style=\"text-align: justify;\"><strong><\/strong><\/p>\n<p style=\"text-align: justify;\"><strong><\/strong><\/p>\n<p style=\"text-align: justify;\"><strong>3. Experiencias Exitosas en Publicaci\u00f3n y Recomendaciones para Publicar en Revistas Indexadas, con Ejercicios Pr\u00e1cticos<\/strong><\/p>\n<p style=\"text-align: justify;\"><strong><\/strong><\/p>\n<ul>\n<li style=\"text-align: justify;\"><strong>Experiencias Exitosas en Publicaci\u00f3n:<\/strong><\/li>\n<li style=\"text-align: justify;\">Casos de \u00e9xito de publicaci\u00f3n en revistas indexadas.<\/li>\n<li style=\"text-align: justify;\">Lecciones aprendidas de experiencias previas de publicaci\u00f3n.<\/li>\n<li style=\"text-align: justify;\">Estrategias para superar desaf\u00edos comunes en el proceso de publicaci\u00f3n.<\/li>\n<\/ul>\n<p>&nbsp;<\/p>\n<ul>\n<li style=\"text-align: justify;\"><strong>Recomendaciones para Publicar en Revistas Indexadas:<\/strong><\/li>\n<li style=\"text-align: justify;\">Criterios de selecci\u00f3n de revistas indexadas.<\/li>\n<li style=\"text-align: justify;\">Preparaci\u00f3n de manuscritos seg\u00fan las pautas de las revistas.<\/li>\n<li style=\"text-align: justify;\">Estrategias para abordar los comentarios de los revisores de forma efectiva.<\/li>\n<\/ul>\n<p>[\/et_pb_text][\/et_pb_column][\/et_pb_row][et_pb_row _builder_version=\u00bb4.27.4&#8243; _module_preset=\u00bbdefault\u00bb global_colors_info=\u00bb{}\u00bb][et_pb_column type=\u00bb4_4&#8243; _builder_version=\u00bb4.27.4&#8243; _module_preset=\u00bbdefault\u00bb background_color=\u00bb#266BA6&#8243; border_radii=\u00bbon|15px|15px|15px|15px\u00bb global_colors_info=\u00bb{}\u00bb][et_pb_text _builder_version=\u00bb4.27.4&#8243; _module_preset=\u00bbdefault\u00bb text_text_color=\u00bb#FFFFFF\u00bb text_font_size=\u00bb18px\u00bb header_text_color=\u00bb#FFFFFF\u00bb header_3_text_color=\u00bb#FFFFFF\u00bb header_3_font_size=\u00bb25px\u00bb custom_margin=\u00bb||0px|||\u00bb custom_padding=\u00bb20px|25px|0px|21px||\u00bb global_colors_info=\u00bb{}\u00bb]<\/p>\n<p style=\"text-align: justify;\"><strong>Buenas pr\u00e1cticas en innovaci\u00f3n educaci\u00f3n superior<\/strong><\/p>\n<p style=\"text-align: justify;\"><strong>Tema 1: Fundamentos de la Educaci\u00f3n Innovadora<\/strong><\/p>\n<ul>\n<li style=\"text-align: justify;\">Definici\u00f3n y conceptos clave de la educaci\u00f3n innovadora en contextos universitarios.<\/li>\n<li style=\"text-align: justify;\">Importancia de la innovaci\u00f3n en la ense\u00f1anza y el aprendizaje.<\/li>\n<li style=\"text-align: justify;\">Beneficios de adoptar pr\u00e1cticas innovadoras en la educaci\u00f3n superior.<\/li>\n<\/ul>\n<p style=\"text-align: justify;\"><strong>Tema 2: Metodolog\u00edas Activas de Aprendizaje<\/strong><\/p>\n<ul>\n<li style=\"text-align: justify;\">Exploraci\u00f3n de metodolog\u00edas activas del aprendizaje cooperativo .<\/li>\n<li style=\"text-align: justify;\">Ejemplos de aplicaci\u00f3n de estas metodolog\u00edas en contextos universitarios.<\/li>\n<li style=\"text-align: justify;\">Estrategias para implementar metodolog\u00edas activas en el aula y fomentar la participaci\u00f3n de los estudiantes.<\/li>\n<\/ul>\n<p style=\"text-align: justify;\"><strong>Tema 3: Dise\u00f1o Curricular Innovador<\/strong><\/p>\n<ul>\n<li style=\"text-align: justify;\">Enfoques curriculares .<\/li>\n<li style=\"text-align: justify;\">Integraci\u00f3n de tecnolog\u00eda en el dise\u00f1o curricular.<\/li>\n<li style=\"text-align: justify;\">Evaluaci\u00f3n aut\u00e9ntica del aprendizaje y retroalimentaci\u00f3n efectiva en entornos universitarios.<\/li>\n<li style=\"text-align: justify;\">Beneficios de la IA en la innovaci\u00f3n educaci\u00f3n superior<\/li>\n<\/ul>\n<p>[\/et_pb_text][\/et_pb_column][\/et_pb_row][\/et_pb_section][et_pb_section fb_built=\u00bb1&#8243; _builder_version=\u00bb4.27.4&#8243; _module_preset=\u00bbdefault\u00bb global_colors_info=\u00bb{}\u00bb][et_pb_row column_structure=\u00bb1_2,1_2&#8243; _builder_version=\u00bb4.27.4&#8243; _module_preset=\u00bbdefault\u00bb global_colors_info=\u00bb{}\u00bb][et_pb_column type=\u00bb1_2&#8243; _builder_version=\u00bb4.27.4&#8243; _module_preset=\u00bbdefault\u00bb global_colors_info=\u00bb{}\u00bb][et_pb_text _builder_version=\u00bb4.27.4&#8243; _module_preset=\u00bbdefault\u00bb text_font_size=\u00bb18px\u00bb header_text_color=\u00bb#022859&#8243; custom_padding=\u00bb20px|||||\u00bb global_colors_info=\u00bb{}\u00bb]<\/p>\n<h1>CONVERSATORIO Y TRABAJO SOBRE BUENAS PR\u00c1CTICAS EN INVESTIGACI\u00d3N, PUBLICACI\u00d3N E INNOVACI\u00d3N EDUCATIVA<\/h1>\n<p>&nbsp;<\/p>\n<p style=\"text-align: justify;\">Las mesas de trabajo resaltan a REDALC como plataforma para fomentar la cooperaci\u00f3n interdisciplinaria en Am\u00e9rica Latina y el Caribe, promoviendo inclusi\u00f3n y justicia social. La actividad orienta la importancia que REDALC se consolide como centro de conocimiento y movilidad acad\u00e9mica, enfrentando desaf\u00edos organizativos que incluyen fortalecer redes de comunicaci\u00f3n, crear una estructura de nodos coordinados y asegurar apoyo metodol\u00f3gico, repositorios y recursos. Adem\u00e1s, promueve el compromiso mediante actividades colaborativas y una vinculaci\u00f3n con el territorio<\/p>\n<p>[\/et_pb_text][\/et_pb_column][et_pb_column type=\u00bb1_2&#8243; _builder_version=\u00bb4.27.4&#8243; _module_preset=\u00bbdefault\u00bb global_colors_info=\u00bb{}\u00bb][et_pb_code _builder_version=\u00bb4.27.4&#8243; _module_preset=\u00bbdefault\u00bb hover_enabled=\u00bb0&#8243; sticky_enabled=\u00bb0&#8243;]<!-- Contenedor est\u00e9tico --><!-- [et_pb_line_break_holder] --><\/p>\n<div style=\"<!-- [et_pb_line_break_holder] -->    max-width: 600px;<!-- [et_pb_line_break_holder] -->    margin: 30px auto;<!-- [et_pb_line_break_holder] -->    padding: 15px;<!-- [et_pb_line_break_holder] -->    background: #ffffff;<!-- [et_pb_line_break_holder] -->    border-radius: 16px;<!-- [et_pb_line_break_holder] -->    box-shadow: 0 6px 18px rgba(0,0,0,0.15);<!-- [et_pb_line_break_holder] -->\u00ab><!-- [et_pb_line_break_holder] --><!-- [et_pb_line_break_holder] -->    <!-- Embed de Instagram con caption --><!-- [et_pb_line_break_holder] -->    <iframe<!-- [et_pb_line_break_holder] -->        src=\u00bbhttps:\/\/www.instagram.com\/p\/DCHCOAzpn2g\/embed\/?cr=1&#038;v=14&#038;wp=540&#038;rd=https:\/\/www.instagram.com&#038;rp=%2Fp%2FDCHCOAzpn2g-&#038;omitscript=false\u00bb<!-- [et_pb_line_break_holder] -->        allowtransparency=\u00bbtrue\u00bb<!-- [et_pb_line_break_holder] -->        frameborder=\u00bb0&#8243;<!-- [et_pb_line_break_holder] -->        scrolling=\u00bbno\u00bb<!-- [et_pb_line_break_holder] -->        height=\u00bb680&#8243;<!-- [et_pb_line_break_holder] -->        style=\u00bb<!-- [et_pb_line_break_holder] -->            width: 100%;<!-- [et_pb_line_break_holder] -->            border: 0;<!-- [et_pb_line_break_holder] -->            border-radius: 12px;<!-- [et_pb_line_break_holder] -->            overflow: hidden;<!-- [et_pb_line_break_holder] -->        \u00ab<!-- [et_pb_line_break_holder] -->    ><\/iframe><!-- [et_pb_line_break_holder] --><!-- [et_pb_line_break_holder] --><\/div>\n<p><!-- [et_pb_line_break_holder] --><!-- [et_pb_line_break_holder] --><!-- Script necesario de Instagram --><!-- [et_pb_line_break_holder] --><script async src=\"https:\/\/www.instagram.com\/embed.js\"><\/script><!-- [et_pb_line_break_holder] -->[\/et_pb_code][\/et_pb_column][\/et_pb_row][\/et_pb_section]<\/p>\n","protected":false},"excerpt":{"rendered":"<p>TALLERES, Y CONSERVATORIOS E INVESTIGACI\u00d3NCONFIANZA La red se sostiene en la confianza mutua entre sus integrantes.PRIMERA CONVENCI\u00d3N PRESENCIALBuenas pr\u00e1cticas en investigaci\u00f3n y publicaci\u00f3n 1. Fundamentos de la Investigaci\u00f3n Colaborativa y Experiencias Universitarias Introducci\u00f3n a la Investigaci\u00f3n Colaborativa: Importancia de la colaboraci\u00f3n en la investigaci\u00f3n. Formaci\u00f3n de equipos de trabajo efectivos. Roles y responsabilidades en equipos [&hellip;]<\/p>\n","protected":false},"author":3,"featured_media":0,"parent":0,"menu_order":0,"comment_status":"closed","ping_status":"closed","template":"","meta":{"_et_pb_use_builder":"on","_et_pb_old_content":"","_et_gb_content_width":"","footnotes":""},"class_list":["post-47948","page","type-page","status-publish","hentry"],"_links":{"self":[{"href":"https:\/\/www.redalc.uda.cl\/index.php\/wp-json\/wp\/v2\/pages\/47948","targetHints":{"allow":["GET"]}}],"collection":[{"href":"https:\/\/www.redalc.uda.cl\/index.php\/wp-json\/wp\/v2\/pages"}],"about":[{"href":"https:\/\/www.redalc.uda.cl\/index.php\/wp-json\/wp\/v2\/types\/page"}],"author":[{"embeddable":true,"href":"https:\/\/www.redalc.uda.cl\/index.php\/wp-json\/wp\/v2\/users\/3"}],"replies":[{"embeddable":true,"href":"https:\/\/www.redalc.uda.cl\/index.php\/wp-json\/wp\/v2\/comments?post=47948"}],"version-history":[{"count":7,"href":"https:\/\/www.redalc.uda.cl\/index.php\/wp-json\/wp\/v2\/pages\/47948\/revisions"}],"predecessor-version":[{"id":48020,"href":"https:\/\/www.redalc.uda.cl\/index.php\/wp-json\/wp\/v2\/pages\/47948\/revisions\/48020"}],"wp:attachment":[{"href":"https:\/\/www.redalc.uda.cl\/index.php\/wp-json\/wp\/v2\/media?parent=47948"}],"curies":[{"name":"wp","href":"https:\/\/api.w.org\/{rel}","templated":true}]}}