{"id":47934,"date":"2025-11-17T12:51:00","date_gmt":"2025-11-17T15:51:00","guid":{"rendered":"https:\/\/www.redalc.uda.cl\/?page_id=47934"},"modified":"2025-11-27T15:18:42","modified_gmt":"2025-11-27T18:18:42","slug":"por-que-es-importante-ciealc-cata","status":"publish","type":"page","link":"https:\/\/www.redalc.uda.cl\/index.php\/por-que-es-importante-ciealc-cata\/","title":{"rendered":"\u00bfPOR QU\u00c9 ES IMPORTANTE ?CIEALC &#8211; CATA"},"content":{"rendered":"<p>[et_pb_section fb_built=\u00bb1&#8243; _builder_version=\u00bb4.27.4&#8243; _module_preset=\u00bbdefault\u00bb background_color=\u00bb#266BA6&#8243; custom_padding=\u00bb37px||40px|||\u00bb global_colors_info=\u00bb{}\u00bb][et_pb_row column_structure=\u00bb1_2,1_2&#8243; _builder_version=\u00bb4.27.4&#8243; _module_preset=\u00bbdefault\u00bb custom_padding=\u00bb||0px|||\u00bb global_colors_info=\u00bb{}\u00bb][et_pb_column type=\u00bb1_2&#8243; _builder_version=\u00bb4.27.4&#8243; _module_preset=\u00bbdefault\u00bb global_colors_info=\u00bb{}\u00bb][et_pb_text _builder_version=\u00bb4.27.4&#8243; _module_preset=\u00bbdefault\u00bb text_text_color=\u00bb#FFFFFF\u00bb text_font_size=\u00bb18px\u00bb header_text_color=\u00bb#FFFFFF\u00bb header_font_size=\u00bb40px\u00bb custom_margin=\u00bb||3px|||\u00bb custom_padding=\u00bb0px|||||\u00bb global_colors_info=\u00bb{}\u00bb]<\/p>\n<h1>\u00bfPOR QU\u00c9 ES IMPORTANTE CIEALC ?<\/h1>\n<p>[\/et_pb_text][et_pb_text _builder_version=\u00bb4.27.4&#8243; _module_preset=\u00bbdefault\u00bb text_text_color=\u00bb#FFFFFF\u00bb text_font_size=\u00bb18px\u00bb global_colors_info=\u00bb{}\u00bb]<\/p>\n<p>PRIMERA CONVENCI\u00d3N PRESENCIAL<\/p>\n<p>[\/et_pb_text][\/et_pb_column][et_pb_column type=\u00bb1_2&#8243; _builder_version=\u00bb4.27.4&#8243; _module_preset=\u00bbdefault\u00bb global_colors_info=\u00bb{}\u00bb][\/et_pb_column][\/et_pb_row][\/et_pb_section][et_pb_section fb_built=\u00bb1&#8243; _builder_version=\u00bb4.27.4&#8243; _module_preset=\u00bbdefault\u00bb custom_padding=\u00bb||0px|||\u00bb global_colors_info=\u00bb{}\u00bb][et_pb_row column_structure=\u00bb1_2,1_2&#8243; _builder_version=\u00bb4.27.4&#8243; _module_preset=\u00bbdefault\u00bb global_colors_info=\u00bb{}\u00bb][et_pb_column type=\u00bb1_2&#8243; _builder_version=\u00bb4.27.4&#8243; _module_preset=\u00bbdefault\u00bb background_color=\u00bb#266BA6&#8243; border_radii=\u00bbon|15px|15px|15px|15px\u00bb global_colors_info=\u00bb{}\u00bb][et_pb_text _builder_version=\u00bb4.27.4&#8243; _module_preset=\u00bbdefault\u00bb text_text_color=\u00bb#FFFFFF\u00bb text_font_size=\u00bb18px\u00bb header_text_color=\u00bb#FFFFFF\u00bb custom_padding=\u00bb20px|25px|26px|21px||\u00bb global_colors_info=\u00bb{}\u00bb]<\/p>\n<h1>\u00bfPor qu\u00e9 es importante tu participaci\u00f3n?<\/h1>\n<ul>\n<li style=\"text-align: justify;\"><strong>Construcci\u00f3n de Redes Internacionales:<\/strong> podr\u00e1s conocer y conectar con estudiantes y profesionales de diferentes pa\u00edses, creando lazos que pueden durar toda la vida y abrirte puertas a futuras oportunidades acad\u00e9micas, laborales.<br \/>Participaci\u00f3n en el Congreso Latinoamericano de<\/li>\n<li style=\"text-align: justify;\"><strong>Derecho, Ciencia y Arte:<\/strong> podr\u00e1s participar en el Congreso Latinoamericano de Derecho, Ciencia y Arte de la I Convenci\u00f3n Presencial REDALC: \u00abEncuentro Latinoamericano de Saberes\u00bb. (revisa la convocatoria, ya disponible)<br \/>Movilidad Estudiantil: este evento facilitar\u00e1 la proyecci\u00f3n y oportunidad de abordar la movilidad estudiantil.<\/li>\n<li style=\"text-align: justify;\"><strong>Semilleros e Innovaci\u00f3n para Aprendizajes:<\/strong> tendr\u00e1s la oportunidad de explorar y compartir experiencias sobre investigaci\u00f3n estudiantil, formaci\u00f3n de semilleros latinoamericanos, trabajar para fortalecer el programa de REDALC sobre tesis latinoamericanas, y conocer y compartir experiencias sobre nuevas metodolog\u00edas de aprendizaje.<\/li>\n<li style=\"text-align: justify;\"><strong>Visibiliza Logros<\/strong>: podr\u00e1s presentar tus proyectos y trabajos, para compartir con una comunidad acad\u00e9mica latinoamericana.<\/li>\n<li style=\"text-align: justify;\"><strong>Unirte al Grupo de Artes de REDALC:<\/strong> Podr\u00e1s unirte al Grupo de Artes de REDALC<\/li>\n<\/ul>\n<p>Participa en la fundaci\u00f3n y lanzamiento del CIEALC Centro de Investigaci\u00f3n Estudiantil de Am\u00e9rica Latina y el Caribe!!!<\/p>\n<p>[\/et_pb_text][\/et_pb_column][et_pb_column type=\u00bb1_2&#8243; _builder_version=\u00bb4.27.4&#8243; _module_preset=\u00bbdefault\u00bb background_color=\u00bb#FFFFFF\u00bb border_radii=\u00bbon|15px|15px|15px|15px\u00bb global_colors_info=\u00bb{}\u00bb][et_pb_image src=\u00bbhttps:\/\/www.redalc.uda.cl\/wp-content\/uploads\/2025\/11\/ICONO-CIEALC-11.png\u00bb title_text=\u00bbICONO CIEALC-11&#8243; _builder_version=\u00bb4.27.4&#8243; _module_preset=\u00bbdefault\u00bb custom_padding=\u00bb64px|||||\u00bb global_colors_info=\u00bb{}\u00bb][\/et_pb_image][\/et_pb_column][\/et_pb_row][et_pb_row column_structure=\u00bb1_2,1_2&#8243; _builder_version=\u00bb4.27.4&#8243; _module_preset=\u00bbdefault\u00bb global_colors_info=\u00bb{}\u00bb][et_pb_column type=\u00bb1_2&#8243; _builder_version=\u00bb4.27.4&#8243; _module_preset=\u00bbdefault\u00bb global_colors_info=\u00bb{}\u00bb][et_pb_text _builder_version=\u00bb4.27.4&#8243; _module_preset=\u00bbdefault\u00bb text_text_color=\u00bb#266BA6&#8243; text_font_size=\u00bb18px\u00bb header_text_color=\u00bb#266BA6&#8243; custom_padding=\u00bb|29px||27px||\u00bb global_colors_info=\u00bb{}\u00bb]<\/p>\n<h1>\u00bfC\u00f3mo participar?<\/h1>\n<ul>\n<li>Como estudiante<\/li>\n<li>Como delegaci\u00f3n estudiantil de tu universidad<\/li>\n<li>Como organizaci\u00f3n estudiantil<\/li>\n<li>Como redes estudiantiles<\/li>\n<li>Adem\u00e1s, si quieres participar como parte del equipo organizador<\/li>\n<\/ul>\n<p>&nbsp;<\/p>\n<ul>\n<li>inscr\u00edbete:<br \/>https:\/\/forms.gle\/6sMbdYqsRDWeBQjUA<\/li>\n<\/ul>\n<p>[\/et_pb_text][\/et_pb_column][et_pb_column type=\u00bb1_2&#8243; _builder_version=\u00bb4.27.4&#8243; _module_preset=\u00bbdefault\u00bb global_colors_info=\u00bb{}\u00bb][et_pb_text _builder_version=\u00bb4.27.4&#8243; _module_preset=\u00bbdefault\u00bb text_text_color=\u00bb#266BA6&#8243; text_font_size=\u00bb18px\u00bb header_text_color=\u00bb#266BA6&#8243; custom_padding=\u00bb|22px||19px||\u00bb global_colors_info=\u00bb{}\u00bb]<\/p>\n<p style=\"text-align: justify;\"><strong>Si necesitas cartas de invitaci\u00f3n, escr\u00edbenos a convencionredalc@uda.cl<\/strong><\/p>\n<p style=\"text-align: justify;\">Mantente atento a la p\u00e1gina web del evento y a las invitaciones que se enviar\u00e1n pr\u00f3ximamente. \u00a1Prep\u00e1rate para ser parte de una experiencia transformadora y para contribuir al desarrollo de la educaci\u00f3n superior en Am\u00e9rica Latina!<\/p>\n<p style=\"text-align: justify;\"><strong>\u00a1Te esperamos en Atacama 2024!<\/strong><\/p>\n<p style=\"text-align: justify;\">Si ya te has titulado felicitaciones !! y quieres seguir en REDALC inscr\u00edbete en el formulario de docentes https:\/\/forms.gle\/UXwzJ9PNonkVJvwj8<\/p>\n<p>[\/et_pb_text][\/et_pb_column][\/et_pb_row][\/et_pb_section][et_pb_section fb_built=\u00bb1&#8243; _builder_version=\u00bb4.27.4&#8243; _module_preset=\u00bbdefault\u00bb custom_padding=\u00bb||0px|||\u00bb global_colors_info=\u00bb{}\u00bb][et_pb_row column_structure=\u00bb1_2,1_2&#8243; _builder_version=\u00bb4.27.4&#8243; _module_preset=\u00bbdefault\u00bb global_colors_info=\u00bb{}\u00bb][et_pb_column type=\u00bb1_2&#8243; _builder_version=\u00bb4.27.4&#8243; _module_preset=\u00bbdefault\u00bb global_colors_info=\u00bb{}\u00bb][et_pb_image src=\u00bbhttps:\/\/www.redalc.uda.cl\/wp-content\/uploads\/2025\/11\/boton-redes-20.png\u00bb title_text=\u00bbboton redes-20&#8243; _builder_version=\u00bb4.27.4&#8243; _module_preset=\u00bbdefault\u00bb global_colors_info=\u00bb{}\u00bb][\/et_pb_image][et_pb_button button_url=\u00bb@ET-DC@eyJkeW5hbWljIjp0cnVlLCJjb250ZW50IjoicG9zdF9saW5rX3VybF9wYWdlIiwic2V0dGluZ3MiOnsicG9zdF9pZCI6IjQ3NjQ3In19@\u00bb button_text=\u00bbCIEALC\u00bb _builder_version=\u00bb4.27.4&#8243; _dynamic_attributes=\u00bbbutton_url\u00bb _module_preset=\u00bbdefault\u00bb button_text_size=\u00bb18px\u00bb button_text_color=\u00bb#022859&#8243; button_border_radius=\u00bb41px\u00bb transform_scale=\u00bb98%|98%\u00bb transform_translate=\u00bb9px|-100px\u00bb transform_translate_linked=\u00bboff\u00bb background_layout=\u00bbdark\u00bb custom_margin=\u00bb0px||0px||false|false\u00bb custom_padding=\u00bb7px|24px|7px|24px|true|true\u00bb global_colors_info=\u00bb{}\u00bb][\/et_pb_button][\/et_pb_column][et_pb_column type=\u00bb1_2&#8243; _builder_version=\u00bb4.27.4&#8243; _module_preset=\u00bbdefault\u00bb global_colors_info=\u00bb{}\u00bb][et_pb_image src=\u00bbhttps:\/\/www.redalc.uda.cl\/wp-content\/uploads\/2025\/11\/boton-redes-20.png\u00bb title_text=\u00bbboton redes-20&#8243; _builder_version=\u00bb4.27.4&#8243; _module_preset=\u00bbdefault\u00bb global_colors_info=\u00bb{}\u00bb][\/et_pb_image][et_pb_button button_url=\u00bb@ET-DC@eyJkeW5hbWljIjp0cnVlLCJjb250ZW50IjoicG9zdF9saW5rX3VybF9wYWdlIiwic2V0dGluZ3MiOnsicG9zdF9pZCI6IjQ3Njg1In19@\u00bb button_text=\u00bbGRUPO DE DOCENTE\u00bb _builder_version=\u00bb4.27.4&#8243; _dynamic_attributes=\u00bbbutton_url\u00bb _module_preset=\u00bbdefault\u00bb button_text_size=\u00bb18px\u00bb button_text_color=\u00bb#022859&#8243; button_border_radius=\u00bb41px\u00bb transform_scale=\u00bb98%|98%\u00bb transform_translate=\u00bb9px|-100px\u00bb transform_translate_linked=\u00bboff\u00bb background_layout=\u00bbdark\u00bb custom_margin=\u00bb0px||0px||false|false\u00bb custom_padding=\u00bb7px|24px|7px|24px|true|true\u00bb global_colors_info=\u00bb{}\u00bb][\/et_pb_button][\/et_pb_column][\/et_pb_row][\/et_pb_section]<\/p>\n","protected":false},"excerpt":{"rendered":"<p>\u00bfPOR QU\u00c9 ES IMPORTANTE CIEALC ?PRIMERA CONVENCI\u00d3N PRESENCIAL\u00bfPor qu\u00e9 es importante tu participaci\u00f3n? Construcci\u00f3n de Redes Internacionales: podr\u00e1s conocer y conectar con estudiantes y profesionales de diferentes pa\u00edses, creando lazos que pueden durar toda la vida y abrirte puertas a futuras oportunidades acad\u00e9micas, laborales.Participaci\u00f3n en el Congreso Latinoamericano de Derecho, Ciencia y Arte: podr\u00e1s participar [&hellip;]<\/p>\n","protected":false},"author":3,"featured_media":0,"parent":0,"menu_order":0,"comment_status":"closed","ping_status":"closed","template":"","meta":{"_et_pb_use_builder":"on","_et_pb_old_content":"","_et_gb_content_width":"","footnotes":""},"class_list":["post-47934","page","type-page","status-publish","hentry"],"_links":{"self":[{"href":"https:\/\/www.redalc.uda.cl\/index.php\/wp-json\/wp\/v2\/pages\/47934","targetHints":{"allow":["GET"]}}],"collection":[{"href":"https:\/\/www.redalc.uda.cl\/index.php\/wp-json\/wp\/v2\/pages"}],"about":[{"href":"https:\/\/www.redalc.uda.cl\/index.php\/wp-json\/wp\/v2\/types\/page"}],"author":[{"embeddable":true,"href":"https:\/\/www.redalc.uda.cl\/index.php\/wp-json\/wp\/v2\/users\/3"}],"replies":[{"embeddable":true,"href":"https:\/\/www.redalc.uda.cl\/index.php\/wp-json\/wp\/v2\/comments?post=47934"}],"version-history":[{"count":9,"href":"https:\/\/www.redalc.uda.cl\/index.php\/wp-json\/wp\/v2\/pages\/47934\/revisions"}],"predecessor-version":[{"id":48251,"href":"https:\/\/www.redalc.uda.cl\/index.php\/wp-json\/wp\/v2\/pages\/47934\/revisions\/48251"}],"wp:attachment":[{"href":"https:\/\/www.redalc.uda.cl\/index.php\/wp-json\/wp\/v2\/media?parent=47934"}],"curies":[{"name":"wp","href":"https:\/\/api.w.org\/{rel}","templated":true}]}}