{"id":47913,"date":"2025-11-17T11:09:48","date_gmt":"2025-11-17T14:09:48","guid":{"rendered":"https:\/\/www.redalc.uda.cl\/?page_id=47913"},"modified":"2025-11-17T11:09:55","modified_gmt":"2025-11-17T14:09:55","slug":"programacion-1era-convencion-cata","status":"publish","type":"page","link":"https:\/\/www.redalc.uda.cl\/index.php\/programacion-1era-convencion-cata\/","title":{"rendered":"PROGRAMACION  1ERA CONVENCION &#8211; CATA"},"content":{"rendered":"<p>[et_pb_section fb_built=\u00bb1&#8243; _builder_version=\u00bb4.27.4&#8243; _module_preset=\u00bbdefault\u00bb background_color=\u00bb#266BA6&#8243; custom_padding=\u00bb37px||40px|||\u00bb global_colors_info=\u00bb{}\u00bb theme_builder_area=\u00bbpost_content\u00bb][et_pb_row column_structure=\u00bb1_2,1_2&#8243; _builder_version=\u00bb4.27.4&#8243; _module_preset=\u00bbdefault\u00bb custom_padding=\u00bb||0px|||\u00bb global_colors_info=\u00bb{}\u00bb theme_builder_area=\u00bbpost_content\u00bb][et_pb_column type=\u00bb1_2&#8243; _builder_version=\u00bb4.27.4&#8243; _module_preset=\u00bbdefault\u00bb global_colors_info=\u00bb{}\u00bb theme_builder_area=\u00bbpost_content\u00bb][et_pb_text _builder_version=\u00bb4.27.4&#8243; _module_preset=\u00bbdefault\u00bb header_text_color=\u00bb#FFFFFF\u00bb header_font_size=\u00bb40px\u00bb custom_margin=\u00bb||3px|||\u00bb custom_padding=\u00bb0px|||||\u00bb global_colors_info=\u00bb{}\u00bb theme_builder_area=\u00bbpost_content\u00bb]<\/p>\n<h1>PROGRAMACI\u00d3N<\/h1>\n<p>[\/et_pb_text][et_pb_text _builder_version=\u00bb4.27.4&#8243; _module_preset=\u00bbdefault\u00bb text_text_color=\u00bb#FFFFFF\u00bb text_font_size=\u00bb18px\u00bb global_colors_info=\u00bb{}\u00bb theme_builder_area=\u00bbpost_content\u00bb]<\/p>\n<p>PRIMERA CONVENCI\u00d3N PRESENCIAL<\/p>\n<p>[\/et_pb_text][\/et_pb_column][et_pb_column type=\u00bb1_2&#8243; _builder_version=\u00bb4.27.4&#8243; _module_preset=\u00bbdefault\u00bb global_colors_info=\u00bb{}\u00bb theme_builder_area=\u00bbpost_content\u00bb][\/et_pb_column][\/et_pb_row][\/et_pb_section][et_pb_section fb_built=\u00bb1&#8243; _builder_version=\u00bb4.27.4&#8243; _module_preset=\u00bbdefault\u00bb global_colors_info=\u00bb{}\u00bb theme_builder_area=\u00bbpost_content\u00bb][et_pb_row column_structure=\u00bb1_2,1_2&#8243; _builder_version=\u00bb4.27.4&#8243; _module_preset=\u00bbdefault\u00bb hover_enabled=\u00bb0&#8243; global_colors_info=\u00bb{}\u00bb theme_builder_area=\u00bbpost_content\u00bb sticky_enabled=\u00bb0&#8243;][et_pb_column type=\u00bb1_2&#8243; _builder_version=\u00bb4.27.4&#8243; _module_preset=\u00bbdefault\u00bb background_color=\u00bb#FFFFFF\u00bb hover_enabled=\u00bb0&#8243; border_radii=\u00bbon|15px|15px|15px|15px\u00bb global_colors_info=\u00bb{}\u00bb theme_builder_area=\u00bbpost_content\u00bb sticky_enabled=\u00bb0&#8243;][et_pb_text _builder_version=\u00bb4.27.4&#8243; _module_preset=\u00bbdefault\u00bb text_text_color=\u00bb#266BA6&#8243; text_font_size=\u00bb18px\u00bb header_text_color=\u00bb#266BA6&#8243; custom_padding=\u00bb20px|25px|84px|21px||\u00bb hover_enabled=\u00bb0&#8243; global_colors_info=\u00bb{}\u00bb theme_builder_area=\u00bbpost_content\u00bb sticky_enabled=\u00bb0&#8243;]<\/p>\n<p style=\"text-align: center;\"><strong>MI\u00c9RCOLES 6 DE NOVIEMBRE<\/strong><br \/>(Tarde 14:30 \u2013 18:30)<\/p>\n<p style=\"text-align: center;\"><em>Inauguraci\u00f3n<\/em><\/p>\n<p>[\/et_pb_text][\/et_pb_column][et_pb_column type=\u00bb1_2&#8243; _builder_version=\u00bb4.27.4&#8243; _module_preset=\u00bbdefault\u00bb background_color=\u00bb#266BA6&#8243; border_radii=\u00bbon|15px|15px|15px|15px\u00bb global_colors_info=\u00bb{}\u00bb theme_builder_area=\u00bbpost_content\u00bb][et_pb_text _builder_version=\u00bb4.27.4&#8243; _module_preset=\u00bbdefault\u00bb text_text_color=\u00bb#FFFFFF\u00bb text_font_size=\u00bb18px\u00bb header_text_color=\u00bb#FFFFFF\u00bb custom_padding=\u00bb20px|25px|52px|21px||\u00bb hover_enabled=\u00bb0&#8243; global_colors_info=\u00bb{}\u00bb theme_builder_area=\u00bbpost_content\u00bb sticky_enabled=\u00bb0&#8243;]<\/p>\n<p style=\"text-align: justify;\"><strong>14:30 \u2013 15:00 | Recepci\u00f3n<\/strong><br \/>Lugar: Sala de C\u00e1mara (Alameda Manuel Antonio Matta 260, Copiap\u00f3)<br \/>Detalles: bienvenida por los equipos organizadores. Entrega de credenciales y material<\/p>\n<p style=\"text-align: justify;\"><strong>15:00 \u2013 15:50 | Presentaci\u00f3n y bienvenida REDALC<\/strong><br \/>Detalles: Ceremonia de apertura con palabras de los organizadores.<\/p>\n<p style=\"text-align: justify;\"><strong>16:00 \u2013 16:40 | Conferencia inaugural<\/strong><br \/>Encargada: C\u00e1tedra Latinoamericana de la Complejidad \u00abCarlos Eduardo Maldonado\u00bb de REDALC<br \/>Conferencista: Dr. Carlos Eduardo Maldonado<\/p>\n<p style=\"text-align: justify;\"><strong>17:00 \u2013 17:40 | Ceremonia de Artes-Ciencias<\/strong><br \/>Fotograf\u00eda Oficial<\/p>\n<p style=\"text-align: justify;\"><strong>17:45 \u2013 18:30 | C\u00f3ctel de bienvenida<\/strong><\/p>\n<p style=\"text-align: justify;\">Ver Online: https:\/\/youtube.com\/live\/Z_FZBnlQoFM<\/p>\n<p>[\/et_pb_text][\/et_pb_column][\/et_pb_row][et_pb_row column_structure=\u00bb1_2,1_2&#8243; _builder_version=\u00bb4.27.4&#8243; _module_preset=\u00bbdefault\u00bb hover_enabled=\u00bb0&#8243; global_colors_info=\u00bb{}\u00bb theme_builder_area=\u00bbpost_content\u00bb sticky_enabled=\u00bb0&#8243;][et_pb_column type=\u00bb1_2&#8243; _builder_version=\u00bb4.27.4&#8243; _module_preset=\u00bbdefault\u00bb background_color=\u00bb#FFFFFF\u00bb hover_enabled=\u00bb0&#8243; border_radii=\u00bbon|15px|15px|15px|15px\u00bb global_colors_info=\u00bb{}\u00bb theme_builder_area=\u00bbpost_content\u00bb sticky_enabled=\u00bb0&#8243;][et_pb_text _builder_version=\u00bb4.27.4&#8243; _module_preset=\u00bbdefault\u00bb text_text_color=\u00bb#266BA6&#8243; text_font_size=\u00bb18px\u00bb header_text_color=\u00bb#266BA6&#8243; custom_padding=\u00bb20px|25px|84px|21px||\u00bb hover_enabled=\u00bb0&#8243; global_colors_info=\u00bb{}\u00bb theme_builder_area=\u00bbpost_content\u00bb sticky_enabled=\u00bb0&#8243;]<\/p>\n<p style=\"text-align: center;\"><strong>JUEVES 7 DE NOVIEMBRE<\/strong><br \/>(Ma\u00f1ana: 09:00 \u2013 13:00)<\/p>\n<p style=\"text-align: center;\"><em>I Congreso Latinoamericano Derecho, Ciencia y Artes<\/em><\/p>\n<p>[\/et_pb_text][\/et_pb_column][et_pb_column type=\u00bb1_2&#8243; _builder_version=\u00bb4.27.4&#8243; _module_preset=\u00bbdefault\u00bb background_color=\u00bb#266BA6&#8243; border_radii=\u00bbon|15px|15px|15px|15px\u00bb global_colors_info=\u00bb{}\u00bb theme_builder_area=\u00bbpost_content\u00bb][et_pb_text _builder_version=\u00bb4.27.4&#8243; _module_preset=\u00bbdefault\u00bb text_text_color=\u00bb#FFFFFF\u00bb text_font_size=\u00bb18px\u00bb header_text_color=\u00bb#FFFFFF\u00bb custom_padding=\u00bb20px|25px|52px|21px||\u00bb hover_enabled=\u00bb0&#8243; global_colors_info=\u00bb{}\u00bb theme_builder_area=\u00bbpost_content\u00bb sticky_enabled=\u00bb0&#8243;]<\/p>\n<p style=\"text-align: justify;\"><strong>08:30- 10:30 | Ver Online: YouTube Live<\/strong><br \/>Lugar: Facultad de Ciencias Jur\u00eddicas de la Universidad de Atacama, Sal\u00f3n de Juicio Oral y salas 1 y 2 (Facultad de Ciencias Jur\u00eddicas, UDA, \u00e1rea sur)<br \/>Detalles: Ponencias no presenciales enviadas<br \/>https:\/\/www.redalc.uda.cl\/index.php\/ponencias-congreso-redalcuda\/<\/p>\n<p style=\"text-align: justify;\"><strong>08:45 \u2013 1:30 -(Receso 11:00 a 11:30) \u2013 Aula Sal\u00f3n Juicio Oral<\/strong><\/p>\n<p style=\"text-align: justify;\">Eje 1: Problemas y Soluciones Socio-jur\u00eddicas<br \/>1. Juliana Fischer de Almeida \u2013 M\u00e9todo geneal\u00f3gico y ciudadan\u00eda: Insurrecci\u00f3n de saberes<br \/>2. Mar\u00eda Eduarna do Amaral Nunes, Aline de F\u00e1tima Silva Nunes, Leylane Leite Santos, Rudson Fernandes Silva- Sistemas penitenci\u00e1rios e os desafios sociojur\u00eddicos na am\u00e9rica latina: a justi\u00e7a inclusiva em face do direito penal<br \/>3. Antonio de Jes\u00fas Gonz\u00e1lez Leyva, Orlando Daniel Reyes Pompa y H\u00e9ctor Alejando Fonseca Rodr\u00edguez- La formaci\u00f3n sociocultural para inserci\u00f3n laboral de personas discapacitadas<br \/>4. Cleyton Edison Cort\u00e9s Ferreira \u2013 Re-pensar la diferencia cultural en el derecho ind\u00edgena<br \/>5. Jorge Rend\u00f3n Vald\u00e9s, Ram\u00f3n Y. Alarc\u00f3n Borges, Arnel Medina Cuenca \u2013 Soluciones jur\u00eddicas comparadas al fraude alimentario en la contemporaneidad<br \/>6. Pedro Daniel Le\u00f3n Estrada \u2013 El acceso a la justicia con \u00e9nfasis en las comunidades ind\u00edgenas, Per\u00fa.<\/p>\n<p style=\"text-align: justify;\">Eje 3: Desaf\u00edos de la Ciencia, Tecnolog\u00eda y Bio\u00e9tica<br \/>1. Valentina Warner D\u00edaz, Catalina Rivera, Rodrigo Troncoso \u2013 El algoritmo de sugerencia de riesgo del Ministerio P\u00fablico: Un caso de discriminaci\u00f3n algor\u00edtmica en Chile.<br \/>2. Dany Steven G\u00f3mez Agudelo \u2013 Evidencia digital e inteligencia artificial: Innovaci\u00f3n tecnol\u00f3gica en el sistema judicial y desaf\u00edos regionales; Colombia.<br \/>3. Juan Esteban Aguirre Espinosa \u2013 Reflexiones sobre la Era Digital: Confrontando el \u201cJuez Algoritmo\u201d Colombia.<br \/>4. Florencia Alderisi y Marcia Olivares Observatorio cr\u00edtico de utilizaci\u00f3n \u00e9tica y responsable de IA, Argentina.<br \/>5. Edna Prado \u2013 Carla Priscilla Barbosa Santos Cordeiro \u2013 Adopci\u00f3n de tecnolog\u00edas de inteligencia artificial en la educaci\u00f3n jur\u00eddica en Brasil: Desaf\u00edos y posibilidades, Brasil.<br \/>6. Edna Cristina do Prado, Lana Lisi\u00ear de Lima Palmeira, Carla Priscilla Barbosa Santos Cordeiro, Antonio Gottschlisch do Prado- La (in)visibilidad de los derechos humanos en los cursos licenciatura en educaci\u00f3n f\u00edsica de universidades federales de Brasil<br \/>7. Edna Cristina do Prado, V\u00edctor Prado Biguetti, Carla Priscilla Barbosa Santos Cordeiro, Lana Lisi\u00ear de Lima Palmeira \u2013 Relaciones jur\u00eddico-sociales entre trabajo, salud y ocio en el contexto brasile\u00f1o a la luz del documental \u201cLo guardar\u00e1s para cuando llegues al Carnaval<\/p>\n<p style=\"text-align: justify;\"><strong>08:45 \u2013 1:30 \u2013 Aula (Receso 11:00 a 11:30) Aula 8<\/strong><\/p>\n<p style=\"text-align: justify;\">Eje 2: Educaci\u00f3n, Cultura<br \/>1. Dr. Ra\u00fal L\u00f3pez \u2013Anal\u00edtica del aprendizaje, Cuba<br \/>2. Rodrigo Castillo Cuadra, Pamela de Jes\u00fas Rojas, Josefa Illanes \u2013 Interculturalidad cr\u00edtica y educaci\u00f3n: Una mirada al sistema escolar chileno<br \/>3. Francisco Viguera Brante \u2013 Educaci\u00f3n y complejidad: pr\u00f3logo de la desescolarizaci\u00f3n en Latinoam\u00e9rica<br \/>4. Daniel G\u00f3mez G\u00f3mez- Las personas pospenadas, la igualdad y las acciones afirmativas: posibilidades y consecuencias, Colombia<br \/>5. Leslie Luc\u00eda P\u00e9rez Cajas Inteligencia artificial en educaci\u00f3n: Alfabetizaci\u00f3n digital y desarrollo de habilidades cr\u00edticas para reducir la brecha, Guatemala.<br \/>6. Elizabeth Mendoza Morales. \u00abFormaci\u00f3n de formadores. Acerca de la experiencia en la creaci\u00f3n de la Maestr\u00eda en Ense\u00f1anza del Derecho\u00bb. Instituci\u00f3n y pa\u00eds: Universidad Aut\u00f3noma de Quer\u00e9taro, M\u00e9xico.<br \/>7. Samia Masso Salah \u2013 presentaci\u00f3n Centro Jur\u00eddico Psicosocial, Universidad de Atacama Chile<br \/>8. Gonzalo Bordones 1. (Derecho),Hern\u00e1n D\u00edaz (Derecho), Daniella Z\u00e1rate (Trabajo social), Paz Quiroga (Trabajo Social), Darlin D\u00edaz (trabajo social) Sobre el cine foro, la metodolog\u00eda desde la perspectiva del estudiante\u00bb .<\/p>\n<p style=\"text-align: justify;\">Eje 4: Problemas Sociedad, Animales, Naturaleza<br \/>1. Camila Alejandra Vega Rodr\u00edguez, Elena Venegas Acu\u00f1a- Conflictos socioambientales y sus implicancias en el tejido social comunitario de Huasco, Chile.<br \/>2. V\u00edctor Prado Biguetti y Rodrigo Trolezi \u2013 El papel atribuido al derecho animal en los cursos veterinaria en universidades brasile\u00f1as, Brasil.<br \/>3. Rodrigo P\u00e9rez Lisicic \u2013 Proceso constituyente en Chile.<br \/>4. Ricardo Villarroel Saavedra- Cartograf\u00eda Patrimonial de Valpara\u00edso, Chile.<br \/>5. Rodrigo Severo Arce Rojas, Olga Dina Su\u00e1rez Avelino- Aportes de las humanidades ambientales y ecol\u00f3gicas al enriquecimiento de la forester\u00eda.<\/p>\n<p style=\"text-align: justify;\"><strong>Coffee Break: 11:00 \u2013 11:30<\/strong><\/p>\n<p style=\"text-align: justify;\"><strong>12:00\u2013 13:00 \u2013 Programaci\u00f3n Arte y Cultura<\/strong><\/p>\n<p style=\"text-align: justify;\">Alejandra Tello y David Ortiz (sala 3 video instalaci\u00f3n)<br \/>Vicente Rivera (sala 3 Poes\u00eda)<br \/>Sandra Tacuma ( sala 1 y pasillos. micelios de viento)<br \/>Marcia Olivares (sala 1 y pasillos)<br \/>Sara Arenas Cartograf\u00eda de la Memoria de Atacama: Copiap\u00f3, Vallenar y Diego de Almagro. Chile (Lugar: pasillo \u00e1rea sur)<br \/>Stand de Derechos Humanos (Revistas, libros, cartograf\u00edas, etc) -Agrupaci\u00f3n de Familiares y Amigos de Detenidos Desaparecidos: (Lugar: pasillo \u00e1rea sur)<\/p>\n<p style=\"text-align: justify;\">1<strong>3:30 | Receso de almuerzo<\/strong><\/p>\n<p style=\"text-align: justify;\"><strong>09:30 \u2013 12:00| Reuni\u00f3n de Trabajo REDALC, autoridades<\/strong><br \/>Actividades de trabajo y presentaci\u00f3n de intereses institucionales REDALC y de las Instituciones, con el fin de avanzar en internacionalizaci\u00f3n .<\/p>\n<p>[\/et_pb_text][\/et_pb_column][\/et_pb_row][et_pb_row column_structure=\u00bb1_2,1_2&#8243; _builder_version=\u00bb4.27.4&#8243; _module_preset=\u00bbdefault\u00bb hover_enabled=\u00bb0&#8243; global_colors_info=\u00bb{}\u00bb theme_builder_area=\u00bbpost_content\u00bb sticky_enabled=\u00bb0&#8243;][et_pb_column type=\u00bb1_2&#8243; _builder_version=\u00bb4.27.4&#8243; _module_preset=\u00bbdefault\u00bb background_color=\u00bb#FFFFFF\u00bb hover_enabled=\u00bb0&#8243; border_radii=\u00bbon|15px|15px|15px|15px\u00bb global_colors_info=\u00bb{}\u00bb theme_builder_area=\u00bbpost_content\u00bb sticky_enabled=\u00bb0&#8243;][et_pb_text _builder_version=\u00bb4.27.4&#8243; _module_preset=\u00bbdefault\u00bb text_text_color=\u00bb#266BA6&#8243; text_font_size=\u00bb18px\u00bb header_text_color=\u00bb#266BA6&#8243; custom_padding=\u00bb20px|25px|84px|21px||\u00bb hover_enabled=\u00bb0&#8243; global_colors_info=\u00bb{}\u00bb theme_builder_area=\u00bbpost_content\u00bb sticky_enabled=\u00bb0&#8243;]<\/p>\n<p style=\"text-align: center;\"><strong>JUEVES 7 DE NOVIEMBRE<\/strong><br \/>(Tarde 14:50 \u2013 18:00)<\/p>\n<p style=\"text-align: center;\"><em>Conversatorio y trabajo sobre buenas pr\u00e1cticas en investigaci\u00f3n, publicaci\u00f3n e innovaci\u00f3n educativa<\/em><\/p>\n<p>[\/et_pb_text][\/et_pb_column][et_pb_column type=\u00bb1_2&#8243; _builder_version=\u00bb4.27.4&#8243; _module_preset=\u00bbdefault\u00bb background_color=\u00bb#266BA6&#8243; border_radii=\u00bbon|15px|15px|15px|15px\u00bb global_colors_info=\u00bb{}\u00bb theme_builder_area=\u00bbpost_content\u00bb][et_pb_text _builder_version=\u00bb4.27.4&#8243; _module_preset=\u00bbdefault\u00bb text_text_color=\u00bb#FFFFFF\u00bb text_font_size=\u00bb18px\u00bb header_text_color=\u00bb#FFFFFF\u00bb custom_padding=\u00bb20px|25px|52px|21px||\u00bb hover_enabled=\u00bb0&#8243; global_colors_info=\u00bb{}\u00bb theme_builder_area=\u00bbpost_content\u00bb sticky_enabled=\u00bb0&#8243;]<\/p>\n<p style=\"text-align: justify;\"><strong>15:15 \u2013 17:50 | Fortalecer las redes<\/strong><\/p>\n<p style=\"text-align: justify;\">Lugar: Sala D21 y D22, Universidad de Atacama, Edificio Pent\u00e1gono<br \/>Detalles: Fortalecer las redes de investigaci\u00f3n, publicaci\u00f3n y contribuci\u00f3n a planificarlas.<\/p>\n<p style=\"text-align: justify;\">El objetivo de esta sesi\u00f3n es consolidar la RED REDALC mediante la creaci\u00f3n de v\u00ednculos interdisciplinarios e internacionales entre investigadores y educadores, con un enfoque latinoamericano. En ella se presentar\u00e1n actividades realizadas, se identificar\u00e1n intereses comunes y se discutir\u00e1n desaf\u00edos actuales para fomentar la colaboraci\u00f3n en investigaci\u00f3n, publicaci\u00f3n e innovaci\u00f3n educativa en la regi\u00f3n.<\/p>\n<p style=\"text-align: justify;\">\u2013 Sesi\u00f3n de la C\u00e1tedra Latinoamericana de Complejidad Carlos Eduardo Maldonado<\/p>\n<p style=\"text-align: justify;\"><strong>16:45 \u2013 17:00 | Receso Caf\u00e9<\/strong><br \/><strong>Lugar: Pent\u00e1gono<\/strong><\/p>\n<p style=\"text-align: justify;\"><strong>17:00 \u2013 18:00 | Innovaci\u00f3n educativa<\/strong><\/p>\n<p style=\"text-align: justify;\">Lugar: Sala D21 y D22, Universidad de Atacama, Edificio Pent\u00e1gono<br \/>Detalles: Fortalecer las redes de innovaci\u00f3n educativa<\/p>\n<p style=\"text-align: justify;\"><strong>EN PARALELO: (Tarde 14:50 \u2013 18:00)<\/strong><\/p>\n<p style=\"text-align: justify;\">Convenci\u00f3n estudiantil<\/p>\n<p style=\"text-align: justify;\"><strong>15:00 \u2013 17:30 | Conversatorios Estudiantiles<\/strong><\/p>\n<p style=\"text-align: justify;\">Lugar: Sal\u00f3n de Juicio Oral (Facultad de Ciencias Jur\u00eddicas, UDA, \u00e1rea sur)<br \/>Detalles: Reflexiones sobre semilleros de investigaci\u00f3n estudiantil (presentaci\u00f3n previa al lanzamiento del CIEALC, Centro de Investigaci\u00f3n Estudiantil de Am\u00e9rica Latina y el Caribe; y otras actividades sobre la RED de estudiantes de Am\u00e9rica Latina y el Caribe)<br \/>Ver Online: YouTube Live<\/p>\n<p style=\"text-align: justify;\"><strong>19:00 | Actividad cultural general<\/strong><br \/>Desierto Estrellado: (UDA- complejo deportivo al frente del rio )<\/p>\n<p>[\/et_pb_text][\/et_pb_column][\/et_pb_row][et_pb_row column_structure=\u00bb1_2,1_2&#8243; _builder_version=\u00bb4.27.4&#8243; _module_preset=\u00bbdefault\u00bb hover_enabled=\u00bb0&#8243; global_colors_info=\u00bb{}\u00bb theme_builder_area=\u00bbpost_content\u00bb sticky_enabled=\u00bb0&#8243;][et_pb_column type=\u00bb1_2&#8243; _builder_version=\u00bb4.27.4&#8243; _module_preset=\u00bbdefault\u00bb background_color=\u00bb#FFFFFF\u00bb hover_enabled=\u00bb0&#8243; border_radii=\u00bbon|15px|15px|15px|15px\u00bb global_colors_info=\u00bb{}\u00bb theme_builder_area=\u00bbpost_content\u00bb sticky_enabled=\u00bb0&#8243;][et_pb_text _builder_version=\u00bb4.27.4&#8243; _module_preset=\u00bbdefault\u00bb text_text_color=\u00bb#266BA6&#8243; text_font_size=\u00bb18px\u00bb header_text_color=\u00bb#266BA6&#8243; custom_padding=\u00bb20px|25px|84px|21px||\u00bb hover_enabled=\u00bb0&#8243; global_colors_info=\u00bb{}\u00bb theme_builder_area=\u00bbpost_content\u00bb sticky_enabled=\u00bb0&#8243;]<\/p>\n<p style=\"text-align: center;\"><strong>VIERNES 8 DE NOVIEMBRE<\/strong><\/p>\n<p style=\"text-align: center;\">(Ma\u00f1ana: 08:15 \u2013 14:00)<\/p>\n<p style=\"text-align: center;\"><em>Lanzamiento de contenidos<\/em><\/p>\n<p>[\/et_pb_text][\/et_pb_column][et_pb_column type=\u00bb1_2&#8243; _builder_version=\u00bb4.27.4&#8243; _module_preset=\u00bbdefault\u00bb background_color=\u00bb#266BA6&#8243; border_radii=\u00bbon|15px|15px|15px|15px\u00bb global_colors_info=\u00bb{}\u00bb theme_builder_area=\u00bbpost_content\u00bb][et_pb_text _builder_version=\u00bb4.27.4&#8243; _module_preset=\u00bbdefault\u00bb text_text_color=\u00bb#FFFFFF\u00bb text_font_size=\u00bb18px\u00bb header_text_color=\u00bb#FFFFFF\u00bb custom_padding=\u00bb20px|25px|52px|21px||\u00bb hover_enabled=\u00bb0&#8243; global_colors_info=\u00bb{}\u00bb theme_builder_area=\u00bbpost_content\u00bb sticky_enabled=\u00bb0&#8243;]<\/p>\n<p style=\"text-align: justify;\"><strong>08:00 \u2013 10:40 | Lanzamiento de Libros<\/strong><br \/>Lugar: Sal\u00f3n de Juicio Oral, (Facultad de Ciencias Jur\u00eddicas, UDA, \u00e1rea sur)<\/p>\n<p style=\"text-align: justify;\">Ver Online: YouTube Live<\/p>\n<p style=\"text-align: justify;\">Presentaci\u00f3n del libro: Ensayos de Teor\u00eda del Derecho y Filosof\u00eda Pol\u00edtica<br \/>Por su autor: Dr. Antonio Carlos Wolkmer<br \/>Presentador: Dr. Rodrigo Cardozo Pozo, Decano de Ciencias Jur\u00eddicas<\/p>\n<p style=\"text-align: justify;\">Presentaci\u00f3n y lanzamientos de nuevas publicaciones REDALC.<\/p>\n<p style=\"text-align: justify;\">T\u00edtulo: pluralismo jur\u00eddico y derechos ind\u00edgenas Am\u00e9rica Latina en<br \/>T\u00edtulo: voces y prismas de complejidad en Am\u00e9rica Latina<br \/>T\u00edtulo: legado y vanguardia: explorando el pensamiento penal de Bustos Ram\u00edrez en el contexto contempor\u00e1neo de Latinoam\u00e9rica<br \/>Titulo: cartograf\u00eda de tesis de derecho Latinoamericanas<\/p>\n<p style=\"text-align: justify;\"><strong>11:00 \u2013 12:00 | Ceremonia de Proclamaci\u00f3n<\/strong><\/p>\n<p style=\"text-align: justify;\">Declaraciones REDALC-Atacama por el reconocimiento de los animales como sujetos en los procesos educativos y por la consolidaci\u00f3n del Derecho Animal en la academia latinoamericana.<\/p>\n<p style=\"text-align: justify;\">Lugar: Sal\u00f3n de Juicio Oral, (Facultad de Ciencias Jur\u00eddicas, UDA, \u00e1rea sur)<br \/>Ver Online: YouTube Live<\/p>\n<p style=\"text-align: justify;\"><strong>12:15 \u2013 14:00 | Asamblea General, Plenaria y Cierre<\/strong><\/p>\n<p style=\"text-align: justify;\">Lugar: Sal\u00f3n de Juicio Oral<br \/>Detalles: Plenaria presentaci\u00f3n de relatoria para el cierre y conclusiones preliminares.<br \/>Online:<br \/>Lanzamiento del CIEALC (Centro de Investigaci\u00f3n Estudiantil de Am\u00e9rica Latina y el Caribe)<br \/>Ver Online: (clausura ) YouTube Live<\/p>\n<p style=\"text-align: justify;\">1<strong>5:30 \u2013 19:00 | Paseo al lugar de rescate de los 33 mineros mina San Jos\u00e9 y costa.<\/strong><\/p>\n<p>[\/et_pb_text][\/et_pb_column][\/et_pb_row][\/et_pb_section]<\/p>\n","protected":false},"excerpt":{"rendered":"<p>PROGRAMACI\u00d3NPRIMERA CONVENCI\u00d3N PRESENCIALMI\u00c9RCOLES 6 DE NOVIEMBRE(Tarde 14:30 \u2013 18:30) Inauguraci\u00f3n14:30 \u2013 15:00 | Recepci\u00f3nLugar: Sala de C\u00e1mara (Alameda Manuel Antonio Matta 260, Copiap\u00f3)Detalles: bienvenida por los equipos organizadores. Entrega de credenciales y material 15:00 \u2013 15:50 | Presentaci\u00f3n y bienvenida REDALCDetalles: Ceremonia de apertura con palabras de los organizadores. 16:00 \u2013 16:40 | Conferencia inauguralEncargada: [&hellip;]<\/p>\n","protected":false},"author":3,"featured_media":0,"parent":0,"menu_order":0,"comment_status":"closed","ping_status":"closed","template":"","meta":{"_et_pb_use_builder":"on","_et_pb_old_content":"","_et_gb_content_width":"","footnotes":""},"class_list":["post-47913","page","type-page","status-publish","hentry"],"_links":{"self":[{"href":"https:\/\/www.redalc.uda.cl\/index.php\/wp-json\/wp\/v2\/pages\/47913","targetHints":{"allow":["GET"]}}],"collection":[{"href":"https:\/\/www.redalc.uda.cl\/index.php\/wp-json\/wp\/v2\/pages"}],"about":[{"href":"https:\/\/www.redalc.uda.cl\/index.php\/wp-json\/wp\/v2\/types\/page"}],"author":[{"embeddable":true,"href":"https:\/\/www.redalc.uda.cl\/index.php\/wp-json\/wp\/v2\/users\/3"}],"replies":[{"embeddable":true,"href":"https:\/\/www.redalc.uda.cl\/index.php\/wp-json\/wp\/v2\/comments?post=47913"}],"version-history":[{"count":4,"href":"https:\/\/www.redalc.uda.cl\/index.php\/wp-json\/wp\/v2\/pages\/47913\/revisions"}],"predecessor-version":[{"id":47919,"href":"https:\/\/www.redalc.uda.cl\/index.php\/wp-json\/wp\/v2\/pages\/47913\/revisions\/47919"}],"wp:attachment":[{"href":"https:\/\/www.redalc.uda.cl\/index.php\/wp-json\/wp\/v2\/media?parent=47913"}],"curies":[{"name":"wp","href":"https:\/\/api.w.org\/{rel}","templated":true}]}}