{"id":47904,"date":"2025-11-17T10:38:36","date_gmt":"2025-11-17T13:38:36","guid":{"rendered":"https:\/\/www.redalc.uda.cl\/?page_id=47904"},"modified":"2025-11-17T10:39:13","modified_gmt":"2025-11-17T13:39:13","slug":"ejes-tematicos-cata","status":"publish","type":"page","link":"https:\/\/www.redalc.uda.cl\/index.php\/ejes-tematicos-cata\/","title":{"rendered":"EJES TEM\u00c1TICOS &#8211; CATA"},"content":{"rendered":"<p>[et_pb_section fb_built=\u00bb1&#8243; _builder_version=\u00bb4.27.4&#8243; _module_preset=\u00bbdefault\u00bb background_color=\u00bb#266BA6&#8243; custom_padding=\u00bb37px||40px|||\u00bb global_colors_info=\u00bb{}\u00bb theme_builder_area=\u00bbpost_content\u00bb][et_pb_row column_structure=\u00bb1_2,1_2&#8243; _builder_version=\u00bb4.27.4&#8243; _module_preset=\u00bbdefault\u00bb custom_padding=\u00bb||0px|||\u00bb global_colors_info=\u00bb{}\u00bb theme_builder_area=\u00bbpost_content\u00bb][et_pb_column type=\u00bb1_2&#8243; _builder_version=\u00bb4.27.4&#8243; _module_preset=\u00bbdefault\u00bb global_colors_info=\u00bb{}\u00bb theme_builder_area=\u00bbpost_content\u00bb][et_pb_text _builder_version=\u00bb4.27.4&#8243; _module_preset=\u00bbdefault\u00bb header_text_color=\u00bb#FFFFFF\u00bb header_font_size=\u00bb40px\u00bb custom_margin=\u00bb||3px|||\u00bb custom_padding=\u00bb0px|||||\u00bb hover_enabled=\u00bb0&#8243; global_colors_info=\u00bb{}\u00bb theme_builder_area=\u00bbpost_content\u00bb sticky_enabled=\u00bb0&#8243;]<\/p>\n<h1>EJES TEMATICOS<\/h1>\n<p>[\/et_pb_text][et_pb_text _builder_version=\u00bb4.27.4&#8243; _module_preset=\u00bbdefault\u00bb text_text_color=\u00bb#FFFFFF\u00bb text_font_size=\u00bb18px\u00bb global_colors_info=\u00bb{}\u00bb theme_builder_area=\u00bbpost_content\u00bb]<\/p>\n<p>PRIMERA CONVENCI\u00d3N PRESENCIAL<\/p>\n<p>[\/et_pb_text][\/et_pb_column][et_pb_column type=\u00bb1_2&#8243; _builder_version=\u00bb4.27.4&#8243; _module_preset=\u00bbdefault\u00bb global_colors_info=\u00bb{}\u00bb theme_builder_area=\u00bbpost_content\u00bb][\/et_pb_column][\/et_pb_row][\/et_pb_section][et_pb_section fb_built=\u00bb1&#8243; _builder_version=\u00bb4.27.4&#8243; _module_preset=\u00bbdefault\u00bb global_colors_info=\u00bb{}\u00bb theme_builder_area=\u00bbpost_content\u00bb][et_pb_row column_structure=\u00bb1_2,1_2&#8243; _builder_version=\u00bb4.27.4&#8243; _module_preset=\u00bbdefault\u00bb global_colors_info=\u00bb{}\u00bb theme_builder_area=\u00bbpost_content\u00bb][et_pb_column type=\u00bb1_2&#8243; _builder_version=\u00bb4.27.4&#8243; _module_preset=\u00bbdefault\u00bb background_color=\u00bb#266BA6&#8243; border_radii=\u00bbon|15px|15px|15px|15px\u00bb global_colors_info=\u00bb{}\u00bb theme_builder_area=\u00bbpost_content\u00bb][et_pb_text _builder_version=\u00bb4.27.4&#8243; _module_preset=\u00bbdefault\u00bb text_text_color=\u00bb#FFFFFF\u00bb text_font_size=\u00bb18px\u00bb header_text_color=\u00bb#FFFFFF\u00bb custom_padding=\u00bb20px|25px|84px|21px||\u00bb hover_enabled=\u00bb0&#8243; global_colors_info=\u00bb{}\u00bb theme_builder_area=\u00bbpost_content\u00bb sticky_enabled=\u00bb0&#8243;]<\/p>\n<h1>1. Educaci\u00f3n, cultura y artes<\/h1>\n<p><em>-Diagn\u00f3sticos, necesidades y Problemas en America Latina.\u00a0<\/em><\/p>\n<p style=\"text-align: justify;\">i. Movimientos Sociales y Am\u00e9rica Latina.<br \/>ii. Cultura, Identidad y Patrimonio Cultural en la Regi\u00f3n.<br \/>iii. Salud, vidas, problemas sociales y Contextos Latinoamericanos.<br \/>iv. Revisiones cr\u00edticas coloniales y perspectivas latinoamericanas.<br \/>v. Innovaciones educativas para la formaci\u00f3n del siglo XXI.<br \/>vi. Acceso y equidad en la educaci\u00f3n: desaf\u00edos y soluciones.<br \/>vii. Intersecci\u00f3n entre la Ciencia Penal y la Educaci\u00f3n, la Cultura y las Artes.<br \/>viii. Otros<\/p>\n<p>[\/et_pb_text][\/et_pb_column][et_pb_column type=\u00bb1_2&#8243; _builder_version=\u00bb4.27.4&#8243; _module_preset=\u00bbdefault\u00bb background_color=\u00bb#266BA6&#8243; border_radii=\u00bbon|15px|15px|15px|15px\u00bb global_colors_info=\u00bb{}\u00bb theme_builder_area=\u00bbpost_content\u00bb][et_pb_text _builder_version=\u00bb4.27.4&#8243; _module_preset=\u00bbdefault\u00bb text_text_color=\u00bb#FFFFFF\u00bb text_font_size=\u00bb18px\u00bb header_text_color=\u00bb#FFFFFF\u00bb custom_padding=\u00bb20px|25px|52px|21px||\u00bb hover_enabled=\u00bb0&#8243; global_colors_info=\u00bb{}\u00bb theme_builder_area=\u00bbpost_content\u00bb sticky_enabled=\u00bb0&#8243;]<\/p>\n<h1>2. Desaf\u00edos de la ciencia tecnolog\u00eda y bio\u00e9tica<\/h1>\n<p style=\"text-align: justify;\">i. Tecnolog\u00eda y educaci\u00f3n: el impacto de la digitalizaci\u00f3n en el proceso educativo.<br \/>ii. El papel de las ciencias y la tecnolog\u00eda en el desarrollo de la regi\u00f3n.<br \/>iii. Desarrollo cient\u00edfico e investigaci\u00f3n en las pol\u00edticas p\u00fablicas.<br \/>iv. Inversi\u00f3n p\u00fablica y privada en investigaci\u00f3n cient\u00edfica.<br \/>v. Innovaci\u00f3n tecnol\u00f3gica: contextos y desaf\u00edos regionales.<br \/>vi. Regulaci\u00f3n de la inteligencia artificial.<br \/>vii. Inteligencia artificial y sistemas de justicia.<br \/>viii. Transformaci\u00f3n digital y sociedad del conocimiento.<br \/>ix. Bio\u00e9tica aplicada a la ciencia y la tecnolog\u00eda.<br \/>x. Retos y perspectivas de las Ciencias Penales en la era digital y de la innovaci\u00f3n tecnol\u00f3gica.<\/p>\n<p>[\/et_pb_text][\/et_pb_column][\/et_pb_row][et_pb_row column_structure=\u00bb1_2,1_2&#8243; _builder_version=\u00bb4.27.4&#8243; _module_preset=\u00bbdefault\u00bb global_colors_info=\u00bb{}\u00bb theme_builder_area=\u00bbpost_content\u00bb][et_pb_column type=\u00bb1_2&#8243; _builder_version=\u00bb4.27.4&#8243; _module_preset=\u00bbdefault\u00bb global_colors_info=\u00bb{}\u00bb theme_builder_area=\u00bbpost_content\u00bb][et_pb_text _builder_version=\u00bb4.27.4&#8243; _module_preset=\u00bbdefault\u00bb text_text_color=\u00bb#266BA6&#8243; text_font_size=\u00bb18px\u00bb header_text_color=\u00bb#266BA6&#8243; custom_padding=\u00bb|29px||27px||\u00bb hover_enabled=\u00bb0&#8243; global_colors_info=\u00bb{}\u00bb theme_builder_area=\u00bbpost_content\u00bb sticky_enabled=\u00bb0&#8243;]<\/p>\n<h1>3. Problemas y soluciones socio-jur\u00eddicas<\/h1>\n<p style=\"text-align: justify;\">i. Nuevos paradigmas, categor\u00edas, l\u00f3gicas y metodolog\u00edas jur\u00eddicas\/inter\/transdisciplinarias para abordar los problemas, con enfoques latinoamericanos<br \/>ii. Nuevos desaf\u00edos jur\u00eddicos. Disciplinas jur\u00eddicas y propuestas de temas para el debate<br \/>iii. Justicia-justicias<br \/>iv. Participaci\u00f3n Ciudadana y Democracias en el Contexto Latinoamericano.<br \/>v. Derechos Humanos, Justicia Social en la Regi\u00f3n, acceso a la justicia y derechos humanos de grupos vulnerables.<br \/>vi. G\u00e9nero, Diversidad y Equidad en Am\u00e9rica Latina.<br \/>vii. Derecho Animal<br \/>viii. Pluralismo Jur\u00eddico, revisiones cr\u00edticas coloniales y perspectivas latinoamericanas:<br \/>ix. An\u00e1lisis comparativo de sistemas jur\u00eddicos tradicionales y modernos.<br \/>x. Exploraci\u00f3n de la relaci\u00f3n entre derecho, arte. Construcci\u00f3n de identidades culturales.<br \/>xi. El papel del derecho en la protecci\u00f3n del patrimonio cultural y art\u00edstico en Am\u00e9rica Latina.<br \/>xii. Educaci\u00f3n y aprendizaje jur\u00eddico<br \/>xiii. Cl\u00ednicas jur\u00eddicas, eficacia y pr\u00e1cticas.<br \/>xiv. Perspectiva interdisciplinaria del Derecho Penal frente a los desaf\u00edos socio-jur\u00eddicos como propuesta de justicia inclusiva en Am\u00e9rica Latina.<br \/>xv. Otros<\/p>\n<p>[\/et_pb_text][\/et_pb_column][et_pb_column type=\u00bb1_2&#8243; _builder_version=\u00bb4.27.4&#8243; _module_preset=\u00bbdefault\u00bb global_colors_info=\u00bb{}\u00bb theme_builder_area=\u00bbpost_content\u00bb][et_pb_text _builder_version=\u00bb4.27.4&#8243; _module_preset=\u00bbdefault\u00bb text_text_color=\u00bb#266BA6&#8243; text_font_size=\u00bb18px\u00bb header_text_color=\u00bb#266BA6&#8243; custom_padding=\u00bb|22px||19px||\u00bb hover_enabled=\u00bb0&#8243; global_colors_info=\u00bb{}\u00bb theme_builder_area=\u00bbpost_content\u00bb sticky_enabled=\u00bb0&#8243;]<\/p>\n<h1>4. Problemas sociedad, animales, naturaleza<\/h1>\n<p style=\"text-align: justify;\">i. III Encuentro del Grupo Debates Contempor\u00e1neos del Derecho Ambiental<br \/>ii. Gesti\u00f3n de recursos naturales<br \/>iii. Contaminaci\u00f3n ambiental<br \/>iv. Cambio clim\u00e1tico<br \/>v. Justicia ambiental<br \/>vi. Biodiversidad<br \/>vii. Desarrollo sostenible<br \/>viii. Derechos ind\u00edgenas y ambientales<br \/>ix. Evaluaci\u00f3n de impacto ambiental<br \/>x. Responsabilidad ambiental<br \/>xi. Educaci\u00f3n ambiental<br \/>xii. Protecci\u00f3n del ambiente y de la naturaleza como sujeto de derechos:<br \/>xiii. Una mirada desde el Derecho Penal.<br \/>xiv. Otros<\/p>\n<p>[\/et_pb_text][\/et_pb_column][\/et_pb_row][\/et_pb_section]<\/p>\n","protected":false},"excerpt":{"rendered":"<p>EJES TEMATICOSPRIMERA CONVENCI\u00d3N PRESENCIAL1. Educaci\u00f3n, cultura y artes -Diagn\u00f3sticos, necesidades y Problemas en America Latina.\u00a0 i. Movimientos Sociales y Am\u00e9rica Latina.ii. Cultura, Identidad y Patrimonio Cultural en la Regi\u00f3n.iii. Salud, vidas, problemas sociales y Contextos Latinoamericanos.iv. Revisiones cr\u00edticas coloniales y perspectivas latinoamericanas.v. Innovaciones educativas para la formaci\u00f3n del siglo XXI.vi. Acceso y equidad en la [&hellip;]<\/p>\n","protected":false},"author":3,"featured_media":0,"parent":0,"menu_order":0,"comment_status":"closed","ping_status":"closed","template":"","meta":{"_et_pb_use_builder":"on","_et_pb_old_content":"","_et_gb_content_width":"","footnotes":""},"class_list":["post-47904","page","type-page","status-publish","hentry"],"_links":{"self":[{"href":"https:\/\/www.redalc.uda.cl\/index.php\/wp-json\/wp\/v2\/pages\/47904","targetHints":{"allow":["GET"]}}],"collection":[{"href":"https:\/\/www.redalc.uda.cl\/index.php\/wp-json\/wp\/v2\/pages"}],"about":[{"href":"https:\/\/www.redalc.uda.cl\/index.php\/wp-json\/wp\/v2\/types\/page"}],"author":[{"embeddable":true,"href":"https:\/\/www.redalc.uda.cl\/index.php\/wp-json\/wp\/v2\/users\/3"}],"replies":[{"embeddable":true,"href":"https:\/\/www.redalc.uda.cl\/index.php\/wp-json\/wp\/v2\/comments?post=47904"}],"version-history":[{"count":5,"href":"https:\/\/www.redalc.uda.cl\/index.php\/wp-json\/wp\/v2\/pages\/47904\/revisions"}],"predecessor-version":[{"id":47910,"href":"https:\/\/www.redalc.uda.cl\/index.php\/wp-json\/wp\/v2\/pages\/47904\/revisions\/47910"}],"wp:attachment":[{"href":"https:\/\/www.redalc.uda.cl\/index.php\/wp-json\/wp\/v2\/media?parent=47904"}],"curies":[{"name":"wp","href":"https:\/\/api.w.org\/{rel}","templated":true}]}}