{"id":47892,"date":"2025-11-17T10:26:04","date_gmt":"2025-11-17T13:26:04","guid":{"rendered":"https:\/\/www.redalc.uda.cl\/?page_id=47892"},"modified":"2025-11-17T10:39:39","modified_gmt":"2025-11-17T13:39:39","slug":"objetivos-primera-convencion-presencial-cata","status":"publish","type":"page","link":"https:\/\/www.redalc.uda.cl\/index.php\/objetivos-primera-convencion-presencial-cata\/","title":{"rendered":"OBJETIVOS PRIMERA CONVENCI\u00d3N PRESENCIAL &#8211; CATA"},"content":{"rendered":"<p>[et_pb_section fb_built=\u00bb1&#8243; _builder_version=\u00bb4.27.4&#8243; _module_preset=\u00bbdefault\u00bb background_color=\u00bb#266BA6&#8243; custom_padding=\u00bb13px||44px|||\u00bb global_colors_info=\u00bb{}\u00bb][et_pb_row column_structure=\u00bb1_2,1_2&#8243; _builder_version=\u00bb4.27.4&#8243; _module_preset=\u00bbdefault\u00bb custom_padding=\u00bb||0px|||\u00bb global_colors_info=\u00bb{}\u00bb][et_pb_column type=\u00bb1_2&#8243; _builder_version=\u00bb4.27.4&#8243; _module_preset=\u00bbdefault\u00bb global_colors_info=\u00bb{}\u00bb][et_pb_text _builder_version=\u00bb4.27.4&#8243; _module_preset=\u00bbdefault\u00bb header_text_color=\u00bb#FFFFFF\u00bb header_font_size=\u00bb40px\u00bb custom_margin=\u00bb||3px|||\u00bb custom_padding=\u00bb0px|||||\u00bb global_colors_info=\u00bb{}\u00bb]<\/p>\n<h1>OBJETIVOS<\/h1>\n<p>[\/et_pb_text][et_pb_text _builder_version=\u00bb4.27.4&#8243; _module_preset=\u00bbdefault\u00bb text_text_color=\u00bb#FFFFFF\u00bb text_font_size=\u00bb18px\u00bb global_colors_info=\u00bb{}\u00bb]<\/p>\n<p>PRIMERA CONVENCI\u00d3N PRESENCIAL<\/p>\n<p>[\/et_pb_text][\/et_pb_column][et_pb_column type=\u00bb1_2&#8243; _builder_version=\u00bb4.27.4&#8243; _module_preset=\u00bbdefault\u00bb global_colors_info=\u00bb{}\u00bb][\/et_pb_column][\/et_pb_row][\/et_pb_section][et_pb_section fb_built=\u00bb1&#8243; _builder_version=\u00bb4.27.4&#8243; _module_preset=\u00bbdefault\u00bb global_colors_info=\u00bb{}\u00bb][et_pb_row column_structure=\u00bb1_2,1_2&#8243; _builder_version=\u00bb4.27.4&#8243; _module_preset=\u00bbdefault\u00bb global_colors_info=\u00bb{}\u00bb][et_pb_column type=\u00bb1_2&#8243; _builder_version=\u00bb4.27.4&#8243; _module_preset=\u00bbdefault\u00bb background_color=\u00bb#266BA6&#8243; border_radii=\u00bbon|15px|15px|15px|15px\u00bb global_colors_info=\u00bb{}\u00bb][et_pb_text _builder_version=\u00bb4.27.4&#8243; _module_preset=\u00bbdefault\u00bb text_text_color=\u00bb#FFFFFF\u00bb text_font_size=\u00bb18px\u00bb header_text_color=\u00bb#FFFFFF\u00bb custom_padding=\u00bb20px|25px|24px|21px||\u00bb global_colors_info=\u00bb{}\u00bb]<\/p>\n<h1>Interdisciplinariedad y di\u00e1logo de Saberes<\/h1>\n<p style=\"text-align: justify;\">En concordancia con la Misi\u00f3n de REDALC, se pretende facilitar un espacio de encuentro interdisciplinario donde docentes, investigadores, profesionales y estudiantes de diversas \u00e1reas puedan compartir conocimientos y experiencias, promoviendo as\u00ed el di\u00e1logo de saberes y la colaboraci\u00f3n entre disciplinas.<\/p>\n<p>[\/et_pb_text][\/et_pb_column][et_pb_column type=\u00bb1_2&#8243; _builder_version=\u00bb4.27.4&#8243; _module_preset=\u00bbdefault\u00bb background_color=\u00bb#266BA6&#8243; border_radii=\u00bbon|15px|15px|15px|15px\u00bb global_colors_info=\u00bb{}\u00bb][et_pb_text _builder_version=\u00bb4.27.4&#8243; _module_preset=\u00bbdefault\u00bb text_text_color=\u00bb#FFFFFF\u00bb text_font_size=\u00bb18px\u00bb header_text_color=\u00bb#FFFFFF\u00bb custom_padding=\u00bb20px|25px|52px|21px||\u00bb global_colors_info=\u00bb{}\u00bb]<\/p>\n<h1 style=\"text-align: left;\">An\u00e1lisis de Problemas Regionales<\/h1>\n<p style=\"text-align: justify;\">\n<p style=\"text-align: justify;\">Se propone abordar problem\u00e1ticas relevantes para la regi\u00f3n desde distintas perspectivas acad\u00e9micas, buscando soluciones innovadoras para los desaf\u00edos socioecon\u00f3micos, pol\u00edticos, ambientales y culturales de nuestra regi\u00f3n.<\/p>\n<p>[\/et_pb_text][\/et_pb_column][\/et_pb_row][et_pb_row column_structure=\u00bb1_2,1_2&#8243; _builder_version=\u00bb4.27.4&#8243; _module_preset=\u00bbdefault\u00bb global_colors_info=\u00bb{}\u00bb][et_pb_column type=\u00bb1_2&#8243; _builder_version=\u00bb4.27.4&#8243; _module_preset=\u00bbdefault\u00bb global_colors_info=\u00bb{}\u00bb][et_pb_text _builder_version=\u00bb4.27.4&#8243; _module_preset=\u00bbdefault\u00bb text_text_color=\u00bb#266BA6&#8243; text_font_size=\u00bb18px\u00bb header_text_color=\u00bb#266BA6&#8243; custom_padding=\u00bb|29px||27px||\u00bb global_colors_info=\u00bb{}\u00bb]<\/p>\n<h1>Promover e Impulsar la reflexi\u00f3n sobre la educaci\u00f3n con perspectiva cr\u00edtica<\/h1>\n<p style=\"text-align: justify;\">\n<p style=\"text-align: justify;\">\n<p style=\"text-align: justify;\">\n<p style=\"text-align: justify;\">Como herramientas para el desarrollo humano integral y la transformaci\u00f3n, reconociendo la diversidad de saberes y experiencias presentes en la comunidad acad\u00e9mica.<\/p>\n<p>[\/et_pb_text][\/et_pb_column][et_pb_column type=\u00bb1_2&#8243; _builder_version=\u00bb4.27.4&#8243; _module_preset=\u00bbdefault\u00bb global_colors_info=\u00bb{}\u00bb][et_pb_text _builder_version=\u00bb4.27.4&#8243; _module_preset=\u00bbdefault\u00bb text_text_color=\u00bb#266BA6&#8243; text_font_size=\u00bb18px\u00bb header_text_color=\u00bb#266BA6&#8243; custom_padding=\u00bb|22px||19px||\u00bb global_colors_info=\u00bb{}\u00bb]<\/p>\n<h1>Fortalecimiento y consolidaci\u00f3n de Redes Acad\u00e9micas y estudiantiles<\/h1>\n<p style=\"text-align: justify;\">\n<p style=\"text-align: justify;\">Consolidar redes de colaboraci\u00f3n acad\u00e9mica entre instituciones de educaci\u00f3n superior, organizaciones civiles y actores sociales, con el fin de potenciar el intercambio de experiencias y el trabajo conjunto en proyectos de investigaci\u00f3n y desarrollo.<\/p>\n<p>[\/et_pb_text][\/et_pb_column][\/et_pb_row][et_pb_row _builder_version=\u00bb4.27.4&#8243; _module_preset=\u00bbdefault\u00bb global_colors_info=\u00bb{}\u00bb][et_pb_column type=\u00bb4_4&#8243; _builder_version=\u00bb4.27.4&#8243; _module_preset=\u00bbdefault\u00bb background_color=\u00bb#266BA6&#8243; border_radii=\u00bbon|15px|15px|15px|15px\u00bb global_colors_info=\u00bb{}\u00bb][et_pb_text _builder_version=\u00bb4.27.4&#8243; _module_preset=\u00bbdefault\u00bb text_text_color=\u00bb#FFFFFF\u00bb text_font_size=\u00bb18px\u00bb header_text_color=\u00bb#FFFFFF\u00bb custom_padding=\u00bb16px|24px|25px|23px||\u00bb global_colors_info=\u00bb{}\u00bb]<\/p>\n<h1>El enfoque<\/h1>\n<p style=\"text-align: justify;\">De acuerdo al esp\u00edritu de REDALC, pretendemos fortalecer uno latinoamericano, con enfoques del sur; lo que en ning\u00fan caso es excluyente de la participaci\u00f3n de colegas y estudiantes de distintas latitudes y que forman parte de nuestra RED, por el inter\u00e9s com\u00fan de promover un esp\u00edritu de reflexi\u00f3n para los tiempos actuales.<\/p>\n<p>[\/et_pb_text][\/et_pb_column][\/et_pb_row][\/et_pb_section]<\/p>\n","protected":false},"excerpt":{"rendered":"<p>OBJETIVOSPRIMERA CONVENCI\u00d3N PRESENCIALInterdisciplinariedad y di\u00e1logo de Saberes En concordancia con la Misi\u00f3n de REDALC, se pretende facilitar un espacio de encuentro interdisciplinario donde docentes, investigadores, profesionales y estudiantes de diversas \u00e1reas puedan compartir conocimientos y experiencias, promoviendo as\u00ed el di\u00e1logo de saberes y la colaboraci\u00f3n entre disciplinas.An\u00e1lisis de Problemas Regionales Se propone abordar problem\u00e1ticas relevantes [&hellip;]<\/p>\n","protected":false},"author":3,"featured_media":0,"parent":0,"menu_order":0,"comment_status":"closed","ping_status":"closed","template":"","meta":{"_et_pb_use_builder":"on","_et_pb_old_content":"","_et_gb_content_width":"","footnotes":""},"class_list":["post-47892","page","type-page","status-publish","hentry"],"_links":{"self":[{"href":"https:\/\/www.redalc.uda.cl\/index.php\/wp-json\/wp\/v2\/pages\/47892","targetHints":{"allow":["GET"]}}],"collection":[{"href":"https:\/\/www.redalc.uda.cl\/index.php\/wp-json\/wp\/v2\/pages"}],"about":[{"href":"https:\/\/www.redalc.uda.cl\/index.php\/wp-json\/wp\/v2\/types\/page"}],"author":[{"embeddable":true,"href":"https:\/\/www.redalc.uda.cl\/index.php\/wp-json\/wp\/v2\/users\/3"}],"replies":[{"embeddable":true,"href":"https:\/\/www.redalc.uda.cl\/index.php\/wp-json\/wp\/v2\/comments?post=47892"}],"version-history":[{"count":6,"href":"https:\/\/www.redalc.uda.cl\/index.php\/wp-json\/wp\/v2\/pages\/47892\/revisions"}],"predecessor-version":[{"id":47911,"href":"https:\/\/www.redalc.uda.cl\/index.php\/wp-json\/wp\/v2\/pages\/47892\/revisions\/47911"}],"wp:attachment":[{"href":"https:\/\/www.redalc.uda.cl\/index.php\/wp-json\/wp\/v2\/media?parent=47892"}],"curies":[{"name":"wp","href":"https:\/\/api.w.org\/{rel}","templated":true}]}}