{"id":47790,"date":"2025-11-18T11:37:27","date_gmt":"2025-11-18T14:37:27","guid":{"rendered":"https:\/\/www.redalc.uda.cl\/?page_id=47790"},"modified":"2025-11-18T11:37:33","modified_gmt":"2025-11-18T14:37:33","slug":"etica-bioetica-y-filosofia-cata","status":"publish","type":"page","link":"https:\/\/www.redalc.uda.cl\/index.php\/etica-bioetica-y-filosofia-cata\/","title":{"rendered":"\u00c9TICA, BIO\u00c9TICA Y FILOSOFIA &#8211; CATA"},"content":{"rendered":"<p>[et_pb_section fb_built=\u00bb1&#8243; _builder_version=\u00bb4.27.4&#8243; _module_preset=\u00bbdefault\u00bb custom_padding=\u00bb0px||0px|||\u00bb global_colors_info=\u00bb{}\u00bb][et_pb_row _builder_version=\u00bb4.27.4&#8243; _module_preset=\u00bbdefault\u00bb global_colors_info=\u00bb{}\u00bb][et_pb_column type=\u00bb4_4&#8243; _builder_version=\u00bb4.27.4&#8243; _module_preset=\u00bbdefault\u00bb global_colors_info=\u00bb{}\u00bb][et_pb_text _builder_version=\u00bb4.27.4&#8243; _module_preset=\u00bbdefault\u00bb text_text_color=\u00bb#022859&#8243; text_font_size=\u00bb18px\u00bb header_text_color=\u00bb#022859&#8243; header_font_size=\u00bb55px\u00bb global_colors_info=\u00bb{}\u00bb]<\/p>\n<h1>\u00c9TICA, BIO\u00c9TICA Y FILOSOFIA<\/h1>\n<p>&nbsp;<\/p>\n<p style=\"text-align: justify;\">Reflexi\u00f3n sobre los fundamentos \u00e9ticos y filos\u00f3ficos que orientan la vida com\u00fan y las ciencias.<\/p>\n<p>[\/et_pb_text][\/et_pb_column][\/et_pb_row][\/et_pb_section][et_pb_section fb_built=\u00bb1&#8243; _builder_version=\u00bb4.27.4&#8243; _module_preset=\u00bbdefault\u00bb custom_padding=\u00bb||5px|||\u00bb global_colors_info=\u00bb{}\u00bb][et_pb_row column_structure=\u00bb1_2,1_2&#8243; _builder_version=\u00bb4.27.4&#8243; _module_preset=\u00bbdefault\u00bb custom_padding=\u00bb||16px|||\u00bb global_colors_info=\u00bb{}\u00bb][et_pb_column type=\u00bb1_2&#8243; _builder_version=\u00bb4.27.4&#8243; _module_preset=\u00bbdefault\u00bb global_colors_info=\u00bb{}\u00bb][et_pb_text _builder_version=\u00bb4.27.4&#8243; _module_preset=\u00bbdefault\u00bb header_text_color=\u00bb#022859&#8243; global_colors_info=\u00bb{}\u00bb]<\/p>\n<h1 style=\"text-align: justify;\">\u00c9tica.<\/h1>\n<p style=\"text-align: justify;\">La \u00e9tica invita a reflexionar sobre las acciones humanas y sus consecuencias en el entorno social, cultural y ambiental. Es un espacio de pensamiento que orienta hacia la responsabilidad colectiva, la empat\u00eda y el respeto por las diversas formas de vida. A trav\u00e9s de ella, se busca comprender c\u00f3mo las decisiones cotidianas pueden contribuir a construir un mundo m\u00e1s justo y consciente.<\/p>\n<p>[\/et_pb_text][et_pb_text _builder_version=\u00bb4.27.4&#8243; _module_preset=\u00bbdefault\u00bb header_text_color=\u00bb#022859&#8243; header_3_text_color=\u00bb#022859&#8243; custom_margin=\u00bb||-3px|||\u00bb global_colors_info=\u00bb{}\u00bb]<\/p>\n<h3>Coordinadora<\/h3>\n<p><em>Geomar Perez<\/em><\/p>\n<p>[\/et_pb_text][et_pb_button button_text=\u00bbLIstado de participantes\u00bb _builder_version=\u00bb4.27.4&#8243; _module_preset=\u00bbdefault\u00bb button_text_size=\u00bb15px\u00bb button_text_color=\u00bb#FFFFFF\u00bb button_bg_color=\u00bb#022859&#8243; button_border_radius=\u00bb41px\u00bb transform_scale=\u00bb98%|98%\u00bb transform_translate=\u00bb203px|-54px\u00bb transform_translate_linked=\u00bboff\u00bb background_layout=\u00bbdark\u00bb custom_margin=\u00bb0px||0px||false|false\u00bb custom_padding=\u00bb7px|24px|7px|24px|true|true\u00bb global_colors_info=\u00bb{}\u00bb][\/et_pb_button][et_pb_code _builder_version=\u00bb4.27.4&#8243; _module_preset=\u00bbdefault\u00bb hover_enabled=\u00bb0&#8243; sticky_enabled=\u00bb0&#8243;][\/et_pb_code][et_pb_code _builder_version=\u00bb4.27.4&#8243; _module_preset=\u00bbdefault\u00bb hover_enabled=\u00bb0&#8243; sticky_enabled=\u00bb0&#8243;]<\/p>\n<div style=\"<!-- [et_pb_line_break_holder] -->    max-width: 600px;<!-- [et_pb_line_break_holder] -->    margin: 30px auto;<!-- [et_pb_line_break_holder] -->    padding: 15px;<!-- [et_pb_line_break_holder] -->    background: #ffffff;<!-- [et_pb_line_break_holder] -->    border-radius: 16px;<!-- [et_pb_line_break_holder] -->    box-shadow: 0 6px 18px rgba(0,0,0,0.15);<!-- [et_pb_line_break_holder] -->\u00ab><!-- [et_pb_line_break_holder] -->  <iframe<!-- [et_pb_line_break_holder] -->    src=\u00bbhttps:\/\/www.instagram.com\/p\/CsbgpbJMELb\/embed\/?cr=1&#038;v=14&#038;wp=540&#038;rd=https:\/\/www.instagram.com&#038;rp=%2Fp%2FCsbgpbJMELb-&#038;omitscript=false\u00bb<!-- [et_pb_line_break_holder] -->    allowtransparency=\u00bbtrue\u00bb<!-- [et_pb_line_break_holder] -->    frameborder=\u00bb0&#8243;<!-- [et_pb_line_break_holder] -->    scrolling=\u00bbno\u00bb<!-- [et_pb_line_break_holder] -->    height=\u00bb680&#8243;<!-- [et_pb_line_break_holder] -->    style=\u00bb<!-- [et_pb_line_break_holder] -->      width: 100%;<!-- [et_pb_line_break_holder] -->      border: 0;<!-- [et_pb_line_break_holder] -->      border-radius: 12px;<!-- [et_pb_line_break_holder] -->      overflow: hidden;<!-- [et_pb_line_break_holder] -->    \u00ab<!-- [et_pb_line_break_holder] -->  ><\/iframe><!-- [et_pb_line_break_holder] --><\/div>\n<p><!-- [et_pb_line_break_holder] --><script async src=\"https:\/\/www.instagram.com\/embed.js\"><\/script><!-- [et_pb_line_break_holder] -->[\/et_pb_code][\/et_pb_column][et_pb_column type=\u00bb1_2&#8243; _builder_version=\u00bb4.27.4&#8243; _module_preset=\u00bbdefault\u00bb global_colors_info=\u00bb{}\u00bb][et_pb_text _builder_version=\u00bb4.27.4&#8243; _module_preset=\u00bbdefault\u00bb header_text_color=\u00bb#022859&#8243; global_colors_info=\u00bb{}\u00bb]<\/p>\n<h1 style=\"text-align: justify;\">Bio\u00e9tica.<\/h1>\n<p style=\"text-align: justify;\">La bio\u00e9tica surge como un puente entre la vida y la reflexi\u00f3n moral. Examina los dilemas que aparecen en la ciencia, la medicina y la tecnolog\u00eda, promoviendo el respeto por la vida en todas sus manifestaciones. Su prop\u00f3sito es abrir el di\u00e1logo sobre los l\u00edmites y las responsabilidades humanas frente al desarrollo cient\u00edfico, reconociendo la interdependencia entre los seres vivos y el equilibrio del planeta.<\/p>\n<p>[\/et_pb_text][et_pb_text _builder_version=\u00bb4.27.4&#8243; _module_preset=\u00bbdefault\u00bb header_text_color=\u00bb#022859&#8243; header_3_text_color=\u00bb#022859&#8243; custom_margin=\u00bb||-3px|||\u00bb global_colors_info=\u00bb{}\u00bb]<\/p>\n<h3>Coordinadora<\/h3>\n<p><em>Geomar Perez<\/em><\/p>\n<p>[\/et_pb_text][et_pb_button button_text=\u00bbLIstado de participantes\u00bb _builder_version=\u00bb4.27.4&#8243; _module_preset=\u00bbdefault\u00bb button_text_size=\u00bb15px\u00bb button_text_color=\u00bb#FFFFFF\u00bb button_bg_color=\u00bb#022859&#8243; button_border_radius=\u00bb41px\u00bb transform_scale=\u00bb98%|98%\u00bb transform_translate=\u00bb203px|-54px\u00bb transform_translate_linked=\u00bboff\u00bb background_layout=\u00bbdark\u00bb custom_margin=\u00bb0px||0px||false|false\u00bb custom_padding=\u00bb7px|24px|7px|24px|true|true\u00bb global_colors_info=\u00bb{}\u00bb][\/et_pb_button][et_pb_code _builder_version=\u00bb4.27.4&#8243; _module_preset=\u00bbdefault\u00bb hover_enabled=\u00bb0&#8243; sticky_enabled=\u00bb0&#8243;]<\/p>\n<div style=\"<!-- [et_pb_line_break_holder] -->    max-width: 600px;<!-- [et_pb_line_break_holder] -->    margin: 30px auto;<!-- [et_pb_line_break_holder] -->    padding: 15px;<!-- [et_pb_line_break_holder] -->    background: #ffffff;<!-- [et_pb_line_break_holder] -->    border-radius: 16px;<!-- [et_pb_line_break_holder] -->    box-shadow: 0 6px 18px rgba(0,0,0,0.15);<!-- [et_pb_line_break_holder] -->\u00ab><!-- [et_pb_line_break_holder] -->  <iframe<!-- [et_pb_line_break_holder] -->    src=\u00bbhttps:\/\/www.instagram.com\/p\/CvzmUESsEVc\/embed\/?cr=1&#038;v=14&#038;wp=540&#038;rd=https:\/\/www.instagram.com&#038;rp=%2Fp%2FCvzmUESsEVc-&#038;omitscript=false\u00bb<!-- [et_pb_line_break_holder] -->    allowtransparency=\u00bbtrue\u00bb<!-- [et_pb_line_break_holder] -->    frameborder=\u00bb0&#8243;<!-- [et_pb_line_break_holder] -->    scrolling=\u00bbno\u00bb<!-- [et_pb_line_break_holder] -->    height=\u00bb680&#8243;<!-- [et_pb_line_break_holder] -->    style=\u00bb<!-- [et_pb_line_break_holder] -->      width: 100%;<!-- [et_pb_line_break_holder] -->      border: 0;<!-- [et_pb_line_break_holder] -->      border-radius: 12px;<!-- [et_pb_line_break_holder] -->      overflow: hidden;<!-- [et_pb_line_break_holder] -->    \u00ab<!-- [et_pb_line_break_holder] -->  ><\/iframe><!-- [et_pb_line_break_holder] --><\/div>\n<p><!-- [et_pb_line_break_holder] --><script async src=\"https:\/\/www.instagram.com\/embed.js\"><\/script><!-- [et_pb_line_break_holder] -->[\/et_pb_code][\/et_pb_column][\/et_pb_row][et_pb_row column_structure=\u00bb1_2,1_2&#8243; _builder_version=\u00bb4.27.4&#8243; _module_preset=\u00bbdefault\u00bb custom_padding=\u00bb||16px|||\u00bb global_colors_info=\u00bb{}\u00bb][et_pb_column type=\u00bb1_2&#8243; _builder_version=\u00bb4.27.4&#8243; _module_preset=\u00bbdefault\u00bb global_colors_info=\u00bb{}\u00bb][et_pb_text _builder_version=\u00bb4.27.4&#8243; _module_preset=\u00bbdefault\u00bb header_text_color=\u00bb#022859&#8243; global_colors_info=\u00bb{}\u00bb]<\/p>\n<h1>Filosofia.<\/h1>\n<p style=\"text-align: justify;\">La filosof\u00eda impulsa la b\u00fasqueda constante de sentido y comprensi\u00f3n del mundo. A trav\u00e9s del pensamiento cr\u00edtico y la pregunta, invita a analizar la realidad, las estructuras de poder y los fundamentos del conocimiento. Este espacio se propone como un lugar para cuestionar, imaginar y repensar las formas de vida contempor\u00e1neas, orientando el pensamiento hacia una existencia m\u00e1s consciente y solidaria.<\/p>\n<p>[\/et_pb_text][et_pb_text _builder_version=\u00bb4.27.4&#8243; _module_preset=\u00bbdefault\u00bb header_text_color=\u00bb#022859&#8243; header_3_text_color=\u00bb#022859&#8243; custom_margin=\u00bb||-3px|||\u00bb global_colors_info=\u00bb{}\u00bb]<\/p>\n<h3>Coordinadora<\/h3>\n<p><em>Geomar Perez<\/em><\/p>\n<p>[\/et_pb_text][et_pb_button button_text=\u00bbLIstado de participantes\u00bb _builder_version=\u00bb4.27.4&#8243; _module_preset=\u00bbdefault\u00bb button_text_size=\u00bb15px\u00bb button_text_color=\u00bb#FFFFFF\u00bb button_bg_color=\u00bb#022859&#8243; button_border_radius=\u00bb41px\u00bb transform_scale=\u00bb98%|98%\u00bb transform_translate=\u00bb203px|-54px\u00bb transform_translate_linked=\u00bboff\u00bb background_layout=\u00bbdark\u00bb custom_margin=\u00bb0px||0px||false|false\u00bb custom_padding=\u00bb7px|24px|7px|24px|true|true\u00bb global_colors_info=\u00bb{}\u00bb][\/et_pb_button][et_pb_text _builder_version=\u00bb4.27.4&#8243; _module_preset=\u00bbdefault\u00bb global_colors_info=\u00bb{}\u00bb]<\/p>\n<h3>\u00bfTe gustar\u00eda integrarte a uno de nuestros grupos de investigaci\u00f3n?<\/h3>\n<p style=\"text-align: justify;\">\n<p style=\"text-align: justify;\">\n<p style=\"text-align: justify;\">\u00danete a REDALC, una red intercultural que promueve la colaboraci\u00f3n y el conocimiento compartido.<\/p>\n<p>[\/et_pb_text][et_pb_image src=\u00bbhttps:\/\/www.redalc.uda.cl\/wp-content\/uploads\/2025\/11\/boton-redes-20.png\u00bb title_text=\u00bbboton redes-20&#8243; _builder_version=\u00bb4.27.4&#8243; _module_preset=\u00bbdefault\u00bb transform_translate=\u00bb0px|24px\u00bb transform_translate_linked=\u00bboff\u00bb global_colors_info=\u00bb{}\u00bb][\/et_pb_image][et_pb_button button_text=\u00bbINSCRIPCI\u00d3N \u00bb _builder_version=\u00bb4.27.4&#8243; _module_preset=\u00bbdefault\u00bb button_text_size=\u00bb18px\u00bb button_text_color=\u00bb#022859&#8243; button_bg_color=\u00bbRGBA(255,255,255,0)\u00bb button_border_radius=\u00bb41px\u00bb transform_scale=\u00bb98%|98%\u00bb transform_translate=\u00bb18px|-75px\u00bb transform_translate_linked=\u00bboff\u00bb background_layout=\u00bbdark\u00bb custom_margin=\u00bb0px||0px||false|false\u00bb custom_padding=\u00bb7px|24px|7px|24px|true|true\u00bb global_colors_info=\u00bb{}\u00bb][\/et_pb_button][\/et_pb_column][et_pb_column type=\u00bb1_2&#8243; _builder_version=\u00bb4.27.4&#8243; _module_preset=\u00bbdefault\u00bb global_colors_info=\u00bb{}\u00bb][et_pb_code _builder_version=\u00bb4.27.4&#8243; _module_preset=\u00bbdefault\u00bb hover_enabled=\u00bb0&#8243; sticky_enabled=\u00bb0&#8243;]<\/p>\n<div style=\"<!-- [et_pb_line_break_holder] -->    max-width: 600px;<!-- [et_pb_line_break_holder] -->    margin: 30px auto;<!-- [et_pb_line_break_holder] -->    padding: 15px;<!-- [et_pb_line_break_holder] -->    background: #ffffff;<!-- [et_pb_line_break_holder] -->    border-radius: 16px;<!-- [et_pb_line_break_holder] -->    box-shadow: 0 6px 18px rgba(0,0,0,0.15);<!-- [et_pb_line_break_holder] -->\u00ab><!-- [et_pb_line_break_holder] -->  <iframe<!-- [et_pb_line_break_holder] -->    src=\u00bbhttps:\/\/www.instagram.com\/p\/DO_Rj1RkV1J\/embed\/?cr=1&#038;v=14&#038;wp=540&#038;rd=https:\/\/www.instagram.com&#038;rp=%2Fp%2FDO_Rj1RkV1J-&#038;omitscript=false\u00bb<!-- [et_pb_line_break_holder] -->    allowtransparency=\u00bbtrue\u00bb<!-- [et_pb_line_break_holder] -->    frameborder=\u00bb0&#8243;<!-- [et_pb_line_break_holder] -->    scrolling=\u00bbno\u00bb<!-- [et_pb_line_break_holder] -->    height=\u00bb680&#8243;<!-- [et_pb_line_break_holder] -->    style=\u00bb<!-- [et_pb_line_break_holder] -->      width: 100%;<!-- [et_pb_line_break_holder] -->      border: 0;<!-- [et_pb_line_break_holder] -->      border-radius: 12px;<!-- [et_pb_line_break_holder] -->      overflow: hidden;<!-- [et_pb_line_break_holder] -->    \u00ab<!-- [et_pb_line_break_holder] -->  ><\/iframe><!-- [et_pb_line_break_holder] --><\/div>\n<p><!-- [et_pb_line_break_holder] --><script async src=\"https:\/\/www.instagram.com\/embed.js\"><\/script><!-- [et_pb_line_break_holder] -->[\/et_pb_code][\/et_pb_column][\/et_pb_row][\/et_pb_section]<\/p>\n","protected":false},"excerpt":{"rendered":"<p>\u00c9TICA, BIO\u00c9TICA Y FILOSOFIA &nbsp; Reflexi\u00f3n sobre los fundamentos \u00e9ticos y filos\u00f3ficos que orientan la vida com\u00fan y las ciencias.\u00c9tica. La \u00e9tica invita a reflexionar sobre las acciones humanas y sus consecuencias en el entorno social, cultural y ambiental. Es un espacio de pensamiento que orienta hacia la responsabilidad colectiva, la empat\u00eda y el respeto [&hellip;]<\/p>\n","protected":false},"author":3,"featured_media":0,"parent":0,"menu_order":0,"comment_status":"closed","ping_status":"closed","template":"","meta":{"_et_pb_use_builder":"on","_et_pb_old_content":"","_et_gb_content_width":"","footnotes":""},"class_list":["post-47790","page","type-page","status-publish","hentry"],"_links":{"self":[{"href":"https:\/\/www.redalc.uda.cl\/index.php\/wp-json\/wp\/v2\/pages\/47790","targetHints":{"allow":["GET"]}}],"collection":[{"href":"https:\/\/www.redalc.uda.cl\/index.php\/wp-json\/wp\/v2\/pages"}],"about":[{"href":"https:\/\/www.redalc.uda.cl\/index.php\/wp-json\/wp\/v2\/types\/page"}],"author":[{"embeddable":true,"href":"https:\/\/www.redalc.uda.cl\/index.php\/wp-json\/wp\/v2\/users\/3"}],"replies":[{"embeddable":true,"href":"https:\/\/www.redalc.uda.cl\/index.php\/wp-json\/wp\/v2\/comments?post=47790"}],"version-history":[{"count":4,"href":"https:\/\/www.redalc.uda.cl\/index.php\/wp-json\/wp\/v2\/pages\/47790\/revisions"}],"predecessor-version":[{"id":48075,"href":"https:\/\/www.redalc.uda.cl\/index.php\/wp-json\/wp\/v2\/pages\/47790\/revisions\/48075"}],"wp:attachment":[{"href":"https:\/\/www.redalc.uda.cl\/index.php\/wp-json\/wp\/v2\/media?parent=47790"}],"curies":[{"name":"wp","href":"https:\/\/api.w.org\/{rel}","templated":true}]}}