{"id":47782,"date":"2025-11-18T01:40:55","date_gmt":"2025-11-18T04:40:55","guid":{"rendered":"https:\/\/www.redalc.uda.cl\/?page_id=47782"},"modified":"2025-11-18T01:40:56","modified_gmt":"2025-11-18T04:40:56","slug":"derecho-derechos-humanos-y-propuesta-de-justicia-cata","status":"publish","type":"page","link":"https:\/\/www.redalc.uda.cl\/index.php\/derecho-derechos-humanos-y-propuesta-de-justicia-cata\/","title":{"rendered":"DERECHO, DERECHOS HUMANOS Y PROPUESTA DE JUSTICIA &#8211; CATA"},"content":{"rendered":"<p>[et_pb_section fb_built=\u00bb1&#8243; _builder_version=\u00bb4.27.4&#8243; _module_preset=\u00bbdefault\u00bb custom_padding=\u00bb0px||0px|||\u00bb global_colors_info=\u00bb{}\u00bb][et_pb_row _builder_version=\u00bb4.27.4&#8243; _module_preset=\u00bbdefault\u00bb global_colors_info=\u00bb{}\u00bb][et_pb_column type=\u00bb4_4&#8243; _builder_version=\u00bb4.27.4&#8243; _module_preset=\u00bbdefault\u00bb global_colors_info=\u00bb{}\u00bb][et_pb_text _builder_version=\u00bb4.27.4&#8243; _module_preset=\u00bbdefault\u00bb text_text_color=\u00bb#022859&#8243; text_font_size=\u00bb18px\u00bb header_text_color=\u00bb#022859&#8243; header_font_size=\u00bb55px\u00bb global_colors_info=\u00bb{}\u00bb]<\/p>\n<h1>DERECHO, DERECHOS HUMANOS Y PROPUESTA DE JUSTICIA<\/h1>\n<p style=\"text-align: justify;\">Reflexi\u00f3n cr\u00edtica sobre el derecho, sus instituciones y la construcci\u00f3n de nuevas formas de justicia.<\/p>\n<p>[\/et_pb_text][\/et_pb_column][\/et_pb_row][\/et_pb_section][et_pb_section fb_built=\u00bb1&#8243; _builder_version=\u00bb4.27.4&#8243; _module_preset=\u00bbdefault\u00bb custom_padding=\u00bb||5px|||\u00bb global_colors_info=\u00bb{}\u00bb][et_pb_row column_structure=\u00bb1_2,1_2&#8243; _builder_version=\u00bb4.27.4&#8243; _module_preset=\u00bbdefault\u00bb custom_padding=\u00bb||16px|||\u00bb global_colors_info=\u00bb{}\u00bb][et_pb_column type=\u00bb1_2&#8243; _builder_version=\u00bb4.27.4&#8243; _module_preset=\u00bbdefault\u00bb global_colors_info=\u00bb{}\u00bb][et_pb_text _builder_version=\u00bb4.27.4&#8243; _module_preset=\u00bbdefault\u00bb header_text_color=\u00bb#022859&#8243; custom_margin=\u00bb-1px|||||\u00bb global_colors_info=\u00bb{}\u00bb]<\/p>\n<h1 style=\"text-align: justify;\">Derecho.<\/h1>\n<p style=\"text-align: justify;\">El Derecho Penal es la rama del derecho que se encarga de establecer qu\u00e9 conductas son consideradas delitos y cu\u00e1les son las sanciones que corresponden a quienes las cometen. Su objetivo principal es proteger a la sociedad, garantizando el respeto a los derechos de las personas y promoviendo la justicia a trav\u00e9s de normas que previenen y castigan los actos que afectan la convivencia social.<\/p>\n<p>[\/et_pb_text][et_pb_text _builder_version=\u00bb4.27.4&#8243; _module_preset=\u00bbdefault\u00bb header_text_color=\u00bb#022859&#8243; header_3_text_color=\u00bb#022859&#8243; custom_margin=\u00bb||-3px|||\u00bb global_colors_info=\u00bb{}\u00bb]<\/p>\n<h3>Coordinadora<\/h3>\n<p><em>Geomar Perez<\/em><\/p>\n<p>[\/et_pb_text][et_pb_button button_text=\u00bbLIstado de participantes\u00bb _builder_version=\u00bb4.27.4&#8243; _module_preset=\u00bbdefault\u00bb button_text_size=\u00bb15px\u00bb button_text_color=\u00bb#FFFFFF\u00bb button_bg_color=\u00bb#022859&#8243; button_border_radius=\u00bb41px\u00bb transform_scale=\u00bb98%|98%\u00bb transform_translate=\u00bb203px|-54px\u00bb transform_translate_linked=\u00bboff\u00bb background_layout=\u00bbdark\u00bb custom_margin=\u00bb0px||0px||false|false\u00bb custom_padding=\u00bb7px|24px|7px|24px|true|true\u00bb hover_enabled=\u00bb0&#8243; global_colors_info=\u00bb{}\u00bb sticky_enabled=\u00bb0&#8243;][\/et_pb_button][et_pb_code _builder_version=\u00bb4.27.4&#8243; _module_preset=\u00bbdefault\u00bb hover_enabled=\u00bb0&#8243; sticky_enabled=\u00bb0&#8243;]<\/p>\n<div style=\"<!-- [et_pb_line_break_holder] -->    max-width: 600px;<!-- [et_pb_line_break_holder] -->    margin: 30px auto;<!-- [et_pb_line_break_holder] -->    padding: 15px;<!-- [et_pb_line_break_holder] -->    background: #ffffff;<!-- [et_pb_line_break_holder] -->    border-radius: 16px;<!-- [et_pb_line_break_holder] -->    box-shadow: 0 6px 18px rgba(0,0,0,0.15);<!-- [et_pb_line_break_holder] -->\u00ab><!-- [et_pb_line_break_holder] -->  <iframe<!-- [et_pb_line_break_holder] -->    src=\u00bbhttps:\/\/www.instagram.com\/p\/DOGw3IakdBU\/embed\/?cr=1&#038;v=14&#038;wp=540&#038;rd=https:\/\/www.instagram.com&#038;rp=%2Fp%2FDOGw3IakdBU-&#038;omitscript=false\u00bb<!-- [et_pb_line_break_holder] -->    allowtransparency=\u00bbtrue\u00bb<!-- [et_pb_line_break_holder] -->    frameborder=\u00bb0&#8243;<!-- [et_pb_line_break_holder] -->    scrolling=\u00bbno\u00bb<!-- [et_pb_line_break_holder] -->    height=\u00bb680&#8243;<!-- [et_pb_line_break_holder] -->    style=\u00bb<!-- [et_pb_line_break_holder] -->      width: 100%;<!-- [et_pb_line_break_holder] -->      border: 0;<!-- [et_pb_line_break_holder] -->      border-radius: 12px;<!-- [et_pb_line_break_holder] -->      overflow: hidden;<!-- [et_pb_line_break_holder] -->    \u00ab<!-- [et_pb_line_break_holder] -->  ><\/iframe><!-- [et_pb_line_break_holder] --><\/div>\n<p><!-- [et_pb_line_break_holder] --><script async src=\"https:\/\/www.instagram.com\/embed.js\"><\/script><!-- [et_pb_line_break_holder] -->[\/et_pb_code][\/et_pb_column][et_pb_column type=\u00bb1_2&#8243; _builder_version=\u00bb4.27.4&#8243; _module_preset=\u00bbdefault\u00bb global_colors_info=\u00bb{}\u00bb][et_pb_text _builder_version=\u00bb4.27.4&#8243; _module_preset=\u00bbdefault\u00bb header_text_color=\u00bb#022859&#8243; global_colors_info=\u00bb{}\u00bb]<\/p>\n<h1 style=\"text-align: justify;\">Derecho humanos.<\/h1>\n<p style=\"text-align: justify;\">El estudio de los derechos humanos busca garantizar la dignidad, la libertad y la igualdad de todas las personas. Esta l\u00ednea promueve la reflexi\u00f3n sobre los principios y mecanismos que protegen a los individuos frente a las injusticias y vulneraciones de poder, impulsando una cultura de respeto, inclusi\u00f3n y solidaridad.<\/p>\n<p>[\/et_pb_text][et_pb_text _builder_version=\u00bb4.27.4&#8243; _module_preset=\u00bbdefault\u00bb header_text_color=\u00bb#022859&#8243; header_3_text_color=\u00bb#022859&#8243; custom_margin=\u00bb||-3px|||\u00bb global_colors_info=\u00bb{}\u00bb]<\/p>\n<h3>Coordinadora<\/h3>\n<p><em>Geomar Perez<\/em><\/p>\n<p>[\/et_pb_text][et_pb_button button_text=\u00bbLIstado de participantes\u00bb _builder_version=\u00bb4.27.4&#8243; _module_preset=\u00bbdefault\u00bb button_text_size=\u00bb15px\u00bb button_text_color=\u00bb#FFFFFF\u00bb button_bg_color=\u00bb#022859&#8243; button_border_radius=\u00bb41px\u00bb transform_scale=\u00bb98%|98%\u00bb transform_translate=\u00bb203px|-54px\u00bb transform_translate_linked=\u00bboff\u00bb background_layout=\u00bbdark\u00bb custom_margin=\u00bb0px||0px||false|false\u00bb custom_padding=\u00bb7px|24px|7px|24px|true|true\u00bb hover_enabled=\u00bb0&#8243; global_colors_info=\u00bb{}\u00bb sticky_enabled=\u00bb0&#8243;][\/et_pb_button][et_pb_code _builder_version=\u00bb4.27.4&#8243; _module_preset=\u00bbdefault\u00bb hover_enabled=\u00bb0&#8243; sticky_enabled=\u00bb0&#8243;]<\/p>\n<div style=\"<!-- [et_pb_line_break_holder] -->    max-width: 600px;<!-- [et_pb_line_break_holder] -->    margin: 30px auto;<!-- [et_pb_line_break_holder] -->    padding: 15px;<!-- [et_pb_line_break_holder] -->    background: #ffffff;<!-- [et_pb_line_break_holder] -->    border-radius: 16px;<!-- [et_pb_line_break_holder] -->    box-shadow: 0 6px 18px rgba(0,0,0,0.15);<!-- [et_pb_line_break_holder] -->\u00ab><!-- [et_pb_line_break_holder] -->  <iframe<!-- [et_pb_line_break_holder] -->    src=\u00bbhttps:\/\/www.instagram.com\/p\/C0pFBm_JSoy\/embed\/?cr=1&#038;v=14&#038;wp=540&#038;rd=https:\/\/www.instagram.com&#038;rp=%2Fp%2FC0pFBm_JSoy-&#038;omitscript=false\u00bb<!-- [et_pb_line_break_holder] -->    allowtransparency=\u00bbtrue\u00bb<!-- [et_pb_line_break_holder] -->    frameborder=\u00bb0&#8243;<!-- [et_pb_line_break_holder] -->    scrolling=\u00bbno\u00bb<!-- [et_pb_line_break_holder] -->    height=\u00bb680&#8243;<!-- [et_pb_line_break_holder] -->    style=\u00bb<!-- [et_pb_line_break_holder] -->      width: 100%;<!-- [et_pb_line_break_holder] -->      border: 0;<!-- [et_pb_line_break_holder] -->      border-radius: 12px;<!-- [et_pb_line_break_holder] -->      overflow: hidden;<!-- [et_pb_line_break_holder] -->    \u00ab<!-- [et_pb_line_break_holder] -->  ><\/iframe><!-- [et_pb_line_break_holder] --><\/div>\n<p><!-- [et_pb_line_break_holder] --><script async src=\"https:\/\/www.instagram.com\/embed.js\"><\/script><!-- [et_pb_line_break_holder] -->[\/et_pb_code][\/et_pb_column][\/et_pb_row][et_pb_row column_structure=\u00bb1_2,1_2&#8243; _builder_version=\u00bb4.27.4&#8243; _module_preset=\u00bbdefault\u00bb custom_padding=\u00bb||16px|||\u00bb global_colors_info=\u00bb{}\u00bb][et_pb_column type=\u00bb1_2&#8243; _builder_version=\u00bb4.27.4&#8243; _module_preset=\u00bbdefault\u00bb global_colors_info=\u00bb{}\u00bb][et_pb_text _builder_version=\u00bb4.27.4&#8243; _module_preset=\u00bbdefault\u00bb header_text_color=\u00bb#022859&#8243; global_colors_info=\u00bb{}\u00bb]<\/p>\n<h1 style=\"text-align: justify;\">Propuesta de justicia.<\/h1>\n<p style=\"text-align: justify;\">La l\u00ednea de propuestas de justicia se orienta a repensar las formas tradicionales del sistema jur\u00eddico y a explorar nuevos modelos que respondan a las realidades de Am\u00e9rica Latina y el Caribe. A trav\u00e9s de un enfoque cr\u00edtico e interdisciplinario, busca generar alternativas que prioricen la equidad, el di\u00e1logo y la reparaci\u00f3n frente a los conflictos sociales.<\/p>\n<p>[\/et_pb_text][et_pb_text _builder_version=\u00bb4.27.4&#8243; _module_preset=\u00bbdefault\u00bb header_text_color=\u00bb#022859&#8243; header_3_text_color=\u00bb#022859&#8243; custom_margin=\u00bb||-3px|||\u00bb global_colors_info=\u00bb{}\u00bb]<\/p>\n<h3>Coordinadora<\/h3>\n<p><em>Geomar Perez<\/em><\/p>\n<p>[\/et_pb_text][et_pb_button button_text=\u00bbLIstado de participantes\u00bb _builder_version=\u00bb4.27.4&#8243; _module_preset=\u00bbdefault\u00bb button_text_size=\u00bb15px\u00bb button_text_color=\u00bb#FFFFFF\u00bb button_bg_color=\u00bb#022859&#8243; button_border_radius=\u00bb41px\u00bb transform_scale=\u00bb98%|98%\u00bb transform_translate=\u00bb203px|-54px\u00bb transform_translate_linked=\u00bboff\u00bb background_layout=\u00bbdark\u00bb custom_margin=\u00bb0px||0px||false|false\u00bb custom_padding=\u00bb7px|24px|7px|24px|true|true\u00bb hover_enabled=\u00bb0&#8243; global_colors_info=\u00bb{}\u00bb sticky_enabled=\u00bb0&#8243;][\/et_pb_button][et_pb_text _builder_version=\u00bb4.27.4&#8243; _module_preset=\u00bbdefault\u00bb global_colors_info=\u00bb{}\u00bb custom_margin=\u00bb165px|||||\u00bb]<\/p>\n<h3>\u00bfTe gustar\u00eda integrarte a uno de nuestros grupos de investigaci\u00f3n?<\/h3>\n<p style=\"text-align: justify;\">\n<p style=\"text-align: justify;\">\n<p style=\"text-align: justify;\">\u00danete a REDALC, una red intercultural que promueve la colaboraci\u00f3n y el conocimiento compartido.<\/p>\n<p>[\/et_pb_text][et_pb_image src=\u00bbhttps:\/\/www.redalc.uda.cl\/wp-content\/uploads\/2025\/11\/boton-redes-20.png\u00bb title_text=\u00bbboton redes-20&#8243; _builder_version=\u00bb4.27.4&#8243; _module_preset=\u00bbdefault\u00bb transform_translate=\u00bb0px|24px\u00bb transform_translate_linked=\u00bboff\u00bb global_colors_info=\u00bb{}\u00bb][\/et_pb_image][et_pb_button button_text=\u00bbINSCRIPCI\u00d3N \u00bb _builder_version=\u00bb4.27.4&#8243; _module_preset=\u00bbdefault\u00bb button_text_size=\u00bb18px\u00bb button_text_color=\u00bb#022859&#8243; button_bg_color=\u00bbRGBA(255,255,255,0)\u00bb button_border_radius=\u00bb41px\u00bb transform_scale=\u00bb98%|98%\u00bb transform_translate=\u00bb18px|-75px\u00bb transform_translate_linked=\u00bboff\u00bb background_layout=\u00bbdark\u00bb custom_margin=\u00bb0px||0px||false|false\u00bb custom_padding=\u00bb7px|24px|7px|24px|true|true\u00bb global_colors_info=\u00bb{}\u00bb][\/et_pb_button][\/et_pb_column][et_pb_column type=\u00bb1_2&#8243; _builder_version=\u00bb4.27.4&#8243; _module_preset=\u00bbdefault\u00bb global_colors_info=\u00bb{}\u00bb][et_pb_code _builder_version=\u00bb4.27.4&#8243; _module_preset=\u00bbdefault\u00bb hover_enabled=\u00bb0&#8243; sticky_enabled=\u00bb0&#8243;]<\/p>\n<div style=\"<!-- [et_pb_line_break_holder] -->    max-width: 600px;<!-- [et_pb_line_break_holder] -->    margin: 30px auto;<!-- [et_pb_line_break_holder] -->    padding: 15px;<!-- [et_pb_line_break_holder] -->    background: #ffffff;<!-- [et_pb_line_break_holder] -->    border-radius: 16px;<!-- [et_pb_line_break_holder] -->    box-shadow: 0 6px 18px rgba(0,0,0,0.15);<!-- [et_pb_line_break_holder] -->\u00ab><!-- [et_pb_line_break_holder] -->  <iframe<!-- [et_pb_line_break_holder] -->    src=\u00bbhttps:\/\/www.instagram.com\/p\/C9DwULkhoTN\/embed\/?cr=1&#038;v=14&#038;wp=540&#038;rd=https:\/\/www.instagram.com&#038;rp=%2Fp%2FC9DwULkhoTN-&#038;omitscript=false\u00bb<!-- [et_pb_line_break_holder] -->    allowtransparency=\u00bbtrue\u00bb<!-- [et_pb_line_break_holder] -->    frameborder=\u00bb0&#8243;<!-- [et_pb_line_break_holder] -->    scrolling=\u00bbno\u00bb<!-- [et_pb_line_break_holder] -->    height=\u00bb680&#8243;<!-- [et_pb_line_break_holder] -->    style=\u00bb<!-- [et_pb_line_break_holder] -->      width: 100%;<!-- [et_pb_line_break_holder] -->      border: 0;<!-- [et_pb_line_break_holder] -->      border-radius: 12px;<!-- [et_pb_line_break_holder] -->      overflow: hidden;<!-- [et_pb_line_break_holder] -->    \u00ab<!-- [et_pb_line_break_holder] -->  ><\/iframe><!-- [et_pb_line_break_holder] --><\/div>\n<p><!-- [et_pb_line_break_holder] --><script async src=\"https:\/\/www.instagram.com\/embed.js\"><\/script><!-- [et_pb_line_break_holder] -->[\/et_pb_code][\/et_pb_column][\/et_pb_row][\/et_pb_section]<\/p>\n","protected":false},"excerpt":{"rendered":"<p>DERECHO, DERECHOS HUMANOS Y PROPUESTA DE JUSTICIA Reflexi\u00f3n cr\u00edtica sobre el derecho, sus instituciones y la construcci\u00f3n de nuevas formas de justicia.Derecho. El Derecho Penal es la rama del derecho que se encarga de establecer qu\u00e9 conductas son consideradas delitos y cu\u00e1les son las sanciones que corresponden a quienes las cometen. Su objetivo principal es [&hellip;]<\/p>\n","protected":false},"author":3,"featured_media":0,"parent":0,"menu_order":0,"comment_status":"closed","ping_status":"closed","template":"","meta":{"_et_pb_use_builder":"on","_et_pb_old_content":"","_et_gb_content_width":"","footnotes":""},"class_list":["post-47782","page","type-page","status-publish","hentry"],"_links":{"self":[{"href":"https:\/\/www.redalc.uda.cl\/index.php\/wp-json\/wp\/v2\/pages\/47782","targetHints":{"allow":["GET"]}}],"collection":[{"href":"https:\/\/www.redalc.uda.cl\/index.php\/wp-json\/wp\/v2\/pages"}],"about":[{"href":"https:\/\/www.redalc.uda.cl\/index.php\/wp-json\/wp\/v2\/types\/page"}],"author":[{"embeddable":true,"href":"https:\/\/www.redalc.uda.cl\/index.php\/wp-json\/wp\/v2\/users\/3"}],"replies":[{"embeddable":true,"href":"https:\/\/www.redalc.uda.cl\/index.php\/wp-json\/wp\/v2\/comments?post=47782"}],"version-history":[{"count":3,"href":"https:\/\/www.redalc.uda.cl\/index.php\/wp-json\/wp\/v2\/pages\/47782\/revisions"}],"predecessor-version":[{"id":48065,"href":"https:\/\/www.redalc.uda.cl\/index.php\/wp-json\/wp\/v2\/pages\/47782\/revisions\/48065"}],"wp:attachment":[{"href":"https:\/\/www.redalc.uda.cl\/index.php\/wp-json\/wp\/v2\/media?parent=47782"}],"curies":[{"name":"wp","href":"https:\/\/api.w.org\/{rel}","templated":true}]}}