{"id":47497,"date":"2025-10-27T15:44:39","date_gmt":"2025-10-27T18:44:39","guid":{"rendered":"https:\/\/www.redalc.uda.cl\/?page_id=47497"},"modified":"2025-11-02T21:52:21","modified_gmt":"2025-11-03T00:52:21","slug":"integrantes-de-la-catedra-calacocem-cata","status":"publish","type":"page","link":"https:\/\/www.redalc.uda.cl\/index.php\/integrantes-de-la-catedra-calacocem-cata\/","title":{"rendered":"INTEGRANTES DE LA C\u00c1TEDRA CALACOCEM &#8211; CATA"},"content":{"rendered":"<p>[et_pb_section fb_built=\u00bb1&#8243; _builder_version=\u00bb4.27.4&#8243; _module_preset=\u00bbdefault\u00bb global_colors_info=\u00bb{}\u00bb][et_pb_row column_structure=\u00bb1_2,1_2&#8243; _builder_version=\u00bb4.27.4&#8243; _module_preset=\u00bbdefault\u00bb global_colors_info=\u00bb{}\u00bb][et_pb_column type=\u00bb1_2&#8243; _builder_version=\u00bb4.27.4&#8243; _module_preset=\u00bbdefault\u00bb global_colors_info=\u00bb{}\u00bb][et_pb_text _builder_version=\u00bb4.27.4&#8243; _module_preset=\u00bbdefault\u00bb text_text_color=\u00bb#022859&#8243; text_font_size=\u00bb20px\u00bb header_text_color=\u00bb#022859&#8243; header_font_size=\u00bb59px\u00bb header_3_text_color=\u00bb#022859&#8243; global_colors_info=\u00bb{}\u00bb]<\/p>\n<h1>INTEGRANTES DE LA C\u00c1TEDRA<\/h1>\n<p>\u201cCarlos Eduardo Maldonado\u201d (CALACOCEM)<\/p>\n<p>&nbsp;<\/p>\n<h3>Reconocimiento.<\/h3>\n<p>&nbsp;<\/p>\n<p style=\"text-align: justify;\">La C\u00e1tedra Latinoamericana de Complejidad \u201cCarlos Eduardo Maldonado\u201d nace gracias a la iniciativa y compromiso de la <strong>Dra. Taeli G\u00f3mez, fundadora de REDALC<\/strong>, quien ha impulsado la creaci\u00f3n de este espacio acad\u00e9mico dedicado a la reflexi\u00f3n cr\u00edtica, la investigaci\u00f3n situada y la integraci\u00f3n del pensamiento latinoamericano.<\/p>\n<p style=\"text-align: justify;\">Su labor ha permitido materializar una c\u00e1tedra que honra el legado del Dr. Carlos Eduardo Maldonado, promoviendo la construcci\u00f3n colectiva del conocimiento desde la complejidad y el buen vivir en Nuestra Am\u00e9rica.<\/p>\n<p>[\/et_pb_text][\/et_pb_column][et_pb_column type=\u00bb1_2&#8243; _builder_version=\u00bb4.27.4&#8243; _module_preset=\u00bbdefault\u00bb global_colors_info=\u00bb{}\u00bb][et_pb_image src=\u00bbhttps:\/\/www.redalc.uda.cl\/wp-content\/uploads\/2025\/11\/Captura-de-pantalla-2025-11-02-202115.png\u00bb title_text=\u00bbCaptura de pantalla 2025-11-02 202115&#8243; _builder_version=\u00bb4.27.4&#8243; _module_preset=\u00bbdefault\u00bb custom_padding=\u00bb126px|||||\u00bb global_colors_info=\u00bb{}\u00bb][\/et_pb_image][et_pb_text _builder_version=\u00bb4.27.4&#8243; _module_preset=\u00bbdefault\u00bb text_font=\u00bb&#8211;et_global_body_font||||||||\u00bb text_font_size=\u00bb18px\u00bb global_colors_info=\u00bb{}\u00bb]<\/p>\n<p style=\"text-align: center;\">Dra. Taeli G\u00f3mez<\/p>\n<p>[\/et_pb_text][\/et_pb_column][\/et_pb_row][\/et_pb_section][et_pb_section fb_built=\u00bb1&#8243; _builder_version=\u00bb4.27.4&#8243; _module_preset=\u00bbdefault\u00bb global_colors_info=\u00bb{}\u00bb][et_pb_row _builder_version=\u00bb4.27.4&#8243; _module_preset=\u00bbdefault\u00bb global_colors_info=\u00bb{}\u00bb][et_pb_column type=\u00bb4_4&#8243; _builder_version=\u00bb4.27.4&#8243; _module_preset=\u00bbdefault\u00bb global_colors_info=\u00bb{}\u00bb][et_pb_text _builder_version=\u00bb4.27.4&#8243; _module_preset=\u00bbdefault\u00bb global_colors_info=\u00bb{}\u00bb]<\/p>\n<h1>Integrantes de las conferencias inaugurales.<\/h1>\n<p>[\/et_pb_text][\/et_pb_column][\/et_pb_row][et_pb_row column_structure=\u00bb1_3,1_3,1_3&#8243; _builder_version=\u00bb4.27.4&#8243; _module_preset=\u00bbdefault\u00bb global_colors_info=\u00bb{}\u00bb][et_pb_column type=\u00bb1_3&#8243; _builder_version=\u00bb4.27.4&#8243; _module_preset=\u00bbdefault\u00bb global_colors_info=\u00bb{}\u00bb][et_pb_image src=\u00bbhttps:\/\/www.redalc.uda.cl\/wp-content\/uploads\/2025\/11\/Captura-de-pantalla-2025-11-02-211025.png\u00bb title_text=\u00bbCaptura de pantalla 2025-11-02 211025&#8243; force_fullwidth=\u00bbon\u00bb _builder_version=\u00bb4.27.4&#8243; _module_preset=\u00bbdefault\u00bb custom_margin=\u00bb||-61px|||\u00bb custom_padding=\u00bb||77px|||\u00bb global_colors_info=\u00bb{}\u00bb][\/et_pb_image][et_pb_team_member name=\u00bbEnrique Leff\u00bb position=\u00bbParticipante\u00bb _builder_version=\u00bb4.27.4&#8243; _module_preset=\u00bbdefault\u00bb global_colors_info=\u00bb{}\u00bb]<\/p>\n<p style=\"text-align: justify;\">Enrique Leff es un reconocido pensador mexicano, doctor en Econom\u00eda del Desarrollo por la Universidad de Par\u00eds y uno de los principales referentes en el campo de la ecolog\u00eda pol\u00edtica latinoamericana. Su trabajo ha sido fundamental para comprender la relaci\u00f3n entre ambiente, cultura y conocimiento desde una perspectiva cr\u00edtica y descolonizadora.<\/p>\n<p>[\/et_pb_team_member][\/et_pb_column][et_pb_column type=\u00bb1_3&#8243; _builder_version=\u00bb4.27.4&#8243; _module_preset=\u00bbdefault\u00bb global_colors_info=\u00bb{}\u00bb][et_pb_image src=\u00bbhttps:\/\/www.redalc.uda.cl\/wp-content\/uploads\/2025\/11\/Captura-de-pantalla-2025-11-02-211522.png\u00bb title_text=\u00bbCaptura de pantalla 2025-11-02 211522&#8243; _builder_version=\u00bb4.27.4&#8243; _module_preset=\u00bbdefault\u00bb transform_translate_linked=\u00bboff\u00bb custom_margin=\u00bb||23px|||\u00bb global_colors_info=\u00bb{}\u00bb][\/et_pb_image][et_pb_team_member name=\u00bbLeonardo Lavanderos\u00bb position=\u00bbParticipante\u00bb _builder_version=\u00bb4.27.4&#8243; _module_preset=\u00bbdefault\u00bb global_colors_info=\u00bb{}\u00bb]<\/p>\n<p style=\"text-align: justify;\">Leonardo Lavanderos es un investigador y acad\u00e9mico chileno reconocido por su trabajo en torno a la complejidad, la epistemolog\u00eda ambiental y el pensamiento latinoamericano. Su labor se ha centrado en promover espacios de di\u00e1logo interdisciplinario que integren ciencia, filosof\u00eda y saberes locales, contribuyendo a repensar la relaci\u00f3n entre conocimiento, territorio y vida.<\/p>\n<p>[\/et_pb_team_member][\/et_pb_column][et_pb_column type=\u00bb1_3&#8243; _builder_version=\u00bb4.27.4&#8243; _module_preset=\u00bbdefault\u00bb global_colors_info=\u00bb{}\u00bb][et_pb_image src=\u00bbhttps:\/\/www.redalc.uda.cl\/wp-content\/uploads\/2025\/11\/Captura-de-pantalla-2025-11-02-212158.png\u00bb title_text=\u00bbCaptura de pantalla 2025-11-02 212158&#8243; _builder_version=\u00bb4.27.4&#8243; _module_preset=\u00bbdefault\u00bb transform_scale=\u00bb170%|170%\u00bb transform_translate=\u00bb67px|35px\u00bb transform_translate_linked=\u00bboff\u00bb global_colors_info=\u00bb{}\u00bb][\/et_pb_image][et_pb_team_member name=\u00bbMauricio Hoyos\u00bb position=\u00bbParticipante\u00bb _builder_version=\u00bb4.27.4&#8243; _module_preset=\u00bbdefault\u00bb transform_translate=\u00bb0px|78px\u00bb transform_translate_linked=\u00bboff\u00bb custom_padding=\u00bb24px|||||\u00bb global_colors_info=\u00bb{}\u00bb]<\/p>\n<p style=\"text-align: justify;\">Mauricio Hoyos es investigador y docente con una amplia trayectoria en estudios sobre filosof\u00eda de la complejidad, pensamiento cr\u00edtico y educaci\u00f3n latinoamericana. Su trabajo promueve la integraci\u00f3n de la reflexi\u00f3n \u00e9tica y epistemol\u00f3gica en los procesos de formaci\u00f3n y producci\u00f3n de conocimiento.<\/p>\n<p>[\/et_pb_team_member][\/et_pb_column][\/et_pb_row][et_pb_row column_structure=\u00bb1_3,1_3,1_3&#8243; _builder_version=\u00bb4.27.4&#8243; _module_preset=\u00bbdefault\u00bb global_colors_info=\u00bb{}\u00bb][et_pb_column type=\u00bb1_3&#8243; _builder_version=\u00bb4.27.4&#8243; _module_preset=\u00bbdefault\u00bb global_colors_info=\u00bb{}\u00bb][et_pb_image src=\u00bbhttps:\/\/www.redalc.uda.cl\/wp-content\/uploads\/2025\/11\/Captura-de-pantalla-2025-11-02-211826.png\u00bb title_text=\u00bbCaptura de pantalla 2025-11-02 211826&#8243; force_fullwidth=\u00bbon\u00bb _builder_version=\u00bb4.27.4&#8243; _module_preset=\u00bbdefault\u00bb custom_margin=\u00bb||-61px|||\u00bb custom_padding=\u00bb||77px|||\u00bb global_colors_info=\u00bb{}\u00bb][\/et_pb_image][et_pb_team_member name=\u00bbDra. Rosa Mar\u00eda de la Torre Torres\u00bb position=\u00bbParticipante\u00bb _builder_version=\u00bb4.27.4&#8243; _module_preset=\u00bbdefault\u00bb global_colors_info=\u00bb{}\u00bb]<\/p>\n<p data-start=\"655\" data-end=\"1134\" style=\"text-align: justify;\">La Dra. Rosa Mar\u00eda de la Torre Torres es una destacada jurista e investigadora mexicana, especializada en derechos humanos, \u00e9tica y justicia social. Su labor se ha enfocado en la defensa del Estado de derecho y la promoci\u00f3n de una cultura jur\u00eddica comprometida con la dignidad humana. Ha contribuido en diversos proyectos acad\u00e9micos y redes internacionales orientadas a repensar el derecho desde una perspectiva cr\u00edtica y humanista.<\/p>\n<p>[\/et_pb_team_member][\/et_pb_column][et_pb_column type=\u00bb1_3&#8243; _builder_version=\u00bb4.27.4&#8243; _module_preset=\u00bbdefault\u00bb global_colors_info=\u00bb{}\u00bb][et_pb_image src=\u00bbhttps:\/\/www.redalc.uda.cl\/wp-content\/uploads\/2025\/11\/Captura-de-pantalla-2025-11-02-211902.png\u00bb title_text=\u00bbCaptura de pantalla 2025-11-02 211902&#8243; _builder_version=\u00bb4.27.4&#8243; _module_preset=\u00bbdefault\u00bb transform_translate_linked=\u00bboff\u00bb custom_margin=\u00bb||23px|||\u00bb global_colors_info=\u00bb{}\u00bb][\/et_pb_image][et_pb_team_member name=\u00bbDr. Alejandro Malpartida\u00bb position=\u00bbParticipante\u00bb _builder_version=\u00bb4.27.4&#8243; _module_preset=\u00bbdefault\u00bb global_colors_info=\u00bb{}\u00bb]<\/p>\n<p data-start=\"1141\" data-end=\"1654\" style=\"text-align: justify;\">El Dr. Alejandro Malpartida es acad\u00e9mico e investigador dedicado al estudio de la ecolog\u00eda pol\u00edtica, la sostenibilidad y el pensamiento complejo. Su enfoque interdisciplinario aborda las relaciones entre naturaleza, sociedad y conocimiento, impulsando una mirada integradora que reconoce la diversidad cultural y ecol\u00f3gica de Am\u00e9rica Latina.<\/p>\n<p>[\/et_pb_team_member][\/et_pb_column][et_pb_column type=\u00bb1_3&#8243; _builder_version=\u00bb4.27.4&#8243; _module_preset=\u00bbdefault\u00bb global_colors_info=\u00bb{}\u00bb][et_pb_image src=\u00bbhttps:\/\/www.redalc.uda.cl\/wp-content\/uploads\/2025\/11\/Captura-de-pantalla-2025-11-02-211930.png\u00bb title_text=\u00bbCaptura de pantalla 2025-11-02 211930&#8243; _builder_version=\u00bb4.27.4&#8243; _module_preset=\u00bbdefault\u00bb transform_translate_linked=\u00bboff\u00bb global_colors_info=\u00bb{}\u00bb custom_margin=\u00bb||-7px|||\u00bb][\/et_pb_image][et_pb_team_member name=\u00bbDr. Ar\u00edstides Obando Cabezas\u00bb position=\u00bbParticipante\u00bb _builder_version=\u00bb4.27.4&#8243; _module_preset=\u00bbdefault\u00bb transform_translate=\u00bb0px|78px\u00bb transform_translate_linked=\u00bboff\u00bb custom_margin=\u00bb-58px|||||\u00bb custom_padding=\u00bb0px|||||\u00bb global_colors_info=\u00bb{}\u00bb]<\/p>\n<p style=\"text-align: justify;\">El Dr. Ar\u00edstides Obando Cabezas es un intelectual y docente comprometido con el pensamiento cr\u00edtico latinoamericano, la educaci\u00f3n y la filosof\u00eda de la liberaci\u00f3n. Su obra reflexiona sobre los desaf\u00edos \u00e9ticos y sociales de la regi\u00f3n, destacando la importancia del di\u00e1logo entre saberes y la construcci\u00f3n de conocimiento desde el Sur Global. Ha sido parte de iniciativas acad\u00e9micas que promueven la justicia epist\u00e9mica y la integraci\u00f3n regional.<\/p>\n<p>[\/et_pb_team_member][\/et_pb_column][\/et_pb_row][et_pb_row _builder_version=\u00bb4.27.4&#8243; _module_preset=\u00bbdefault\u00bb global_colors_info=\u00bb{}\u00bb custom_padding=\u00bb89px|||||\u00bb][et_pb_column type=\u00bb4_4&#8243; _builder_version=\u00bb4.27.4&#8243; _module_preset=\u00bbdefault\u00bb global_colors_info=\u00bb{}\u00bb][et_pb_text _builder_version=\u00bb4.27.4&#8243; _module_preset=\u00bbdefault\u00bb hover_enabled=\u00bb0&#8243; global_colors_info=\u00bb{}\u00bb sticky_enabled=\u00bb0&#8243;]<\/p>\n<h1>Integrantes de la c\u00e1tedra CALACOCEM .<\/h1>\n<p>[\/et_pb_text][\/et_pb_column][\/et_pb_row][et_pb_row column_structure=\u00bb1_3,1_3,1_3&#8243; _builder_version=\u00bb4.27.4&#8243; _module_preset=\u00bbdefault\u00bb global_colors_info=\u00bb{}\u00bb][et_pb_column type=\u00bb1_3&#8243; _builder_version=\u00bb4.27.4&#8243; _module_preset=\u00bbdefault\u00bb global_colors_info=\u00bb{}\u00bb][et_pb_image src=\u00bbhttps:\/\/www.redalc.uda.cl\/wp-content\/uploads\/2025\/11\/Captura-de-pantalla-2025-11-02-213901.png\u00bb title_text=\u00bbCaptura de pantalla 2025-11-02 213901&#8243; force_fullwidth=\u00bbon\u00bb _builder_version=\u00bb4.27.4&#8243; _module_preset=\u00bbdefault\u00bb custom_margin=\u00bb||-61px|||\u00bb custom_padding=\u00bb||77px|||\u00bb hover_enabled=\u00bb0&#8243; global_colors_info=\u00bb{}\u00bb sticky_enabled=\u00bb0&#8243;][\/et_pb_image][et_pb_team_member name=\u00bbDr. Claudio Mazuqui\u00bb position=\u00bbParticipante\u00bb _builder_version=\u00bb4.27.4&#8243; _module_preset=\u00bbdefault\u00bb hover_enabled=\u00bb0&#8243; global_colors_info=\u00bb{}\u00bb sticky_enabled=\u00bb0&#8243;]<\/p>\n<p data-start=\"655\" data-end=\"1134\" style=\"text-align: justify;\">Juez\/Magistrado en el Poder Judicial de C\u00f3rdoba, Argentina; Especialista en Comunicaci\u00f3n Judicial; Distinci\u00f3n en la Categor\u00eda Internacional por la Defensa de los Derechos Humanos 2023 por la Asociaci\u00f3n Pro Derechos Humanos de Espa\u00f1a \u2013 A.P.D.H.E Personalidad Destacada A\u00f1o 2022 \u2013 C\u00f3rdoba- Argentina (La Voz del Interior-)<\/p>\n<p>[\/et_pb_team_member][\/et_pb_column][et_pb_column type=\u00bb1_3&#8243; _builder_version=\u00bb4.27.4&#8243; _module_preset=\u00bbdefault\u00bb global_colors_info=\u00bb{}\u00bb][et_pb_image src=\u00bbhttps:\/\/www.redalc.uda.cl\/wp-content\/uploads\/2025\/11\/Captura-de-pantalla-2025-11-02-211826.png\u00bb title_text=\u00bbCaptura de pantalla 2025-11-02 211826&#8243; _builder_version=\u00bb4.27.4&#8243; _module_preset=\u00bbdefault\u00bb transform_translate_linked=\u00bboff\u00bb custom_margin=\u00bb||23px|||\u00bb hover_enabled=\u00bb0&#8243; global_colors_info=\u00bb{}\u00bb sticky_enabled=\u00bb0&#8243;][\/et_pb_image][et_pb_team_member name=\u00bbDra. Rosa Mar\u00eda De la Torre Torres \u00bb position=\u00bbParticipante\u00bb _builder_version=\u00bb4.27.4&#8243; _module_preset=\u00bbdefault\u00bb hover_enabled=\u00bb0&#8243; global_colors_info=\u00bb{}\u00bb sticky_enabled=\u00bb0&#8243;]<\/p>\n<p data-start=\"1141\" data-end=\"1654\" style=\"text-align: justify;\">Profesora e investigadora titular Universidad Michoacana de San Nicol\u00e1s de HidalgoCoordinadora General del Grupo de Investigaci\u00f3n en Derecho Animal GIDA de la UMSNH. Doctora en Derecho constitucional, grado Cum Laude por la Universidad Complutense de Madrid.<\/p>\n<p>[\/et_pb_team_member][\/et_pb_column][et_pb_column type=\u00bb1_3&#8243; _builder_version=\u00bb4.27.4&#8243; _module_preset=\u00bbdefault\u00bb global_colors_info=\u00bb{}\u00bb][et_pb_image src=\u00bbhttps:\/\/www.redalc.uda.cl\/wp-content\/uploads\/2025\/11\/Captura-de-pantalla-2025-11-02-211522.png\u00bb title_text=\u00bbCaptura de pantalla 2025-11-02 211522&#8243; _builder_version=\u00bb4.27.4&#8243; _module_preset=\u00bbdefault\u00bb transform_translate_linked=\u00bboff\u00bb hover_enabled=\u00bb0&#8243; global_colors_info=\u00bb{}\u00bb custom_margin=\u00bb||-7px|||\u00bb sticky_enabled=\u00bb0&#8243;][\/et_pb_image][et_pb_team_member name=\u00bbDr. Leonardo Lavanderos Gallardo\u00bb position=\u00bbParticipante\u00bb _builder_version=\u00bb4.27.4&#8243; _module_preset=\u00bbdefault\u00bb transform_translate=\u00bb0px|78px\u00bb transform_translate_linked=\u00bboff\u00bb custom_margin=\u00bb-58px|||||\u00bb custom_padding=\u00bb0px|||||\u00bb hover_enabled=\u00bb0&#8243; global_colors_info=\u00bb{}\u00bb sticky_enabled=\u00bb0&#8243;]<\/p>\n<p style=\"text-align: justify;\">Bi\u00f3logo y experto en cibern\u00e9tica, promueve soluciones sist\u00e9micas y transdisciplinarias para comprender las relaciones en los sistemas. Profesor de la Universidad Playa Ancha, Chile<\/p>\n<p>[\/et_pb_team_member][\/et_pb_column][\/et_pb_row][et_pb_row column_structure=\u00bb1_3,1_3,1_3&#8243; _builder_version=\u00bb4.27.4&#8243; _module_preset=\u00bbdefault\u00bb global_colors_info=\u00bb{}\u00bb][et_pb_column type=\u00bb1_3&#8243; _builder_version=\u00bb4.27.4&#8243; _module_preset=\u00bbdefault\u00bb global_colors_info=\u00bb{}\u00bb][et_pb_image src=\u00bbhttps:\/\/www.redalc.uda.cl\/wp-content\/uploads\/2025\/11\/Captura-de-pantalla-2025-11-02-214255.png\u00bb title_text=\u00bbCaptura de pantalla 2025-11-02 214255&#8243; force_fullwidth=\u00bbon\u00bb _builder_version=\u00bb4.27.4&#8243; _module_preset=\u00bbdefault\u00bb custom_margin=\u00bb||-61px|||\u00bb custom_padding=\u00bb||77px|||\u00bb hover_enabled=\u00bb0&#8243; global_colors_info=\u00bb{}\u00bb sticky_enabled=\u00bb0&#8243;][\/et_pb_image][et_pb_team_member name=\u00bbDra. Katherine Becerra\u00bb position=\u00bbParticipante\u00bb _builder_version=\u00bb4.27.4&#8243; _module_preset=\u00bbdefault\u00bb hover_enabled=\u00bb0&#8243; global_colors_info=\u00bb{}\u00bb sticky_enabled=\u00bb0&#8243;]<\/p>\n<p data-start=\"655\" data-end=\"1134\" style=\"text-align: justify;\">Abogada. Doctora en Ciencia Pol\u00edtica por la Universidad de Missouri-Columbia, Estados Unidos de Am\u00e9rica. Profesora Asociada de la Facultad de Ciencias Jur\u00eddicas de la Universidad Cat\u00f3lica del Norte, Sede Coquimbo.<\/p>\n<p>[\/et_pb_team_member][\/et_pb_column][et_pb_column type=\u00bb1_3&#8243; _builder_version=\u00bb4.27.4&#8243; _module_preset=\u00bbdefault\u00bb global_colors_info=\u00bb{}\u00bb][et_pb_image src=\u00bbhttps:\/\/www.redalc.uda.cl\/wp-content\/uploads\/2025\/11\/Captura-de-pantalla-2025-11-02-214409.png\u00bb title_text=\u00bbCaptura de pantalla 2025-11-02 214409&#8243; _builder_version=\u00bb4.27.4&#8243; _module_preset=\u00bbdefault\u00bb transform_translate_linked=\u00bboff\u00bb custom_margin=\u00bb||23px|||\u00bb hover_enabled=\u00bb0&#8243; global_colors_info=\u00bb{}\u00bb sticky_enabled=\u00bb0&#8243; transform_scale=\u00bb176%|176%\u00bb transform_translate=\u00bb71px|38px\u00bb][\/et_pb_image][et_pb_team_member name=\u00bbDr.(c) Dudley Duque\u00bb position=\u00bbParticipante\u00bb _builder_version=\u00bb4.27.4&#8243; _module_preset=\u00bbdefault\u00bb hover_enabled=\u00bb0&#8243; global_colors_info=\u00bb{}\u00bb sticky_enabled=\u00bb0&#8243; custom_padding=\u00bb141px|||||\u00bb]<\/p>\n<p data-start=\"1141\" data-end=\"1654\" style=\"text-align: justify;\">Abogado, Administrador P\u00fablico, especialista en Derecho P\u00fablico, Magister en Derecho Procesal Constitucional, candidato a Doctor en derecho, Docente investigador, de la Facultad de Derecho y Ciencias Pol\u00edticas de la Universidad Tecnol\u00f3gica del Choc\u00f3 Colombia. Presidente Colegio Abogados Utechinos<\/p>\n<p>[\/et_pb_team_member][\/et_pb_column][et_pb_column type=\u00bb1_3&#8243; _builder_version=\u00bb4.27.4&#8243; _module_preset=\u00bbdefault\u00bb global_colors_info=\u00bb{}\u00bb][et_pb_image src=\u00bbhttps:\/\/www.redalc.uda.cl\/wp-content\/uploads\/2025\/11\/Captura-de-pantalla-2025-11-02-214559.png\u00bb title_text=\u00bbCaptura de pantalla 2025-11-02 214559&#8243; _builder_version=\u00bb4.27.4&#8243; _module_preset=\u00bbdefault\u00bb transform_translate_linked=\u00bboff\u00bb hover_enabled=\u00bb0&#8243; global_colors_info=\u00bb{}\u00bb custom_margin=\u00bb||-7px|||\u00bb sticky_enabled=\u00bb0&#8243; transform_scale=\u00bb176%|176%\u00bb transform_translate=\u00bb71px|30px\u00bb][\/et_pb_image][et_pb_team_member name=\u00bbDr (c) Cleyton Edison Cort\u00e9s Ferreira\u00bb position=\u00bbParticipante\u00bb _builder_version=\u00bb4.27.4&#8243; _module_preset=\u00bbdefault\u00bb transform_translate=\u00bb0px|78px\u00bb transform_translate_linked=\u00bboff\u00bb custom_margin=\u00bb95px|||||\u00bb custom_padding=\u00bb0px|||||\u00bb hover_enabled=\u00bb0&#8243; global_colors_info=\u00bb{}\u00bb sticky_enabled=\u00bb0&#8243;]<\/p>\n<p style=\"text-align: justify;\">Dr. (c) en Estudios Americanos por el Instituto de Estudios Avanzados de la Universidad de Santiago de Chile (IDEA-USACH). Mag\u00edster en Arte, Pensamiento y Cultura Latinoamericanos (IDEA-USACH). Profesor de Estado en Historia y Geograf\u00eda<\/p>\n<p>[\/et_pb_team_member][\/et_pb_column][\/et_pb_row][et_pb_row column_structure=\u00bb1_3,1_3,1_3&#8243; _builder_version=\u00bb4.27.4&#8243; _module_preset=\u00bbdefault\u00bb global_colors_info=\u00bb{}\u00bb][et_pb_column type=\u00bb1_3&#8243; _builder_version=\u00bb4.27.4&#8243; _module_preset=\u00bbdefault\u00bb global_colors_info=\u00bb{}\u00bb][et_pb_image src=\u00bbhttps:\/\/www.redalc.uda.cl\/wp-content\/uploads\/2025\/11\/Captura-de-pantalla-2025-11-02-214850.png\u00bb title_text=\u00bbCaptura de pantalla 2025-11-02 214850&#8243; force_fullwidth=\u00bbon\u00bb _builder_version=\u00bb4.27.4&#8243; _module_preset=\u00bbdefault\u00bb custom_margin=\u00bb||-61px|||\u00bb custom_padding=\u00bb||77px|||\u00bb hover_enabled=\u00bb0&#8243; global_colors_info=\u00bb{}\u00bb sticky_enabled=\u00bb0&#8243;][\/et_pb_image][et_pb_team_member name=\u00bbYazm\u00edn Patricia Guti\u00e9rrez Vargas \u00bb position=\u00bbParticipante\u00bb _builder_version=\u00bb4.27.4&#8243; _module_preset=\u00bbdefault\u00bb hover_enabled=\u00bb0&#8243; global_colors_info=\u00bb{}\u00bb sticky_enabled=\u00bb0&#8243;]<\/p>\n<p data-start=\"655\" data-end=\"1134\" style=\"text-align: justify;\">Abogada en Derechos Humanos y Derecho Humanitario, Derecho Penal, Derecho de V\u00edctimas y Procesados, Justicia Penal Juvenil, Sistema Anticorrupci\u00f3n, Universidad del Valle de M\u00e9xico<\/p>\n<p>[\/et_pb_team_member][\/et_pb_column][et_pb_column type=\u00bb1_3&#8243; _builder_version=\u00bb4.27.4&#8243; _module_preset=\u00bbdefault\u00bb global_colors_info=\u00bb{}\u00bb][et_pb_image src=\u00bbhttps:\/\/www.redalc.uda.cl\/wp-content\/uploads\/2025\/11\/Captura-de-pantalla-2025-11-02-215004.png\u00bb title_text=\u00bbCaptura de pantalla 2025-11-02 215004&#8243; _builder_version=\u00bb4.27.4&#8243; _module_preset=\u00bbdefault\u00bb transform_translate_linked=\u00bboff\u00bb custom_margin=\u00bb||23px|||\u00bb hover_enabled=\u00bb0&#8243; global_colors_info=\u00bb{}\u00bb sticky_enabled=\u00bb0&#8243; transform_scale=\u00bb176%|176%\u00bb transform_translate=\u00bb71px|38px\u00bb][\/et_pb_image][et_pb_team_member name=\u00bbBenjam\u00edn Flores Rodr\u00edguez \u00bb position=\u00bbParticipante\u00bb _builder_version=\u00bb4.27.4&#8243; _module_preset=\u00bbdefault\u00bb hover_enabled=\u00bb0&#8243; global_colors_info=\u00bb{}\u00bb sticky_enabled=\u00bb0&#8243; custom_padding=\u00bb141px|||||\u00bb]<\/p>\n<p data-start=\"1141\" data-end=\"1654\" style=\"text-align: justify;\">Benjam\u00edn Flores Rodr\u00edguez es un investigador y docente especializado en Filosof\u00eda del Derecho, Masculinidades y Derechos Humanos, y Derecho Can\u00f3nico. Su trabajo se centra en el an\u00e1lisis de los fundamentos \u00e9ticos y filos\u00f3ficos del derecho, promoviendo una visi\u00f3n cr\u00edtica y reflexiva sobre las estructuras normativas y culturales que lo sostienen.<\/p>\n<p>[\/et_pb_team_member][\/et_pb_column][et_pb_column type=\u00bb1_3&#8243; _builder_version=\u00bb4.27.4&#8243; _module_preset=\u00bbdefault\u00bb global_colors_info=\u00bb{}\u00bb][et_pb_image src=\u00bbhttps:\/\/www.redalc.uda.cl\/wp-content\/uploads\/2025\/10\/ICONO-CATEDRA-CARLOS-MALDONADO-08.png\u00bb title_text=\u00bbICONO CATEDRA &#8211; CARLOS MALDONADO-08&#8243; _builder_version=\u00bb4.27.4&#8243; _module_preset=\u00bbdefault\u00bb transform_translate_linked=\u00bboff\u00bb hover_enabled=\u00bb0&#8243; global_colors_info=\u00bb{}\u00bb custom_margin=\u00bb||-7px|||\u00bb sticky_enabled=\u00bb0&#8243;][\/et_pb_image][\/et_pb_column][\/et_pb_row][\/et_pb_section]<\/p>\n","protected":false},"excerpt":{"rendered":"<p>INTEGRANTES DE LA C\u00c1TEDRA \u201cCarlos Eduardo Maldonado\u201d (CALACOCEM) &nbsp; Reconocimiento. &nbsp; La C\u00e1tedra Latinoamericana de Complejidad \u201cCarlos Eduardo Maldonado\u201d nace gracias a la iniciativa y compromiso de la Dra. Taeli G\u00f3mez, fundadora de REDALC, quien ha impulsado la creaci\u00f3n de este espacio acad\u00e9mico dedicado a la reflexi\u00f3n cr\u00edtica, la investigaci\u00f3n situada y la integraci\u00f3n del [&hellip;]<\/p>\n","protected":false},"author":3,"featured_media":0,"parent":0,"menu_order":0,"comment_status":"closed","ping_status":"closed","template":"","meta":{"_et_pb_use_builder":"on","_et_pb_old_content":"","_et_gb_content_width":"","footnotes":""},"class_list":["post-47497","page","type-page","status-publish","hentry"],"_links":{"self":[{"href":"https:\/\/www.redalc.uda.cl\/index.php\/wp-json\/wp\/v2\/pages\/47497","targetHints":{"allow":["GET"]}}],"collection":[{"href":"https:\/\/www.redalc.uda.cl\/index.php\/wp-json\/wp\/v2\/pages"}],"about":[{"href":"https:\/\/www.redalc.uda.cl\/index.php\/wp-json\/wp\/v2\/types\/page"}],"author":[{"embeddable":true,"href":"https:\/\/www.redalc.uda.cl\/index.php\/wp-json\/wp\/v2\/users\/3"}],"replies":[{"embeddable":true,"href":"https:\/\/www.redalc.uda.cl\/index.php\/wp-json\/wp\/v2\/comments?post=47497"}],"version-history":[{"count":10,"href":"https:\/\/www.redalc.uda.cl\/index.php\/wp-json\/wp\/v2\/pages\/47497\/revisions"}],"predecessor-version":[{"id":47530,"href":"https:\/\/www.redalc.uda.cl\/index.php\/wp-json\/wp\/v2\/pages\/47497\/revisions\/47530"}],"wp:attachment":[{"href":"https:\/\/www.redalc.uda.cl\/index.php\/wp-json\/wp\/v2\/media?parent=47497"}],"curies":[{"name":"wp","href":"https:\/\/api.w.org\/{rel}","templated":true}]}}