{"id":47489,"date":"2025-10-27T15:36:43","date_gmt":"2025-10-27T18:36:43","guid":{"rendered":"https:\/\/www.redalc.uda.cl\/?page_id=47489"},"modified":"2025-10-27T15:36:53","modified_gmt":"2025-10-27T18:36:53","slug":"info-convocatoria-2do-lbro-cata","status":"publish","type":"page","link":"https:\/\/www.redalc.uda.cl\/index.php\/info-convocatoria-2do-lbro-cata\/","title":{"rendered":"INFO CONVOCATORIA 2DO LBRO &#8211; CATA"},"content":{"rendered":"<p>[et_pb_section fb_built=\u00bb1&#8243; theme_builder_area=\u00bbpost_content\u00bb _builder_version=\u00bb4.27.4&#8243; _module_preset=\u00bbdefault\u00bb background_color=\u00bb#022859&#8243; hover_enabled=\u00bb0&#8243; sticky_enabled=\u00bb0&#8243;][et_pb_row _builder_version=\u00bb4.27.4&#8243; _module_preset=\u00bbdefault\u00bb theme_builder_area=\u00bbpost_content\u00bb column_structure=\u00bb1_2,1_2&#8243; hover_enabled=\u00bb0&#8243; sticky_enabled=\u00bb0&#8243;][et_pb_column _builder_version=\u00bb4.27.4&#8243; _module_preset=\u00bbdefault\u00bb type=\u00bb1_2&#8243; theme_builder_area=\u00bbpost_content\u00bb][et_pb_text _builder_version=\u00bb4.27.4&#8243; _module_preset=\u00bbdefault\u00bb theme_builder_area=\u00bbpost_content\u00bb hover_enabled=\u00bb0&#8243; sticky_enabled=\u00bb0&#8243; text_text_color=\u00bb#FFFFFF\u00bb text_font_size=\u00bb25px\u00bb header_text_color=\u00bb#FFFFFF\u00bb header_font_size=\u00bb59px\u00bb]<\/p>\n<h1 style=\"text-align: justify;\">CONVOCATORIA<\/h1>\n<p style=\"text-align: justify;\">CONTRIBUCIONES CAP\u00cdTULO DEL SEGUNDO LIBRO DE COLECCIONES COMPLEJIDAD Y AM\u00c9RICA LATINA.<\/p>\n<p>[\/et_pb_text][\/et_pb_column][et_pb_column _builder_version=\u00bb4.27.4&#8243; _module_preset=\u00bbdefault\u00bb type=\u00bb1_2&#8243; theme_builder_area=\u00bbpost_content\u00bb][et_pb_text _builder_version=\u00bb4.27.4&#8243; _module_preset=\u00bbdefault\u00bb theme_builder_area=\u00bbpost_content\u00bb hover_enabled=\u00bb0&#8243; sticky_enabled=\u00bb0&#8243; custom_margin=\u00bb|||203px||\u00bb text_text_color=\u00bb#FFFFFF\u00bb header_3_text_color=\u00bb#FFFFFF\u00bb]<\/p>\n<h3>FECHA L\u00cdMITE<\/h3>\n<p style=\"text-align: justify;\">05 de mayo 2025<br \/>Esperamos contar con su valiosa contribuci\u00f3n para revitalizar nuestro entendimiento de la vida en nuestra regi\u00f3n.<\/p>\n<p>[\/et_pb_text][\/et_pb_column][\/et_pb_row][et_pb_row _builder_version=\u00bb4.27.4&#8243; _module_preset=\u00bbdefault\u00bb theme_builder_area=\u00bbpost_content\u00bb][et_pb_column _builder_version=\u00bb4.27.4&#8243; _module_preset=\u00bbdefault\u00bb type=\u00bb4_4&#8243; theme_builder_area=\u00bbpost_content\u00bb][et_pb_text _builder_version=\u00bb4.27.4&#8243; _module_preset=\u00bbdefault\u00bb theme_builder_area=\u00bbpost_content\u00bb text_text_color=\u00bb#FFFFFF\u00bb header_text_color=\u00bb#FFFFFF\u00bb header_3_text_color=\u00bb#FFFFFF\u00bb hover_enabled=\u00bb0&#8243; sticky_enabled=\u00bb0&#8243;]<\/p>\n<h3 style=\"text-align: justify;\">BASES<\/h3>\n<p style=\"text-align: justify;\">La C\u00e1tedra de Complejidad \u201cCarlos Eduardo Maldonado\u201d, enmarcada en el Programa C\u00e1tedras Latinoamericanas de REDALC https:\/\/www.redalc.uda.cl\/index.php\/catedra-de-complejidad\/?et_fb=1&amp;PageSpeed=off se complace en anunciar la apertura de la convocatoria para la participaci\u00f3n en la creaci\u00f3n del segundo libro de la Colecci\u00f3n Complejidad y Am\u00e9rica Latina, que desaf\u00ede y reconsidere las bases conceptuales de la(s) vida(s) en Am\u00e9rica Latina.<br \/>Este llamado surge como respuesta a los procesos de colonizaci\u00f3n que, a lo largo del tiempo, han desdibujado y limitado las posibilidades de comprensi\u00f3n de la vida en nuestra regi\u00f3n. Se han impuesto perspectivas reduccionistas que influencian profundamente nuestra comprensi\u00f3n sobre qu\u00e9 es la vida y sus alcances multidimensionales.La imposici\u00f3n de un enfoque biologizador, basado en una ciencia cl\u00e1sica que concibe la vida como una m\u00e1quina, ha cerrado puertas a diversas tramas de relaciones, neg\u00e1ndolas en lugar de enriquecerlas. Esta visi\u00f3n mecanicista, al fragmentar y simplificar la complejidad de la vida, ha despojado a nuestras comunidades de sus tramas interrelacionadas y ricas cosmovisiones.<br \/>Las disciplinas cient\u00edficas, al adherirse a estas premisas, han contribuido a la desarticulaci\u00f3n de las tramas de la vida mediante miradas parceladas que limitan nuestra comprensi\u00f3n. Es evidente que debemos desaprender ciertos paradigmas arraigados para revisar, diagnosticar y proponer nuevos horizontes y pistas hacia una comprensi\u00f3n m\u00e1s hol\u00edstica y profunda.<br \/>En este contexto, extendemos una invitaci\u00f3n para contribuir con propuestas que exploren y desaf\u00eden cr\u00edticamente las narrativas impuestas por la colonizaci\u00f3n en el \u00e1mbito cient\u00edfico. Buscamos reflexiones que se sumerjan en la necesidad de desaprender, con el fin de construir nuevos marcos conceptuales que reconozcan y respeten la complejidad de la vida en Am\u00e9rica Latina. Nos proponemos reunir trabajos que, desde diversas disciplinas, aporten a la reconstrucci\u00f3n de tramas relacionales, epistemolog\u00edas inclusivas y metodolog\u00edas integradoras, considerando la profundidad del buen vivir como un horizonte fundamental.<\/p>\n<p>[\/et_pb_text][\/et_pb_column][\/et_pb_row][et_pb_row _builder_version=\u00bb4.27.4&#8243; _module_preset=\u00bbdefault\u00bb theme_builder_area=\u00bbpost_content\u00bb][et_pb_column _builder_version=\u00bb4.27.4&#8243; _module_preset=\u00bbdefault\u00bb type=\u00bb4_4&#8243; theme_builder_area=\u00bbpost_content\u00bb][et_pb_text _builder_version=\u00bb4.27.4&#8243; _module_preset=\u00bbdefault\u00bb theme_builder_area=\u00bbpost_content\u00bb text_text_color=\u00bb#FFFFFF\u00bb header_text_color=\u00bb#FFFFFF\u00bb header_3_text_color=\u00bb#FFFFFF\u00bb hover_enabled=\u00bb0&#8243; sticky_enabled=\u00bb0&#8243; custom_padding=\u00bb21px|||||\u00bb]<\/p>\n<h3 style=\"text-align: justify;\">FORMATO<\/h3>\n<ul>\n<li style=\"text-align: justify;\">Debe ser realizado en hojas blancas, tama\u00f1o carta, m\u00e1rgenes de 2,5 cm, en formato \u00abdoc.\u00bb, \u00abdocx.\u00bb, o \u00abdocs\u00bb.<\/li>\n<li style=\"text-align: justify;\">El texto del cuerpo se entregar\u00e1 \u00fanicamente en letra Times New Roman, tama\u00f1o 12. Las notas al pie de p\u00e1gina en tama\u00f1o 10. Todo en interlineado sencillo (1,0).<\/li>\n<li style=\"text-align: justify;\">La extensi\u00f3n de los trabajos deber\u00e1 respetar los siguientes l\u00edmites:<br \/>7.000 a 10.000 palabras.<\/li>\n<li style=\"text-align: justify;\">El uso de negritas se limitar\u00e1 al t\u00edtulo del trabajo y para sus divisiones principales (apartados y subapartados). No se usar\u00e1 el subrayado en ning\u00fan caso.<\/li>\n<li style=\"text-align: justify;\">La letra cursiva se emplear\u00e1 para los t\u00edtulos de obras y revistas; para los t\u00edtulos de fuentes; para la transcripci\u00f3n de texto de fuentes (por ejemplo, art\u00edculos de un c\u00f3digo o ley o p\u00e1rrafos de una sentencia); y para las palabras en idiomas distintos al espa\u00f1ol.<\/li>\n<li style=\"text-align: justify;\">Los trabajos han de contener en su texto el t\u00edtulo completo del art\u00edculo, el nombre del autor, y en una nota al pie sus grados acad\u00e9micos (con indicaci\u00f3n de las instituciones que los otorgaron), filiaci\u00f3n institucional (en caso de existir) y correo electr\u00f3nico.<\/li>\n<li style=\"text-align: justify;\">El trabajo se presentar\u00e1 \u00edntegramente justificado a ambos lados de la hoja.<\/li>\n<li style=\"text-align: justify;\">Al inicio de cada p\u00e1rrafo se emplear\u00e1 la sangr\u00eda predeterminada del procesador de texto (tecla tab). Para las citas y referencias bibliogr\u00e1ficas se emplear\u00e1n las normas APA, de su s\u00e9ptima edici\u00f3n. Al respecto, se recuerda la importancia de consignar debidamente todas las citas que correspondan para evitar cualquier conflicto de derechos de autor.<\/li>\n<li style=\"text-align: justify;\">En los casos de citaci\u00f3n de jurisprudencia, esta se deber\u00e1 realizar \u00fanicamente al pie de p\u00e1gina.<\/li>\n<li style=\"text-align: justify;\">Por no orientar adecuadamente al lector, no se deben utilizar abreviaturas como \u201ccfr.\u201d, \u201cvid.\u201d, \u201coo.\u201d, \u201ccit.\u201d, \u201cop. cit.\u201d, \u201c\u00eddem\u201d, \u201cibidem\u201d, \u201cdir.\u201d, etc.<\/li>\n<li style=\"text-align: justify;\">Para el cuerpo del texto se recomienda utilizar un m\u00e1ximo de tres niveles para las divisiones y subdivisiones principales (apartados, subapartados y subt\u00edtulos), con n\u00fameros ar\u00e1bigos, seguidos de punto final, y con puntos entre los n\u00fameros para indicar su jerarqu\u00eda. Ejemplo:<\/li>\n<li style=\"text-align: justify;\">T\u00edtulo del apartado (letra negrita, tama\u00f1o 12)<br \/>1.1. T\u00edtulo del subapartado (letra negrita, tama\u00f1o 12)<br \/>1.1.1. Subt\u00edtulo (letra redonda, tama\u00f1o 12)<br \/>No se enumeran los apartados correspondientes a la introducci\u00f3n, prefacio, pr\u00f3logo o similares, pero deben mantener el mismo tipo y tama\u00f1o de letra (en negritas). Lo mismo se aplicar\u00e1 para las conclusiones, las referencias o los anexos y otras divisiones finales del texto.<\/li>\n<\/ul>\n<p>[\/et_pb_text][et_pb_text _builder_version=\u00bb4.27.4&#8243; _module_preset=\u00bbdefault\u00bb theme_builder_area=\u00bbpost_content\u00bb text_text_color=\u00bb#FFFFFF\u00bb header_text_color=\u00bb#FFFFFF\u00bb header_3_text_color=\u00bb#FFFFFF\u00bb hover_enabled=\u00bb0&#8243; sticky_enabled=\u00bb0&#8243; custom_padding=\u00bb37px||5px|||\u00bb custom_margin=\u00bb33px||55px|||\u00bb]<\/p>\n<h3 style=\"text-align: justify;\">PROCESO DE REVISI\u00d3N Y SELECCI\u00d3N<\/h3>\n<p>Una vez recibidos los trabajos, ser\u00e1n revisados por un Comit\u00e9 Editorial de Libros REDALC, para verificar que cumplan con est\u00e1ndares m\u00ednimos de calidad investigativa, verificar su ajuste al enfoque y alcance, as\u00ed como a las pautas editoriales, pudiendo ser rechazados, observados o aceptados.<\/p>\n<p>Las contribuciones son evaluadas, en primera instancia, por el Equipo Editorial, quienes, la que se basar\u00e1 en la relevancia cient\u00edfica, originalidad, claridad y pertinencia de la contribuci\u00f3n presentada.<\/p>\n<p>El Comit\u00e9 Editorial podr\u00e1 tomar una de las siguientes decisiones en relaci\u00f3n a las contribuciones:<\/p>\n<ul>\n<li>Aceptada<\/li>\n<li>Aceptada con ajustes<\/li>\n<li>Rechazada<\/li>\n<\/ul>\n<p>Trat\u00e1ndose de trabajos aceptados con ajustes, se otorgar\u00e1 un plazo prudencial para que se efect\u00faen los cambios necesarios, tras lo cual ser\u00e1n enviados a evaluaci\u00f3n por referato externo; de lo contrario, el env\u00edo ser\u00e1 directo<\/p>\n<p>Los art\u00edculos deben ser enviados al correo de complejidadredalc@uda.cl con el asunto \u00abcap\u00edtulo libro complejidad\u00bb<\/p>\n<p>[\/et_pb_text][et_pb_text _builder_version=\u00bb4.27.4&#8243; _module_preset=\u00bbdefault\u00bb theme_builder_area=\u00bbpost_content\u00bb text_text_color=\u00bb#FFFFFF\u00bb header_text_color=\u00bb#FFFFFF\u00bb header_3_text_color=\u00bb#FFFFFF\u00bb hover_enabled=\u00bb0&#8243; sticky_enabled=\u00bb0&#8243; custom_padding=\u00bb||5px|||\u00bb]<\/p>\n<h3 style=\"text-align: justify;\">POL\u00cdTICA DE ACCESO ABIERTO<\/h3>\n<p>Libros REDALC provee acceso libre y gratuito a todos sus contenidos. Por lo tanto, los usuarios pueden leer, descargar, distribuir, imprimir, buscar, reproducir parcialmente o hacer un enlace a los textos sin pedir permiso previo. Los libros publicados estar\u00e1n sujetos a una licencia de reconocimiento Creative Commons Attribution 4.0 Unported License.<\/p>\n<p>Las y los autores, deben garantizar que sus contribuciones son originales y que no infringen derechos de terceros. Los autores tambi\u00e9n deben justificar que, en el caso de un trabajo de autor\u00eda compartida, ha existido pleno consenso de todos los autores afectados y que el texto no ha sido presentado ni publicado con anterioridad en otro medio de difusi\u00f3n. Adem\u00e1s, cuando se trate de trabajos emp\u00edricos, las y los autores deber\u00e1n confirmar la veracidad de los datos y que \u00e9stos no han sido alterados para confirmar las hip\u00f3tesis planteadas. En caso de trabajos desarrollados en coautor\u00eda, las y los autores deben garantizar que han incluido a todas las personas que han tenido una participaci\u00f3n significativa en todas las fases de elaboraci\u00f3n del trabajo. El orden de las y los autores en la contribuci\u00f3n estar\u00e1 jer\u00e1rquicamente organizado, de acuerdo con su rol y nivel de responsabilidad en su desarrollo. La totalidad de las y los autores aceptan la responsabilidad de lo que han escrito.<\/p>\n<p>[\/et_pb_text][\/et_pb_column][\/et_pb_row][\/et_pb_section]<\/p>\n","protected":false},"excerpt":{"rendered":"<p>CONVOCATORIA CONTRIBUCIONES CAP\u00cdTULO DEL SEGUNDO LIBRO DE COLECCIONES COMPLEJIDAD Y AM\u00c9RICA LATINA.FECHA L\u00cdMITE 05 de mayo 2025Esperamos contar con su valiosa contribuci\u00f3n para revitalizar nuestro entendimiento de la vida en nuestra regi\u00f3n.BASES La C\u00e1tedra de Complejidad \u201cCarlos Eduardo Maldonado\u201d, enmarcada en el Programa C\u00e1tedras Latinoamericanas de REDALC https:\/\/www.redalc.uda.cl\/index.php\/catedra-de-complejidad\/?et_fb=1&amp;PageSpeed=off se complace en anunciar la apertura de [&hellip;]<\/p>\n","protected":false},"author":3,"featured_media":0,"parent":0,"menu_order":0,"comment_status":"closed","ping_status":"closed","template":"","meta":{"_et_pb_use_builder":"on","_et_pb_old_content":"","_et_gb_content_width":"","footnotes":""},"class_list":["post-47489","page","type-page","status-publish","hentry"],"_links":{"self":[{"href":"https:\/\/www.redalc.uda.cl\/index.php\/wp-json\/wp\/v2\/pages\/47489","targetHints":{"allow":["GET"]}}],"collection":[{"href":"https:\/\/www.redalc.uda.cl\/index.php\/wp-json\/wp\/v2\/pages"}],"about":[{"href":"https:\/\/www.redalc.uda.cl\/index.php\/wp-json\/wp\/v2\/types\/page"}],"author":[{"embeddable":true,"href":"https:\/\/www.redalc.uda.cl\/index.php\/wp-json\/wp\/v2\/users\/3"}],"replies":[{"embeddable":true,"href":"https:\/\/www.redalc.uda.cl\/index.php\/wp-json\/wp\/v2\/comments?post=47489"}],"version-history":[{"count":3,"href":"https:\/\/www.redalc.uda.cl\/index.php\/wp-json\/wp\/v2\/pages\/47489\/revisions"}],"predecessor-version":[{"id":47494,"href":"https:\/\/www.redalc.uda.cl\/index.php\/wp-json\/wp\/v2\/pages\/47489\/revisions\/47494"}],"wp:attachment":[{"href":"https:\/\/www.redalc.uda.cl\/index.php\/wp-json\/wp\/v2\/media?parent=47489"}],"curies":[{"name":"wp","href":"https:\/\/api.w.org\/{rel}","templated":true}]}}