{"id":47408,"date":"2025-10-27T09:08:36","date_gmt":"2025-10-27T12:08:36","guid":{"rendered":"https:\/\/www.redalc.uda.cl\/?page_id=47408"},"modified":"2026-01-28T10:35:48","modified_gmt":"2026-01-28T13:35:48","slug":"catedra-inicio-cata","status":"publish","type":"page","link":"https:\/\/www.redalc.uda.cl\/index.php\/catedra-inicio-cata\/","title":{"rendered":"CATEDRA INICIO &#8211; CATA"},"content":{"rendered":"<p>[et_pb_section fb_built=\u00bb1&#8243; _builder_version=\u00bb4.27.4&#8243; _module_preset=\u00bbdefault\u00bb custom_padding=\u00bb0px||21px|||\u00bb global_colors_info=\u00bb{}\u00bb][et_pb_row column_structure=\u00bb1_2,1_2&#8243; _builder_version=\u00bb4.27.4&#8243; _module_preset=\u00bbdefault\u00bb global_colors_info=\u00bb{}\u00bb][et_pb_column type=\u00bb1_2&#8243; _builder_version=\u00bb4.27.4&#8243; _module_preset=\u00bbdefault\u00bb global_colors_info=\u00bb{}\u00bb][et_pb_text _builder_version=\u00bb4.27.4&#8243; _module_preset=\u00bbdefault\u00bb text_text_color=\u00bb#266BA6&#8243; text_font_size=\u00bb18px\u00bb header_text_color=\u00bb#266BA6&#8243; header_font_size=\u00bb59px\u00bb global_colors_info=\u00bb{}\u00bb]<\/p>\n<h1>QU\u00c9 SON LAS C\u00c1TEDRAS?<\/h1>\n<p>&nbsp;<\/p>\n<p style=\"text-align: justify;\">Las c\u00e1tedras son espacios acad\u00e9micos y culturales creados con el prop\u00f3sito de fomentar el intercambio de conocimientos, la reflexi\u00f3n cr\u00edtica y el di\u00e1logo interdisciplinario entre universidades, investigadores, estudiantes y comunidades.<\/p>\n<p style=\"text-align: justify;\">A trav\u00e9s de ellas, se abordan temas relevantes para la regi\u00f3n y Am\u00e9rica Latina, impulsando la investigaci\u00f3n, la formaci\u00f3n y la cooperaci\u00f3n entre instituciones. Cada c\u00e1tedra se convierte en un punto de encuentro donde confluyen saberes, experiencias y perspectivas diversas, contribuyendo a la construcci\u00f3n colectiva del conocimiento y al fortalecimiento del pensamiento latinoamericano.<\/p>\n<p>[\/et_pb_text][\/et_pb_column][et_pb_column type=\u00bb1_2&#8243; _builder_version=\u00bb4.27.4&#8243; _module_preset=\u00bbdefault\u00bb global_colors_info=\u00bb{}\u00bb][et_pb_image src=\u00bbhttps:\/\/www.redalc.uda.cl\/wp-content\/uploads\/2026\/01\/Diseno-sin-titulo-3-1.png\u00bb title_text=\u00bbDise\u00f1o sin t\u00edtulo (3)\u00bb _builder_version=\u00bb4.27.5&#8243; _module_preset=\u00bbdefault\u00bb custom_padding=\u00bb||0px|||\u00bb global_colors_info=\u00bb{}\u00bb][\/et_pb_image][\/et_pb_column][\/et_pb_row][et_pb_row column_structure=\u00bb1_2,1_2&#8243; _builder_version=\u00bb4.27.5&#8243; _module_preset=\u00bbdefault\u00bb global_colors_info=\u00bb{}\u00bb][et_pb_column type=\u00bb1_2&#8243; _builder_version=\u00bb4.27.5&#8243; _module_preset=\u00bbdefault\u00bb global_colors_info=\u00bb{}\u00bb][et_pb_button button_url=\u00bbhttps:\/\/www.redalc.uda.cl\/index.php\/calacolem-cata\/\u00bb button_text=\u00bbC\u00e1tedra de Complejidad \u201cCarlos Eduardo Maldonado%22&#8243; button_alignment=\u00bbcenter\u00bb _builder_version=\u00bb4.27.5&#8243; _module_preset=\u00bbdefault\u00bb button_text_size=\u00bb18px\u00bb button_text_color=\u00bb#FFFFFF\u00bb button_bg_color=\u00bb#D98B29&#8243; button_border_radius=\u00bb41px\u00bb transform_scale=\u00bb98%|98%\u00bb transform_translate_linked=\u00bboff\u00bb background_layout=\u00bbdark\u00bb custom_margin=\u00bb0px||0px||false|false\u00bb custom_padding=\u00bb7px|24px|7px|24px|true|true\u00bb hover_enabled=\u00bb0&#8243; global_colors_info=\u00bb{}\u00bb sticky_enabled=\u00bb0&#8243; button_bg_enable_color=\u00bbon\u00bb][\/et_pb_button][\/et_pb_column][et_pb_column type=\u00bb1_2&#8243; _builder_version=\u00bb4.27.5&#8243; _module_preset=\u00bbdefault\u00bb global_colors_info=\u00bb{}\u00bb][et_pb_button button_url=\u00bbhttps:\/\/www.redalc.uda.cl\/?page_id=48598&#8243; button_text=\u00bbC\u00e1tedra Pensamiento Latinoamericano Enfoque Sur \u201cThal\u00eda Fung River\u00f3n\u00bb button_alignment=\u00bbcenter\u00bb _builder_version=\u00bb4.27.5&#8243; _module_preset=\u00bbdefault\u00bb button_text_size=\u00bb18px\u00bb button_text_color=\u00bb#FFFFFF\u00bb button_bg_color=\u00bb#B83127&#8243; button_border_radius=\u00bb41px\u00bb transform_scale=\u00bb98%|98%\u00bb transform_translate_linked=\u00bboff\u00bb background_layout=\u00bbdark\u00bb custom_margin=\u00bb0px||0px||false|false\u00bb custom_padding=\u00bb7px|24px|7px|24px|true|true\u00bb hover_enabled=\u00bb0&#8243; global_colors_info=\u00bb{}\u00bb button_bg_enable_color=\u00bbon\u00bb sticky_enabled=\u00bb0&#8243;][\/et_pb_button][\/et_pb_column][\/et_pb_row][\/et_pb_section][et_pb_section fb_built=\u00bb1&#8243; _builder_version=\u00bb4.27.4&#8243; _module_preset=\u00bbdefault\u00bb background_color=\u00bb#266BA6&#8243; custom_padding=\u00bb12px||0px|||\u00bb global_colors_info=\u00bb{}\u00bb][et_pb_row column_structure=\u00bb1_2,1_2&#8243; _builder_version=\u00bb4.27.4&#8243; _module_preset=\u00bbdefault\u00bb global_colors_info=\u00bb{}\u00bb][et_pb_column type=\u00bb1_2&#8243; _builder_version=\u00bb4.27.4&#8243; _module_preset=\u00bbdefault\u00bb global_colors_info=\u00bb{}\u00bb][et_pb_text _builder_version=\u00bb4.27.4&#8243; _module_preset=\u00bbdefault\u00bb header_text_color=\u00bb#FFFFFF\u00bb header_font_size=\u00bb50px\u00bb transform_translate=\u00bb0px|67px\u00bb transform_translate_linked=\u00bboff\u00bb global_colors_info=\u00bb{}\u00bb]<\/p>\n<h1>PROP\u00d3SITO DE LAS C\u00c1TEDRAS<\/h1>\n<p>[\/et_pb_text][\/et_pb_column][et_pb_column type=\u00bb1_2&#8243; _builder_version=\u00bb4.27.4&#8243; _module_preset=\u00bbdefault\u00bb global_colors_info=\u00bb{}\u00bb][et_pb_text _builder_version=\u00bb4.27.4&#8243; _module_preset=\u00bbdefault\u00bb text_text_color=\u00bb#FFFFFF\u00bb text_font_size=\u00bb18px\u00bb global_colors_info=\u00bb{}\u00bb]<\/p>\n<p style=\"text-align: justify;\">Las C\u00e1tedras Latinoamericanas surgen como espacios acad\u00e9micos creados por REDALC para fortalecer el intercambio de saberes, la reflexi\u00f3n cr\u00edtica y la cooperaci\u00f3n entre universidades y comunidades de Am\u00e9rica Latina y el Caribe.<\/p>\n<p style=\"text-align: justify;\">Su prop\u00f3sito es generar encuentros interdisciplinarios e interinstitucionales que impulsen la investigaci\u00f3n, el di\u00e1logo y la formaci\u00f3n, abordando las complejidades sociales, culturales, econ\u00f3micas y ecol\u00f3gicas de la regi\u00f3n.<\/p>\n<p>[\/et_pb_text][\/et_pb_column][\/et_pb_row][\/et_pb_section][et_pb_section fb_built=\u00bb1&#8243; _builder_version=\u00bb4.27.4&#8243; _module_preset=\u00bbdefault\u00bb custom_padding=\u00bb38px||3px|||\u00bb global_colors_info=\u00bb{}\u00bb][et_pb_row column_structure=\u00bb1_2,1_2&#8243; _builder_version=\u00bb4.27.4&#8243; _module_preset=\u00bbdefault\u00bb custom_padding=\u00bb0px||0px|0px||\u00bb global_colors_info=\u00bb{}\u00bb][et_pb_column type=\u00bb1_2&#8243; _builder_version=\u00bb4.27.4&#8243; _module_preset=\u00bbdefault\u00bb global_colors_info=\u00bb{}\u00bb][et_pb_text _builder_version=\u00bb4.27.4&#8243; _module_preset=\u00bbdefault\u00bb text_text_color=\u00bb#266BA6&#8243; text_font_size=\u00bb18px\u00bb header_text_color=\u00bb#266BA6&#8243; header_font_size=\u00bb50px\u00bb background_enable_color=\u00bboff\u00bb background_enable_image=\u00bboff\u00bb background_size=\u00bbinitial\u00bb custom_margin=\u00bb|-1px||15px||\u00bb custom_padding=\u00bb||39px|||\u00bb global_colors_info=\u00bb{}\u00bb]<\/p>\n<h1>VINCULACI\u00d3N CON LA RED<\/h1>\n<p>&nbsp;<\/p>\n<p style=\"text-align: justify;\">Las c\u00e1tedras forman parte del Programa de C\u00e1tedras Latinoamericanas de REDALC, integr\u00e1ndose como un eje clave dentro de su labor acad\u00e9mica y de cooperaci\u00f3n regional.<br \/>A trav\u00e9s de estas iniciativas, REDALC conecta a docentes, investigadores, estudiantes e instituciones comprometidas con la producci\u00f3n y circulaci\u00f3n del conocimiento en el \u00e1mbito de las ciencias jur\u00eddicas, sociales y humanas.<\/p>\n<p style=\"text-align: justify;\">Esta vinculaci\u00f3n potencia la creaci\u00f3n de redes de trabajo colaborativas, donde la educaci\u00f3n, la investigaci\u00f3n y la acci\u00f3n social convergen para fortalecer el pensamiento latinoamericano.<\/p>\n<p>[\/et_pb_text][\/et_pb_column][et_pb_column type=\u00bb1_2&#8243; _builder_version=\u00bb4.27.4&#8243; _module_preset=\u00bbdefault\u00bb global_colors_info=\u00bb{}\u00bb][et_pb_image src=\u00bbhttps:\/\/www.redalc.uda.cl\/wp-content\/uploads\/2026\/01\/Diseno-sin-titulo-4-1.png\u00bb title_text=\u00bbDise\u00f1o sin t\u00edtulo (4)\u00bb _builder_version=\u00bb4.27.5&#8243; _module_preset=\u00bbdefault\u00bb transform_translate=\u00bb0px|43px\u00bb transform_translate_linked=\u00bboff\u00bb global_colors_info=\u00bb{}\u00bb][\/et_pb_image][\/et_pb_column][\/et_pb_row][\/et_pb_section][et_pb_section fb_built=\u00bb1&#8243; _builder_version=\u00bb4.27.4&#8243; _module_preset=\u00bbdefault\u00bb custom_padding=\u00bb36px||34px|||\u00bb global_colors_info=\u00bb{}\u00bb][et_pb_row _builder_version=\u00bb4.27.4&#8243; _module_preset=\u00bbdefault\u00bb global_colors_info=\u00bb{}\u00bb][et_pb_column type=\u00bb4_4&#8243; _builder_version=\u00bb4.27.4&#8243; _module_preset=\u00bbdefault\u00bb global_colors_info=\u00bb{}\u00bb][et_pb_text _builder_version=\u00bb4.27.4&#8243; _module_preset=\u00bbdefault\u00bb text_text_color=\u00bb#266BA6&#8243; text_font_size=\u00bb18px\u00bb header_text_color=\u00bb#266BA6&#8243; header_font_size=\u00bb50px\u00bb global_colors_info=\u00bb{}\u00bb]<\/p>\n<h1>VALORES Y ENFOQUES<\/h1>\n<p>Las C\u00e1tedras de REDALC se sustentan en una serie de valores que gu\u00edan su que hacer acad\u00e9mico y \u00e9tico:<\/p>\n<p>[\/et_pb_text][\/et_pb_column][\/et_pb_row][et_pb_row column_structure=\u00bb1_2,1_2&#8243; _builder_version=\u00bb4.27.4&#8243; _module_preset=\u00bbdefault\u00bb custom_padding=\u00bb1px||0px|||\u00bb global_colors_info=\u00bb{}\u00bb][et_pb_column type=\u00bb1_2&#8243; _builder_version=\u00bb4.27.4&#8243; _module_preset=\u00bbdefault\u00bb background_color=\u00bb#266BA6&#8243; global_colors_info=\u00bb{}\u00bb][et_pb_text _builder_version=\u00bb4.27.4&#8243; _module_preset=\u00bbdefault\u00bb text_text_color=\u00bb#FFFFFF\u00bb header_2_text_color=\u00bb#FFFFFF\u00bb custom_padding=\u00bb25px|42px|21px|36px||\u00bb global_colors_info=\u00bb{}\u00bb]<\/p>\n<h2>Interdisciplinariedad y transdisciplinariedad<\/h2>\n<p>&nbsp;<\/p>\n<p>como base para comprender y abordar los problemas complejos de la regi\u00f3n.<\/p>\n<p>[\/et_pb_text][\/et_pb_column][et_pb_column type=\u00bb1_2&#8243; _builder_version=\u00bb4.27.4&#8243; _module_preset=\u00bbdefault\u00bb background_color=\u00bbRGBA(255,255,255,0)\u00bb global_colors_info=\u00bb{}\u00bb][et_pb_text _builder_version=\u00bb4.27.4&#8243; _module_preset=\u00bbdefault\u00bb text_text_color=\u00bb#266BA6&#8243; header_text_color=\u00bb#266BA6&#8243; header_2_text_color=\u00bb#266BA6&#8243; custom_padding=\u00bb25px|42px|21px|36px||\u00bb global_colors_info=\u00bb{}\u00bb]<\/p>\n<h2>Colaboraci\u00f3n y trabajo en red<\/h2>\n<p>&nbsp;<\/p>\n<p>fomentando la construcci\u00f3n colectiva del conocimiento entre universidades y comunidades.<\/p>\n<p>[\/et_pb_text][\/et_pb_column][\/et_pb_row][et_pb_row column_structure=\u00bb1_2,1_2&#8243; _builder_version=\u00bb4.27.4&#8243; _module_preset=\u00bbdefault\u00bb custom_margin=\u00bb|auto|-3px|auto||\u00bb custom_padding=\u00bb1px||0px|||\u00bb global_colors_info=\u00bb{}\u00bb][et_pb_column type=\u00bb1_2&#8243; _builder_version=\u00bb4.27.4&#8243; _module_preset=\u00bbdefault\u00bb background_color=\u00bbRGBA(255,255,255,0)\u00bb global_colors_info=\u00bb{}\u00bb][et_pb_text _builder_version=\u00bb4.27.4&#8243; _module_preset=\u00bbdefault\u00bb text_text_color=\u00bb#266BA6&#8243; header_text_color=\u00bb#266BA6&#8243; header_2_text_color=\u00bb#266BA6&#8243; custom_padding=\u00bb25px|42px|21px|36px||\u00bb global_colors_info=\u00bb{}\u00bb]<\/p>\n<h2>Compromiso regional<\/h2>\n<p>&nbsp;<\/p>\n<p>orientado a visibilizar los saberes y desaf\u00edos propios de Am\u00e9rica Latina y el Caribe.<\/p>\n<p>[\/et_pb_text][\/et_pb_column][et_pb_column type=\u00bb1_2&#8243; _builder_version=\u00bb4.27.4&#8243; _module_preset=\u00bbdefault\u00bb background_color=\u00bb#266BA6&#8243; global_colors_info=\u00bb{}\u00bb][et_pb_text _builder_version=\u00bb4.27.4&#8243; _module_preset=\u00bbdefault\u00bb text_text_color=\u00bb#FFFFFF\u00bb header_text_color=\u00bb#266BA6&#8243; header_2_text_color=\u00bb#FFFFFF\u00bb custom_padding=\u00bb25px|42px|21px|36px||\u00bb global_colors_info=\u00bb{}\u00bb]<\/p>\n<h2>Pensamiento cr\u00edtico e innovaci\u00f3n<\/h2>\n<p>&nbsp;<\/p>\n<p>impulsando la creaci\u00f3n de nuevos marcos conceptuales y pr\u00e1cticas transformadoras.<\/p>\n<p>[\/et_pb_text][\/et_pb_column][\/et_pb_row][\/et_pb_section][et_pb_section fb_built=\u00bb1&#8243; _builder_version=\u00bb4.27.4&#8243; _module_preset=\u00bbdefault\u00bb custom_margin=\u00bb-4px|||||\u00bb global_colors_info=\u00bb{}\u00bb][et_pb_row _builder_version=\u00bb4.27.4&#8243; _module_preset=\u00bbdefault\u00bb custom_padding=\u00bb0px||0px|||\u00bb global_colors_info=\u00bb{}\u00bb][et_pb_column type=\u00bb4_4&#8243; _builder_version=\u00bb4.27.4&#8243; _module_preset=\u00bbdefault\u00bb global_colors_info=\u00bb{}\u00bb][et_pb_button button_url=\u00bb@ET-DC@eyJkeW5hbWljIjp0cnVlLCJjb250ZW50IjoicG9zdF9saW5rX3VybF9wYWdlIiwic2V0dGluZ3MiOnsicG9zdF9pZCI6IjQ3NDQwIn19@\u00bb button_text=\u00bbVer m\u00e1s\u00bb _builder_version=\u00bb4.27.4&#8243; _dynamic_attributes=\u00bbbutton_url\u00bb _module_preset=\u00bbdefault\u00bb button_text_size=\u00bb15px\u00bb button_text_color=\u00bb#FFFFFF\u00bb button_bg_color=\u00bb#266BA6&#8243; button_border_radius=\u00bb41px\u00bb transform_scale=\u00bb98%|98%\u00bb transform_translate=\u00bb34px|-121px\u00bb transform_translate_linked=\u00bboff\u00bb background_layout=\u00bbdark\u00bb custom_margin=\u00bb0px||0px||false|false\u00bb custom_padding=\u00bb7px|24px|7px|24px|true|true\u00bb global_colors_info=\u00bb{}\u00bb][\/et_pb_button][\/et_pb_column][\/et_pb_row][\/et_pb_section]<\/p>\n","protected":false},"excerpt":{"rendered":"<p>QU\u00c9 SON LAS C\u00c1TEDRAS? &nbsp; Las c\u00e1tedras son espacios acad\u00e9micos y culturales creados con el prop\u00f3sito de fomentar el intercambio de conocimientos, la reflexi\u00f3n cr\u00edtica y el di\u00e1logo interdisciplinario entre universidades, investigadores, estudiantes y comunidades. A trav\u00e9s de ellas, se abordan temas relevantes para la regi\u00f3n y Am\u00e9rica Latina, impulsando la investigaci\u00f3n, la formaci\u00f3n y [&hellip;]<\/p>\n","protected":false},"author":3,"featured_media":0,"parent":0,"menu_order":0,"comment_status":"closed","ping_status":"closed","template":"","meta":{"_et_pb_use_builder":"on","_et_pb_old_content":"","_et_gb_content_width":"","footnotes":""},"class_list":["post-47408","page","type-page","status-publish","hentry"],"_links":{"self":[{"href":"https:\/\/www.redalc.uda.cl\/index.php\/wp-json\/wp\/v2\/pages\/47408","targetHints":{"allow":["GET"]}}],"collection":[{"href":"https:\/\/www.redalc.uda.cl\/index.php\/wp-json\/wp\/v2\/pages"}],"about":[{"href":"https:\/\/www.redalc.uda.cl\/index.php\/wp-json\/wp\/v2\/types\/page"}],"author":[{"embeddable":true,"href":"https:\/\/www.redalc.uda.cl\/index.php\/wp-json\/wp\/v2\/users\/3"}],"replies":[{"embeddable":true,"href":"https:\/\/www.redalc.uda.cl\/index.php\/wp-json\/wp\/v2\/comments?post=47408"}],"version-history":[{"count":24,"href":"https:\/\/www.redalc.uda.cl\/index.php\/wp-json\/wp\/v2\/pages\/47408\/revisions"}],"predecessor-version":[{"id":48640,"href":"https:\/\/www.redalc.uda.cl\/index.php\/wp-json\/wp\/v2\/pages\/47408\/revisions\/48640"}],"wp:attachment":[{"href":"https:\/\/www.redalc.uda.cl\/index.php\/wp-json\/wp\/v2\/media?parent=47408"}],"curies":[{"name":"wp","href":"https:\/\/api.w.org\/{rel}","templated":true}]}}