{"id":47378,"date":"2025-11-02T21:55:51","date_gmt":"2025-11-03T00:55:51","guid":{"rendered":"https:\/\/www.redalc.uda.cl\/?page_id=47378"},"modified":"2026-05-04T12:58:04","modified_gmt":"2026-05-04T15:58:04","slug":"programas-inicio-cata","status":"publish","type":"page","link":"https:\/\/www.redalc.uda.cl\/index.php\/programas-inicio-cata\/","title":{"rendered":"PROGRAMAS INICIO &#8211; CATA"},"content":{"rendered":"<p>[et_pb_section fb_built=\u00bb1&#8243; _builder_version=\u00bb4.27.4&#8243; _module_preset=\u00bbdefault\u00bb background_color=\u00bb#266BA6&#8243; custom_padding=\u00bb45px|||||\u00bb global_colors_info=\u00bb{}\u00bb][et_pb_row column_structure=\u00bb1_2,1_2&#8243; _builder_version=\u00bb4.27.6&#8243; _module_preset=\u00bbdefault\u00bb min_height=\u00bb249.8px\u00bb global_colors_info=\u00bb{}\u00bb][et_pb_column type=\u00bb1_2&#8243; _builder_version=\u00bb4.27.6&#8243; _module_preset=\u00bbdefault\u00bb global_colors_info=\u00bb{}\u00bb][et_pb_text _builder_version=\u00bb4.27.6&#8243; _module_preset=\u00bbdefault\u00bb custom_padding=\u00bb4px|||||\u00bb global_colors_info=\u00bb{}\u00bb]<\/p>\n<h1 style=\"text-align: center;\"><span style=\"color: #ffffff;\">PROGRAMAS<\/span><\/h1>\n<p>[\/et_pb_text][\/et_pb_column][et_pb_column type=\u00bb1_2&#8243; _builder_version=\u00bb4.27.6&#8243; _module_preset=\u00bbdefault\u00bb global_colors_info=\u00bb{}\u00bb][et_pb_text _builder_version=\u00bb4.27.6&#8243; _module_preset=\u00bbdefault\u00bb min_height=\u00bb283px\u00bb global_colors_info=\u00bb{}\u00bb]<\/p>\n<p><span style=\"color: #ffffff;\">El \u00e1rea de Programas re\u00fane las principales iniciativas acad\u00e9micas y formativas impulsadas por la red, orientadas a fortalecer el intercambio de saberes, la cooperaci\u00f3n regional y el acceso abierto al conocimiento. A trav\u00e9s de estas instancias, se promueve la movilidad, la formaci\u00f3n continua y la integraci\u00f3n acad\u00e9mica entre docentes, estudiantes e instituciones de Am\u00e9rica Latina y el Caribe.<\/span><\/p>\n<p>[\/et_pb_text][\/et_pb_column][\/et_pb_row][et_pb_row _builder_version=\u00bb4.27.6&#8243; _module_preset=\u00bbdefault\u00bb background_color=\u00bb#FFFFFF\u00bb global_colors_info=\u00bb{}\u00bb][et_pb_column type=\u00bb4_4&#8243; _builder_version=\u00bb4.27.6&#8243; _module_preset=\u00bbdefault\u00bb global_colors_info=\u00bb{}\u00bb][et_pb_button button_url=\u00bbhttps:\/\/forms.gle\/7kHEuwkhimk1UBJQ8&#8243; button_text=\u00bbINSCRIPCI\u00d3N REDALC\u00bb button_alignment=\u00bbcenter\u00bb _builder_version=\u00bb4.27.5&#8243; _module_preset=\u00bbdefault\u00bb button_text_size=\u00bb18px\u00bb button_text_color=\u00bb#FFFFFF\u00bb button_bg_color=\u00bb#266BA6&#8243; button_border_radius=\u00bb41px\u00bb transform_scale=\u00bb98%|98%\u00bb transform_translate_linked=\u00bboff\u00bb background_layout=\u00bbdark\u00bb custom_margin=\u00bb0px||0px||false|false\u00bb custom_padding=\u00bb7px|24px|7px|24px|true|true\u00bb global_colors_info=\u00bb{}\u00bb][\/et_pb_button][\/et_pb_column][\/et_pb_row][\/et_pb_section][et_pb_section fb_built=\u00bb1&#8243; admin_label=\u00bbprogramas\u00bb module_id=\u00bbprogramas\u00bb _builder_version=\u00bb4.16&#8243; min_height=\u00bb623px\u00bb custom_margin=\u00bb-91px||||false|false\u00bb custom_padding=\u00bb10px||||false|false\u00bb global_colors_info=\u00bb{}\u00bb][et_pb_row _builder_version=\u00bb4.27.6&#8243; _module_preset=\u00bbdefault\u00bb background_color=\u00bb#D989A6&#8243; global_colors_info=\u00bb{}\u00bb][et_pb_column type=\u00bb4_4&#8243; _builder_version=\u00bb4.27.6&#8243; _module_preset=\u00bbdefault\u00bb global_colors_info=\u00bb{}\u00bb][et_pb_image src=\u00bbhttps:\/\/www.redalc.uda.cl\/wp-content\/uploads\/2026\/05\/Diseno-sin-titulo-2.jpg\u00bb title_text=\u00bbDise\u00f1o sin t\u00edtulo (2)\u00bb _builder_version=\u00bb4.27.6&#8243; _module_preset=\u00bbdefault\u00bb global_colors_info=\u00bb{}\u00bb][\/et_pb_image][et_pb_text _builder_version=\u00bb4.27.6&#8243; _module_preset=\u00bbdefault\u00bb background_color=\u00bb#FFFFFF\u00bb global_colors_info=\u00bb{}\u00bb]<\/p>\n<h1><\/h1>\n<h1><\/h1>\n<h2><span style=\"color: #022859;\">Formaci\u00f3n y Saberes:<\/span><\/h2>\n<h2><span style=\"color: #022859;\">Espacios de formaci\u00f3n, di\u00e1logo y construcci\u00f3n colectiva de conocimientos en la red REDALC.<\/span><\/h2>\n<p>&nbsp;<\/p>\n<p>[\/et_pb_text][\/et_pb_column][\/et_pb_row][et_pb_row column_structure=\u00bb1_4,1_4,1_4,1_4&#8243; _builder_version=\u00bb4.27.6&#8243; _module_preset=\u00bbdefault\u00bb min_height=\u00bb190px\u00bb custom_padding=\u00bb||75px|||\u00bb global_colors_info=\u00bb{}\u00bb][et_pb_column type=\u00bb1_4&#8243; _builder_version=\u00bb4.27.6&#8243; _module_preset=\u00bbdefault\u00bb global_colors_info=\u00bb{}\u00bb][et_pb_text _builder_version=\u00bb4.27.6&#8243; text_text_color=\u00bb#000000&#8243; text_font_size=\u00bb20px\u00bb background_color=\u00bb#D989A6&#8243; height=\u00bb100px\u00bb custom_padding=\u00bb5px|2px|0px|2px|false|false\u00bb link_option_url=\u00bbhttps:\/\/www.redalc.uda.cl\/index.php\/programa-clase-virtual-abierta\/\u00bb border_radii=\u00bboff|||10px|10px\u00bb border_width_right=\u00bb1px\u00bb border_width_bottom=\u00bb1px\u00bb border_width_left=\u00bb1px\u00bb global_colors_info=\u00bb{}\u00bb]<\/p>\n<p style=\"text-align: center;\">\n<p style=\"text-align: center;\"><strong><span style=\"color: #ffffff;\">Aulas Americanas (Movilidad Acad\u00e9mica)<\/span><\/strong><\/p>\n<p>[\/et_pb_text][\/et_pb_column][et_pb_column type=\u00bb1_4&#8243; _builder_version=\u00bb4.27.6&#8243; _module_preset=\u00bbdefault\u00bb global_colors_info=\u00bb{}\u00bb][et_pb_text _builder_version=\u00bb4.27.6&#8243; text_text_color=\u00bb#000000&#8243; text_font_size=\u00bb20px\u00bb background_color=\u00bb#D989A6&#8243; text_orientation=\u00bbcenter\u00bb min_height=\u00bb79px\u00bb height=\u00bb100px\u00bb custom_margin=\u00bb||||false|false\u00bb custom_padding=\u00bb5px|2px||2px|false|false\u00bb link_option_url=\u00bbhttps:\/\/www.redalc.uda.cl\/index.php\/programa-talleres-impartidos-por-redalc\/\u00bb border_radii=\u00bboff|||10px|10px\u00bb border_width_right=\u00bb1px\u00bb border_color_right=\u00bb#343841&#8243; border_width_bottom=\u00bb1px\u00bb border_width_left=\u00bb1px\u00bb global_colors_info=\u00bb{}\u00bb]<\/p>\n<p style=\"text-align: center;\"><strong><span style=\"color: #ffffff;\">Programa de Formaci\u00f3n y Transferencia REDALC<\/span><\/strong><\/p>\n<p>[\/et_pb_text][\/et_pb_column][et_pb_column type=\u00bb1_4&#8243; _builder_version=\u00bb4.27.6&#8243; _module_preset=\u00bbdefault\u00bb global_colors_info=\u00bb{}\u00bb][et_pb_text _builder_version=\u00bb4.27.6&#8243; text_text_color=\u00bb#000000&#8243; text_font_size=\u00bb20px\u00bb background_color=\u00bb#D989A6&#8243; text_orientation=\u00bbcenter\u00bb min_height=\u00bb118px\u00bb height=\u00bb100px\u00bb custom_margin=\u00bb||||false|false\u00bb custom_padding=\u00bb5px|2px|0px|2px|false|false\u00bb link_option_url=\u00bbhttps:\/\/www.redalc.uda.cl\/index.php\/clases-magistrales-cata\/\u00bb border_radii=\u00bboff|||10px|10px\u00bb border_width_right=\u00bb1px\u00bb border_color_right=\u00bb#343841&#8243; border_width_bottom=\u00bb1px\u00bb border_width_left=\u00bb1px\u00bb global_colors_info=\u00bb{}\u00bb]<\/p>\n<p><span style=\"color: #ffffff;\"><strong>Di\u00e1logos con Referentes Latinoamericanos<\/strong><\/span><\/p>\n<p>[\/et_pb_text][\/et_pb_column][et_pb_column type=\u00bb1_4&#8243; _builder_version=\u00bb4.27.6&#8243; _module_preset=\u00bbdefault\u00bb global_colors_info=\u00bb{}\u00bb][et_pb_text _builder_version=\u00bb4.27.6&#8243; text_text_color=\u00bb#000000&#8243; text_font_size=\u00bb20px\u00bb background_color=\u00bb#D989A6&#8243; text_orientation=\u00bbcenter\u00bb height=\u00bb100px\u00bb custom_margin=\u00bb||||false|false\u00bb custom_padding=\u00bb5px|2px||2px|false|false\u00bb link_option_url=\u00bbhttps:\/\/www.redalc.uda.cl\/index.php\/catedra-inicio-cata\/\u00bb border_radii=\u00bboff|||10px|10px\u00bb border_width_right=\u00bb1px\u00bb border_color_right=\u00bb#343841&#8243; border_width_bottom=\u00bb1px\u00bb border_width_left=\u00bb1px\u00bb global_colors_info=\u00bb{}\u00bb]<\/p>\n<p style=\"text-align: center;\"><span style=\"color: #ffffff;\"><strong>\u00a0C\u00e1tedras Latinoamericanas de REDALC<\/strong><\/span><\/p>\n<p>[\/et_pb_text][\/et_pb_column][\/et_pb_row][et_pb_row _builder_version=\u00bb4.27.6&#8243; _module_preset=\u00bbdefault\u00bb background_color=\u00bb#D98B29&#8243; min_height=\u00bb194.8px\u00bb global_colors_info=\u00bb{}\u00bb][et_pb_column type=\u00bb4_4&#8243; _builder_version=\u00bb4.27.6&#8243; _module_preset=\u00bbdefault\u00bb global_colors_info=\u00bb{}\u00bb][et_pb_text _builder_version=\u00bb4.27.6&#8243; _module_preset=\u00bbdefault\u00bb background_color=\u00bb#FFFFFF\u00bb global_colors_info=\u00bb{}\u00bb]<\/p>\n<h1><\/h1>\n<h2><span style=\"color: #022859;\">Investigaci\u00f3n:<\/span><\/h2>\n<h2><span style=\"color: #022859;\">Iniciativas de investigaci\u00f3n colaborativa y producci\u00f3n acad\u00e9mica en Am\u00e9rica Latina y el Caribe.<\/span><\/h2>\n<p>&nbsp;<\/p>\n<p>[\/et_pb_text][\/et_pb_column][\/et_pb_row][et_pb_row column_structure=\u00bb1_4,1_4,1_4,1_4&#8243; _builder_version=\u00bb4.27.6&#8243; _module_preset=\u00bbdefault\u00bb min_height=\u00bb230.4px\u00bb global_colors_info=\u00bb{}\u00bb][et_pb_column type=\u00bb1_4&#8243; _builder_version=\u00bb4.27.6&#8243; _module_preset=\u00bbdefault\u00bb global_colors_info=\u00bb{}\u00bb][et_pb_text _builder_version=\u00bb4.27.6&#8243; text_text_color=\u00bb#000000&#8243; text_font_size=\u00bb20px\u00bb background_color=\u00bb#D98B29&#8243; text_orientation=\u00bbcenter\u00bb custom_padding=\u00bb5px|2px||2px|false|false\u00bb link_option_url=\u00bbhttps:\/\/www.redalc.uda.cl\/index.php\/programas-de-grupos-de-investigacion-que-se-podran-organizar-como-centros-de-investigacion\/\u00bb border_radii=\u00bboff|||10px|10px\u00bb border_width_right=\u00bb1px\u00bb border_width_bottom=\u00bb1px\u00bb border_width_left=\u00bb1px\u00bb global_colors_info=\u00bb{}\u00bb]<\/p>\n<p style=\"text-align: center;\"><strong><span style=\"color: #ffffff;\">Investigaci\u00f3n y desarrollo de proyectos<\/span>\u00a0<\/strong><\/p>\n<p style=\"text-align: center;\"><strong><\/strong><\/p>\n<p style=\"text-align: center;\"><strong><\/strong><\/p>\n<p>[\/et_pb_text][\/et_pb_column][et_pb_column type=\u00bb1_4&#8243; _builder_version=\u00bb4.27.6&#8243; _module_preset=\u00bbdefault\u00bb global_colors_info=\u00bb{}\u00bb][et_pb_text _builder_version=\u00bb4.27.6&#8243; text_text_color=\u00bb#000000&#8243; text_font_size=\u00bb20px\u00bb background_color=\u00bb#D98B29&#8243; text_orientation=\u00bbcenter\u00bb module_alignment=\u00bbcenter\u00bb height=\u00bb100px\u00bb custom_padding=\u00bb5px|2px||2px|false|false\u00bb link_option_url=\u00bbhttps:\/\/www.redalc.uda.cl\/index.php\/programa-derecho-comparado\/\u00bb border_radii=\u00bboff|||10px|10px\u00bb border_width_right=\u00bb1px\u00bb border_width_bottom=\u00bb1px\u00bb border_width_left=\u00bb1px\u00bb global_colors_info=\u00bb{}\u00bb]<\/p>\n<p><strong><span style=\"color: #ffffff;\">Comparaci\u00f3n Jur\u00eddica\u00a0 Latinoamericana<\/span><\/strong><\/p>\n<p>[\/et_pb_text][\/et_pb_column][et_pb_column type=\u00bb1_4&#8243; _builder_version=\u00bb4.27.6&#8243; _module_preset=\u00bbdefault\u00bb global_colors_info=\u00bb{}\u00bb][et_pb_text _builder_version=\u00bb4.27.6&#8243; text_text_color=\u00bb#000000&#8243; text_font_size=\u00bb20px\u00bb background_color=\u00bb#D98B29&#8243; text_orientation=\u00bbcenter\u00bb height=\u00bb100px\u00bb custom_margin=\u00bb||||false|false\u00bb custom_padding=\u00bb5px|2px||2px|false|false\u00bb link_option_url=\u00bbhttps:\/\/www.redalc.uda.cl\/index.php\/programa-publicaciones-de-redalc\/\u00bb border_radii=\u00bboff|||10px|10px\u00bb border_width_right=\u00bb1px\u00bb border_color_right=\u00bb#343841&#8243; border_width_bottom=\u00bb1px\u00bb border_width_left=\u00bb1px\u00bb global_colors_info=\u00bb{}\u00bb]<\/p>\n<p style=\"text-align: center;\"><span style=\"color: #ffffff;\"><strong>Publicaciones de REDALC<\/strong><\/span><\/p>\n<p>[\/et_pb_text][\/et_pb_column][et_pb_column type=\u00bb1_4&#8243; _builder_version=\u00bb4.27.6&#8243; _module_preset=\u00bbdefault\u00bb global_colors_info=\u00bb{}\u00bb][et_pb_text _builder_version=\u00bb4.27.6&#8243; text_text_color=\u00bb#000000&#8243; text_font_size=\u00bb20px\u00bb background_color=\u00bb#D98B29&#8243; text_orientation=\u00bbcenter\u00bb module_alignment=\u00bbcenter\u00bb height=\u00bb100px\u00bb custom_padding=\u00bb5px|2px||2px|false|false\u00bb link_option_url=\u00bbhttps:\/\/www.redalc.uda.cl\/index.php\/programa-de-tesis-latinoamericanas\/\u00bb border_radii=\u00bboff|||10px|10px\u00bb border_width_right=\u00bb1px\u00bb border_width_bottom=\u00bb1px\u00bb border_width_left=\u00bb1px\u00bb global_colors_info=\u00bb{}\u00bb]<\/p>\n<p style=\"text-align: center;\"><strong>\u00a0<span style=\"color: #ffffff;\">Tesis Latinoamericanas<\/span><\/strong><\/p>\n<p>[\/et_pb_text][\/et_pb_column][\/et_pb_row][et_pb_row _builder_version=\u00bb4.27.6&#8243; _module_preset=\u00bbdefault\u00bb background_color=\u00bb#B83127&#8243; global_colors_info=\u00bb{}\u00bb][et_pb_column type=\u00bb4_4&#8243; _builder_version=\u00bb4.27.6&#8243; _module_preset=\u00bbdefault\u00bb global_colors_info=\u00bb{}\u00bb][et_pb_text _builder_version=\u00bb4.27.6&#8243; _module_preset=\u00bbdefault\u00bb background_color=\u00bb#FFFFFF\u00bb min_height=\u00bb146.8px\u00bb global_colors_info=\u00bb{}\u00bb]<\/p>\n<h1><\/h1>\n<h2><span style=\"color: #022859;\">Movilidad :<\/span><\/h2>\n<h2><span style=\"color: #022859;\">Espacios de intercambio acad\u00e9mico para estudiantes, docentes e instituciones de la red.<\/span><\/h2>\n<p>&nbsp;<\/p>\n<p>[\/et_pb_text][\/et_pb_column][\/et_pb_row][et_pb_row column_structure=\u00bb1_3,1_3,1_3&#8243; _builder_version=\u00bb4.27.6&#8243; _module_preset=\u00bbdefault\u00bb custom_padding=\u00bb||68px|||\u00bb global_colors_info=\u00bb{}\u00bb][et_pb_column type=\u00bb1_3&#8243; _builder_version=\u00bb4.27.6&#8243; _module_preset=\u00bbdefault\u00bb global_colors_info=\u00bb{}\u00bb][et_pb_text _builder_version=\u00bb4.27.6&#8243; text_text_color=\u00bb#000000&#8243; text_font_size=\u00bb20px\u00bb background_color=\u00bb#B83127&#8243; text_orientation=\u00bbcenter\u00bb height=\u00bb100px\u00bb custom_margin=\u00bb||||false|false\u00bb custom_padding=\u00bb5px|2px||2px|false|false\u00bb link_option_url=\u00bbhttps:\/\/www.redalc.uda.cl\/index.php\/programas-movilidad-de-docentes-a-aulas-americanas\/\u00bb border_radii=\u00bboff|||10px|10px\u00bb border_width_right=\u00bb1px\u00bb border_color_right=\u00bb#343841&#8243; border_width_bottom=\u00bb1px\u00bb border_width_left=\u00bb1px\u00bb global_colors_info=\u00bb{}\u00bb]<\/p>\n<p><span style=\"color: #ffffff;\"><strong>Movilidad Acad\u00e9mica \u2013 Aulas Americanas<\/strong><\/span><\/p>\n<p>[\/et_pb_text][\/et_pb_column][et_pb_column type=\u00bb1_3&#8243; _builder_version=\u00bb4.27.6&#8243; _module_preset=\u00bbdefault\u00bb global_colors_info=\u00bb{}\u00bb][et_pb_text _builder_version=\u00bb4.27.6&#8243; text_text_color=\u00bb#000000&#8243; text_font_size=\u00bb20px\u00bb background_color=\u00bb#B83127&#8243; text_orientation=\u00bbcenter\u00bb height=\u00bb100px\u00bb custom_margin=\u00bb||||false|false\u00bb custom_padding=\u00bb5px|2px||2px|false|false\u00bb link_option_url=\u00bbhttps:\/\/www.redalc.uda.cl\/index.php\/programa-de-movilidad-estudiantil\/\u00bb border_radii=\u00bboff|||10px|10px\u00bb border_width_right=\u00bb1px\u00bb border_color_right=\u00bb#343841&#8243; border_width_bottom=\u00bb1px\u00bb border_width_left=\u00bb1px\u00bb global_colors_info=\u00bb{}\u00bb]<\/p>\n<p style=\"text-align: center;\"><span style=\"color: #ffffff;\"><strong>\u00a0Movilidad Estudiant\u00edl<\/strong><\/span><\/p>\n<p>[\/et_pb_text][\/et_pb_column][et_pb_column type=\u00bb1_3&#8243; _builder_version=\u00bb4.27.6&#8243; _module_preset=\u00bbdefault\u00bb global_colors_info=\u00bb{}\u00bb][et_pb_text _builder_version=\u00bb4.27.6&#8243; text_text_color=\u00bb#000000&#8243; text_font_size=\u00bb20px\u00bb background_color=\u00bb#B83127&#8243; module_alignment=\u00bbcenter\u00bb height=\u00bb100px\u00bb custom_padding=\u00bb5px|2px||2px|false|false\u00bb link_option_url=\u00bbhttps:\/\/www.redalc.uda.cl\/index.php\/programa-apertura-de-posgrado-y-cursos-de-especializacion-de-redalc\/\u00bb border_radii=\u00bboff|||10px|10px\u00bb border_width_right=\u00bb1px\u00bb border_width_bottom=\u00bb1px\u00bb border_width_left=\u00bb1px\u00bb global_colors_info=\u00bb{}\u00bb]<\/p>\n<p style=\"text-align: center;\"><strong><span style=\"color: #ffffff;\">Red de Posgrados REDALC (REDPOS)<\/span><\/strong><\/p>\n<p>[\/et_pb_text][\/et_pb_column][\/et_pb_row][et_pb_row _builder_version=\u00bb4.27.6&#8243; _module_preset=\u00bbdefault\u00bb background_color=\u00bb#266BA6&#8243; min_height=\u00bb86.8px\u00bb global_colors_info=\u00bb{}\u00bb][et_pb_column type=\u00bb4_4&#8243; _builder_version=\u00bb4.27.6&#8243; _module_preset=\u00bbdefault\u00bb global_colors_info=\u00bb{}\u00bb][et_pb_text _builder_version=\u00bb4.27.6&#8243; _module_preset=\u00bbdefault\u00bb background_color=\u00bb#FFFFFF\u00bb min_height=\u00bb165.8px\u00bb custom_padding=\u00bb||14px|||\u00bb global_colors_info=\u00bb{}\u00bb]<\/p>\n<h1><\/h1>\n<h2><span style=\"color: #022859;\">Saberes y recursos:<\/span><\/h2>\n<h2><span style=\"color: #022859;\">Plataformas para el acceso, circulaci\u00f3n y difusi\u00f3n de conocimientos y recursos acad\u00e9micos de REDALC.<\/span><\/h2>\n<p>&nbsp;<\/p>\n<p>[\/et_pb_text][\/et_pb_column][\/et_pb_row][et_pb_row column_structure=\u00bb1_2,1_2&#8243; _builder_version=\u00bb4.27.6&#8243; _module_preset=\u00bbdefault\u00bb min_height=\u00bb226px\u00bb global_colors_info=\u00bb{}\u00bb][et_pb_column type=\u00bb1_2&#8243; _builder_version=\u00bb4.27.6&#8243; _module_preset=\u00bbdefault\u00bb global_colors_info=\u00bb{}\u00bb][et_pb_text _builder_version=\u00bb4.27.6&#8243; text_text_color=\u00bb#000000&#8243; text_font_size=\u00bb20px\u00bb background_color=\u00bb#266BA6&#8243; text_orientation=\u00bbcenter\u00bb height=\u00bb100px\u00bb custom_margin=\u00bb||||false|false\u00bb custom_padding=\u00bb5px|2px||2px|false|false\u00bb link_option_url=\u00bbhttps:\/\/www.redalc.uda.cl\/index.php\/programa-base-de-datos\/\u00bb border_radii=\u00bboff|||10px|10px\u00bb border_width_right=\u00bb1px\u00bb border_color_right=\u00bb#343841&#8243; border_width_bottom=\u00bb1px\u00bb border_width_left=\u00bb1px\u00bb global_colors_info=\u00bb{}\u00bb]<\/p>\n<p><span style=\"color: #ffffff;\"><strong>Repositorio de Saberes REDALC<\/strong><\/span><\/p>\n<p>[\/et_pb_text][\/et_pb_column][et_pb_column type=\u00bb1_2&#8243; _builder_version=\u00bb4.27.6&#8243; _module_preset=\u00bbdefault\u00bb global_colors_info=\u00bb{}\u00bb][et_pb_text _builder_version=\u00bb4.27.6&#8243; text_text_color=\u00bb#000000&#8243; text_font_size=\u00bb20px\u00bb background_color=\u00bb#266BA6&#8243; text_orientation=\u00bbcenter\u00bb height=\u00bb100px\u00bb custom_margin=\u00bb||||false|false\u00bb custom_padding=\u00bb5px|2px||2px|false|false\u00bb link_option_url=\u00bbhttps:\/\/www.redalc.uda.cl\/index.php\/programa-videoteca-juridica\/\u00bb border_radii=\u00bboff|||10px|10px\u00bb border_width_right=\u00bb1px\u00bb border_color_right=\u00bb#343841&#8243; border_width_bottom=\u00bb1px\u00bb border_width_left=\u00bb1px\u00bb global_colors_info=\u00bb{}\u00bb]<\/p>\n<p><span style=\"color: #ffffff;\"><strong>Videoteca de Derechos, Ciencias y Saberes<\/strong><\/span><\/p>\n<p>[\/et_pb_text][\/et_pb_column][\/et_pb_row][\/et_pb_section][et_pb_section fb_built=\u00bb1&#8243; fullwidth=\u00bbon\u00bb _builder_version=\u00bb4.27.5&#8243; _module_preset=\u00bbdefault\u00bb global_colors_info=\u00bb{}\u00bb][\/et_pb_section][et_pb_section fb_built=\u00bb1&#8243; fullwidth=\u00bbon\u00bb _builder_version=\u00bb4.27.6&#8243; _module_preset=\u00bbdefault\u00bb global_colors_info=\u00bb{}\u00bb][\/et_pb_section]<\/p>\n","protected":false},"excerpt":{"rendered":"<p>PROGRAMASEl \u00e1rea de Programas re\u00fane las principales iniciativas acad\u00e9micas y formativas impulsadas por la red, orientadas a fortalecer el intercambio de saberes, la cooperaci\u00f3n regional y el acceso abierto al conocimiento. A trav\u00e9s de estas instancias, se promueve la movilidad, la formaci\u00f3n continua y la integraci\u00f3n acad\u00e9mica entre docentes, estudiantes e instituciones de Am\u00e9rica Latina [&hellip;]<\/p>\n","protected":false},"author":3,"featured_media":0,"parent":0,"menu_order":0,"comment_status":"closed","ping_status":"closed","template":"","meta":{"_et_pb_use_builder":"on","_et_pb_old_content":"","_et_gb_content_width":"","footnotes":""},"class_list":["post-47378","page","type-page","status-publish","hentry"],"_links":{"self":[{"href":"https:\/\/www.redalc.uda.cl\/index.php\/wp-json\/wp\/v2\/pages\/47378","targetHints":{"allow":["GET"]}}],"collection":[{"href":"https:\/\/www.redalc.uda.cl\/index.php\/wp-json\/wp\/v2\/pages"}],"about":[{"href":"https:\/\/www.redalc.uda.cl\/index.php\/wp-json\/wp\/v2\/types\/page"}],"author":[{"embeddable":true,"href":"https:\/\/www.redalc.uda.cl\/index.php\/wp-json\/wp\/v2\/users\/3"}],"replies":[{"embeddable":true,"href":"https:\/\/www.redalc.uda.cl\/index.php\/wp-json\/wp\/v2\/comments?post=47378"}],"version-history":[{"count":56,"href":"https:\/\/www.redalc.uda.cl\/index.php\/wp-json\/wp\/v2\/pages\/47378\/revisions"}],"predecessor-version":[{"id":49679,"href":"https:\/\/www.redalc.uda.cl\/index.php\/wp-json\/wp\/v2\/pages\/47378\/revisions\/49679"}],"wp:attachment":[{"href":"https:\/\/www.redalc.uda.cl\/index.php\/wp-json\/wp\/v2\/media?parent=47378"}],"curies":[{"name":"wp","href":"https:\/\/api.w.org\/{rel}","templated":true}]}}