{"id":47225,"date":"2025-11-03T16:54:49","date_gmt":"2025-11-03T19:54:49","guid":{"rendered":"https:\/\/www.redalc.uda.cl\/?page_id=47225"},"modified":"2026-01-28T19:50:07","modified_gmt":"2026-01-28T22:50:07","slug":"que-es-redalc-cata","status":"publish","type":"page","link":"https:\/\/www.redalc.uda.cl\/index.php\/que-es-redalc-cata\/","title":{"rendered":"QUE ES REDALC | CATA"},"content":{"rendered":"<p>[et_pb_section fb_built=\u00bb1&#8243; admin_label=\u00bbQUE ES REDALC\u00bb _builder_version=\u00bb4.27.5&#8243; _module_preset=\u00bbdefault\u00bb background_color=\u00bb#022859&#8243; custom_padding=\u00bb||0px||false|false\u00bb hover_enabled=\u00bb0&#8243; global_colors_info=\u00bb{}\u00bb sticky_enabled=\u00bb0&#8243; custom_margin=\u00bb||0px||false|false\u00bb][et_pb_row column_structure=\u00bb1_2,1_2&#8243; admin_label=\u00bbTITULO Y TEXTO QUE ES REDALC\u00bb _builder_version=\u00bb4.27.5&#8243; _module_preset=\u00bbdefault\u00bb custom_margin=\u00bb||||false|false\u00bb hover_enabled=\u00bb0&#8243; global_colors_info=\u00bb{}\u00bb max_width=\u00bbnone\u00bb sticky_enabled=\u00bb0&#8243;][et_pb_column type=\u00bb1_2&#8243; admin_label=\u00bbTITULO\u00bb _builder_version=\u00bb4.27.4&#8243; _module_preset=\u00bbdefault\u00bb global_colors_info=\u00bb{}\u00bb][et_pb_text _builder_version=\u00bb4.27.5&#8243; _module_preset=\u00bbdefault\u00bb header_text_color=\u00bb#FFFFFF\u00bb header_font_size=\u00bb100px\u00bb custom_margin=\u00bb||||false|false\u00bb hover_enabled=\u00bb0&#8243; global_colors_info=\u00bb{}\u00bb sticky_enabled=\u00bb0&#8243;]<\/p>\n<h1>QU\u00c9 ES REDALC?<\/h1>\n<p>[\/et_pb_text][\/et_pb_column][et_pb_column type=\u00bb1_2&#8243; admin_label=\u00bbTEXTO\u00bb _builder_version=\u00bb4.27.4&#8243; _module_preset=\u00bbdefault\u00bb global_colors_info=\u00bb{}\u00bb][et_pb_text _builder_version=\u00bb4.27.5&#8243; _module_preset=\u00bbdefault\u00bb text_text_color=\u00bb#FFFFFF\u00bb custom_margin=\u00bb||||false|false\u00bb hover_enabled=\u00bb0&#8243; global_colors_info=\u00bb{}\u00bb sticky_enabled=\u00bb0&#8243;]<\/p>\n<p style=\"text-align: justify;\">La Red de Derechos, Ciencias y Saberes de Am\u00e9rica Latina y el Caribe (REDALC) es un espacio plural, inclusivo y transdisciplinario que nace con el prop\u00f3sito de fortalecer los lazos acad\u00e9micos, humanos y culturales entre universidades, organizaciones, estudiantes, docentes, investigadores e investigadoras de toda la regi\u00f3n y del mundo.<\/p>\n<p style=\"text-align: justify;\">REDALC impulsa la creaci\u00f3n de comunidades de aprendizaje y colaboraci\u00f3n, donde distintas miradas y saberes se encuentran para dialogar, investigar y construir propuestas transformadoras. Su misi\u00f3n es conectar experiencias y conocimientos que permitan comprender la complejidad de los desaf\u00edos actuales y ofrecer respuestas innovadoras con impacto social.<\/p>\n<p style=\"text-align: justify;\">En este sentido, la red se posiciona como un puente entre lo acad\u00e9mico y lo humano, fomentando la solidaridad, la equidad y la inclusi\u00f3n como valores fundamentales para el desarrollo colectivo. A trav\u00e9s de congresos, seminarios, publicaciones y espacios de encuentro, REDALC promueve la formaci\u00f3n integral de las y los estudiantes, potenciando su crecimiento profesional y personal.<\/p>\n<p style=\"text-align: justify;\">La riqueza de REDALC est\u00e1 en su diversidad: disciplinas distintas, generaciones diferentes y pa\u00edses con realidades \u00fanicas que, al reunirse, generan un horizonte compartido para repensar y transformar nuestra regi\u00f3n desde la cooperaci\u00f3n y el intercambio de saberes.<\/p>\n<p style=\"text-align: justify;\">En pocas palabras, REDALC es una comunidad que une, inspira y transforma, abriendo caminos para un futuro m\u00e1s justo, colaborativo e inclusivo en Am\u00e9rica Latina y el Caribe.<\/p>\n<p>[\/et_pb_text][\/et_pb_column][\/et_pb_row][et_pb_row column_structure=\u00bb1_2,1_2&#8243; admin_label=\u00bbMISION Y VISION\u00bb _builder_version=\u00bb4.27.5&#8243; _module_preset=\u00bbdefault\u00bb min_height=\u00bb233px\u00bb custom_margin=\u00bb||0px||false|false\u00bb custom_padding=\u00bb||0px||false|false\u00bb hover_enabled=\u00bb0&#8243; global_colors_info=\u00bb{}\u00bb sticky_enabled=\u00bb0&#8243;][et_pb_column type=\u00bb1_2&#8243; admin_label=\u00bbMISION\u00bb _builder_version=\u00bb4.27.5&#8243; _module_preset=\u00bbdefault\u00bb hover_enabled=\u00bb0&#8243; global_colors_info=\u00bb{}\u00bb sticky_enabled=\u00bb0&#8243;][et_pb_text _builder_version=\u00bb4.27.5&#8243; _module_preset=\u00bbdefault\u00bb text_text_color=\u00bb#022859&#8243; header_text_color=\u00bb#022859&#8243; custom_margin=\u00bb||||false|false\u00bb hover_enabled=\u00bb0&#8243; global_colors_info=\u00bb{}\u00bb background_color=\u00bb#FFFFFF\u00bb border_radii=\u00bbon|15px|15px|15px|15px\u00bb sticky_enabled=\u00bb0&#8243; custom_padding=\u00bb15px|15px|15px|15px|true|true\u00bb module_alignment=\u00bbcenter\u00bb]<\/p>\n<h1>MISI\u00d3N<\/h1>\n<p>Promover la creaci\u00f3n y difusi\u00f3n de conocimientos sobre derechos, ciencias y saberes mediante congresos, seminarios y talleres, generando espacios de di\u00e1logo, cooperaci\u00f3n y transformaci\u00f3n social.<\/p>\n<p>[\/et_pb_text][\/et_pb_column][et_pb_column type=\u00bb1_2&#8243; admin_label=\u00bbVISION\u00bb _builder_version=\u00bb4.27.5&#8243; _module_preset=\u00bbdefault\u00bb hover_enabled=\u00bb0&#8243; global_colors_info=\u00bb{}\u00bb background_color=\u00bb#FFFFFF\u00bb border_radii=\u00bbon|15px|15px|15px|15px\u00bb sticky_enabled=\u00bb0&#8243;][et_pb_text _builder_version=\u00bb4.27.5&#8243; _module_preset=\u00bbdefault\u00bb header_text_color=\u00bb#022859&#8243; global_colors_info=\u00bb{}\u00bb sticky_enabled=\u00bb0&#8243; text_text_color=\u00bb#022859&#8243; custom_margin=\u00bb||||false|false\u00bb background_color=\u00bb#FFFFFF\u00bb border_radii=\u00bbon|15px|15px|15px|15px\u00bb custom_padding=\u00bb15px|15px|15px|15px|true|true\u00bb]<\/p>\n<h1>VISI\u00d3N<\/h1>\n<p>Contribuir al fortalecimiento de los derechos, las ciencias y los saberes a trav\u00e9s del di\u00e1logo entre docentes, estudiantes, investigadores(as) e instituciones comprometidas con la comunidad, la justicia social y el desarrollo sostenible.<\/p>\n<p>[\/et_pb_text][\/et_pb_column][\/et_pb_row][\/et_pb_section][et_pb_section fb_built=\u00bb1&#8243; _builder_version=\u00bb4.27.5&#8243; _module_preset=\u00bbdefault\u00bb background_color=\u00bb#022859&#8243; custom_padding=\u00bb20px||20px||false|false\u00bb hover_enabled=\u00bb0&#8243; global_colors_info=\u00bb{}\u00bb sticky_enabled=\u00bb0&#8243; custom_margin=\u00bb||||false|false\u00bb][et_pb_row _builder_version=\u00bb4.27.5&#8243; _module_preset=\u00bbdefault\u00bb hover_enabled=\u00bb0&#8243; global_colors_info=\u00bb{}\u00bb sticky_enabled=\u00bb0&#8243;][et_pb_column type=\u00bb4_4&#8243; _builder_version=\u00bb4.27.4&#8243; _module_preset=\u00bbdefault\u00bb global_colors_info=\u00bb{}\u00bb][et_pb_text _builder_version=\u00bb4.27.5&#8243; _module_preset=\u00bbdefault\u00bb header_text_color=\u00bb#FFFFFF\u00bb custom_margin=\u00bb||||false|false\u00bb hover_enabled=\u00bb0&#8243; global_colors_info=\u00bb{}\u00bb sticky_enabled=\u00bb0&#8243;]<\/p>\n<h1>L\u00cdNEAS ESTRAT\u00c9GICAS<\/h1>\n<p>[\/et_pb_text][\/et_pb_column][\/et_pb_row][et_pb_row column_structure=\u00bb1_3,1_3,1_3&#8243; _builder_version=\u00bb4.27.5&#8243; _module_preset=\u00bbdefault\u00bb hover_enabled=\u00bb0&#8243; global_colors_info=\u00bb{}\u00bb sticky_enabled=\u00bb0&#8243;][et_pb_column type=\u00bb1_3&#8243; _builder_version=\u00bb4.27.4&#8243; _module_preset=\u00bbdefault\u00bb global_colors_info=\u00bb{}\u00bb][et_pb_text _builder_version=\u00bb4.27.4&#8243; _module_preset=\u00bbdefault\u00bb text_text_color=\u00bb#FFFFFF\u00bb header_text_color=\u00bb#FFFFFF\u00bb header_font_size=\u00bb35px\u00bb global_colors_info=\u00bb{}\u00bb]<\/p>\n<h1 style=\"text-align: justify;\">1<\/h1>\n<p style=\"text-align: justify;\">\n<p style=\"text-align: justify;\">Generaci\u00f3n y fortalecimiento de redes acad\u00e9micas e investigativas entre docentes, investigadores, estudiantes e instituciones.<\/p>\n<p>[\/et_pb_text][\/et_pb_column][et_pb_column type=\u00bb1_3&#8243; _builder_version=\u00bb4.27.4&#8243; _module_preset=\u00bbdefault\u00bb global_colors_info=\u00bb{}\u00bb][et_pb_text _builder_version=\u00bb4.27.4&#8243; _module_preset=\u00bbdefault\u00bb text_text_color=\u00bb#FFFFFF\u00bb header_text_color=\u00bb#FFFFFF\u00bb header_font_size=\u00bb35px\u00bb hover_enabled=\u00bb0&#8243; global_colors_info=\u00bb{}\u00bb sticky_enabled=\u00bb0&#8243;]<\/p>\n<h1 style=\"text-align: justify;\">2<\/h1>\n<p style=\"text-align: justify;\">Creaci\u00f3n de conocimiento jur\u00eddico, inclu\u00eddo el que versa sobre su educaci\u00f3n, con perspectiva de enfoques latinoamericano, multi, inter y transdisciplinarios.<\/p>\n<p>[\/et_pb_text][\/et_pb_column][et_pb_column type=\u00bb1_3&#8243; _builder_version=\u00bb4.27.4&#8243; _module_preset=\u00bbdefault\u00bb global_colors_info=\u00bb{}\u00bb][et_pb_text _builder_version=\u00bb4.27.4&#8243; _module_preset=\u00bbdefault\u00bb text_text_color=\u00bb#FFFFFF\u00bb header_text_color=\u00bb#FFFFFF\u00bb header_font_size=\u00bb35px\u00bb global_colors_info=\u00bb{}\u00bb]<\/p>\n<h1 style=\"text-align: justify;\">3<\/h1>\n<p style=\"text-align: justify;\">Socializaci\u00f3n, divulgaci\u00f3n y apropiaci\u00f3n de conocimiento para promover di\u00e1logos, debates y producci\u00f3n de conocimiento jur\u00eddico y de su proceso educativo.<\/p>\n<p>[\/et_pb_text][\/et_pb_column][\/et_pb_row][\/et_pb_section][et_pb_section fb_built=\u00bb1&#8243; _builder_version=\u00bb4.27.5&#8243; _module_preset=\u00bbdefault\u00bb background_color=\u00bb#022859&#8243; custom_padding=\u00bb||||false|false\u00bb hover_enabled=\u00bb0&#8243; global_colors_info=\u00bb{}\u00bb sticky_enabled=\u00bb0&#8243;][et_pb_row _builder_version=\u00bb4.27.5&#8243; _module_preset=\u00bbdefault\u00bb custom_padding=\u00bb||0px||false|false\u00bb hover_enabled=\u00bb0&#8243; global_colors_info=\u00bb{}\u00bb sticky_enabled=\u00bb0&#8243; custom_margin=\u00bb||0px||false|false\u00bb][et_pb_column type=\u00bb4_4&#8243; _builder_version=\u00bb4.27.4&#8243; _module_preset=\u00bbdefault\u00bb global_colors_info=\u00bb{}\u00bb][et_pb_text _builder_version=\u00bb4.27.4&#8243; _module_preset=\u00bbdefault\u00bb header_text_color=\u00bb#FFFFFF\u00bb global_colors_info=\u00bb{}\u00bb]<\/p>\n<h1>PILARES DE REDALC<\/h1>\n<p>[\/et_pb_text][\/et_pb_column][\/et_pb_row][et_pb_row column_structure=\u00bb1_4,1_4,1_4,1_4&#8243; _builder_version=\u00bb4.27.5&#8243; _module_preset=\u00bbdefault\u00bb custom_padding=\u00bb||||false|false\u00bb hover_enabled=\u00bb0&#8243; global_colors_info=\u00bb{}\u00bb sticky_enabled=\u00bb0&#8243;][et_pb_column type=\u00bb1_4&#8243; _builder_version=\u00bb4.27.5&#8243; _module_preset=\u00bbdefault\u00bb global_colors_info=\u00bb{}\u00bb background_color=\u00bb#FFFFFF\u00bb sticky_enabled=\u00bb0&#8243; border_radii=\u00bboff|||15px|15px\u00bb border_color_all=\u00bb#FFFFFF\u00bb][et_pb_text _builder_version=\u00bb4.27.5&#8243; _module_preset=\u00bbdefault\u00bb text_text_color=\u00bb#022859&#8243; header_3_text_color=\u00bb#022859&#8243; custom_margin=\u00bb0px||0px||false|false\u00bb custom_padding=\u00bb15px|15px|0px|15px|false|false\u00bb hover_enabled=\u00bb0&#8243; global_colors_info=\u00bb{}\u00bb sticky_enabled=\u00bb0&#8243; header_text_color=\u00bb#FFFFFF\u00bb background_color=\u00bbRGBA(255,255,255,0)\u00bb border_radii=\u00bboff|||15px|15px\u00bb module_alignment=\u00bbcenter\u00bb height=\u00bb200px\u00bb]<\/p>\n<h3>CONFIANZA<\/h3>\n<p style=\"text-align: justify;\">La red se sostiene en la confianza mutua entre sus integrantes.<\/p>\n<p>[\/et_pb_text][et_pb_image src=\u00bbhttps:\/\/www.redalc.uda.cl\/wp-content\/uploads\/2026\/01\/recorte1.jpg\u00bb _builder_version=\u00bb4.27.5&#8243; _module_preset=\u00bbdefault\u00bb title_text=\u00bbrecorte1&#8243; align=\u00bbcenter\u00bb hover_enabled=\u00bb0&#8243; sticky_enabled=\u00bb0&#8243; custom_margin=\u00bb0px||||false|false\u00bb custom_padding=\u00bb0px||||false|false\u00bb][\/et_pb_image][\/et_pb_column][et_pb_column type=\u00bb1_4&#8243; _builder_version=\u00bb4.27.4&#8243; _module_preset=\u00bbdefault\u00bb global_colors_info=\u00bb{}\u00bb background_color=\u00bb#FFFFFF\u00bb border_radii=\u00bboff|||15px|15px\u00bb border_color_all=\u00bb#FFFFFF\u00bb][et_pb_text _builder_version=\u00bb4.27.5&#8243; _module_preset=\u00bbdefault\u00bb text_text_color=\u00bb#022859&#8243; header_text_color=\u00bb#FFFFFF\u00bb header_3_text_color=\u00bb#022859&#8243; custom_margin=\u00bb0px||0px||false|false\u00bb custom_padding=\u00bb15px|15px|0px|15px|false|false\u00bb global_colors_info=\u00bb{}\u00bb border_radii=\u00bboff|||15px|15px\u00bb sticky_enabled=\u00bb0&#8243; module_alignment=\u00bbcenter\u00bb height=\u00bb200px\u00bb background_color=\u00bbRGBA(255,255,255,0)\u00bb]<\/p>\n<h3>COMPROMISO<\/h3>\n<p style=\"text-align: justify;\">Cada actividad se realiza con responsabilidad y entrega.<\/p>\n<p>[\/et_pb_text][et_pb_image src=\u00bbhttps:\/\/www.redalc.uda.cl\/wp-content\/uploads\/2026\/01\/recorte2.png\u00bb _builder_version=\u00bb4.27.5&#8243; _module_preset=\u00bbdefault\u00bb title_text=\u00bbrecorte2&#8243; sticky_enabled=\u00bb0&#8243; align=\u00bbcenter\u00bb custom_margin=\u00bb0px||||false|false\u00bb custom_padding=\u00bb0px||||false|false\u00bb][\/et_pb_image][\/et_pb_column][et_pb_column type=\u00bb1_4&#8243; _builder_version=\u00bb4.27.4&#8243; _module_preset=\u00bbdefault\u00bb global_colors_info=\u00bb{}\u00bb background_color=\u00bb#FFFFFF\u00bb border_radii=\u00bboff|||15px|15px\u00bb border_color_all=\u00bb#FFFFFF\u00bb][et_pb_text _builder_version=\u00bb4.27.5&#8243; _module_preset=\u00bbdefault\u00bb text_text_color=\u00bb#022859&#8243; header_text_color=\u00bb#FFFFFF\u00bb header_3_text_color=\u00bb#022859&#8243; custom_margin=\u00bb0px||0px||false|false\u00bb custom_padding=\u00bb15px|15px|0px|15px|false|false\u00bb global_colors_info=\u00bb{}\u00bb border_radii=\u00bboff|||15px|15px\u00bb sticky_enabled=\u00bb0&#8243; module_alignment=\u00bbcenter\u00bb height=\u00bb200px\u00bb background_color=\u00bbRGBA(255,255,255,0)\u00bb]<\/p>\n<h3>SOLIDARIDAD<\/h3>\n<p style=\"text-align: justify;\">Fomentar encuentros de colaboraci\u00f3n y apoyo frente a los desaf\u00edos de la Regi\u00f3n de Atacama y otros contextos afines.<\/p>\n<p>[\/et_pb_text][et_pb_image src=\u00bbhttps:\/\/www.redalc.uda.cl\/wp-content\/uploads\/2026\/01\/recorte3.png\u00bb _builder_version=\u00bb4.27.5&#8243; _module_preset=\u00bbdefault\u00bb title_text=\u00bbrecorte3&#8243; align=\u00bbcenter\u00bb hover_enabled=\u00bb0&#8243; sticky_enabled=\u00bb0&#8243;][\/et_pb_image][\/et_pb_column][et_pb_column type=\u00bb1_4&#8243; _builder_version=\u00bb4.27.4&#8243; _module_preset=\u00bbdefault\u00bb global_colors_info=\u00bb{}\u00bb background_color=\u00bb#FFFFFF\u00bb border_radii=\u00bboff|||15px|15px\u00bb border_color_all=\u00bb#FFFFFF\u00bb][et_pb_text _builder_version=\u00bb4.27.5&#8243; _module_preset=\u00bbdefault\u00bb text_text_color=\u00bb#022859&#8243; header_text_color=\u00bb#FFFFFF\u00bb header_3_text_color=\u00bb#022859&#8243; custom_margin=\u00bb0px||0px||false|false\u00bb custom_padding=\u00bb15px|15px|0px|15px|false|false\u00bb global_colors_info=\u00bb{}\u00bb border_radii=\u00bboff|||15px|15px\u00bb sticky_enabled=\u00bb0&#8243; module_alignment=\u00bbcenter\u00bb height=\u00bb200px\u00bb background_color=\u00bbRGBA(255,255,255,0)\u00bb]<\/p>\n<h3>LIBERTAD DE INVESTIGACI\u00d3N<\/h3>\n<p style=\"text-align: justify;\">Garantizar la libertad como competencia esencial para enriquecer el di\u00e1logo entre investigadores, estudiantes e instituciones.<\/p>\n<p>[\/et_pb_text][et_pb_image src=\u00bbhttps:\/\/www.redalc.uda.cl\/wp-content\/uploads\/2026\/01\/recorte4.png\u00bb _builder_version=\u00bb4.27.5&#8243; _module_preset=\u00bbdefault\u00bb title_text=\u00bbrecorte4&#8243; align=\u00bbcenter\u00bb hover_enabled=\u00bb0&#8243; sticky_enabled=\u00bb0&#8243;][\/et_pb_image][\/et_pb_column][\/et_pb_row][\/et_pb_section][et_pb_section fb_built=\u00bb1&#8243; _builder_version=\u00bb4.27.5&#8243; _module_preset=\u00bbdefault\u00bb background_color=\u00bb#022859&#8243; custom_padding=\u00bb||||false|false\u00bb hover_enabled=\u00bb0&#8243; global_colors_info=\u00bb{}\u00bb sticky_enabled=\u00bb0&#8243;][et_pb_row column_structure=\u00bb1_2,1_2&#8243; _builder_version=\u00bb4.27.4&#8243; _module_preset=\u00bbdefault\u00bb background_enable_color=\u00bboff\u00bb border_radii=\u00bbon|10px|10px|10px|10px\u00bb global_colors_info=\u00bb{}\u00bb][et_pb_column type=\u00bb1_2&#8243; _builder_version=\u00bb4.27.4&#8243; _module_preset=\u00bbdefault\u00bb background_color=\u00bb#FFFFFF\u00bb border_radii=\u00bbon|10px|10px|10px|10px\u00bb global_colors_info=\u00bb{}\u00bb][et_pb_text _builder_version=\u00bb4.27.4&#8243; _dynamic_attributes=\u00bblink_option_url\u00bb _module_preset=\u00bbdefault\u00bb text_text_color=\u00bb#022859&#8243; text_font_size=\u00bb15px\u00bb header_text_color=\u00bb#022859&#8243; custom_padding=\u00bb17px|42px|64px|41px||\u00bb link_option_url=\u00bb@ET-DC@eyJkeW5hbWljIjp0cnVlLCJjb250ZW50IjoicG9zdF9saW5rX3VybF9wYWdlIiwic2V0dGluZ3MiOnsicG9zdF9pZCI6IjQ3MTM0In19@\u00bb global_colors_info=\u00bb{}\u00bb]<\/p>\n<h1>NUESTRA HISTORIA.<\/h1>\n<p style=\"text-align: justify;\">REDALC nace con el prop\u00f3sito de promover el pensamiento jur\u00eddico latinoamericano, impulsando espacios de encuentro, reflexi\u00f3n y difusi\u00f3n acad\u00e9mica.<\/p>\n<p>[\/et_pb_text][\/et_pb_column][et_pb_column type=\u00bb1_2&#8243; _builder_version=\u00bb4.27.4&#8243; _module_preset=\u00bbdefault\u00bb background_color=\u00bb#FFFFFF\u00bb border_radii=\u00bbon|10px|10px|10px|10px\u00bb global_colors_info=\u00bb{}\u00bb][et_pb_text _builder_version=\u00bb4.27.4&#8243; _dynamic_attributes=\u00bblink_option_url\u00bb _module_preset=\u00bbdefault\u00bb text_text_color=\u00bb#022859&#8243; text_font_size=\u00bb15px\u00bb header_text_color=\u00bb#022859&#8243; custom_padding=\u00bb23px|41px|33px|41px||true\u00bb link_option_url=\u00bb@ET-DC@eyJkeW5hbWljIjp0cnVlLCJjb250ZW50IjoicG9zdF9saW5rX3VybF9wYWdlIiwic2V0dGluZ3MiOnsicG9zdF9pZCI6IjQ3MjkxIn19@\u00bb global_colors_info=\u00bb{}\u00bb]<\/p>\n<h1>EQUIPO FUNDADOR<\/h1>\n<p style=\"text-align: justify;\">El equipo fundador est\u00e1 conformado por profesionales comprometidos con la docencia, la investigaci\u00f3n y la construcci\u00f3n de una comunidad acad\u00e9mica abierta, plural y colaborativa en el \u00e1mbito del Derecho.<\/p>\n<p>[\/et_pb_text][\/et_pb_column][\/et_pb_row][\/et_pb_section]<\/p>\n","protected":false},"excerpt":{"rendered":"<p>QU\u00c9 ES REDALC?La Red de Derechos, Ciencias y Saberes de Am\u00e9rica Latina y el Caribe (REDALC) es un espacio plural, inclusivo y transdisciplinario que nace con el prop\u00f3sito de fortalecer los lazos acad\u00e9micos, humanos y culturales entre universidades, organizaciones, estudiantes, docentes, investigadores e investigadoras de toda la regi\u00f3n y del mundo. REDALC impulsa la creaci\u00f3n [&hellip;]<\/p>\n","protected":false},"author":3,"featured_media":0,"parent":0,"menu_order":0,"comment_status":"closed","ping_status":"closed","template":"","meta":{"_et_pb_use_builder":"on","_et_pb_old_content":"","_et_gb_content_width":"","footnotes":""},"class_list":["post-47225","page","type-page","status-publish","hentry"],"_links":{"self":[{"href":"https:\/\/www.redalc.uda.cl\/index.php\/wp-json\/wp\/v2\/pages\/47225","targetHints":{"allow":["GET"]}}],"collection":[{"href":"https:\/\/www.redalc.uda.cl\/index.php\/wp-json\/wp\/v2\/pages"}],"about":[{"href":"https:\/\/www.redalc.uda.cl\/index.php\/wp-json\/wp\/v2\/types\/page"}],"author":[{"embeddable":true,"href":"https:\/\/www.redalc.uda.cl\/index.php\/wp-json\/wp\/v2\/users\/3"}],"replies":[{"embeddable":true,"href":"https:\/\/www.redalc.uda.cl\/index.php\/wp-json\/wp\/v2\/comments?post=47225"}],"version-history":[{"count":50,"href":"https:\/\/www.redalc.uda.cl\/index.php\/wp-json\/wp\/v2\/pages\/47225\/revisions"}],"predecessor-version":[{"id":48700,"href":"https:\/\/www.redalc.uda.cl\/index.php\/wp-json\/wp\/v2\/pages\/47225\/revisions\/48700"}],"wp:attachment":[{"href":"https:\/\/www.redalc.uda.cl\/index.php\/wp-json\/wp\/v2\/media?parent=47225"}],"curies":[{"name":"wp","href":"https:\/\/api.w.org\/{rel}","templated":true}]}}