{"id":47134,"date":"2025-11-03T16:59:01","date_gmt":"2025-11-03T19:59:01","guid":{"rendered":"https:\/\/www.redalc.uda.cl\/?page_id=47134"},"modified":"2026-03-24T14:14:02","modified_gmt":"2026-03-24T17:14:02","slug":"quienes-somos-cata","status":"publish","type":"page","link":"https:\/\/www.redalc.uda.cl\/index.php\/quienes-somos-cata\/","title":{"rendered":"QUIENES SOMOS CATA"},"content":{"rendered":"<p>[et_pb_section fb_built=\u00bb1&#8243; admin_label=\u00bbHISTORIA\u00bb _builder_version=\u00bb4.27.4&#8243; _module_preset=\u00bbdefault\u00bb global_colors_info=\u00bb{}\u00bb][et_pb_row column_structure=\u00bb1_2,1_2&#8243; admin_label=\u00bbTEXTO Y NUMEROS\u00bb _builder_version=\u00bb4.27.5&#8243; _module_preset=\u00bbdefault\u00bb max_width=\u00bbnone\u00bb global_colors_info=\u00bb{}\u00bb][et_pb_column type=\u00bb1_2&#8243; admin_label=\u00bbTEXTO Y DECORACION\u00bb _builder_version=\u00bb4.27.4&#8243; _module_preset=\u00bbdefault\u00bb global_colors_info=\u00bb{}\u00bb][et_pb_text admin_label=\u00bbTexto\u00bb _builder_version=\u00bb4.27.5&#8243; _module_preset=\u00bbdefault\u00bb custom_margin=\u00bb0px||0px||false|false\u00bb custom_padding=\u00bb0px||0px||false|false\u00bb global_colors_info=\u00bb{}\u00bb]<\/p>\n<h1 style=\"text-align: justify;\">NUESTRA HISTORIA.<\/h1>\n<p>[\/et_pb_text][et_pb_image src=\u00bbhttps:\/\/www.redalc.uda.cl\/wp-content\/uploads\/2026\/01\/INICIO-MAQUETA_010.png\u00bb title_text=\u00bbINICIO MAQUETA_010&#8243; align=\u00bbcenter\u00bb force_fullwidth=\u00bbon\u00bb _builder_version=\u00bb4.27.5&#8243; _module_preset=\u00bbdefault\u00bb module_alignment=\u00bbcenter\u00bb height=\u00bb20px\u00bb custom_margin=\u00bb|0px||0px|false|false\u00bb custom_padding=\u00bb|0px||0px|false|false\u00bb global_colors_info=\u00bb{}\u00bb][\/et_pb_image][et_pb_text admin_label=\u00bbTexto\u00bb _builder_version=\u00bb4.27.5&#8243; _module_preset=\u00bbdefault\u00bb custom_margin=\u00bb||||false|false\u00bb global_colors_info=\u00bb{}\u00bb]<\/p>\n<p>Todo comenz\u00f3 en <strong>2018,<\/strong> cuando la Carrera de Derecho de la Universidad de Atacama (Chile), a trav\u00e9s del Programa para la Ense\u00f1anza Integral del Derecho (PEID), organiz\u00f3 el Primer Congreso Nacional Estudiantil de Educaci\u00f3n del Derecho con una mirada desde el estudiante. Un a\u00f1o despu\u00e9s, en <strong>2019<\/strong>, ese esfuerzo se internacionaliz\u00f3, marcando el inicio de algo mucho m\u00e1s grande.<\/p>\n<p style=\"text-align: justify;\">Durante la pandemia, en medio de un contexto de crisis global, se logr\u00f3 realizar el II Congreso Internacional: Ciencias Jur\u00eddicas, Complejidad e Innovaci\u00f3n desde la Mirada del Aprendizaje, reuniendo a universidades, docentes y estudiantes de toda Am\u00e9rica Latina, el Caribe, Europa y \u00c1frica.<br \/>El evento tuvo m\u00e1s de <strong>500 inscritos, 133 ponentes y 76 moderadores<\/strong>, consolid\u00e1ndose como un espacio \u00fanico para el di\u00e1logo y la reflexi\u00f3n desde las y los estudiantes.<\/p>\n<p style=\"text-align: justify;\">De ese encuentro surgi\u00f3 la convicci\u00f3n de que era necesario constituir una red que uniera a la regi\u00f3n. As\u00ed naci\u00f3 <strong>la Red de Derecho de Am\u00e9rica Latina y del Caribe (REDALC)<\/strong>, que con el paso del tiempo se transform\u00f3 en un espacio plural, inclusivo y transdisciplinario.<\/p>\n<p style=\"text-align: justify;\">En <strong>2024, la red adopt\u00f3 el nombre \u201cRed de Derechos, Ciencias y Saberes de Am\u00e9rica Latina y el Caribe\u201d<\/strong>, reflejando su evoluci\u00f3n y compromiso con una visi\u00f3n m\u00e1s amplia, que integra distintas \u00e1reas del conocimiento y promueve la acci\u00f3n colectiva.<\/p>\n<p>[\/et_pb_text][\/et_pb_column][et_pb_column type=\u00bb1_2&#8243; admin_label=\u00bbNUMEROS\u00bb _builder_version=\u00bb4.27.4&#8243; _module_preset=\u00bbdefault\u00bb global_colors_info=\u00bb{}\u00bb][et_pb_number_counter title=\u00bbInscritos\u00bb number=\u00bb+500&#8243; percent_sign=\u00bboff\u00bb admin_label=\u00bb500&#8243; _builder_version=\u00bb4.27.4&#8243; _module_preset=\u00bbdefault\u00bb title_level=\u00bbh1&#8243; title_text_color=\u00bb#022859&#8243; title_line_height=\u00bb2.1em\u00bb number_font=\u00bb&#8211;et_global_heading_font||||||||\u00bb number_font_size=\u00bb100px\u00bb transform_translate=\u00bb144px|69px\u00bb transform_translate_linked=\u00bboff\u00bb text_orientation=\u00bbjustified\u00bb custom_margin=\u00bb50px|||||\u00bb global_colors_info=\u00bb{}\u00bb][\/et_pb_number_counter][et_pb_number_counter title=\u00bbPonentes\u00bb number=\u00bb+133&#8243; percent_sign=\u00bboff\u00bb admin_label=\u00bb133&#8243; _builder_version=\u00bb4.27.4&#8243; _module_preset=\u00bbdefault\u00bb title_level=\u00bbh1&#8243; title_font=\u00bb&#8211;et_global_heading_font||||||||\u00bb title_text_color=\u00bb#022859&#8243; title_line_height=\u00bb2em\u00bb transform_translate=\u00bb142px|74px\u00bb transform_translate_linked=\u00bboff\u00bb text_orientation=\u00bbleft\u00bb global_colors_info=\u00bb{}\u00bb][\/et_pb_number_counter][et_pb_number_counter title=\u00bbModeradores\u00bb number=\u00bb+76&#8243; percent_sign=\u00bboff\u00bb admin_label=\u00bb76&#8243; _builder_version=\u00bb4.27.4&#8243; _module_preset=\u00bbdefault\u00bb title_level=\u00bbh1&#8243; title_text_color=\u00bb#022859&#8243; title_line_height=\u00bb2em\u00bb transform_translate=\u00bb300px|-119px\u00bb transform_translate_linked=\u00bboff\u00bb text_orientation=\u00bbleft\u00bb custom_margin=\u00bb|||49px||\u00bb global_colors_info=\u00bb{}\u00bb][\/et_pb_number_counter][\/et_pb_column][\/et_pb_row][\/et_pb_section][et_pb_section fb_built=\u00bb1&#8243; admin_label=\u00bbCOMUNIDAD REDALC\u00bb _builder_version=\u00bb4.27.4&#8243; _module_preset=\u00bbdefault\u00bb custom_padding=\u00bb||0px|||\u00bb global_colors_info=\u00bb{}\u00bb][et_pb_row column_structure=\u00bb1_2,1_2&#8243; make_equal=\u00bbon\u00bb admin_label=\u00bbIMAGEN Y TEXTO\u00bb _builder_version=\u00bb4.27.5&#8243; _module_preset=\u00bbdefault\u00bb max_width=\u00bbnone\u00bb height_tablet=\u00bb\u00bb height_phone=\u00bb\u00bb height_last_edited=\u00bbon|desktop\u00bb global_colors_info=\u00bb{}\u00bb][et_pb_column type=\u00bb1_2&#8243; admin_label=\u00bbIMAGEN\u00bb _builder_version=\u00bb4.27.5&#8243; _module_preset=\u00bbdefault\u00bb background_image=\u00bbhttps:\/\/www.redalc.uda.cl\/wp-content\/uploads\/2026\/01\/Captura-de-pantalla-2025-09-20-113227.png\u00bb background_size=\u00bbcontain\u00bb custom_padding=\u00bb0px|0px|0px|0px|false|true\u00bb global_colors_info=\u00bb{}\u00bb][et_pb_text _builder_version=\u00bb4.27.5&#8243; _module_preset=\u00bbdefault\u00bb text_text_color=\u00bb#FFFFFF\u00bb header_2_text_color=\u00bb#FFFFFF\u00bb header_2_font_size=\u00bb20px\u00bb header_3_text_color=\u00bb#FFFFFF\u00bb header_3_font_size=\u00bb16px\u00bb custom_margin=\u00bb||||false|false\u00bb custom_padding=\u00bb5px|5px|5px|5px|false|false\u00bb custom_css_main_element=\u00bb||\u00bb custom_css_free_form=\u00bb.selector {||  display: flex;||  justify-content: center;||  align-items: center;||  height: 100%;||}||||.selector .et_pb_text_inner {||  background-color: rgba(34, 34, 34, 0.8);||  box-shadow: 0 4px 8px rgba(0, 0, 0, 0.8);||  border-radius: 12px;||  padding: 20px;||}\u00bb global_colors_info=\u00bb{}\u00bb]<\/p>\n<h2>COMUNIDAD REDALC\u00a0 |\u00a0 CIEALC.<\/h2>\n<p>[\/et_pb_text][\/et_pb_column][et_pb_column type=\u00bb1_2&#8243; admin_label=\u00bbTEXTO\u00bb _builder_version=\u00bb4.27.4&#8243; _module_preset=\u00bbdefault\u00bb global_colors_info=\u00bb{}\u00bb][et_pb_text _builder_version=\u00bb4.27.5&#8243; _module_preset=\u00bbdefault\u00bb custom_margin=\u00bb||||false|false\u00bb global_colors_info=\u00bb{}\u00bb]<\/p>\n<p style=\"text-align: justify;\"><strong>La comunidad REDALC \u2013 CIEALC<\/strong> est\u00e1 conformada por estudiantes, docentes, investigadoras e investigadores que comparten un mismo prop\u00f3sito: construir espacios de encuentro, colaboraci\u00f3n y aprendizaje que trasciendan fronteras.<\/p>\n<p style=\"text-align: justify;\">En este entorno, lo acad\u00e9mico se une con lo humano. <strong>REDALC<\/strong> funciona como un puente entre universidades, saberes y culturas de Am\u00e9rica Latina y el Caribe, mientras que <strong>CIEALC<\/strong> impulsa grupos de estudiantes motivados y comprometidos en generar instancias para crear y fortalecer redes de colaboraci\u00f3n.<\/p>\n<p style=\"text-align: justify;\">Esta comunidad se distingue por su diversidad y apertura: distintas disciplinas, generaciones y realidades confluyen para enriquecer el di\u00e1logo y abrir caminos hacia un futuro m\u00e1s inclusivo y transformador. Aqu\u00ed, cada voz es importante y cada experiencia aporta valor a la construcci\u00f3n colectiva.<\/p>\n<p style=\"text-align: justify;\">M\u00e1s que una red, <strong>REDALC y CIEALC<\/strong> son un espacio vivo, donde se forjan lazos de amistad, compa\u00f1erismo y cooperaci\u00f3n que acompa\u00f1an a sus integrantes en su desarrollo personal, acad\u00e9mico y profesional.<\/p>\n<p>[\/et_pb_text][\/et_pb_column][\/et_pb_row][\/et_pb_section][et_pb_section fb_built=\u00bb1&#8243; admin_label=\u00bbCONSTRUCCION\u00bb _builder_version=\u00bb4.27.4&#8243; _module_preset=\u00bbdefault\u00bb custom_padding=\u00bb0px||0px|||\u00bb global_colors_info=\u00bb{}\u00bb][et_pb_row admin_label=\u00bbTITULO\u00bb _builder_version=\u00bb4.27.4&#8243; _module_preset=\u00bbdefault\u00bb global_colors_info=\u00bb{}\u00bb][et_pb_column type=\u00bb4_4&#8243; _builder_version=\u00bb4.27.4&#8243; _module_preset=\u00bbdefault\u00bb global_colors_info=\u00bb{}\u00bb][et_pb_text _builder_version=\u00bb4.27.4&#8243; _module_preset=\u00bbdefault\u00bb header_2_text_color=\u00bb#022859&#8243; global_colors_info=\u00bb{}\u00bb]<\/p>\n<h2>NOS CONSTRUIMOS A BASE DE &#8230;<\/h2>\n<p>[\/et_pb_text][\/et_pb_column][\/et_pb_row][et_pb_row column_structure=\u00bb1_3,1_3,1_3&#8243; _builder_version=\u00bb4.27.4&#8243; _module_preset=\u00bbdefault\u00bb global_colors_info=\u00bb{}\u00bb][et_pb_column type=\u00bb1_3&#8243; _builder_version=\u00bb4.27.4&#8243; _module_preset=\u00bbdefault\u00bb global_colors_info=\u00bb{}\u00bb][et_pb_image src=\u00bbhttps:\/\/www.redalc.uda.cl\/wp-content\/uploads\/2025\/10\/DECORACION-2-14-14-14.png\u00bb title_text=\u00bbDECORACION 2-14-14-14&#8243; _builder_version=\u00bb4.27.4&#8243; _module_preset=\u00bbdefault\u00bb global_colors_info=\u00bb{}\u00bb][\/et_pb_image][et_pb_image src=\u00bbhttps:\/\/www.redalc.uda.cl\/wp-content\/uploads\/2025\/10\/DECORACION-2-214-14-14-14-1.png\u00bb title_text=\u00bbDECORACION 2-214-14-14-14&#8243; _builder_version=\u00bb4.27.4&#8243; _module_preset=\u00bbdefault\u00bb transform_translate=\u00bb0px|-253px\u00bb transform_translate_linked=\u00bboff\u00bb global_colors_info=\u00bb{}\u00bb transform_styles__hover_enabled=\u00bbon|desktop\u00bb transform_scale__hover_enabled=\u00bbon|desktop\u00bb transform_translate__hover_enabled=\u00bbon|desktop\u00bb transform_rotate__hover_enabled=\u00bbon|desktop\u00bb transform_skew__hover_enabled=\u00bbon|desktop\u00bb transform_origin__hover_enabled=\u00bbon|desktop\u00bb transform_translate__hover=\u00bb0px|-208px\u00bb][\/et_pb_image][\/et_pb_column][et_pb_column type=\u00bb1_3&#8243; _builder_version=\u00bb4.27.4&#8243; _module_preset=\u00bbdefault\u00bb global_colors_info=\u00bb{}\u00bb][et_pb_image src=\u00bbhttps:\/\/www.redalc.uda.cl\/wp-content\/uploads\/2025\/10\/DECORACION-3-14.png\u00bb title_text=\u00bbDECORACION 3-14&#8243; _builder_version=\u00bb4.27.4&#8243; _module_preset=\u00bbdefault\u00bb global_colors_info=\u00bb{}\u00bb][\/et_pb_image][et_pb_image src=\u00bbhttps:\/\/www.redalc.uda.cl\/wp-content\/uploads\/2025\/10\/DECORACION-3-14-14.png\u00bb title_text=\u00bbDECORACION 3-14-14&#8243; _builder_version=\u00bb4.27.4&#8243; _module_preset=\u00bbdefault\u00bb transform_translate=\u00bb0px|-249px\u00bb transform_translate_linked=\u00bboff\u00bb global_colors_info=\u00bb{}\u00bb transform_styles__hover_enabled=\u00bbon|hover\u00bb transform_scale__hover_enabled=\u00bbon|desktop\u00bb transform_translate__hover_enabled=\u00bbon|hover\u00bb transform_rotate__hover_enabled=\u00bbon|desktop\u00bb transform_skew__hover_enabled=\u00bbon|desktop\u00bb transform_origin__hover_enabled=\u00bbon|desktop\u00bb transform_translate__hover=\u00bb0px|-228px\u00bb][\/et_pb_image][\/et_pb_column][et_pb_column type=\u00bb1_3&#8243; _builder_version=\u00bb4.27.4&#8243; _module_preset=\u00bbdefault\u00bb global_colors_info=\u00bb{}\u00bb][et_pb_image src=\u00bbhttps:\/\/www.redalc.uda.cl\/wp-content\/uploads\/2025\/10\/DECORACION-4-14-1.png\u00bb title_text=\u00bbDECORACION 4-14&#8243; _builder_version=\u00bb4.27.4&#8243; _module_preset=\u00bbdefault\u00bb global_colors_info=\u00bb{}\u00bb][\/et_pb_image][et_pb_image src=\u00bbhttps:\/\/www.redalc.uda.cl\/wp-content\/uploads\/2025\/10\/DECORACION-4-14-14.png\u00bb title_text=\u00bbDECORACION 4-14-14&#8243; _builder_version=\u00bb4.27.4&#8243; _module_preset=\u00bbdefault\u00bb transform_translate=\u00bb0px|-234px\u00bb transform_translate_linked=\u00bboff\u00bb global_colors_info=\u00bb{}\u00bb transform_styles__hover_enabled=\u00bbon|hover\u00bb transform_scale__hover_enabled=\u00bbon|desktop\u00bb transform_translate__hover_enabled=\u00bbon|hover\u00bb transform_rotate__hover_enabled=\u00bbon|desktop\u00bb transform_skew__hover_enabled=\u00bbon|desktop\u00bb transform_origin__hover_enabled=\u00bbon|desktop\u00bb transform_translate__hover=\u00bb0px|-283px\u00bb][\/et_pb_image][\/et_pb_column][\/et_pb_row][et_pb_row column_structure=\u00bb1_3,1_3,1_3&#8243; admin_label=\u00bbCOLIMNAS\u00bb _builder_version=\u00bb4.27.4&#8243; _module_preset=\u00bbdefault\u00bb transform_translate=\u00bb0px|-205px\u00bb transform_translate_linked=\u00bboff\u00bb custom_padding=\u00bb0px||0px|||\u00bb global_colors_info=\u00bb{}\u00bb][et_pb_column type=\u00bb1_3&#8243; admin_label=\u00bbTRABAJO EN EQUIPO\u00bb _builder_version=\u00bb4.27.4&#8243; _module_preset=\u00bbdefault\u00bb global_colors_info=\u00bb{}\u00bb][et_pb_image src=\u00bbhttps:\/\/www.redalc.uda.cl\/wp-content\/uploads\/2025\/10\/DECORACION-1-14.png\u00bb title_text=\u00bbDECORACION 1-14&#8243; _builder_version=\u00bb4.27.4&#8243; _module_preset=\u00bbdefault\u00bb global_colors_info=\u00bb{}\u00bb][\/et_pb_image][et_pb_text _builder_version=\u00bb4.27.4&#8243; _module_preset=\u00bbdefault\u00bb header_2_text_color=\u00bb#FFFFFF\u00bb transform_translate=\u00bb0px|-73px\u00bb transform_translate_linked=\u00bboff\u00bb custom_margin=\u00bb||-6px|||\u00bb global_colors_info=\u00bb{}\u00bb]<\/p>\n<h2 style=\"text-align: center;\">TRABAJO EN EQUIPO.<\/h2>\n<p>&nbsp;<\/p>\n<p style=\"text-align: justify;\">Porque sabemos que el verdadero crecimiento surge cuando unimos esfuerzos, talentos y visiones. En REDALC y CIEALC, cada logro es fruto de la cooperaci\u00f3n y del compromiso colectivo.<\/p>\n<p>[\/et_pb_text][\/et_pb_column][et_pb_column type=\u00bb1_3&#8243; admin_label=\u00bbDIVERSIDAD\u00bb _builder_version=\u00bb4.27.4&#8243; _module_preset=\u00bbdefault\u00bb global_colors_info=\u00bb{}\u00bb][et_pb_image src=\u00bbhttps:\/\/www.redalc.uda.cl\/wp-content\/uploads\/2025\/10\/DECORACION-1-14.png\u00bb title_text=\u00bbDECORACION 1-14&#8243; _builder_version=\u00bb4.27.4&#8243; _module_preset=\u00bbdefault\u00bb global_colors_info=\u00bb{}\u00bb][\/et_pb_image][et_pb_text _builder_version=\u00bb4.27.4&#8243; _module_preset=\u00bbdefault\u00bb header_2_text_color=\u00bb#FFFFFF\u00bb transform_translate=\u00bb0px|-73px\u00bb transform_translate_linked=\u00bboff\u00bb global_colors_info=\u00bb{}\u00bb]<\/p>\n<h2 style=\"text-align: center;\">DIVERSIDAD.<\/h2>\n<p>&nbsp;<\/p>\n<p style=\"text-align: justify;\">Nuestra comunidad se nutre de distintas culturas, disciplinas y formas de pensar. Valoramos cada voz, cada historia y cada perspectiva, convencidos de que la diversidad es lo que nos hace m\u00e1s fuertes e integrales.<\/p>\n<p>[\/et_pb_text][\/et_pb_column][et_pb_column type=\u00bb1_3&#8243; admin_label=\u00bbINNOVACION\u00bb _builder_version=\u00bb4.27.4&#8243; _module_preset=\u00bbdefault\u00bb global_colors_info=\u00bb{}\u00bb][et_pb_image src=\u00bbhttps:\/\/www.redalc.uda.cl\/wp-content\/uploads\/2025\/10\/DECORACION-1-14.png\u00bb title_text=\u00bbDECORACION 1-14&#8243; _builder_version=\u00bb4.27.4&#8243; _module_preset=\u00bbdefault\u00bb global_colors_info=\u00bb{}\u00bb][\/et_pb_image][et_pb_text _builder_version=\u00bb4.27.4&#8243; _module_preset=\u00bbdefault\u00bb header_2_text_color=\u00bb#FFFFFF\u00bb transform_translate=\u00bb0px|-73px\u00bb transform_translate_linked=\u00bboff\u00bb global_colors_info=\u00bb{}\u00bb]<\/p>\n<h2 style=\"text-align: center;\">INNOVACI\u00d3N.<\/h2>\n<p>&nbsp;<\/p>\n<p style=\"text-align: justify;\">Nos atrevemos a explorar nuevas formas de aprender, ense\u00f1ar y transformar. La innovaci\u00f3n es el motor que nos impulsa a repensar el presente y construir alternativas para el futuro.<\/p>\n<p>[\/et_pb_text][\/et_pb_column][\/et_pb_row][\/et_pb_section][et_pb_section fb_built=\u00bb1&#8243; _builder_version=\u00bb4.27.4&#8243; _module_preset=\u00bbdefault\u00bb custom_padding=\u00bb0px|||||\u00bb global_colors_info=\u00bb{}\u00bb][et_pb_row column_structure=\u00bb1_2,1_2&#8243; _builder_version=\u00bb4.27.4&#8243; _module_preset=\u00bbdefault\u00bb background_enable_color=\u00bboff\u00bb border_radii=\u00bbon|10px|10px|10px|10px\u00bb global_colors_info=\u00bb{}\u00bb][et_pb_column type=\u00bb1_2&#8243; _builder_version=\u00bb4.27.4&#8243; _module_preset=\u00bbdefault\u00bb background_color=\u00bb#022859&#8243; border_radii=\u00bbon|10px|10px|10px|10px\u00bb global_colors_info=\u00bb{}\u00bb][et_pb_text _builder_version=\u00bb4.27.4&#8243; _dynamic_attributes=\u00bblink_option_url\u00bb _module_preset=\u00bbdefault\u00bb text_text_color=\u00bb#FFFFFF\u00bb text_font_size=\u00bb15px\u00bb header_text_color=\u00bb#FFFFFF\u00bb custom_padding=\u00bb17px|42px|24px|41px||\u00bb link_option_url=\u00bb@ET-DC@eyJkeW5hbWljIjp0cnVlLCJjb250ZW50IjoicG9zdF9saW5rX3VybF9wYWdlIiwic2V0dGluZ3MiOnsicG9zdF9pZCI6IjQ3MjI1In19@\u00bb global_colors_info=\u00bb{}\u00bb]<\/p>\n<h1>QUE ES REDALC?.<\/h1>\n<p style=\"text-align: justify;\">REDALC es una red acad\u00e9mica latinoamericana dedicada a promover el estudio, la reflexi\u00f3n y la difusi\u00f3n del conocimiento jur\u00eddico con perspectiva regional. Busca fortalecer la cooperaci\u00f3n entre universidades, investigadores y estudiantes comprometidos con el pensamiento cr\u00edtico y transformador del Derecho.<\/p>\n<p>[\/et_pb_text][\/et_pb_column][et_pb_column type=\u00bb1_2&#8243; _builder_version=\u00bb4.27.4&#8243; _module_preset=\u00bbdefault\u00bb background_color=\u00bb#FFFFFF\u00bb border_radii=\u00bbon|10px|10px|10px|10px\u00bb global_colors_info=\u00bb{}\u00bb][et_pb_text _builder_version=\u00bb4.27.4&#8243; _dynamic_attributes=\u00bblink_option_url\u00bb _module_preset=\u00bbdefault\u00bb text_text_color=\u00bb#FFFFFF\u00bb text_font_size=\u00bb15px\u00bb header_text_color=\u00bb#FFFFFF\u00bb background_color=\u00bb#022859&#8243; custom_padding=\u00bb23px|41px|64px|41px||true\u00bb link_option_url=\u00bb@ET-DC@eyJkeW5hbWljIjp0cnVlLCJjb250ZW50IjoicG9zdF9saW5rX3VybF9wYWdlIiwic2V0dGluZ3MiOnsicG9zdF9pZCI6IjQ3MjkxIn19@\u00bb global_colors_info=\u00bb{}\u00bb]<\/p>\n<h1>EQUIPO FUNDADOR<\/h1>\n<p style=\"text-align: justify;\">El equipo fundador est\u00e1 conformado por profesionales comprometidos con la docencia, la investigaci\u00f3n y la construcci\u00f3n de una comunidad acad\u00e9mica abierta, plural y colaborativa en el \u00e1mbito del Derecho.<\/p>\n<p>[\/et_pb_text][\/et_pb_column][\/et_pb_row][\/et_pb_section]<\/p>\n","protected":false},"excerpt":{"rendered":"<p>NUESTRA HISTORIA.Todo comenz\u00f3 en 2018, cuando la Carrera de Derecho de la Universidad de Atacama (Chile), a trav\u00e9s del Programa para la Ense\u00f1anza Integral del Derecho (PEID), organiz\u00f3 el Primer Congreso Nacional Estudiantil de Educaci\u00f3n del Derecho con una mirada desde el estudiante. Un a\u00f1o despu\u00e9s, en 2019, ese esfuerzo se internacionaliz\u00f3, marcando el inicio [&hellip;]<\/p>\n","protected":false},"author":3,"featured_media":0,"parent":0,"menu_order":0,"comment_status":"closed","ping_status":"closed","template":"","meta":{"_et_pb_use_builder":"on","_et_pb_old_content":"","_et_gb_content_width":"","footnotes":""},"class_list":["post-47134","page","type-page","status-publish","hentry"],"_links":{"self":[{"href":"https:\/\/www.redalc.uda.cl\/index.php\/wp-json\/wp\/v2\/pages\/47134","targetHints":{"allow":["GET"]}}],"collection":[{"href":"https:\/\/www.redalc.uda.cl\/index.php\/wp-json\/wp\/v2\/pages"}],"about":[{"href":"https:\/\/www.redalc.uda.cl\/index.php\/wp-json\/wp\/v2\/types\/page"}],"author":[{"embeddable":true,"href":"https:\/\/www.redalc.uda.cl\/index.php\/wp-json\/wp\/v2\/users\/3"}],"replies":[{"embeddable":true,"href":"https:\/\/www.redalc.uda.cl\/index.php\/wp-json\/wp\/v2\/comments?post=47134"}],"version-history":[{"count":53,"href":"https:\/\/www.redalc.uda.cl\/index.php\/wp-json\/wp\/v2\/pages\/47134\/revisions"}],"predecessor-version":[{"id":49446,"href":"https:\/\/www.redalc.uda.cl\/index.php\/wp-json\/wp\/v2\/pages\/47134\/revisions\/49446"}],"wp:attachment":[{"href":"https:\/\/www.redalc.uda.cl\/index.php\/wp-json\/wp\/v2\/media?parent=47134"}],"curies":[{"name":"wp","href":"https:\/\/api.w.org\/{rel}","templated":true}]}}