{"id":44697,"date":"2023-08-27T12:00:39","date_gmt":"2023-08-27T15:00:39","guid":{"rendered":"http:\/\/www.redalc.uda.cl\/?page_id=44697"},"modified":"2024-07-19T19:38:14","modified_gmt":"2024-07-19T22:38:14","slug":"carlos-maldonado-catedra","status":"publish","type":"page","link":"https:\/\/www.redalc.uda.cl\/index.php\/carlos-maldonado-catedra\/","title":{"rendered":"carlos maldonado catedra"},"content":{"rendered":"<p>[et_pb_section fb_built=\u00bb1&#8243; _builder_version=\u00bb4.22.1&#8243; _module_preset=\u00bbdefault\u00bb background_video_mp4=\u00bbhttps:\/\/www.redalc.uda.cl\/wp-content\/uploads\/2023\/08\/Diseno-sin-titulo.mp4&#8243; global_colors_info=\u00bb{}\u00bb][et_pb_row _builder_version=\u00bb4.22.1&#8243; _module_preset=\u00bbdefault\u00bb global_colors_info=\u00bb{}\u00bb][et_pb_column type=\u00bb4_4&#8243; _builder_version=\u00bb4.22.1&#8243; _module_preset=\u00bbdefault\u00bb global_colors_info=\u00bb{}\u00bb][et_pb_text _builder_version=\u00bb4.22.1&#8243; _module_preset=\u00bbdefault\u00bb header_font_size=\u00bb81px\u00bb global_colors_info=\u00bb{}\u00bb]<\/p>\n<h2 style=\"text-align: center;\"><strong>C\u00c1TEDRA LATINOAMERICANA DE COMPLEJIDAD \u201cCARLOS EDUARDO MALDONADO\u201d<\/strong><\/h2>\n<h2 style=\"text-align: center;\"><strong>CALACOCEM<\/strong><\/h2>\n<p>[\/et_pb_text][\/et_pb_column][\/et_pb_row][et_pb_row _builder_version=\u00bb4.22.1&#8243; _module_preset=\u00bbdefault\u00bb custom_padding=\u00bb||26px|||\u00bb global_colors_info=\u00bb{}\u00bb][et_pb_column type=\u00bb4_4&#8243; _builder_version=\u00bb4.22.1&#8243; _module_preset=\u00bbdefault\u00bb global_colors_info=\u00bb{}\u00bb][et_pb_image src=\u00bbhttps:\/\/www.redalc.uda.cl\/wp-content\/uploads\/2023\/08\/s200_carlos.maldonado.jpg\u00bb title_text=\u00bbs200_carlos.maldonado\u00bb align=\u00bbcenter\u00bb _builder_version=\u00bb4.22.1&#8243; _module_preset=\u00bbdefault\u00bb global_colors_info=\u00bb{}\u00bb][\/et_pb_image][et_pb_text _builder_version=\u00bb4.22.1&#8243; _module_preset=\u00bbdefault\u00bb text_font_size=\u00bb17px\u00bb text_line_height=\u00bb1.5em\u00bb global_colors_info=\u00bb{}\u00bb]<\/p>\n<p style=\"text-align: center;\"><span style=\"color: #000000;\"><strong>CARLOS EDUARDO MALDONADO<\/strong><\/span><\/p>\n<p style=\"text-align: justify;\"><span style=\"color: #000000;\"><strong>En reconocimiento al valioso trabajo del investigador colombiano a la complejidad, al cuidado de la vida, los derechos humanos, la educaci\u00f3n y los sistemas sociales y culturales.<\/strong><\/span><\/p>\n<p style=\"text-align: justify;\"><span style=\"color: #000000;\"><strong>ver m\u00e1s\u00a0<\/strong><\/span><\/p>\n<p>[\/et_pb_text][\/et_pb_column][\/et_pb_row][et_pb_row _builder_version=\u00bb4.22.1&#8243; _module_preset=\u00bbdefault\u00bb global_colors_info=\u00bb{}\u00bb][et_pb_column type=\u00bb4_4&#8243; _builder_version=\u00bb4.22.1&#8243; _module_preset=\u00bbdefault\u00bb global_colors_info=\u00bb{}\u00bb][et_pb_text _builder_version=\u00bb4.22.1&#8243; _module_preset=\u00bbdefault\u00bb global_colors_info=\u00bb{}\u00bb]<\/p>\n<h5 style=\"text-align: center;\"><strong><u>RESUMEN HOJA DE VIDA<\/u><\/strong><\/h5>\n<h5 style=\"text-align: center;\"><span>\u00a0<\/span><strong><u>CARLOS EDUARDO MALDONADO<\/u><\/strong><\/h5>\n<p>&nbsp;<\/p>\n<p style=\"text-align: justify;\"><span style=\"color: #000000;\"><strong>Ph.D. en Filosof\u00eda por la KU Leuven (B\u00e9lgica), Post-doctorado como <em>Visiting Scholar<\/em> en la Universidad de Pittsburgh (EE.UU.); Postdoctorado como <em>Visiting Research Professor<\/em> en la Catholic University of America (Washington, D.C.), <em>Academic Visitor<\/em>, Facultad de Filosof\u00eda, Universidad de Cambridge (Inglaterra). Profesor Titular, Facultad de Medicina, Universidad El Bosque. <em>Doctor Honoris Causa<\/em>, Universidad de Timisoara (Rumania), 2015. <em>Doctor Honoris Causa<\/em>, otorgado por la Universidad Nacional del Altiplano (Puno, Per\u00fa (2019). <em>Doctor honoris causa<\/em>, El Colegio de Morelos (M\u00e9xico), 2022.<\/strong><\/span><\/p>\n<p style=\"text-align: justify;\"><span style=\"color: #000000;\"><strong>El CEDES de la Universidad Aut\u00f3noma del Estado de M\u00e9xico (UAEM) en el marco del Doctorado en Sostenibilidad crea la C\u00e1tedra \u201cCarlos Eduardo Maldonado\u201d en Complejidad y Sostenibilidad (2019). El Colegio de Morelos, M\u00e9xico, decide que el Centro de Investigaciones y Academia de Complejidad lleve el nombre de \u201cCarlos Eduardo Maldonado\u201d, 2020. El Colegio de Morelos crea la C\u00e1tedra en Complejidad Carlos Eduardo Maldonado, 2021. La Red Redalc con base en la Universidad de Atacama, Chile crea la C\u00e1tedra con Enfoque en Problemas: Carlos Eduardo Maldonado, 2023.<\/strong><\/span><\/p>\n<p style=\"text-align: justify;\"><span style=\"color: #000000;\"><strong>Ha sido reconocido con la \u201cDistinci\u00f3n al M\u00e9rito\u201d, por la Universidad Nacional Mayor de San Marcos, Lima, Per\u00fa, por sus contribuciones a la filosof\u00eda y a la complejidad (2008). Socio Honorario del IPCEM (Instituto del Pensamiento Complejo Edgar Morin), (Per\u00fa). Miembro del Consejo Nacional Asesor de la Red Colombiana de Nanotecnolog\u00eda. Premio Portafolio, Menci\u00f3n de Honor Categor\u00eda Mejor Docente (2008). \u201cProfesor Distinguido\u201d, por la Universidad del Rosario (2009). <em>T\u00edtulo Honor\u00edfico: Profesor Visitante Distinguido<\/em>, Universidad UNAN (Managua), 2017. \u201cReconocimiento internacional por excelsa trayectoria como investigador\u201d, otorgado por la UTPL (Ecuador), (Loja, Ecuador, 2018). Premio Internacional Agencia Prensam\u00e9rica Internacional \u201cDr. Zenovio Zaldivia\u201d, Categor\u00eda: Filosof\u00eda y Complejidad, Guayaquil, 2018. <em>\u201cVisitante Distinguido\u201d<\/em>, Distinci\u00f3n otorgada por el Consejo Municipal de la ciudad de Quetzaltenango, Guatemala, por propuesta de la Universidad de San Carlos, 2018. Elegido \u201cInvestigador de Impacto\u201d por concurso del Concytec (Per\u00fa) para visitar como investigador la Universidad Nacional de San Agust\u00edn de Arequipa, Per\u00fa (2019), como \u201creconocimiento por la reconocida trayectoria de investigaci\u00f3n a nivel internacional\u201d. Elegido \u201cInvestigador de Impacto\u201d por concurso del Concytec (Per\u00fa). \u201cReconocimiento Especial\u201d por sus contribuciones a la educaci\u00f3n desde la filosof\u00eda y las ciencias de la complejidad, UNAN, Managua, 2022. La Comunidad de Pensamiento Complejo crea la Biblioteca Carlos Maldonado\u00a0 \u201ctributo al fil\u00f3sofo colombiano Carlos Eduardo\u00a0 Maldonado: <u><a href=\"https:\/\/pensamientocomplejo.org\/biblioteca\/catalogos\/biblioteca-carlos-maldonado\/\" style=\"color: #000000;\">https:\/\/pensamientocomplejo.org\/biblioteca\/catalogos\/biblioteca-carlos-maldonado\/<\/a><\/u> (2020). \u201cCertificado de Reconocimiento\u201d de la Comisi\u00f3n Nacional de Educaci\u00f3n de la Rep\u00fablica de Nicaragua (2022). Investigador Senior, Minciencias (2014-). Senior Member, IEEE.<\/strong><\/span><\/p>\n<p style=\"text-align: justify;\">\n<p>[\/et_pb_text][\/et_pb_column][\/et_pb_row][\/et_pb_section]<\/p>\n","protected":false},"excerpt":{"rendered":"<p>C\u00c1TEDRA LATINOAMERICANA DE COMPLEJIDAD \u201cCARLOS EDUARDO MALDONADO\u201d CALACOCEMCARLOS EDUARDO MALDONADO En reconocimiento al valioso trabajo del investigador colombiano a la complejidad, al cuidado de la vida, los derechos humanos, la educaci\u00f3n y los sistemas sociales y culturales. ver m\u00e1s\u00a0RESUMEN HOJA DE VIDA \u00a0CARLOS EDUARDO MALDONADO &nbsp; Ph.D. en Filosof\u00eda por la KU Leuven (B\u00e9lgica), Post-doctorado [&hellip;]<\/p>\n","protected":false},"author":2,"featured_media":0,"parent":0,"menu_order":0,"comment_status":"closed","ping_status":"closed","template":"","meta":{"_et_pb_use_builder":"on","_et_pb_old_content":"","_et_gb_content_width":"","footnotes":""},"class_list":["post-44697","page","type-page","status-publish","hentry"],"_links":{"self":[{"href":"https:\/\/www.redalc.uda.cl\/index.php\/wp-json\/wp\/v2\/pages\/44697","targetHints":{"allow":["GET"]}}],"collection":[{"href":"https:\/\/www.redalc.uda.cl\/index.php\/wp-json\/wp\/v2\/pages"}],"about":[{"href":"https:\/\/www.redalc.uda.cl\/index.php\/wp-json\/wp\/v2\/types\/page"}],"author":[{"embeddable":true,"href":"https:\/\/www.redalc.uda.cl\/index.php\/wp-json\/wp\/v2\/users\/2"}],"replies":[{"embeddable":true,"href":"https:\/\/www.redalc.uda.cl\/index.php\/wp-json\/wp\/v2\/comments?post=44697"}],"version-history":[{"count":7,"href":"https:\/\/www.redalc.uda.cl\/index.php\/wp-json\/wp\/v2\/pages\/44697\/revisions"}],"predecessor-version":[{"id":46217,"href":"https:\/\/www.redalc.uda.cl\/index.php\/wp-json\/wp\/v2\/pages\/44697\/revisions\/46217"}],"wp:attachment":[{"href":"https:\/\/www.redalc.uda.cl\/index.php\/wp-json\/wp\/v2\/media?parent=44697"}],"curies":[{"name":"wp","href":"https:\/\/api.w.org\/{rel}","templated":true}]}}